{"id":19279,"date":"2022-01-04T09:16:15","date_gmt":"2022-01-04T09:16:15","guid":{"rendered":"https:\/\/metmann.com.185-176-9-81.185-176-9-81.visualpublinet.com\/instalaciones\/"},"modified":"2023-03-10T13:22:55","modified_gmt":"2023-03-10T12:22:55","slug":"instalaciones","status":"publish","type":"page","link":"https:\/\/www.metmann.com\/ca\/instalaciones\/","title":{"rendered":"Les nostres instal\u00b7lacions"},"content":{"rendered":"<p>[et_pb_section fb_built=&#8221;1&#8243; admin_label=&#8221;Section&#8221; module_class=&#8221;cabecera-general&#8221; _builder_version=&#8221;4.16&#8243; _module_preset=&#8221;default&#8221; background_color=&#8221;#f4f4f4&#8243; use_background_color_gradient=&#8221;on&#8221; background_color_gradient_direction=&#8221;124deg&#8221; background_color_gradient_stops=&#8221;#e5e5e5 75%|#fbc201 75%&#8221; background_color_gradient_start=&#8221;#e5e5e5&#8243; background_color_gradient_start_position=&#8221;75%&#8221; background_color_gradient_end=&#8221;#fbc201&#8243; background_color_gradient_end_position=&#8221;75%&#8221; custom_margin=&#8221;0px||0px||false|false&#8221; custom_margin_tablet=&#8221;||50px||false|false&#8221; custom_margin_last_edited=&#8221;off|desktop&#8221; custom_padding=&#8221;2%||2%||true|false&#8221; animation_style=&#8221;slide&#8221; animation_direction=&#8221;top&#8221; da_disable_devices=&#8221;off|off|off&#8221; global_colors_info=&#8221;{}&#8221; da_is_popup=&#8221;off&#8221; da_exit_intent=&#8221;off&#8221; da_has_close=&#8221;on&#8221; da_alt_close=&#8221;off&#8221; da_dark_close=&#8221;off&#8221; da_not_modal=&#8221;on&#8221; da_is_singular=&#8221;off&#8221; da_with_loader=&#8221;off&#8221; da_has_shadow=&#8221;on&#8221;][et_pb_row _builder_version=&#8221;4.16&#8243; _module_preset=&#8221;default&#8221; width_tablet=&#8221;90%&#8221; width_phone=&#8221;&#8221; width_last_edited=&#8221;on|tablet&#8221; custom_margin=&#8221;0px||0px||false|false&#8221; custom_padding=&#8221;0px||0px||false|false&#8221; global_colors_info=&#8221;{}&#8221; width__hover_enabled=&#8221;off|desktop&#8221;][et_pb_column type=&#8221;4_4&#8243; _builder_version=&#8221;4.16&#8243; _module_preset=&#8221;default&#8221; global_colors_info=&#8221;{}&#8221;][et_pb_post_title meta=&#8221;off&#8221; featured_image=&#8221;off&#8221; _builder_version=&#8221;4.16&#8243; _module_preset=&#8221;default&#8221; title_font=&#8221;|700||on|||||&#8221; custom_margin=&#8221;0px||0px||false|false&#8221; custom_padding=&#8221;0px||0px||false|false&#8221; animation_style=&#8221;slide&#8221; animation_direction=&#8221;left&#8221; global_colors_info=&#8221;{}&#8221;][\/et_pb_post_title][et_pb_code _builder_version=&#8221;4.16&#8243; _module_preset=&#8221;default&#8221; animation_style=&#8221;slide&#8221; animation_direction=&#8221;left&#8221; global_colors_info=&#8221;{}&#8221;]<\/p>\n<div class=\"migas\"><!-- [et_pb_line_break_holder] --> <span><span><a href=\"https:\/\/www.metmann.com\/ca\/\">Inicio<\/a><\/span><\/span><!-- [et_pb_line_break_holder] --><\/div>\n<p>[\/et_pb_code][\/et_pb_column][\/et_pb_row][\/et_pb_section][et_pb_section fb_built=&#8221;1&#8243; _builder_version=&#8221;4.16&#8243; _module_preset=&#8221;default&#8221; custom_margin=&#8221;0px||50px||false|false&#8221; custom_padding=&#8221;0px||0px||false|false&#8221; da_disable_devices=&#8221;off|off|off&#8221; global_colors_info=&#8221;{}&#8221; da_is_popup=&#8221;off&#8221; da_exit_intent=&#8221;off&#8221; da_has_close=&#8221;on&#8221; da_alt_close=&#8221;off&#8221; da_dark_close=&#8221;off&#8221; da_not_modal=&#8221;on&#8221; da_is_singular=&#8221;off&#8221; da_with_loader=&#8221;off&#8221; da_has_shadow=&#8221;on&#8221;][et_pb_row _builder_version=&#8221;4.16&#8243; _module_preset=&#8221;default&#8221; width=&#8221;100%&#8221; max_width=&#8221;100%&#8221; custom_margin=&#8221;0px||0px||false|false&#8221; custom_padding=&#8221;0px||0px||false|false&#8221; global_colors_info=&#8221;{}&#8221;][et_pb_column type=&#8221;4_4&#8243; _builder_version=&#8221;4.16&#8243; _module_preset=&#8221;default&#8221; global_colors_info=&#8221;{}&#8221;][et_pb_image src=&#8221;https:\/\/www.metmann.com\/wp-content\/uploads\/2022\/10\/metmann-metalurgica-instalaciones-01.jpg&#8221; alt=&#8221;Les nostres instal\u00b7lacions Met Mann&#8221; title_text=&#8221;Les nostres instal\u00b7lacions Met Mann&#8221; force_fullwidth=&#8221;on&#8221; _builder_version=&#8221;4.16&#8243; _module_preset=&#8221;default&#8221; global_colors_info=&#8221;{}&#8221;][\/et_pb_image][\/et_pb_column][\/et_pb_row][et_pb_row custom_padding_last_edited=&#8221;on|tablet&#8221; _builder_version=&#8221;4.16&#8243; _module_preset=&#8221;default&#8221; background_color=&#8221;#ededed&#8221; vertical_offset=&#8221;-55px&#8221; z_index=&#8221;9&#8243; vertical_offset_tablet=&#8221;0px&#8221; vertical_offset_phone=&#8221;&#8221; vertical_offset_last_edited=&#8221;on|tablet&#8221; max_width=&#8221;1150px&#8221; max_width_tablet=&#8221;90%&#8221; max_width_phone=&#8221;&#8221; max_width_last_edited=&#8221;on|tablet&#8221; custom_margin=&#8221;0px||0px||false|false&#8221; custom_margin_tablet=&#8221;40px||0px||false|false&#8221; custom_margin_phone=&#8221;&#8221; custom_margin_last_edited=&#8221;on|tablet&#8221; custom_padding=&#8221;50px|50px|50px|50px|false|false&#8221; custom_padding_tablet=&#8221;10px|10px|10px|10px|false|false&#8221; custom_padding_phone=&#8221;&#8221; animation_style=&#8221;slide&#8221; animation_direction=&#8221;top&#8221; border_radii=&#8221;on|12px|12px|12px|12px&#8221; global_colors_info=&#8221;{}&#8221;][et_pb_column type=&#8221;4_4&#8243; _builder_version=&#8221;4.16&#8243; _module_preset=&#8221;default&#8221; global_colors_info=&#8221;{}&#8221;][et_pb_text _builder_version=&#8221;4.16&#8243; _module_preset=&#8221;default&#8221; text_orientation=&#8221;center&#8221; global_colors_info=&#8221;{}&#8221;]<\/p>\n<p class=\"subtitle-h3\">MET MANN compta amb un departament de producci\u00f3 integrat pels millors professionals del sector, la seva funci\u00f3 \u00e9s supervisar tots els processos de fabricaci\u00f3, aix\u00ed com garantir el correcte funcionament dels equips.<\/p>\n<p>[\/et_pb_text][\/et_pb_column][\/et_pb_row][\/et_pb_section][et_pb_section fb_built=&#8221;1&#8243; _builder_version=&#8221;4.16&#8243; _module_preset=&#8221;default&#8221; custom_margin=&#8221;0px||100px||false|false&#8221; custom_padding=&#8221;0px||0px||false|false&#8221; da_disable_devices=&#8221;off|off|off&#8221; global_colors_info=&#8221;{}&#8221; da_is_popup=&#8221;off&#8221; da_exit_intent=&#8221;off&#8221; da_has_close=&#8221;on&#8221; da_alt_close=&#8221;off&#8221; da_dark_close=&#8221;off&#8221; da_not_modal=&#8221;on&#8221; da_is_singular=&#8221;off&#8221; da_with_loader=&#8221;off&#8221; da_has_shadow=&#8221;on&#8221;][et_pb_row column_structure=&#8221;1_3,2_3&#8243; _builder_version=&#8221;4.16&#8243; _module_preset=&#8221;default&#8221; max_width=&#8221;1150px&#8221; max_width_tablet=&#8221;90%&#8221; max_width_phone=&#8221;&#8221; max_width_last_edited=&#8221;on|tablet&#8221; custom_margin=&#8221;0px|auto|0px|auto|false|false&#8221; custom_padding=&#8221;0px||0px||false|false&#8221; locked=&#8221;off&#8221; global_colors_info=&#8221;{}&#8221;][et_pb_column type=&#8221;1_3&#8243; _builder_version=&#8221;4.16&#8243; _module_preset=&#8221;default&#8221; global_colors_info=&#8221;{}&#8221;][et_pb_text _builder_version=&#8221;4.16&#8243; _module_preset=&#8221;default&#8221; header_3_font=&#8221;|600|||||||&#8221; background_color=&#8221;#FBC201&#8243; custom_margin=&#8221;0px||0px||false|false&#8221; custom_padding=&#8221;20px|20px|20px|20px|false|false&#8221; animation_direction=&#8221;left&#8221; custom_css_main_element=&#8221;  width: -moz-fit-content;||  width: fit-content;&#8221; global_colors_info=&#8221;{}&#8221;]<\/p>\n<h2 class=\"subtitle-h1\">Planta de producci\u00f3<\/h2>\n<p>[\/et_pb_text][\/et_pb_column][et_pb_column type=&#8221;2_3&#8243; _builder_version=&#8221;4.16&#8243; _module_preset=&#8221;default&#8221; global_colors_info=&#8221;{}&#8221;][et_pb_text _builder_version=&#8221;4.16&#8243; _module_preset=&#8221;default&#8221; header_3_font=&#8221;|600|||||||&#8221; animation_direction=&#8221;left&#8221; global_colors_info=&#8221;{}&#8221;]<\/p>\n<p class=\"subtitle-h5\">MET MANN compta amb un departament de producci\u00f3 integrat pels millors professionals del sector, la seva funci\u00f3 \u00e9s supervisar tots els processos de fabricaci\u00f3, aix\u00ed com garantir el correcte funcionament dels equips.<\/p>\n<p>[\/et_pb_text][\/et_pb_column][\/et_pb_row][\/et_pb_section][et_pb_section fb_built=&#8221;1&#8243; _builder_version=&#8221;4.16&#8243; _module_preset=&#8221;default&#8221; custom_margin=&#8221;0px||80px||false|false&#8221; custom_padding=&#8221;0px||0px||false|false&#8221; da_disable_devices=&#8221;off|off|off&#8221; global_colors_info=&#8221;{}&#8221; da_is_popup=&#8221;off&#8221; da_exit_intent=&#8221;off&#8221; da_has_close=&#8221;on&#8221; da_alt_close=&#8221;off&#8221; da_dark_close=&#8221;off&#8221; da_not_modal=&#8221;on&#8221; da_is_singular=&#8221;off&#8221; da_with_loader=&#8221;off&#8221; da_has_shadow=&#8221;on&#8221;][et_pb_row column_structure=&#8221;1_2,1_2&#8243; _builder_version=&#8221;4.16&#8243; _module_preset=&#8221;default&#8221; max_width=&#8221;1150px&#8221; max_width_tablet=&#8221;90%&#8221; max_width_phone=&#8221;&#8221; max_width_last_edited=&#8221;on|tablet&#8221; custom_margin=&#8221;0px||0px||false|false&#8221; custom_padding=&#8221;0px||0px||false|false&#8221; global_colors_info=&#8221;{}&#8221;][et_pb_column type=&#8221;1_2&#8243; _builder_version=&#8221;4.16&#8243; _module_preset=&#8221;default&#8221; global_colors_info=&#8221;{}&#8221;][et_pb_toggle title=&#8221;Secci\u00f3 acabats&#8221; module_class=&#8221;toggle-instalacion&#8221; _builder_version=&#8221;4.16&#8243; _module_preset=&#8221;default&#8221; title_level=&#8221;h4&#8243; animation_style=&#8221;slide&#8221; animation_delay=&#8221;100ms&#8221; global_colors_info=&#8221;{}&#8221;]<\/p>\n<p class=\"subtitle-h6\"><img decoding=\"async\" class=\"alignright\" src=\"\/wp-content\/uploads\/2022\/01\/prod_acabados.jpg\" alt=\"Instalaciones Acabados\" width=\"auto\" height=\"auto\" \/>Aquesta secci\u00f3 s&#8217;encarrega del muntatge final dels equips, fent tots els controls de qualitat determinats per MET MANN.<\/p>\n<p>[\/et_pb_toggle][et_pb_toggle title=&#8221;Secci\u00f3 Punxonadora&#8221; module_class=&#8221;toggle-instalacion&#8221; _builder_version=&#8221;4.16&#8243; _module_preset=&#8221;default&#8221; title_level=&#8221;h4&#8243; animation_style=&#8221;slide&#8221; animation_delay=&#8221;300ms&#8221; global_colors_info=&#8221;{}&#8221;]<\/p>\n<p class=\"subtitle-h6\"><img decoding=\"async\" class=\"alignright\" src=\"\/wp-content\/uploads\/2022\/01\/prod_punzonadora.jpg\" alt=\"Instalaciones plegadora\" width=\"auto\" height=\"auto\" \/>Secci\u00f3 encarregada del punxonat de peces met\u00e0l\u00b7liques en xapa d&#8217;acer al carboni, acer inoxidable i alumini amb sistema de desc\u00e0rrega autom\u00e1tica.<\/p>\n<p>[\/et_pb_toggle][et_pb_toggle title=&#8221;Oficina t\u00e8cnica&#8221; module_class=&#8221;toggle-instalacion&#8221; _builder_version=&#8221;4.16&#8243; _module_preset=&#8221;default&#8221; title_level=&#8221;h4&#8243; animation_style=&#8221;slide&#8221; animation_delay=&#8221;700ms&#8221; global_colors_info=&#8221;{}&#8221;]<\/p>\n<p class=\"subtitle-h6\"><img decoding=\"async\" class=\"alignright\" src=\"\/wp-content\/uploads\/2022\/01\/prod_oficinatecnica.jpg\" alt=\"Oficina T\u00e9cnica\" width=\"auto\" height=\"auto\" \/><\/p>\n<p>El departament de R+D+i disposa de programes d&#8217;\u00faltima generaci\u00f3 en dibuix assistit per ordinador, programes de c\u00e0lcul i simulacions, per ajudar al desenvolupament de nous productes i l&#8217;aplicaci\u00f3 de millores cont\u00ednues.<\/p>\n<p>Al nostre laboratori d&#8217;assajos es fan les proves m\u00e9s exigents per donar validesa als nous productes desenvolupats.<\/p>\n<p>La pol\u00edtica del departament de R+D+i de l&#8217;empresa \u00e9s treballar dia a dia en la innovaci\u00f3 cont\u00ednua, per oferir als nostres clients els millors productes. El treball efica\u00e7 de tots els integrants de la nostra oficina t\u00e8cnica fa possible que la gamma de productes MET MANN sigui la m\u00e9s completa del mercat, oferint solucions per a tot tipus d&#8217;instal\u00b7lacions, sigui quina sigui la seva activitat.<\/p>\n<p class=\"subtitle-h6\">\n<p>[\/et_pb_toggle][et_pb_toggle title=&#8221;Secci\u00f3 Plegadora&#8221; module_class=&#8221;toggle-instalacion&#8221; _builder_version=&#8221;4.16&#8243; _module_preset=&#8221;default&#8221; title_level=&#8221;h4&#8243; animation_style=&#8221;slide&#8221; animation_delay=&#8221;200ms&#8221; global_colors_info=&#8221;{}&#8221;]<\/p>\n<p class=\"subtitle-h6\"><img decoding=\"async\" class=\"alignright\" src=\"\/wp-content\/uploads\/2022\/01\/prod_plegadora.jpg\" alt=\"Instalaciones plegadora\" width=\"auto\" height=\"auto\" \/>Secci\u00f3 encarregada del plegat de les peces. Consta d&#8217;un robot que doblega les peces autom\u00e0ticament i les descarrega de manera intel\u00b7ligent. Hi ha plegadores manuals, enrotlla tubs, m\u00e0quines de soldadura per punts i m\u00e0quines de soldadura per fusi\u00f3.<\/p>\n<p>[\/et_pb_toggle][\/et_pb_column][et_pb_column type=&#8221;1_2&#8243; _builder_version=&#8221;4.16&#8243; _module_preset=&#8221;default&#8221; global_colors_info=&#8221;{}&#8221;][et_pb_toggle title=&#8221;Secci\u00f3 soldadura&#8221; module_class=&#8221;toggle-instalacion&#8221; _builder_version=&#8221;4.16&#8243; _module_preset=&#8221;default&#8221; title_level=&#8221;h4&#8243; animation_style=&#8221;slide&#8221; animation_delay=&#8221;400ms&#8221; global_colors_info=&#8221;{}&#8221;]<\/p>\n<p class=\"subtitle-h6\"><img decoding=\"async\" class=\"alignright\" src=\"\/wp-content\/uploads\/2022\/01\/prod_soldadura.jpg\" alt=\"Soldadura\" width=\"auto\" height=\"auto\" \/>\u00c9s la secci\u00f3 encarregada de la soldadura de xass\u00eds, forns de combusti\u00f3, etc. Despr\u00e9s de cada treball es fa una inspecci\u00f3 per assegurar la correcta soldadura de cadascun dels elements.<\/p>\n<p>[\/et_pb_toggle][et_pb_toggle title=&#8221;Magatzem de recepci\u00f3 i expedicions&#8221; module_class=&#8221;toggle-instalacion&#8221; _builder_version=&#8221;4.16&#8243; _module_preset=&#8221;default&#8221; title_level=&#8221;h4&#8243; animation_style=&#8221;slide&#8221; animation_delay=&#8221;600ms&#8221; global_colors_info=&#8221;{}&#8221;]<\/p>\n<p class=\"subtitle-h6\"><img decoding=\"async\" class=\"alignright\" src=\"\/wp-content\/uploads\/2022\/01\/prod_expediciones.jpg\" alt=\"Expediciones\" width=\"auto\" height=\"auto\" \/>Tots els productes estan identificats i ubicats perqu\u00e8 la log\u00edstica i la seva expedici\u00f3 sigui el m\u00e9s r\u00e0pida possible.<\/p>\n<p>[\/et_pb_toggle][et_pb_toggle title=&#8221;Aula formaci\u00f3&#8221; module_class=&#8221;toggle-instalacion&#8221; _builder_version=&#8221;4.16&#8243; _module_preset=&#8221;default&#8221; title_level=&#8221;h4&#8243; animation_style=&#8221;slide&#8221; animation_delay=&#8221;800ms&#8221; global_colors_info=&#8221;{}&#8221;]<\/p>\n<p class=\"subtitle-h6\"><img decoding=\"async\" class=\"alignright\" src=\"\/wp-content\/uploads\/2022\/01\/prod_formacion.jpg\" alt=\"Aula formaci\u00f3n\" width=\"auto\" height=\"auto\" \/>Aula destinada a les reunions comercials ia la formaci\u00f3 de tota la nostra gamma de productes.<\/p>\n<p>[\/et_pb_toggle][\/et_pb_column][\/et_pb_row][\/et_pb_section][et_pb_section fb_built=&#8221;1&#8243; _builder_version=&#8221;4.16&#8243; _module_preset=&#8221;default&#8221; custom_margin=&#8221;0px||100px||false|false&#8221; custom_margin_tablet=&#8221;||75px||false|false&#8221; custom_margin_phone=&#8221;&#8221; custom_margin_last_edited=&#8221;on|tablet&#8221; custom_padding=&#8221;0px||0px||false|false&#8221; da_disable_devices=&#8221;off|off|off&#8221; global_colors_info=&#8221;{}&#8221; da_is_popup=&#8221;off&#8221; da_exit_intent=&#8221;off&#8221; da_has_close=&#8221;on&#8221; da_alt_close=&#8221;off&#8221; da_dark_close=&#8221;off&#8221; da_not_modal=&#8221;on&#8221; da_is_singular=&#8221;off&#8221; da_with_loader=&#8221;off&#8221; da_has_shadow=&#8221;on&#8221;][et_pb_row column_structure=&#8221;1_3,2_3&#8243; module_class=&#8221;row-depart-instalaciones&#8221; _builder_version=&#8221;4.16&#8243; _module_preset=&#8221;default&#8221; max_width=&#8221;1150px&#8221; max_width_tablet=&#8221;90%&#8221; max_width_phone=&#8221;&#8221; max_width_last_edited=&#8221;on|tablet&#8221; custom_margin=&#8221;0px||0px||false|false&#8221; custom_padding=&#8221;60px||0px||false|false&#8221; border_color_top=&#8221;#FBC201&#8243; global_colors_info=&#8221;{}&#8221;][et_pb_column type=&#8221;1_3&#8243; _builder_version=&#8221;4.16&#8243; _module_preset=&#8221;default&#8221; global_colors_info=&#8221;{}&#8221;][et_pb_text _builder_version=&#8221;4.16&#8243; _module_preset=&#8221;default&#8221; header_2_font=&#8221;|700|||||||&#8221; global_colors_info=&#8221;{}&#8221;]<\/p>\n<h2><span class=\"fondo-texto amarillo\">Departaments<\/span><\/h2>\n<p>[\/et_pb_text][\/et_pb_column][et_pb_column type=&#8221;2_3&#8243; _builder_version=&#8221;4.16&#8243; _module_preset=&#8221;default&#8221; global_colors_info=&#8221;{}&#8221;][et_pb_text _builder_version=&#8221;4.16&#8243; _module_preset=&#8221;default&#8221; global_colors_info=&#8221;{}&#8221;]<\/p>\n<p class=\"subtitle-h5\">MET MANN controla tots i cadascun dels processos duts a terme per a la fabricaci\u00f3 i comercialitzaci\u00f3 dels equips de climatitzaci\u00f3, ventilaci\u00f3 i tractament de l&#8217;aire.<\/p>\n<p class=\"subtitle-h5\">L&#8217;objectiu \u00e9s ser un prove\u00efdor integral i completament efica\u00e7, fet que porta a augmentar el nostre grau de competitivitat.<\/p>\n<p class=\"subtitle-h5\">Per mantenir el control en cadascun dels processos, els departaments de MET MANN es divideixen en:<\/p>\n<p>[\/et_pb_text][et_pb_text _builder_version=&#8221;4.16&#8243; _module_preset=&#8221;default&#8221; global_colors_info=&#8221;{}&#8221;]<\/p>\n<div class=\"grid-departamentos\">\n<div class=\"item-departamento\">\n<p class=\"subtitle-h5\">\u00b7 Dpto. Ventas nacionales \u00b7 Dpt. Vendes nacionals \u00b7 Dpt. Exportaci\u00f3 \u00b7 Dpt. Comptabilitat \u00b7 Dpto. Administraci\u00f3<\/p>\n<\/div>\n<div class=\"item-departamento\">\n<p class=\"subtitle-h5\">\u00b7 Dpt. compres \u00b7 Dpt. Qualitat \u00b7 Servei Postvenda \u00b7 Ger\u00e8ncia<\/p>\n<\/div>\n<\/div>\n<p>[\/et_pb_text][\/et_pb_column][\/et_pb_row][\/et_pb_section]<\/p>\n","protected":false},"excerpt":{"rendered":"<p><span><span><a href=\"https:\/\/www.metmann.com\/ca\/\">Inicio<\/a><\/span><\/span>MET MANN compta amb un departament de producci\u00f3 integrat pels millors professionals del sector, la seva funci\u00f3 \u00e9s supervisar tots els processos de fabricaci\u00f3, aix\u00ed com garantir el correcte funcionament dels equips.Planta de producci\u00f3MET MANN compta amb un departament de producci\u00f3 integrat pels millors professionals del sector, la seva funci\u00f3 \u00e9s supervisar tots els processos [&hellip;]<\/p>\n","protected":false},"author":1,"featured_media":0,"parent":0,"menu_order":0,"comment_status":"closed","ping_status":"closed","template":"","meta":{"_acf_changed":false,"_et_pb_use_builder":"on","_et_pb_old_content":"","_et_gb_content_width":"","_joinchat":[],"footnotes":""},"acf":[],"yoast_head":"<!-- This site is optimized with the Yoast SEO plugin v22.6 - https:\/\/yoast.com\/wordpress\/plugins\/seo\/ -->\r\n<title>Les nostres instal\u00b7lacions | MET MANN<\/title>\r\n<meta name=\"robots\" content=\"index, follow, max-snippet:-1, max-image-preview:large, max-video-preview:-1\" \/>\r\n<link rel=\"canonical\" href=\"https:\/\/www.metmann.com\/ca\/instalaciones\/\" \/>\r\n<meta property=\"og:locale\" content=\"ca_ES\" \/>\r\n<meta property=\"og:type\" content=\"article\" \/>\r\n<meta property=\"og:title\" content=\"Les nostres instal\u00b7lacions | MET MANN\" \/>\r\n<meta property=\"og:description\" content=\"MET MANN compta amb un departament de producci\u00f3 integrat pels millors professionals del sector, la seva funci\u00f3 \u00e9s supervisar tots els processos de fabricaci\u00f3, aix\u00ed com garantir el correcte funcionament dels equips.Planta de producci\u00f3MET MANN compta amb un departament de producci\u00f3 integrat pels millors professionals del sector, la seva funci\u00f3 \u00e9s supervisar tots els processos [&hellip;]\" \/>\r\n<meta property=\"og:url\" content=\"https:\/\/www.metmann.com\/ca\/instalaciones\/\" \/>\r\n<meta property=\"og:site_name\" content=\"MET MANN\" \/>\r\n<meta property=\"article:modified_time\" content=\"2023-03-10T12:22:55+00:00\" \/>\r\n<meta name=\"twitter:card\" content=\"summary_large_image\" \/>\r\n<meta name=\"twitter:label1\" content=\"Temps estimat de lectura\" \/>\n\t<meta name=\"twitter:data1\" content=\"9 minuts\" \/>\r\n<script type=\"application\/ld+json\" class=\"yoast-schema-graph\">{\"@context\":\"https:\/\/schema.org\",\"@graph\":[{\"@type\":\"WebPage\",\"@id\":\"https:\/\/www.metmann.com\/ca\/instalaciones\/\",\"url\":\"https:\/\/www.metmann.com\/ca\/instalaciones\/\",\"name\":\"Les nostres instal\u00b7lacions | MET MANN\",\"isPartOf\":{\"@id\":\"https:\/\/www.metmann.com\/ca\/#website\"},\"datePublished\":\"2022-01-04T09:16:15+00:00\",\"dateModified\":\"2023-03-10T12:22:55+00:00\",\"breadcrumb\":{\"@id\":\"https:\/\/www.metmann.com\/ca\/instalaciones\/#breadcrumb\"},\"inLanguage\":\"ca\",\"potentialAction\":[{\"@type\":\"ReadAction\",\"target\":[\"https:\/\/www.metmann.com\/ca\/instalaciones\/\"]}]},{\"@type\":\"BreadcrumbList\",\"@id\":\"https:\/\/www.metmann.com\/ca\/instalaciones\/#breadcrumb\",\"itemListElement\":[{\"@type\":\"ListItem\",\"position\":1,\"name\":\"Inicio\",\"item\":\"https:\/\/www.metmann.com\/ca\/\"},{\"@type\":\"ListItem\",\"position\":2,\"name\":\"Les nostres instal\u00b7lacions\"}]},{\"@type\":\"WebSite\",\"@id\":\"https:\/\/www.metmann.com\/ca\/#website\",\"url\":\"https:\/\/www.metmann.com\/ca\/\",\"name\":\"MET MANN\",\"description\":\"Climatizaci\u00f3n industrial, Calefactores y Ventilaci\u00f3n para empresas\",\"publisher\":{\"@id\":\"https:\/\/www.metmann.com\/ca\/#organization\"},\"potentialAction\":[{\"@type\":\"SearchAction\",\"target\":{\"@type\":\"EntryPoint\",\"urlTemplate\":\"https:\/\/www.metmann.com\/ca\/?s={search_term_string}\"},\"query-input\":\"required name=search_term_string\"}],\"inLanguage\":\"ca\"},{\"@type\":\"Organization\",\"@id\":\"https:\/\/www.metmann.com\/ca\/#organization\",\"name\":\"Met Mann\",\"url\":\"https:\/\/www.metmann.com\/ca\/\",\"logo\":{\"@type\":\"ImageObject\",\"inLanguage\":\"ca\",\"@id\":\"https:\/\/www.metmann.com\/ca\/#\/schema\/logo\/image\/\",\"url\":\"https:\/\/www.metmann.com\/wp-content\/uploads\/2021\/12\/logo-color-met-mann-01.jpg\",\"contentUrl\":\"https:\/\/www.metmann.com\/wp-content\/uploads\/2021\/12\/logo-color-met-mann-01.jpg\",\"width\":351,\"height\":133,\"caption\":\"Met Mann\"},\"image\":{\"@id\":\"https:\/\/www.metmann.com\/ca\/#\/schema\/logo\/image\/\"}}]}<\/script>\r\n<!-- \/ Yoast SEO plugin. -->","yoast_head_json":{"title":"Les nostres instal\u00b7lacions | MET MANN","robots":{"index":"index","follow":"follow","max-snippet":"max-snippet:-1","max-image-preview":"max-image-preview:large","max-video-preview":"max-video-preview:-1"},"canonical":"https:\/\/www.metmann.com\/ca\/instalaciones\/","og_locale":"ca_ES","og_type":"article","og_title":"Les nostres instal\u00b7lacions | MET MANN","og_description":"MET MANN compta amb un departament de producci\u00f3 integrat pels millors professionals del sector, la seva funci\u00f3 \u00e9s supervisar tots els processos de fabricaci\u00f3, aix\u00ed com garantir el correcte funcionament dels equips.Planta de producci\u00f3MET MANN compta amb un departament de producci\u00f3 integrat pels millors professionals del sector, la seva funci\u00f3 \u00e9s supervisar tots els processos [&hellip;]","og_url":"https:\/\/www.metmann.com\/ca\/instalaciones\/","og_site_name":"MET MANN","article_modified_time":"2023-03-10T12:22:55+00:00","twitter_card":"summary_large_image","twitter_misc":{"Temps estimat de lectura":"9 minuts"},"schema":{"@context":"https:\/\/schema.org","@graph":[{"@type":"WebPage","@id":"https:\/\/www.metmann.com\/ca\/instalaciones\/","url":"https:\/\/www.metmann.com\/ca\/instalaciones\/","name":"Les nostres instal\u00b7lacions | MET MANN","isPartOf":{"@id":"https:\/\/www.metmann.com\/ca\/#website"},"datePublished":"2022-01-04T09:16:15+00:00","dateModified":"2023-03-10T12:22:55+00:00","breadcrumb":{"@id":"https:\/\/www.metmann.com\/ca\/instalaciones\/#breadcrumb"},"inLanguage":"ca","potentialAction":[{"@type":"ReadAction","target":["https:\/\/www.metmann.com\/ca\/instalaciones\/"]}]},{"@type":"BreadcrumbList","@id":"https:\/\/www.metmann.com\/ca\/instalaciones\/#breadcrumb","itemListElement":[{"@type":"ListItem","position":1,"name":"Inicio","item":"https:\/\/www.metmann.com\/ca\/"},{"@type":"ListItem","position":2,"name":"Les nostres instal\u00b7lacions"}]},{"@type":"WebSite","@id":"https:\/\/www.metmann.com\/ca\/#website","url":"https:\/\/www.metmann.com\/ca\/","name":"MET MANN","description":"Climatizaci\u00f3n industrial, Calefactores y Ventilaci\u00f3n para empresas","publisher":{"@id":"https:\/\/www.metmann.com\/ca\/#organization"},"potentialAction":[{"@type":"SearchAction","target":{"@type":"EntryPoint","urlTemplate":"https:\/\/www.metmann.com\/ca\/?s={search_term_string}"},"query-input":"required name=search_term_string"}],"inLanguage":"ca"},{"@type":"Organization","@id":"https:\/\/www.metmann.com\/ca\/#organization","name":"Met Mann","url":"https:\/\/www.metmann.com\/ca\/","logo":{"@type":"ImageObject","inLanguage":"ca","@id":"https:\/\/www.metmann.com\/ca\/#\/schema\/logo\/image\/","url":"https:\/\/www.metmann.com\/wp-content\/uploads\/2021\/12\/logo-color-met-mann-01.jpg","contentUrl":"https:\/\/www.metmann.com\/wp-content\/uploads\/2021\/12\/logo-color-met-mann-01.jpg","width":351,"height":133,"caption":"Met Mann"},"image":{"@id":"https:\/\/www.metmann.com\/ca\/#\/schema\/logo\/image\/"}}]}},"_links":{"self":[{"href":"https:\/\/www.metmann.com\/ca\/wp-json\/wp\/v2\/pages\/19279"}],"collection":[{"href":"https:\/\/www.metmann.com\/ca\/wp-json\/wp\/v2\/pages"}],"about":[{"href":"https:\/\/www.metmann.com\/ca\/wp-json\/wp\/v2\/types\/page"}],"author":[{"embeddable":true,"href":"https:\/\/www.metmann.com\/ca\/wp-json\/wp\/v2\/users\/1"}],"replies":[{"embeddable":true,"href":"https:\/\/www.metmann.com\/ca\/wp-json\/wp\/v2\/comments?post=19279"}],"version-history":[{"count":0,"href":"https:\/\/www.metmann.com\/ca\/wp-json\/wp\/v2\/pages\/19279\/revisions"}],"wp:attachment":[{"href":"https:\/\/www.metmann.com\/ca\/wp-json\/wp\/v2\/media?parent=19279"}],"curies":[{"name":"wp","href":"https:\/\/api.w.org\/{rel}","templated":true}]}}