{"id":19290,"date":"2020-02-17T09:27:38","date_gmt":"2020-02-17T09:27:38","guid":{"rendered":"https:\/\/metmann.com.185-176-9-81.185-176-9-81.visualpublinet.com\/politica-de-privacidad\/"},"modified":"2025-06-03T09:33:55","modified_gmt":"2025-06-03T07:33:55","slug":"politica-de-privacidad","status":"publish","type":"page","link":"https:\/\/www.metmann.com\/ca\/politica-de-privacidad\/","title":{"rendered":"POL\u00cdTICA DE PRIVACITAT I PROTECCI\u00d3 DE DADES"},"content":{"rendered":"<p>[et_pb_section fb_built=&#8221;1&#8243; admin_label=&#8221;Section&#8221; module_class=&#8221;cabecera-general&#8221; _builder_version=&#8221;4.16&#8243; _module_preset=&#8221;default&#8221; background_color=&#8221;#f4f4f4&#8243; use_background_color_gradient=&#8221;on&#8221; background_color_gradient_direction=&#8221;124deg&#8221; background_color_gradient_stops=&#8221;#e5e5e5 75%|#fbc201 75%&#8221; background_color_gradient_start=&#8221;#e5e5e5&#8243; background_color_gradient_start_position=&#8221;75%&#8221; background_color_gradient_end=&#8221;#fbc201&#8243; background_color_gradient_end_position=&#8221;75%&#8221; custom_margin=&#8221;0px||0px||false|false&#8221; custom_margin_tablet=&#8221;||50px||false|false&#8221; custom_margin_last_edited=&#8221;off|desktop&#8221; custom_padding=&#8221;2%||2%||true|false&#8221; animation_style=&#8221;slide&#8221; animation_direction=&#8221;top&#8221; da_disable_devices=&#8221;off|off|off&#8221; global_colors_info=&#8221;{}&#8221; da_is_popup=&#8221;off&#8221; da_exit_intent=&#8221;off&#8221; da_has_close=&#8221;on&#8221; da_alt_close=&#8221;off&#8221; da_dark_close=&#8221;off&#8221; da_not_modal=&#8221;on&#8221; da_is_singular=&#8221;off&#8221; da_with_loader=&#8221;off&#8221; da_has_shadow=&#8221;on&#8221;][et_pb_row _builder_version=&#8221;4.16&#8243; _module_preset=&#8221;default&#8221; width_tablet=&#8221;90%&#8221; width_phone=&#8221;&#8221; width_last_edited=&#8221;on|tablet&#8221; custom_margin=&#8221;0px||0px||false|false&#8221; custom_padding=&#8221;0px||0px||false|false&#8221; global_colors_info=&#8221;{}&#8221; width__hover_enabled=&#8221;off|desktop&#8221;][et_pb_column type=&#8221;4_4&#8243; _builder_version=&#8221;4.16&#8243; _module_preset=&#8221;default&#8221; global_colors_info=&#8221;{}&#8221;][et_pb_post_title meta=&#8221;off&#8221; featured_image=&#8221;off&#8221; _builder_version=&#8221;4.16&#8243; _module_preset=&#8221;default&#8221; title_font=&#8221;|700||on|||||&#8221; custom_margin=&#8221;0px||0px||false|false&#8221; custom_padding=&#8221;0px||0px||false|false&#8221; global_colors_info=&#8221;{}&#8221;][\/et_pb_post_title][et_pb_code _builder_version=&#8221;4.16&#8243; _module_preset=&#8221;default&#8221; global_colors_info=&#8221;{}&#8221;]<\/p>\n<div class=\"migas\"><!-- [et_pb_line_break_holder] --> <span><span><a href=\"https:\/\/www.metmann.com\/ca\/\">Inicio<\/a><\/span><\/span><!-- [et_pb_line_break_holder] --><\/div>\n<p>[\/et_pb_code][\/et_pb_column][\/et_pb_row][\/et_pb_section][et_pb_section fb_built=&#8221;1&#8243; admin_label=&#8221;section&#8221; _builder_version=&#8221;4.16&#8243; custom_margin=&#8221;50px||50px||false|false&#8221; custom_padding=&#8221;0px||0px||false|false&#8221; da_disable_devices=&#8221;off|off|off&#8221; global_colors_info=&#8221;{}&#8221; locked=&#8221;off&#8221; da_is_popup=&#8221;off&#8221; da_exit_intent=&#8221;off&#8221; da_has_close=&#8221;on&#8221; da_alt_close=&#8221;off&#8221; da_dark_close=&#8221;off&#8221; da_not_modal=&#8221;on&#8221; da_is_singular=&#8221;off&#8221; da_with_loader=&#8221;off&#8221; da_has_shadow=&#8221;on&#8221;][et_pb_row admin_label=&#8221;row&#8221; _builder_version=&#8221;4.16&#8243; background_size=&#8221;initial&#8221; background_position=&#8221;top_left&#8221; background_repeat=&#8221;repeat&#8221; width_tablet=&#8221;90%&#8221; width_phone=&#8221;&#8221; width_last_edited=&#8221;on|tablet&#8221; global_colors_info=&#8221;{}&#8221;][et_pb_column type=&#8221;4_4&#8243; _builder_version=&#8221;4.16&#8243; custom_padding=&#8221;|||&#8221; global_colors_info=&#8221;{}&#8221; custom_padding__hover=&#8221;|||&#8221;][et_pb_text admin_label=&#8221;Text&#8221; _builder_version=&#8221;4.25.1&#8243; background_size=&#8221;initial&#8221; background_position=&#8221;top_left&#8221; background_repeat=&#8221;repeat&#8221; hover_enabled=&#8221;0&#8243; global_colors_info=&#8221;{}&#8221; sticky_enabled=&#8221;0&#8243;]<\/p>\n<ol>\n<li><strong><u>POL\u00cdTICA DE PRIVACITAT<\/u><\/strong><\/li>\n<\/ol>\n<p>D&#8217;acord amb el que estableix el RGPD-UE-2016\/679, la LOPD 3\/2018 de Garantia dels Drets Digitals, la Llei 34\/2002, amb l&#8217;\u00faltima actualitzaci\u00f3 del 09\/05\/2023, de Serveis de la Societat de la Informaci\u00f3 i Comer\u00e7 Electr\u00f2nic, i la Llei 11\/2022, General de Telecomunicacions, <strong>METAL\u00daRGICA MANLLEUENSE SA<\/strong> informa als usuaris dels seus llocs web que est\u00e0 obligada a guardar secret professional sobre les dades personals recollides mitjan\u00e7ant els formularis de registre o contacte a les seves p\u00e0gines. Aquesta obligaci\u00f3 continuar\u00e0 fins i tot despr\u00e9s d&#8217;haver finalitzat la nostra relaci\u00f3 comercial o contractual, i en cap cas es podran fer p\u00fabliques les dades personals dels visitants i clients del web sense el seu consentiment.<\/p>\n<ol start=\"2\">\n<li><strong><u>CONSENTIMENT DE L\u2019INTERESSAT<\/u><\/strong>:<\/li>\n<\/ol>\n<p>Per tal de poder dur a terme el tractament de les seves dades personals, que seran tractades amb privacitat i seguretat, \u00e9s necessari el seu consentiment en compliment del RGPD-UE-2016\/679. D\u2019acord amb els articles 5, 6, 7 i 13 de la LOPDGDD-3\/2018, T\u00edtol II, i la Llei 1\/2019 de Secrets Empresarials, s\u2019informa que el responsable del tractament de les dades ser\u00e0 <strong>METAL\u00daRGICA MANLLEUENSE SA<\/strong>, que tractar\u00e0 la informaci\u00f3 de manera l\u00edcita, lleial i transparent en relaci\u00f3 amb l&#8217;interessat, amb finalitats determinades, expl\u00edcites i leg\u00edtimes. Les dades i la informaci\u00f3 es tractaran de manera que es garanteixi una seguretat adequada mitjan\u00e7ant l&#8217;aplicaci\u00f3 de mesures t\u00e8cniques o organitzatives apropiades.<\/p>\n<p>Les dades de l\u2019interessat nom\u00e9s es cediran per obligaci\u00f3 legal, i t\u00e9 dret a presentar reclamaci\u00f3 davant l\u2019Autoritat de Control pertinent.<\/p>\n<p>En cas de violaci\u00f3 de la seguretat de les dades personals (art. 33 RGPD), el responsable del tractament ho notificar\u00e0 a l&#8217;autoritat de control competent d&#8217;acord amb l&#8217;article 55 sense dilaci\u00f3 indeguda i, si \u00e9s possible, en un termini m\u00e0xim de 72 hores des que en tingui coneixement.<\/p>\n<p>En contactar o registrar-se en aquest web, <strong>https:\/\/www.metmann.com<\/strong>, vost\u00e8 cedeix les seves dades personals o jur\u00eddiques per a la gesti\u00f3 com a usuari, mitjan\u00e7ant un <strong>Check Box o Bot\u00f3<\/strong>, al formulari de <strong>Contacte<\/strong>, i accepta els termes i condicions del tractament de les seves dades personals.<\/p>\n<p>L\u2019interessat tindr\u00e0 dret a retirar el seu consentiment en qualsevol moment. La retirada del consentiment no afectar\u00e0 la licitud del tractament basat en el consentiment abans de la seva retirada.<\/p>\n<p><strong><u>Consentiment del menor<\/u><\/strong>: Segons l\u2019article 6, apartat f del RGPD-UE-2016\/679 i l\u2019article 84 de la LOPD-3\/2018 (protecci\u00f3 dels menors a Internet), els menors de 16 anys no poden prestar el seu consentiment perqu\u00e8 un comer\u00e7 en l\u00ednia reculli les seves dades personals, sent els seus representants legals (pares o tutors) qui poden fer-ho en el seu nom, llevat que el menor tingui com a m\u00ednim 16 anys complerts, moment en qu\u00e8 el seu consentiment ser\u00e0 l\u00edcit.<\/p>\n<p>Aquestes dades s\u2019introduiran en un fitxer automatitzat sota la responsabilitat de l\u2019administrador del web de <strong>METAL\u00daRGICA MANLLEUENSE SA<\/strong>, amb la finalitat de facilitar, agilitzar i complir els compromisos establerts entre ambdues parts.<\/p>\n<p>L\u2019enviament de dades mitjan\u00e7ant els formularis del nostre web estar\u00e0 obligat\u00f2riament supeditat al fet d\u2019haver llegit i acceptat la Pol\u00edtica de Privacitat, mitjan\u00e7ant un check box obligatori al peu del formulari de registre o contacte.<\/p>\n<ol start=\"3\">\n<li><strong><u>POL\u00cdTICA D\u2019ENLLA\u00c7OS I EXEMPCIONS DE RESPONSABILITAT<\/u><\/strong><\/li>\n<\/ol>\n<p><strong>METAL\u00daRGICA MANLLEUENSE SA<\/strong> no es fa responsable del contingut de les p\u00e0gines web a les quals l\u2019usuari pugui accedir mitjan\u00e7ant els enlla\u00e7os establerts als seus llocs web i declara que, en cap cas, examinar\u00e0 ni exercir\u00e0 cap tipus de control sobre el contingut d\u2019altres p\u00e0gines de la xarxa.<\/p>\n<p>Aix\u00ed mateix, tampoc no garanteix la disponibilitat t\u00e8cnica, exactitud, veracitat, validesa o legalitat de p\u00e0gines alienes a la seva propietat a les quals es pugui accedir mitjan\u00e7ant enlla\u00e7os des d\u2019aquest web.<\/p>\n<p><strong>METAL\u00daRGICA MANLLEUENSE SA<\/strong> declara que ha adoptat totes les mesures necess\u00e0ries per evitar qualsevol dany que pugui derivar-se de la navegaci\u00f3 pel seu lloc web. En conseq\u00fc\u00e8ncia, <strong>METAL\u00daRGICA MANLLEUENSE SA<\/strong> no es fa responsable, en cap cas, dels eventuals danys que l\u2019usuari pugui patir a causa de la navegaci\u00f3 per Internet.<\/p>\n<p><strong>METAL\u00daRGICA MANLLEUENSE SA<\/strong> no es responsabilitza dels danys o perjudicis de qualsevol mena produ\u00efts a l\u2019Usuari que siguin conseq\u00fc\u00e8ncia de fallades o desconnexions a les xarxes de telecomunicacions que provoquin la suspensi\u00f3, cancel\u00b7laci\u00f3, instal\u00b7laci\u00f3 o interrupci\u00f3 del servei del web durant la seva prestaci\u00f3 o amb car\u00e0cter previ.<\/p>\n<p>L\u2019acc\u00e9s al web <strong>https:\/\/www.metmann.com<\/strong> no implica l\u2019obligaci\u00f3 per part de l\u2019entitat de controlar l\u2019abs\u00e8ncia de virus o qualsevol altre element inform\u00e0tic nociu. Correspon a l\u2019Usuari disposar d\u2019eines adequades per a la detecci\u00f3, desinfecci\u00f3 i protecci\u00f3 davant de programes inform\u00e0tics nocius.<\/p>\n<p><strong>METAL\u00daRGICA MANLLEUENSE SA<\/strong> no es responsabilitza dels danys produ\u00efts als equips inform\u00e0tics, documents i\/o fitxers dels Usuaris o de tercers durant la prestaci\u00f3 del servei en aquest Portal web.<\/p>\n<ol start=\"4\">\n<li><strong><u>PUBLICITAT<\/u><\/strong><\/li>\n<\/ol>\n<p>El lloc web <strong>https:\/\/www.metmann.com<\/strong> podr\u00e0 allotjar continguts publicitaris o patrocinats. Els anunciants o patrocinadors s\u00f3n els \u00fanics responsables dels continguts publicitaris, de la seva legalitat, veracitat, exactitud i adequaci\u00f3.<\/p>\n<p><strong>METAL\u00daRGICA MANLLEUENSE SA<\/strong> no assumeix cap responsabilitat derivada dels continguts o serveis oferts per tercers a trav\u00e9s de publicitat, banners, enlla\u00e7os o qualsevol altre mitj\u00e0.<\/p>\n<ol start=\"5\">\n<li><strong><u>COOKIES<\/u><\/strong><\/li>\n<\/ol>\n<p>Aquest lloc web fa servir cookies pr\u00f2pies i de tercers per millorar l&#8217;experi\u00e8ncia de l&#8217;usuari, analitzar l&#8217;\u00fas del lloc i oferir continguts personalitzats. La continuaci\u00f3 de la navegaci\u00f3 implica l&#8217;acceptaci\u00f3 de la instal\u00b7laci\u00f3 d&#8217;aquestes cookies.<\/p>\n<p>L&#8217;usuari pot configurar el seu navegador per bloquejar o eliminar les cookies si ho desitja. Per a m\u00e9s informaci\u00f3, pot consultar la nostra <a href=\"\/politica-cookies.html\">Pol\u00edtica de Cookies<\/a>.<\/p>\n<ol start=\"6\">\n<li><strong><u>DRETS DE L\u2019USUARI<\/u><\/strong><\/li>\n<\/ol>\n<p>L&#8217;usuari t\u00e9 dret a accedir, rectificar, suprimir, limitar el tractament, oposar-se al tractament i portar les seves dades personals. Per exercir aquests drets pot enviar una sol\u00b7licitud per escrit a l&#8217;adre\u00e7a de correu electr\u00f2nic <a href=\"mailto:privacitat@metmann.com\">privacitat@metmann.com<\/a> o per correu postal a l&#8217;adre\u00e7a de <strong>METAL\u00daRGICA MANLLEUENSE SA<\/strong>.<\/p>\n<p>Aix\u00ed mateix, pot presentar una reclamaci\u00f3 davant l&#8217;Autoritat de Control competent en mat\u00e8ria de protecci\u00f3 de dades si considera que el tractament de les seves dades no s&#8217;ajusta a la legislaci\u00f3 vigent.<\/p>\n<ol start=\"7\">\n<li><strong><u>MODIFICACIONS DE LA POL\u00cdTICA DE PRIVACITAT<\/u><\/strong><\/li>\n<\/ol>\n<p><strong>METAL\u00daRGICA MANLLEUENSE SA<\/strong> es reserva el dret a modificar la present pol\u00edtica per adaptar-la a novetats legislatives o a nous requisits t\u00e8cnics. En aquests casos, es comunicar\u00e0 als usuaris mitjan\u00e7ant un av\u00eds destacat en el web.<\/p>\n<ol start=\"8\">\n<li><strong><u>LEGISLACI\u00d3 APLICABLE I JURISDICCI\u00d3<\/u><\/strong><\/li>\n<\/ol>\n<p>La relaci\u00f3 entre l&#8217;usuari i <strong>METAL\u00daRGICA MANLLEUENSE SA<\/strong> es regir\u00e0 per la legislaci\u00f3 espanyola vigent. Per a la resoluci\u00f3 de qualsevol conflicte que pugui sorgir, les parts es sotmeten a la jurisdicci\u00f3 dels jutjats i tribunals del domicili social de <strong>METAL\u00daRGICA MANLLEUENSE SA<\/strong>, amb ren\u00fancia expressa a qualsevol altre fur que pogu\u00e9s correspondre&#8217;ls.<\/p>\n<ol start=\"9\">\n<li><strong><u>RESERVA DE COOKIES<\/u><\/strong><\/li>\n<\/ol>\n<p><strong>METAL\u00daRGICA MANLLEUENSE SA<\/strong> utilitza cookies i altres tecnologies similars que emmagatzemen i recuperen informaci\u00f3 quan navegues. Aquestes tecnologies poden servir per a diferents finalitats, com ara recon\u00e8ixer un usuari i obtenir informaci\u00f3 sobre els seus h\u00e0bits de navegaci\u00f3.<\/p>\n<p>L&#8217;\u00fas concret d&#8217;aquestes tecnologies es descriu en la informaci\u00f3 de la Pol\u00edtica de Cookies. Seguint la pol\u00edtica de protecci\u00f3 de dades de l&#8217;entitat, <strong>METAL\u00daRGICA MANLLEUENSE SA<\/strong> informa que les cookies s\u2019associen a l\u2019usuari an\u00f2nim i al seu ordinador i no proporcionen per si mateixes dades personals de l\u2019usuari.<\/p>\n<p>La informaci\u00f3 de la nostra pol\u00edtica de cookies informa a l\u2019usuari del temps que aquestes cookies romandran actives en el seu dispositiu i de la possibilitat que tercers tinguin acc\u00e9s a la informaci\u00f3 que emmagatzemen.<\/p>\n<p>Per aix\u00f2 es va modificar l\u2019article 5, apartat 3, de la Directiva 2002\/58 per la Directiva 2009\/136, i ara per la Guia de l\u2019AEPD.<\/p>\n<p>L\u2019\u00faltima Guia sobre l\u2019\u00fas de cookies de l\u2019AEPD de juliol de 2023 incorpora el criteri del Comit\u00e8 Europeu de Protecci\u00f3 de Dades (CEPD), que estableix que l\u2019usuari ha de poder acceptar o rebutjar les cookies amb igual facilitat, sense que rebutjar-les sigui m\u00e9s complicat que acceptar-les. L\u2019usuari pot configurar el seu navegador per rebre avisos sobre la recepci\u00f3 de cookies i impedir-ne la instal\u00b7laci\u00f3 si aix\u00ed ho desitja.<\/p>\n<ol start=\"10\">\n<li><strong><u>EJERCICI DELS DRETS<\/u><\/strong><\/li>\n<\/ol>\n<p>Aquestes dades s\u2019incorporaran a un fitxer automatitzat sota la responsabilitat de l\u2019administrador de la web de <strong>METAL\u00daRGICA MANLLEUENSE SA<\/strong> amb la finalitat de facilitar, agilitar i complir els compromisos establerts entre ambdues parts.<\/p>\n<p>Aix\u00ed mateix, <strong>METAL\u00daRGICA MANLLEUENSE SA<\/strong> informa que l\u2019usuari t\u00e9 dret a exercir els drets d\u2019<strong>acc\u00e9s<\/strong> (con\u00e8ixer quins dades personals es tracten), <strong>rectificaci\u00f3<\/strong> (modificar dades err\u00f2nies o incompletes), <strong>supressi\u00f3<\/strong> (eliminar dades inadequades o excessives), <strong>limitaci\u00f3<\/strong> (limitar el tractament), <strong>oposici\u00f3<\/strong> (oposar-se al tractament) i <strong>portabilitat<\/strong> (recollir les dades facilitades per traslladar-les a altres serveis).<\/p>\n<p>Aquests drets es poden exercir per qualsevol mitj\u00e0 que deixi const\u00e0ncia de la seva recepci\u00f3 enviant una sol\u00b7licitud a l\u2019adre\u00e7a de correu electr\u00f2nic <u>metmann@metmann.com<\/u> o per correu postal, adjuntant una c\u00f2pia del DNI o document equivalent que acrediti la identitat.<\/p>\n<p>Els interessats tamb\u00e9 poden presentar reclamaci\u00f3 davant l\u2019Autoritat de Control, AEPD (Ag\u00e8ncia Espanyola de Protecci\u00f3 de Dades), ACPD (Ag\u00e8ncia Catalana de Protecci\u00f3 de Dades) o AVPD (Autoritat Valenciana de Protecci\u00f3 de Dades).<\/p>\n<p>Aquestes cl\u00e0usules han estat elaborades per <strong><a href=\"http:\/\/www.grupoqualia.net\/es\/inicio\">GRUP QUALIA<\/a><\/strong>.<\/p>\n<p><strong><u>Actualitzades: 28\/05\/2025.<\/u><\/strong><\/p>\n<p>[\/et_pb_text][et_pb_image src=&#8221;https:\/\/www.metmann.com\/wp-content\/uploads\/2025\/06\/12-sellolssi.png&#8221; title_text=&#8221;12-sellolssi&#8221; _builder_version=&#8221;4.25.1&#8243; _module_preset=&#8221;default&#8221; global_colors_info=&#8221;{}&#8221;][\/et_pb_image][\/et_pb_column][\/et_pb_row][\/et_pb_section]<\/p>\n","protected":false},"excerpt":{"rendered":"<p><span><span><a href=\"https:\/\/www.metmann.com\/ca\/\">Inicio<\/a><\/span><\/span> POL\u00cdTICA DE PRIVACITAT D&#8217;acord amb el que estableix el RGPD-UE-2016\/679, la LOPD 3\/2018 de Garantia dels Drets Digitals, la Llei 34\/2002, amb l&#8217;\u00faltima actualitzaci\u00f3 del 09\/05\/2023, de Serveis de la Societat de la Informaci\u00f3 i Comer\u00e7 Electr\u00f2nic, i la Llei 11\/2022, General de Telecomunicacions, METAL\u00daRGICA MANLLEUENSE SA informa als usuaris dels seus llocs web [&hellip;]<\/p>\n","protected":false},"author":1,"featured_media":0,"parent":0,"menu_order":0,"comment_status":"closed","ping_status":"closed","template":"","meta":{"_acf_changed":false,"_et_pb_use_builder":"on","_et_pb_old_content":"","_et_gb_content_width":"","_joinchat":[],"footnotes":""},"acf":[],"yoast_head":"<!-- This site is optimized with the Yoast SEO plugin v22.6 - https:\/\/yoast.com\/wordpress\/plugins\/seo\/ -->\r\n<title>POL\u00cdTICA DE PRIVACITAT I PROTECCI\u00d3 DE DADES | MET MANN<\/title>\r\n<meta name=\"robots\" content=\"index, follow, max-snippet:-1, max-image-preview:large, max-video-preview:-1\" \/>\r\n<link rel=\"canonical\" href=\"https:\/\/www.metmann.com\/ca\/politica-de-privacidad\/\" \/>\r\n<meta property=\"og:locale\" content=\"ca_ES\" \/>\r\n<meta property=\"og:type\" content=\"article\" \/>\r\n<meta property=\"og:title\" content=\"POL\u00cdTICA DE PRIVACITAT I PROTECCI\u00d3 DE DADES | MET MANN\" \/>\r\n<meta property=\"og:description\" content=\"POL\u00cdTICA DE PRIVACITAT D&#039;acord amb el que estableix el RGPD-UE-2016\/679, la LOPD 3\/2018 de Garantia dels Drets Digitals, la Llei 34\/2002, amb l&#039;\u00faltima actualitzaci\u00f3 del 09\/05\/2023, de Serveis de la Societat de la Informaci\u00f3 i Comer\u00e7 Electr\u00f2nic, i la Llei 11\/2022, General de Telecomunicacions, METAL\u00daRGICA MANLLEUENSE SA informa als usuaris dels seus llocs web [&hellip;]\" \/>\r\n<meta property=\"og:url\" content=\"https:\/\/www.metmann.com\/ca\/politica-de-privacidad\/\" \/>\r\n<meta property=\"og:site_name\" content=\"MET MANN\" \/>\r\n<meta property=\"article:modified_time\" content=\"2025-06-03T07:33:55+00:00\" \/>\r\n<meta name=\"twitter:card\" content=\"summary_large_image\" \/>\r\n<meta name=\"twitter:label1\" content=\"Temps estimat de lectura\" \/>\n\t<meta name=\"twitter:data1\" content=\"7 minuts\" \/>\r\n<script type=\"application\/ld+json\" class=\"yoast-schema-graph\">{\"@context\":\"https:\/\/schema.org\",\"@graph\":[{\"@type\":\"WebPage\",\"@id\":\"https:\/\/www.metmann.com\/ca\/politica-de-privacidad\/\",\"url\":\"https:\/\/www.metmann.com\/ca\/politica-de-privacidad\/\",\"name\":\"POL\u00cdTICA DE PRIVACITAT I PROTECCI\u00d3 DE DADES | MET MANN\",\"isPartOf\":{\"@id\":\"https:\/\/www.metmann.com\/ca\/#website\"},\"datePublished\":\"2020-02-17T09:27:38+00:00\",\"dateModified\":\"2025-06-03T07:33:55+00:00\",\"breadcrumb\":{\"@id\":\"https:\/\/www.metmann.com\/ca\/politica-de-privacidad\/#breadcrumb\"},\"inLanguage\":\"ca\",\"potentialAction\":[{\"@type\":\"ReadAction\",\"target\":[\"https:\/\/www.metmann.com\/ca\/politica-de-privacidad\/\"]}]},{\"@type\":\"BreadcrumbList\",\"@id\":\"https:\/\/www.metmann.com\/ca\/politica-de-privacidad\/#breadcrumb\",\"itemListElement\":[{\"@type\":\"ListItem\",\"position\":1,\"name\":\"Inicio\",\"item\":\"https:\/\/www.metmann.com\/ca\/\"},{\"@type\":\"ListItem\",\"position\":2,\"name\":\"POL\u00cdTICA DE PRIVACITAT I PROTECCI\u00d3 DE DADES\"}]},{\"@type\":\"WebSite\",\"@id\":\"https:\/\/www.metmann.com\/ca\/#website\",\"url\":\"https:\/\/www.metmann.com\/ca\/\",\"name\":\"MET MANN\",\"description\":\"Climatizaci\u00f3n industrial, Calefactores y Ventilaci\u00f3n para empresas\",\"publisher\":{\"@id\":\"https:\/\/www.metmann.com\/ca\/#organization\"},\"potentialAction\":[{\"@type\":\"SearchAction\",\"target\":{\"@type\":\"EntryPoint\",\"urlTemplate\":\"https:\/\/www.metmann.com\/ca\/?s={search_term_string}\"},\"query-input\":\"required name=search_term_string\"}],\"inLanguage\":\"ca\"},{\"@type\":\"Organization\",\"@id\":\"https:\/\/www.metmann.com\/ca\/#organization\",\"name\":\"Met Mann\",\"url\":\"https:\/\/www.metmann.com\/ca\/\",\"logo\":{\"@type\":\"ImageObject\",\"inLanguage\":\"ca\",\"@id\":\"https:\/\/www.metmann.com\/ca\/#\/schema\/logo\/image\/\",\"url\":\"https:\/\/www.metmann.com\/wp-content\/uploads\/2021\/12\/logo-color-met-mann-01.jpg\",\"contentUrl\":\"https:\/\/www.metmann.com\/wp-content\/uploads\/2021\/12\/logo-color-met-mann-01.jpg\",\"width\":351,\"height\":133,\"caption\":\"Met Mann\"},\"image\":{\"@id\":\"https:\/\/www.metmann.com\/ca\/#\/schema\/logo\/image\/\"}}]}<\/script>\r\n<!-- \/ Yoast SEO plugin. -->","yoast_head_json":{"title":"POL\u00cdTICA DE PRIVACITAT I PROTECCI\u00d3 DE DADES | MET MANN","robots":{"index":"index","follow":"follow","max-snippet":"max-snippet:-1","max-image-preview":"max-image-preview:large","max-video-preview":"max-video-preview:-1"},"canonical":"https:\/\/www.metmann.com\/ca\/politica-de-privacidad\/","og_locale":"ca_ES","og_type":"article","og_title":"POL\u00cdTICA DE PRIVACITAT I PROTECCI\u00d3 DE DADES | MET MANN","og_description":"POL\u00cdTICA DE PRIVACITAT D'acord amb el que estableix el RGPD-UE-2016\/679, la LOPD 3\/2018 de Garantia dels Drets Digitals, la Llei 34\/2002, amb l'\u00faltima actualitzaci\u00f3 del 09\/05\/2023, de Serveis de la Societat de la Informaci\u00f3 i Comer\u00e7 Electr\u00f2nic, i la Llei 11\/2022, General de Telecomunicacions, METAL\u00daRGICA MANLLEUENSE SA informa als usuaris dels seus llocs web [&hellip;]","og_url":"https:\/\/www.metmann.com\/ca\/politica-de-privacidad\/","og_site_name":"MET MANN","article_modified_time":"2025-06-03T07:33:55+00:00","twitter_card":"summary_large_image","twitter_misc":{"Temps estimat de lectura":"7 minuts"},"schema":{"@context":"https:\/\/schema.org","@graph":[{"@type":"WebPage","@id":"https:\/\/www.metmann.com\/ca\/politica-de-privacidad\/","url":"https:\/\/www.metmann.com\/ca\/politica-de-privacidad\/","name":"POL\u00cdTICA DE PRIVACITAT I PROTECCI\u00d3 DE DADES | MET MANN","isPartOf":{"@id":"https:\/\/www.metmann.com\/ca\/#website"},"datePublished":"2020-02-17T09:27:38+00:00","dateModified":"2025-06-03T07:33:55+00:00","breadcrumb":{"@id":"https:\/\/www.metmann.com\/ca\/politica-de-privacidad\/#breadcrumb"},"inLanguage":"ca","potentialAction":[{"@type":"ReadAction","target":["https:\/\/www.metmann.com\/ca\/politica-de-privacidad\/"]}]},{"@type":"BreadcrumbList","@id":"https:\/\/www.metmann.com\/ca\/politica-de-privacidad\/#breadcrumb","itemListElement":[{"@type":"ListItem","position":1,"name":"Inicio","item":"https:\/\/www.metmann.com\/ca\/"},{"@type":"ListItem","position":2,"name":"POL\u00cdTICA DE PRIVACITAT I PROTECCI\u00d3 DE DADES"}]},{"@type":"WebSite","@id":"https:\/\/www.metmann.com\/ca\/#website","url":"https:\/\/www.metmann.com\/ca\/","name":"MET MANN","description":"Climatizaci\u00f3n industrial, Calefactores y Ventilaci\u00f3n para empresas","publisher":{"@id":"https:\/\/www.metmann.com\/ca\/#organization"},"potentialAction":[{"@type":"SearchAction","target":{"@type":"EntryPoint","urlTemplate":"https:\/\/www.metmann.com\/ca\/?s={search_term_string}"},"query-input":"required name=search_term_string"}],"inLanguage":"ca"},{"@type":"Organization","@id":"https:\/\/www.metmann.com\/ca\/#organization","name":"Met Mann","url":"https:\/\/www.metmann.com\/ca\/","logo":{"@type":"ImageObject","inLanguage":"ca","@id":"https:\/\/www.metmann.com\/ca\/#\/schema\/logo\/image\/","url":"https:\/\/www.metmann.com\/wp-content\/uploads\/2021\/12\/logo-color-met-mann-01.jpg","contentUrl":"https:\/\/www.metmann.com\/wp-content\/uploads\/2021\/12\/logo-color-met-mann-01.jpg","width":351,"height":133,"caption":"Met Mann"},"image":{"@id":"https:\/\/www.metmann.com\/ca\/#\/schema\/logo\/image\/"}}]}},"_links":{"self":[{"href":"https:\/\/www.metmann.com\/ca\/wp-json\/wp\/v2\/pages\/19290"}],"collection":[{"href":"https:\/\/www.metmann.com\/ca\/wp-json\/wp\/v2\/pages"}],"about":[{"href":"https:\/\/www.metmann.com\/ca\/wp-json\/wp\/v2\/types\/page"}],"author":[{"embeddable":true,"href":"https:\/\/www.metmann.com\/ca\/wp-json\/wp\/v2\/users\/1"}],"replies":[{"embeddable":true,"href":"https:\/\/www.metmann.com\/ca\/wp-json\/wp\/v2\/comments?post=19290"}],"version-history":[{"count":1,"href":"https:\/\/www.metmann.com\/ca\/wp-json\/wp\/v2\/pages\/19290\/revisions"}],"predecessor-version":[{"id":33340,"href":"https:\/\/www.metmann.com\/ca\/wp-json\/wp\/v2\/pages\/19290\/revisions\/33340"}],"wp:attachment":[{"href":"https:\/\/www.metmann.com\/ca\/wp-json\/wp\/v2\/media?parent=19290"}],"curies":[{"name":"wp","href":"https:\/\/api.w.org\/{rel}","templated":true}]}}