{"id":10045,"date":"2021-11-03T13:55:35","date_gmt":"2021-11-04T09:33:14","guid":{"rendered":"https:\/\/metmann.com.185-176-9-81.185-176-9-81.visualpublinet.com\/producto\/calefactor-electric-professional-d15-a-30-kw-rp-33-m\/"},"modified":"2023-05-25T08:17:15","modified_gmt":"2023-05-25T06:17:15","slug":"calefactor-electric-professional-d15-a-30-kw-rp-33-m","status":"publish","type":"product","link":"https:\/\/www.metmann.com\/ca\/producto\/calefactor-electric-professional-d15-a-30-kw-rp-33-m\/","title":{"rendered":"RP-33-M &#8211; Calefactor el\u00e8ctric professional d\u20321,5 a 3,0 kW"},"content":{"rendered":"","protected":false},"excerpt":{"rendered":"","protected":false},"featured_media":16979,"comment_status":"closed","ping_status":"closed","template":"","meta":{"_acf_changed":false,"_et_pb_use_builder":"","_et_pb_old_content":"","_et_gb_content_width":"","_joinchat":[]},"product_cat":[448,510],"product_tag":[],"acf":[],"yoast_head":"<!-- This site is optimized with the Yoast SEO plugin v22.6 - https:\/\/yoast.com\/wordpress\/plugins\/seo\/ -->\r\n<title>RP-33-M - Calefactor el\u00e8ctric professional d\u20321,5 a 3,0 kW<\/title>\r\n<meta name=\"description\" content=\"Calefactor el\u00e8ctric d\u2032aire calent professional totalment autom\u00e0tic per a la calefacci\u00f3 r\u00e0pida i eficient de qualsevol tipus de local.\" \/>\r\n<meta name=\"robots\" content=\"index, follow, max-snippet:-1, max-image-preview:large, max-video-preview:-1\" \/>\r\n<link rel=\"canonical\" href=\"https:\/\/www.metmann.com\/ca\/producto\/calefactor-electric-professional-d15-a-30-kw-rp-33-m\/\" \/>\r\n<meta property=\"og:locale\" content=\"ca_ES\" \/>\r\n<meta property=\"og:type\" content=\"article\" \/>\r\n<meta property=\"og:title\" content=\"Calefactor el\u00e8ctric professional d\u20321,5 a 3,0 kW - RP-33-M\" \/>\r\n<meta property=\"og:description\" content=\"Calefactor el\u00e8ctric d\u2032aire calent professional totalment autom\u00e0tic per a la calefacci\u00f3 r\u00e0pida i eficient de qualsevol tipus de local.\" \/>\r\n<meta property=\"og:url\" content=\"https:\/\/www.metmann.com\/ca\/producto\/calefactor-electric-professional-d15-a-30-kw-rp-33-m\/\" \/>\r\n<meta property=\"og:site_name\" content=\"MET MANN\" \/>\r\n<meta property=\"article:modified_time\" content=\"2023-05-25T06:17:15+00:00\" \/>\r\n<meta property=\"og:image\" content=\"https:\/\/www.metmann.com\/wp-content\/uploads\/2021\/09\/1532588909_g9qO.jpg\" \/>\r\n<meta name=\"twitter:card\" content=\"summary_large_image\" \/>\r\n<meta name=\"twitter:title\" content=\"Calefactor el\u00e8ctric professional d\u20321,5 a 3,0 kW - RP-33-M\" \/>\r\n<meta name=\"twitter:description\" content=\"Calefactor el\u00e8ctric d\u2032aire calent professional totalment autom\u00e0tic per a la calefacci\u00f3 r\u00e0pida i eficient de qualsevol tipus de local.\" \/>\r\n<meta name=\"twitter:image\" content=\"https:\/\/www.metmann.com\/wp-content\/uploads\/2021\/09\/1532588909_g9qO.jpg\" \/>\r\n<script type=\"application\/ld+json\" class=\"yoast-schema-graph\">{\"@context\":\"https:\/\/schema.org\",\"@graph\":[{\"@type\":\"WebPage\",\"@id\":\"https:\/\/www.metmann.com\/ca\/producto\/calefactor-electric-professional-d15-a-30-kw-rp-33-m\/\",\"url\":\"https:\/\/www.metmann.com\/ca\/producto\/calefactor-electric-professional-d15-a-30-kw-rp-33-m\/\",\"name\":\"RP-33-M - Calefactor el\u00e8ctric professional d\u20321,5 a 3,0 kW\",\"isPartOf\":{\"@id\":\"https:\/\/www.metmann.com\/ca\/#website\"},\"primaryImageOfPage\":{\"@id\":\"https:\/\/www.metmann.com\/ca\/producto\/calefactor-electric-professional-d15-a-30-kw-rp-33-m\/#primaryimage\"},\"image\":{\"@id\":\"https:\/\/www.metmann.com\/ca\/producto\/calefactor-electric-professional-d15-a-30-kw-rp-33-m\/#primaryimage\"},\"thumbnailUrl\":\"https:\/\/www.metmann.com\/wp-content\/uploads\/2021\/11\/RP_33_M.png\",\"datePublished\":\"2021-11-04T09:33:14+00:00\",\"dateModified\":\"2023-05-25T06:17:15+00:00\",\"description\":\"Calefactor el\u00e8ctric d\u2032aire calent professional totalment autom\u00e0tic per a la calefacci\u00f3 r\u00e0pida i eficient de qualsevol tipus de local.\",\"breadcrumb\":{\"@id\":\"https:\/\/www.metmann.com\/ca\/producto\/calefactor-electric-professional-d15-a-30-kw-rp-33-m\/#breadcrumb\"},\"inLanguage\":\"ca\",\"potentialAction\":[{\"@type\":\"ReadAction\",\"target\":[\"https:\/\/www.metmann.com\/ca\/producto\/calefactor-electric-professional-d15-a-30-kw-rp-33-m\/\"]}]},{\"@type\":\"ImageObject\",\"inLanguage\":\"ca\",\"@id\":\"https:\/\/www.metmann.com\/ca\/producto\/calefactor-electric-professional-d15-a-30-kw-rp-33-m\/#primaryimage\",\"url\":\"https:\/\/www.metmann.com\/wp-content\/uploads\/2021\/11\/RP_33_M.png\",\"contentUrl\":\"https:\/\/www.metmann.com\/wp-content\/uploads\/2021\/11\/RP_33_M.png\",\"width\":654,\"height\":654},{\"@type\":\"BreadcrumbList\",\"@id\":\"https:\/\/www.metmann.com\/ca\/producto\/calefactor-electric-professional-d15-a-30-kw-rp-33-m\/#breadcrumb\",\"itemListElement\":[{\"@type\":\"ListItem\",\"position\":1,\"name\":\"Inicio\",\"item\":\"https:\/\/www.metmann.com\/ca\/\"},{\"@type\":\"ListItem\",\"position\":2,\"name\":\"Productos\",\"item\":\"https:\/\/www.metmann.com\/productos\/\"},{\"@type\":\"ListItem\",\"position\":3,\"name\":\"RP-33-M &#8211; Calefactor el\u00e8ctric professional d\u20321,5 a 3,0 kW\"}]},{\"@type\":\"WebSite\",\"@id\":\"https:\/\/www.metmann.com\/ca\/#website\",\"url\":\"https:\/\/www.metmann.com\/ca\/\",\"name\":\"MET MANN\",\"description\":\"Climatizaci\u00f3n industrial, Calefactores y Ventilaci\u00f3n para empresas\",\"publisher\":{\"@id\":\"https:\/\/www.metmann.com\/ca\/#organization\"},\"potentialAction\":[{\"@type\":\"SearchAction\",\"target\":{\"@type\":\"EntryPoint\",\"urlTemplate\":\"https:\/\/www.metmann.com\/ca\/?s={search_term_string}\"},\"query-input\":\"required name=search_term_string\"}],\"inLanguage\":\"ca\"},{\"@type\":\"Organization\",\"@id\":\"https:\/\/www.metmann.com\/ca\/#organization\",\"name\":\"Met Mann\",\"url\":\"https:\/\/www.metmann.com\/ca\/\",\"logo\":{\"@type\":\"ImageObject\",\"inLanguage\":\"ca\",\"@id\":\"https:\/\/www.metmann.com\/ca\/#\/schema\/logo\/image\/\",\"url\":\"https:\/\/www.metmann.com\/wp-content\/uploads\/2021\/12\/logo-color-met-mann-01.jpg\",\"contentUrl\":\"https:\/\/www.metmann.com\/wp-content\/uploads\/2021\/12\/logo-color-met-mann-01.jpg\",\"width\":351,\"height\":133,\"caption\":\"Met Mann\"},\"image\":{\"@id\":\"https:\/\/www.metmann.com\/ca\/#\/schema\/logo\/image\/\"}}]}<\/script>\r\n<!-- \/ Yoast SEO plugin. -->","yoast_head_json":{"title":"RP-33-M - Calefactor el\u00e8ctric professional d\u20321,5 a 3,0 kW","description":"Calefactor el\u00e8ctric d\u2032aire calent professional totalment autom\u00e0tic per a la calefacci\u00f3 r\u00e0pida i eficient de qualsevol tipus de local.","robots":{"index":"index","follow":"follow","max-snippet":"max-snippet:-1","max-image-preview":"max-image-preview:large","max-video-preview":"max-video-preview:-1"},"canonical":"https:\/\/www.metmann.com\/ca\/producto\/calefactor-electric-professional-d15-a-30-kw-rp-33-m\/","og_locale":"ca_ES","og_type":"article","og_title":"Calefactor el\u00e8ctric professional d\u20321,5 a 3,0 kW - RP-33-M","og_description":"Calefactor el\u00e8ctric d\u2032aire calent professional totalment autom\u00e0tic per a la calefacci\u00f3 r\u00e0pida i eficient de qualsevol tipus de local.","og_url":"https:\/\/www.metmann.com\/ca\/producto\/calefactor-electric-professional-d15-a-30-kw-rp-33-m\/","og_site_name":"MET MANN","article_modified_time":"2023-05-25T06:17:15+00:00","og_image":[{"url":"https:\/\/www.metmann.com\/wp-content\/uploads\/2021\/09\/1532588909_g9qO.jpg"}],"twitter_card":"summary_large_image","twitter_title":"Calefactor el\u00e8ctric professional d\u20321,5 a 3,0 kW - RP-33-M","twitter_description":"Calefactor el\u00e8ctric d\u2032aire calent professional totalment autom\u00e0tic per a la calefacci\u00f3 r\u00e0pida i eficient de qualsevol tipus de local.","twitter_image":"https:\/\/www.metmann.com\/wp-content\/uploads\/2021\/09\/1532588909_g9qO.jpg","schema":{"@context":"https:\/\/schema.org","@graph":[{"@type":"WebPage","@id":"https:\/\/www.metmann.com\/ca\/producto\/calefactor-electric-professional-d15-a-30-kw-rp-33-m\/","url":"https:\/\/www.metmann.com\/ca\/producto\/calefactor-electric-professional-d15-a-30-kw-rp-33-m\/","name":"RP-33-M - Calefactor el\u00e8ctric professional d\u20321,5 a 3,0 kW","isPartOf":{"@id":"https:\/\/www.metmann.com\/ca\/#website"},"primaryImageOfPage":{"@id":"https:\/\/www.metmann.com\/ca\/producto\/calefactor-electric-professional-d15-a-30-kw-rp-33-m\/#primaryimage"},"image":{"@id":"https:\/\/www.metmann.com\/ca\/producto\/calefactor-electric-professional-d15-a-30-kw-rp-33-m\/#primaryimage"},"thumbnailUrl":"https:\/\/www.metmann.com\/wp-content\/uploads\/2021\/11\/RP_33_M.png","datePublished":"2021-11-04T09:33:14+00:00","dateModified":"2023-05-25T06:17:15+00:00","description":"Calefactor el\u00e8ctric d\u2032aire calent professional totalment autom\u00e0tic per a la calefacci\u00f3 r\u00e0pida i eficient de qualsevol tipus de local.","breadcrumb":{"@id":"https:\/\/www.metmann.com\/ca\/producto\/calefactor-electric-professional-d15-a-30-kw-rp-33-m\/#breadcrumb"},"inLanguage":"ca","potentialAction":[{"@type":"ReadAction","target":["https:\/\/www.metmann.com\/ca\/producto\/calefactor-electric-professional-d15-a-30-kw-rp-33-m\/"]}]},{"@type":"ImageObject","inLanguage":"ca","@id":"https:\/\/www.metmann.com\/ca\/producto\/calefactor-electric-professional-d15-a-30-kw-rp-33-m\/#primaryimage","url":"https:\/\/www.metmann.com\/wp-content\/uploads\/2021\/11\/RP_33_M.png","contentUrl":"https:\/\/www.metmann.com\/wp-content\/uploads\/2021\/11\/RP_33_M.png","width":654,"height":654},{"@type":"BreadcrumbList","@id":"https:\/\/www.metmann.com\/ca\/producto\/calefactor-electric-professional-d15-a-30-kw-rp-33-m\/#breadcrumb","itemListElement":[{"@type":"ListItem","position":1,"name":"Inicio","item":"https:\/\/www.metmann.com\/ca\/"},{"@type":"ListItem","position":2,"name":"Productos","item":"https:\/\/www.metmann.com\/productos\/"},{"@type":"ListItem","position":3,"name":"RP-33-M &#8211; Calefactor el\u00e8ctric professional d\u20321,5 a 3,0 kW"}]},{"@type":"WebSite","@id":"https:\/\/www.metmann.com\/ca\/#website","url":"https:\/\/www.metmann.com\/ca\/","name":"MET MANN","description":"Climatizaci\u00f3n industrial, Calefactores y Ventilaci\u00f3n para empresas","publisher":{"@id":"https:\/\/www.metmann.com\/ca\/#organization"},"potentialAction":[{"@type":"SearchAction","target":{"@type":"EntryPoint","urlTemplate":"https:\/\/www.metmann.com\/ca\/?s={search_term_string}"},"query-input":"required name=search_term_string"}],"inLanguage":"ca"},{"@type":"Organization","@id":"https:\/\/www.metmann.com\/ca\/#organization","name":"Met Mann","url":"https:\/\/www.metmann.com\/ca\/","logo":{"@type":"ImageObject","inLanguage":"ca","@id":"https:\/\/www.metmann.com\/ca\/#\/schema\/logo\/image\/","url":"https:\/\/www.metmann.com\/wp-content\/uploads\/2021\/12\/logo-color-met-mann-01.jpg","contentUrl":"https:\/\/www.metmann.com\/wp-content\/uploads\/2021\/12\/logo-color-met-mann-01.jpg","width":351,"height":133,"caption":"Met Mann"},"image":{"@id":"https:\/\/www.metmann.com\/ca\/#\/schema\/logo\/image\/"}}]}},"_links":{"self":[{"href":"https:\/\/www.metmann.com\/ca\/wp-json\/wp\/v2\/product\/10045"}],"collection":[{"href":"https:\/\/www.metmann.com\/ca\/wp-json\/wp\/v2\/product"}],"about":[{"href":"https:\/\/www.metmann.com\/ca\/wp-json\/wp\/v2\/types\/product"}],"replies":[{"embeddable":true,"href":"https:\/\/www.metmann.com\/ca\/wp-json\/wp\/v2\/comments?post=10045"}],"wp:featuredmedia":[{"embeddable":true,"href":"https:\/\/www.metmann.com\/ca\/wp-json\/wp\/v2\/media\/16979"}],"wp:attachment":[{"href":"https:\/\/www.metmann.com\/ca\/wp-json\/wp\/v2\/media?parent=10045"}],"wp:term":[{"taxonomy":"product_cat","embeddable":true,"href":"https:\/\/www.metmann.com\/ca\/wp-json\/wp\/v2\/product_cat?post=10045"},{"taxonomy":"product_tag","embeddable":true,"href":"https:\/\/www.metmann.com\/ca\/wp-json\/wp\/v2\/product_tag?post=10045"}],"curies":[{"name":"wp","href":"https:\/\/api.w.org\/{rel}","templated":true}]}}