{"id":9737,"date":"2021-11-03T13:49:53","date_gmt":"2021-11-04T09:27:46","guid":{"rendered":"https:\/\/metmann.com.185-176-9-81.185-176-9-81.visualpublinet.com\/producto\/llum-ultraviolada-esterilizadora-daigua-2-gpm\/"},"modified":"2023-04-18T14:32:14","modified_gmt":"2023-04-18T12:32:14","slug":"llum-ultraviolada-esterilizadora-daigua-2-gpm","status":"publish","type":"product","link":"https:\/\/www.metmann.com\/ca\/producto\/llum-ultraviolada-esterilizadora-daigua-2-gpm\/","title":{"rendered":"L\u00e1mpara ultravioleta- 2GPM"},"content":{"rendered":"<p><span id=\"result_box\" class=\"\" lang=\"ca\" tabindex=\"-1\"><span id=\"result_box\" class=\"\" lang=\"ca\" tabindex=\"-1\"><span id=\"result_box\" class=\"\" lang=\"ca\" tabindex=\"-1\"><span id=\"result_box\" class=\"\" lang=\"ca\" tabindex=\"-1\"><span id=\"result_box\" class=\"\" lang=\"ca\" tabindex=\"-1\"><span id=\"result_box\" class=\"\" lang=\"ca\" tabindex=\"-1\"><span id=\"result_box\" class=\"\" lang=\"ca\" tabindex=\"-1\"><span id=\"result_box\" class=\"\" lang=\"ca\" tabindex=\"-1\"><span id=\"result_box\" class=\"\" lang=\"ca\" tabindex=\"-1\"><span id=\"result_box\" class=\"\" lang=\"ca\" tabindex=\"-1\"><span title=\"Incluye transformador 220-240V 50\/60 Hz 0,13A \"><br \/><\/span><\/span><\/span><\/span><\/span><\/span><\/span><\/span><\/span><\/span><\/span><\/p>\n","protected":false},"excerpt":{"rendered":"","protected":false},"featured_media":18534,"comment_status":"closed","ping_status":"closed","template":"","meta":{"_acf_changed":false,"_et_pb_use_builder":"","_et_pb_old_content":"<span id=\"result_box\" class=\"\" tabindex=\"-1\" lang=\"ca\"><span title=\"Evaporativo con ventilador axial de 16.000 m3\/h y salida de aire inferior - ECO COOLER \"><\/span><span id=\"result_box\" class=\"\" tabindex=\"-1\" lang=\"ca\"><span id=\"result_box\" class=\"\" tabindex=\"-1\" lang=\"ca\"><span id=\"result_box\" class=\"\" tabindex=\"-1\" lang=\"ca\"><span title=\"Modulo adiab\u00e1tico de alto rendimiento para enfriar y aportar humedad a un flujo de aire de 2.100 m3\/h. \"><\/span><\/span><\/span><\/span><\/span><span id=\"result_box\" class=\"\" tabindex=\"-1\" lang=\"ca\"><span class=\"\"><\/span><span id=\"result_box\" class=\"\" tabindex=\"-1\" lang=\"ca\"><span id=\"result_box\" class=\"\" tabindex=\"-1\" lang=\"ca\"><span id=\"result_box\" class=\"\" tabindex=\"-1\" lang=\"ca\"><span id=\"result_box\" class=\"\" tabindex=\"-1\" lang=\"ca\"><span class=\"\"><\/span><span id=\"result_box\" class=\"\" tabindex=\"-1\" lang=\"ca\"><span id=\"result_box\" class=\"\" tabindex=\"-1\" lang=\"ca\"><span id=\"result_box\" class=\"\" tabindex=\"-1\" lang=\"ca\"><span id=\"result_box\" class=\"\" tabindex=\"-1\" lang=\"ca\"><span id=\"result_box\" class=\"\" tabindex=\"-1\" lang=\"ca\"><span title=\"La desinfecci\u00f3n UV es un proceso f\u00edsico que neutraliza los microorganismos instant\u00e1neamente cuando estos pasan a traves de las l\u00e1mparas ultravioleta sumergidas en el efluente.\">La  desinfecci\u00f3 UV &eacute;s un proc&eacute;s f\u00edsic que neutralitza els microorganismes  instant\u00e0niament quan aquests passen a trav&eacute;s de les llums ultraviolada  submergides en l&#8242;efluent. <\/span><span title=\"El proceso no a\u00f1ade nada al agua excepto luz UV y por lo tanto no tiene impacto sobre la composici\u00f3n qu\u00edmica o en el contenido de ox\u00edgeno disuelto en el agua.\">El  proc&eacute;s no afegeix res a l&#8242;aigua excepte llum UV i per tant no t&eacute;  impacte sobre la composici\u00f3 qu\u00edmica o en el contingut d&#8242;oxigen dissolt  en l&#8242;aigua. <\/span><span title=\"A este respecto se asegura el cumplimiento con la cada vez m\u00e1s estricta normativa de descarga del efluente de agua residual. \">Referent a aix\u00f2 s&#8242;assegura el compliment amb la cada vegada m&eacute;s estricta normativa de desc\u00e0rrega de l&#8242;efluent d&#8242;aigua residual.<br \/> \t\t\t\t\t\t\t\t\t\t\t<br \/> \t\t\t\t\t\t\t\t\t\t\t<\/span><span title=\"Ventajas de UV \"><span style=\"font-weight: bold;\">Avantatges d&#8242;UV<\/span><br \/> \t\t\t\t\t\t\t\t\t\t\t<\/span><span title=\"La adopci\u00f3n de la luz ultravioleta para la desinfecci\u00f3n de aguas residuales ha crecido significativamente en las \u00faltimas d&eacute;cadas.\">L&#8242;adopci\u00f3 de la llum ultraviolada per a la desinfecci\u00f3 d&#8242;aig\u00fces residuals ha crescut significativament en les \u00faltimes d\u00e8cades. <\/span><span title=\"Hoy en d\u00eda, m\u00e1s del veinte por ciento de las plantas de tratamiento de aguas residuales en Norte Am&eacute;rica emplean esta tecnolog\u00eda, respetuosa con el medio ambiente.\">Avui  dia, m&eacute;s del vint per cent de les plantes de tractament d&#8242;aig\u00fces  residuals a Nord Am\u00e8rica fan servir aquesta tecnologia, respectuosa amb  el medi ambient. <\/span><span title=\"Miles de municipios han pasado de la desinfecci\u00f3n con base qu\u00edmica, como cloro gas, a UV debido a las importantes ventajas de seguridad para sus comunidades, los operadores de planta y el suministro de las aguas locales. \">Milers de municipis han passat de la desinfecci\u00f3 amb base qu\u00edmica, com  clor gas, a UV a causa de les importants avantatges de seguretat per  les seves comunitats, els operadors de planta i el subministrament de  les aig\u00fces locals.<br \/> \t\t\t\t\t\t\t\t\t\t\t&nbsp;<br \/> \t\t\t\t\t\t\t\t\t\t\t<\/span><span title=\"Caudal aproximado: 453 litros\/hora \">Cabal aproximat: 453 litres \/ hora<br \/> \t\t\t\t\t\t\t\t\t\t\t<\/span><span title=\"Entrada \/ Salida: 1\/2&#8242; NPT macho \">Entrada \/ Sortida: 1\/2 \"NPT mascle<br \/> \t\t\t\t\t\t\t\t\t\t\t<\/span><span title=\"Presi\u00f3n m\u00e1xima: 8,61 Bar \">Pressi\u00f3 m\u00e0xima: 8,61 Bar<br \/> \t\t\t\t\t\t\t\t\t\t\t<\/span><span title=\"Vida promedio de uso: 8.000 horas o 1 a\u00f1o \">Vida mitjana d&#8242;\u00fas: 8.000 hores o 1 any<br \/> \t\t\t\t\t\t\t\t\t\t\t<\/span><span title=\"Material: Acero inoxidable AISI-304 \">Material: Acer inoxidable AISI-304<br \/> \t\t\t\t\t\t\t\t\t\t\t<\/span><span title=\"Incluye transformador 220-240V 50\/60 Hz 0,13A \">Inclou transformador 220-240V 50\/60 Hz 0,13A<br \/> \t\t\t\t\t\t\t\t\t\t\t&nbsp;<br \/> \t\t\t\t\t\t\t\t\t\t\t<\/span><span title=\"M\u00e1s informaci\u00f3n en el Tel. +34 93 851 15 99\" style=\"font-weight: bold;\">M&eacute;s informaci\u00f3 al Tel. +34 93 851 15 99<\/span><\/span><\/span><\/span><\/span><\/span><\/span><\/span><\/span><\/span><\/span><span style=\"font-weight: bold;\"><span id=\"result_box\" class=\"\" tabindex=\"-1\" lang=\"ca\"><span id=\"result_box\" class=\"\" tabindex=\"-1\" lang=\"ca\"><span id=\"result_box\" class=\"\" tabindex=\"-1\" lang=\"ca\"><span id=\"result_box\" class=\"\" tabindex=\"-1\" lang=\"ca\"><span title=\"M\u00e1s informaci\u00f3n en Tel. +34 93 851 15 99\"><\/span><\/span><\/span><\/span><span title=\"Peso: 80 kg\"><\/span><\/span><span id=\"result_box\" class=\"\" tabindex=\"-1\" lang=\"ca\"><span title=\"Peso: 90 kg\"><\/span><\/span><\/span><br \/>","_et_gb_content_width":"","_joinchat":[]},"product_cat":[449,665],"product_tag":[],"acf":[],"yoast_head":"<!-- This site is optimized with the Yoast SEO plugin v22.6 - https:\/\/yoast.com\/wordpress\/plugins\/seo\/ -->\r\n<title>Llum ultraviolada esterilizadora d&#8242;aigua 2 GPM<\/title>\r\n<meta name=\"description\" content=\"Llum ultraviolada esterilizadora d&#8242;aigua 2 GPM\" \/>\r\n<meta name=\"robots\" content=\"index, follow, max-snippet:-1, max-image-preview:large, max-video-preview:-1\" \/>\r\n<link rel=\"canonical\" href=\"https:\/\/www.metmann.com\/ca\/producto\/llum-ultraviolada-esterilizadora-daigua-2-gpm\/\" \/>\r\n<meta property=\"og:locale\" content=\"ca_ES\" \/>\r\n<meta property=\"og:type\" content=\"article\" \/>\r\n<meta property=\"og:title\" content=\"Llum ultraviolada esterilizadora d&#8242;aigua 2 GPM\" \/>\r\n<meta property=\"og:description\" content=\"Llum ultraviolada esterilizadora d&#8242;aigua 2 GPM\" \/>\r\n<meta property=\"og:url\" content=\"https:\/\/www.metmann.com\/ca\/producto\/llum-ultraviolada-esterilizadora-daigua-2-gpm\/\" \/>\r\n<meta property=\"og:site_name\" content=\"MET MANN\" \/>\r\n<meta property=\"article:modified_time\" content=\"2023-04-18T12:32:14+00:00\" \/>\r\n<meta property=\"og:image\" content=\"https:\/\/www.metmann.com\/wp-content\/uploads\/2021\/09\/1496744857_zW95.jpg\" \/>\r\n<meta name=\"twitter:card\" content=\"summary_large_image\" \/>\r\n<meta name=\"twitter:title\" content=\"Llum ultraviolada esterilizadora d&#8242;aigua 2 GPM\" \/>\r\n<meta name=\"twitter:description\" content=\"Llum ultraviolada esterilizadora d&#8242;aigua 2 GPM\" \/>\r\n<meta name=\"twitter:image\" content=\"https:\/\/www.metmann.com\/wp-content\/uploads\/2021\/09\/1496744857_zW95.jpg\" \/>\r\n<script type=\"application\/ld+json\" class=\"yoast-schema-graph\">{\"@context\":\"https:\/\/schema.org\",\"@graph\":[{\"@type\":\"WebPage\",\"@id\":\"https:\/\/www.metmann.com\/ca\/producto\/llum-ultraviolada-esterilizadora-daigua-2-gpm\/\",\"url\":\"https:\/\/www.metmann.com\/ca\/producto\/llum-ultraviolada-esterilizadora-daigua-2-gpm\/\",\"name\":\"Llum ultraviolada esterilizadora d&#8242;aigua 2 GPM\",\"isPartOf\":{\"@id\":\"https:\/\/www.metmann.com\/ca\/#website\"},\"primaryImageOfPage\":{\"@id\":\"https:\/\/www.metmann.com\/ca\/producto\/llum-ultraviolada-esterilizadora-daigua-2-gpm\/#primaryimage\"},\"image\":{\"@id\":\"https:\/\/www.metmann.com\/ca\/producto\/llum-ultraviolada-esterilizadora-daigua-2-gpm\/#primaryimage\"},\"thumbnailUrl\":\"https:\/\/www.metmann.com\/wp-content\/uploads\/2021\/11\/LAMPARAS-UV.png\",\"datePublished\":\"2021-11-04T09:27:46+00:00\",\"dateModified\":\"2023-04-18T12:32:14+00:00\",\"description\":\"Llum ultraviolada esterilizadora d&#8242;aigua 2 GPM\",\"breadcrumb\":{\"@id\":\"https:\/\/www.metmann.com\/ca\/producto\/llum-ultraviolada-esterilizadora-daigua-2-gpm\/#breadcrumb\"},\"inLanguage\":\"ca\",\"potentialAction\":[{\"@type\":\"ReadAction\",\"target\":[\"https:\/\/www.metmann.com\/ca\/producto\/llum-ultraviolada-esterilizadora-daigua-2-gpm\/\"]}]},{\"@type\":\"ImageObject\",\"inLanguage\":\"ca\",\"@id\":\"https:\/\/www.metmann.com\/ca\/producto\/llum-ultraviolada-esterilizadora-daigua-2-gpm\/#primaryimage\",\"url\":\"https:\/\/www.metmann.com\/wp-content\/uploads\/2021\/11\/LAMPARAS-UV.png\",\"contentUrl\":\"https:\/\/www.metmann.com\/wp-content\/uploads\/2021\/11\/LAMPARAS-UV.png\",\"width\":344,\"height\":344},{\"@type\":\"BreadcrumbList\",\"@id\":\"https:\/\/www.metmann.com\/ca\/producto\/llum-ultraviolada-esterilizadora-daigua-2-gpm\/#breadcrumb\",\"itemListElement\":[{\"@type\":\"ListItem\",\"position\":1,\"name\":\"Inicio\",\"item\":\"https:\/\/www.metmann.com\/ca\/\"},{\"@type\":\"ListItem\",\"position\":2,\"name\":\"Productos\",\"item\":\"https:\/\/www.metmann.com\/productos\/\"},{\"@type\":\"ListItem\",\"position\":3,\"name\":\"L\u00e1mpara ultravioleta- 2GPM\"}]},{\"@type\":\"WebSite\",\"@id\":\"https:\/\/www.metmann.com\/ca\/#website\",\"url\":\"https:\/\/www.metmann.com\/ca\/\",\"name\":\"MET MANN\",\"description\":\"Climatizaci\u00f3n industrial, Calefactores y Ventilaci\u00f3n para empresas\",\"publisher\":{\"@id\":\"https:\/\/www.metmann.com\/ca\/#organization\"},\"potentialAction\":[{\"@type\":\"SearchAction\",\"target\":{\"@type\":\"EntryPoint\",\"urlTemplate\":\"https:\/\/www.metmann.com\/ca\/?s={search_term_string}\"},\"query-input\":\"required name=search_term_string\"}],\"inLanguage\":\"ca\"},{\"@type\":\"Organization\",\"@id\":\"https:\/\/www.metmann.com\/ca\/#organization\",\"name\":\"Met Mann\",\"url\":\"https:\/\/www.metmann.com\/ca\/\",\"logo\":{\"@type\":\"ImageObject\",\"inLanguage\":\"ca\",\"@id\":\"https:\/\/www.metmann.com\/ca\/#\/schema\/logo\/image\/\",\"url\":\"https:\/\/www.metmann.com\/wp-content\/uploads\/2021\/12\/logo-color-met-mann-01.jpg\",\"contentUrl\":\"https:\/\/www.metmann.com\/wp-content\/uploads\/2021\/12\/logo-color-met-mann-01.jpg\",\"width\":351,\"height\":133,\"caption\":\"Met Mann\"},\"image\":{\"@id\":\"https:\/\/www.metmann.com\/ca\/#\/schema\/logo\/image\/\"}}]}<\/script>\r\n<!-- \/ Yoast SEO plugin. -->","yoast_head_json":{"title":"Llum ultraviolada esterilizadora d&#8242;aigua 2 GPM","description":"Llum ultraviolada esterilizadora d&#8242;aigua 2 GPM","robots":{"index":"index","follow":"follow","max-snippet":"max-snippet:-1","max-image-preview":"max-image-preview:large","max-video-preview":"max-video-preview:-1"},"canonical":"https:\/\/www.metmann.com\/ca\/producto\/llum-ultraviolada-esterilizadora-daigua-2-gpm\/","og_locale":"ca_ES","og_type":"article","og_title":"Llum ultraviolada esterilizadora d&#8242;aigua 2 GPM","og_description":"Llum ultraviolada esterilizadora d&#8242;aigua 2 GPM","og_url":"https:\/\/www.metmann.com\/ca\/producto\/llum-ultraviolada-esterilizadora-daigua-2-gpm\/","og_site_name":"MET MANN","article_modified_time":"2023-04-18T12:32:14+00:00","og_image":[{"url":"https:\/\/www.metmann.com\/wp-content\/uploads\/2021\/09\/1496744857_zW95.jpg"}],"twitter_card":"summary_large_image","twitter_title":"Llum ultraviolada esterilizadora d&#8242;aigua 2 GPM","twitter_description":"Llum ultraviolada esterilizadora d&#8242;aigua 2 GPM","twitter_image":"https:\/\/www.metmann.com\/wp-content\/uploads\/2021\/09\/1496744857_zW95.jpg","schema":{"@context":"https:\/\/schema.org","@graph":[{"@type":"WebPage","@id":"https:\/\/www.metmann.com\/ca\/producto\/llum-ultraviolada-esterilizadora-daigua-2-gpm\/","url":"https:\/\/www.metmann.com\/ca\/producto\/llum-ultraviolada-esterilizadora-daigua-2-gpm\/","name":"Llum ultraviolada esterilizadora d&#8242;aigua 2 GPM","isPartOf":{"@id":"https:\/\/www.metmann.com\/ca\/#website"},"primaryImageOfPage":{"@id":"https:\/\/www.metmann.com\/ca\/producto\/llum-ultraviolada-esterilizadora-daigua-2-gpm\/#primaryimage"},"image":{"@id":"https:\/\/www.metmann.com\/ca\/producto\/llum-ultraviolada-esterilizadora-daigua-2-gpm\/#primaryimage"},"thumbnailUrl":"https:\/\/www.metmann.com\/wp-content\/uploads\/2021\/11\/LAMPARAS-UV.png","datePublished":"2021-11-04T09:27:46+00:00","dateModified":"2023-04-18T12:32:14+00:00","description":"Llum ultraviolada esterilizadora d&#8242;aigua 2 GPM","breadcrumb":{"@id":"https:\/\/www.metmann.com\/ca\/producto\/llum-ultraviolada-esterilizadora-daigua-2-gpm\/#breadcrumb"},"inLanguage":"ca","potentialAction":[{"@type":"ReadAction","target":["https:\/\/www.metmann.com\/ca\/producto\/llum-ultraviolada-esterilizadora-daigua-2-gpm\/"]}]},{"@type":"ImageObject","inLanguage":"ca","@id":"https:\/\/www.metmann.com\/ca\/producto\/llum-ultraviolada-esterilizadora-daigua-2-gpm\/#primaryimage","url":"https:\/\/www.metmann.com\/wp-content\/uploads\/2021\/11\/LAMPARAS-UV.png","contentUrl":"https:\/\/www.metmann.com\/wp-content\/uploads\/2021\/11\/LAMPARAS-UV.png","width":344,"height":344},{"@type":"BreadcrumbList","@id":"https:\/\/www.metmann.com\/ca\/producto\/llum-ultraviolada-esterilizadora-daigua-2-gpm\/#breadcrumb","itemListElement":[{"@type":"ListItem","position":1,"name":"Inicio","item":"https:\/\/www.metmann.com\/ca\/"},{"@type":"ListItem","position":2,"name":"Productos","item":"https:\/\/www.metmann.com\/productos\/"},{"@type":"ListItem","position":3,"name":"L\u00e1mpara ultravioleta- 2GPM"}]},{"@type":"WebSite","@id":"https:\/\/www.metmann.com\/ca\/#website","url":"https:\/\/www.metmann.com\/ca\/","name":"MET MANN","description":"Climatizaci\u00f3n industrial, Calefactores y Ventilaci\u00f3n para empresas","publisher":{"@id":"https:\/\/www.metmann.com\/ca\/#organization"},"potentialAction":[{"@type":"SearchAction","target":{"@type":"EntryPoint","urlTemplate":"https:\/\/www.metmann.com\/ca\/?s={search_term_string}"},"query-input":"required name=search_term_string"}],"inLanguage":"ca"},{"@type":"Organization","@id":"https:\/\/www.metmann.com\/ca\/#organization","name":"Met Mann","url":"https:\/\/www.metmann.com\/ca\/","logo":{"@type":"ImageObject","inLanguage":"ca","@id":"https:\/\/www.metmann.com\/ca\/#\/schema\/logo\/image\/","url":"https:\/\/www.metmann.com\/wp-content\/uploads\/2021\/12\/logo-color-met-mann-01.jpg","contentUrl":"https:\/\/www.metmann.com\/wp-content\/uploads\/2021\/12\/logo-color-met-mann-01.jpg","width":351,"height":133,"caption":"Met Mann"},"image":{"@id":"https:\/\/www.metmann.com\/ca\/#\/schema\/logo\/image\/"}}]}},"_links":{"self":[{"href":"https:\/\/www.metmann.com\/ca\/wp-json\/wp\/v2\/product\/9737"}],"collection":[{"href":"https:\/\/www.metmann.com\/ca\/wp-json\/wp\/v2\/product"}],"about":[{"href":"https:\/\/www.metmann.com\/ca\/wp-json\/wp\/v2\/types\/product"}],"replies":[{"embeddable":true,"href":"https:\/\/www.metmann.com\/ca\/wp-json\/wp\/v2\/comments?post=9737"}],"wp:featuredmedia":[{"embeddable":true,"href":"https:\/\/www.metmann.com\/ca\/wp-json\/wp\/v2\/media\/18534"}],"wp:attachment":[{"href":"https:\/\/www.metmann.com\/ca\/wp-json\/wp\/v2\/media?parent=9737"}],"wp:term":[{"taxonomy":"product_cat","embeddable":true,"href":"https:\/\/www.metmann.com\/ca\/wp-json\/wp\/v2\/product_cat?post=9737"},{"taxonomy":"product_tag","embeddable":true,"href":"https:\/\/www.metmann.com\/ca\/wp-json\/wp\/v2\/product_tag?post=9737"}],"curies":[{"name":"wp","href":"https:\/\/api.w.org\/{rel}","templated":true}]}}