{"id":9960,"date":"2021-11-03T13:54:04","date_gmt":"2021-11-04T09:31:38","guid":{"rendered":"https:\/\/metmann.com.185-176-9-81.185-176-9-81.visualpublinet.com\/producto\/generador-daire-calent-multi-posicio-90-kw-agm-090\/"},"modified":"2023-05-12T12:18:59","modified_gmt":"2023-05-12T10:18:59","slug":"generador-daire-calent-multi-posicio-90-kw-agm-090","status":"publish","type":"product","link":"https:\/\/www.metmann.com\/ca\/producto\/generador-daire-calent-multi-posicio-90-kw-agm-090\/","title":{"rendered":"AGM-090 &#8211; Generador d\u2032aire calent multi posici\u00f3 90 kW"},"content":{"rendered":"","protected":false},"excerpt":{"rendered":"","protected":false},"featured_media":16651,"comment_status":"closed","ping_status":"closed","template":"","meta":{"_acf_changed":false,"_et_pb_use_builder":"","_et_pb_old_content":"","_et_gb_content_width":"","_joinchat":[]},"product_cat":[484],"product_tag":[],"acf":[],"yoast_head":"<!-- This site is optimized with the Yoast SEO plugin v22.6 - https:\/\/yoast.com\/wordpress\/plugins\/seo\/ -->\r\n<title>AGM-090 - Generador d\u2032aire calent multi posici\u00f3 90 kW<\/title>\r\n<meta name=\"description\" content=\"Generador d\u2032aire calent multi posici\u00f3 per a la calefacci\u00f3 i proc\u00e9s d\u2032assecatge en tot tipus d\u2032aplicacions.\" \/>\r\n<meta name=\"robots\" content=\"index, follow, max-snippet:-1, max-image-preview:large, max-video-preview:-1\" \/>\r\n<link rel=\"canonical\" href=\"https:\/\/www.metmann.com\/ca\/producto\/generador-daire-calent-multi-posicio-90-kw-agm-090\/\" \/>\r\n<meta property=\"og:locale\" content=\"ca_ES\" \/>\r\n<meta property=\"og:type\" content=\"article\" \/>\r\n<meta property=\"og:title\" content=\"Generador d\u2032aire calent multi posici\u00f3 90 kW - AGM-090\" \/>\r\n<meta property=\"og:description\" content=\"Generador d\u2032aire calent multi posici\u00f3 per a la calefacci\u00f3 i proc\u00e9s d\u2032assecatge en tot tipus d\u2032aplicacions.\" \/>\r\n<meta property=\"og:url\" content=\"https:\/\/www.metmann.com\/ca\/producto\/generador-daire-calent-multi-posicio-90-kw-agm-090\/\" \/>\r\n<meta property=\"og:site_name\" content=\"MET MANN\" \/>\r\n<meta property=\"article:modified_time\" content=\"2023-05-12T10:18:59+00:00\" \/>\r\n<meta property=\"og:image\" content=\"https:\/\/www.metmann.com\/wp-content\/uploads\/2021\/09\/1602570848_7AyO.jpg\" \/>\r\n<meta name=\"twitter:card\" content=\"summary_large_image\" \/>\r\n<meta name=\"twitter:title\" content=\"Generador d\u2032aire calent multi posici\u00f3 90 kW - AGM-090\" \/>\r\n<meta name=\"twitter:description\" content=\"Generador d\u2032aire calent multi posici\u00f3 per a la calefacci\u00f3 i proc\u00e9s d\u2032assecatge en tot tipus d\u2032aplicacions.\" \/>\r\n<meta name=\"twitter:image\" content=\"https:\/\/www.metmann.com\/wp-content\/uploads\/2021\/09\/1602570848_7AyO.jpg\" \/>\r\n<script type=\"application\/ld+json\" class=\"yoast-schema-graph\">{\"@context\":\"https:\/\/schema.org\",\"@graph\":[{\"@type\":\"WebPage\",\"@id\":\"https:\/\/www.metmann.com\/ca\/producto\/generador-daire-calent-multi-posicio-90-kw-agm-090\/\",\"url\":\"https:\/\/www.metmann.com\/ca\/producto\/generador-daire-calent-multi-posicio-90-kw-agm-090\/\",\"name\":\"AGM-090 - Generador d\u2032aire calent multi posici\u00f3 90 kW\",\"isPartOf\":{\"@id\":\"https:\/\/www.metmann.com\/ca\/#website\"},\"primaryImageOfPage\":{\"@id\":\"https:\/\/www.metmann.com\/ca\/producto\/generador-daire-calent-multi-posicio-90-kw-agm-090\/#primaryimage\"},\"image\":{\"@id\":\"https:\/\/www.metmann.com\/ca\/producto\/generador-daire-calent-multi-posicio-90-kw-agm-090\/#primaryimage\"},\"thumbnailUrl\":\"https:\/\/www.metmann.com\/wp-content\/uploads\/2021\/11\/AGM_090.png\",\"datePublished\":\"2021-11-04T09:31:38+00:00\",\"dateModified\":\"2023-05-12T10:18:59+00:00\",\"description\":\"Generador d\u2032aire calent multi posici\u00f3 per a la calefacci\u00f3 i proc\u00e9s d\u2032assecatge en tot tipus d\u2032aplicacions.\",\"breadcrumb\":{\"@id\":\"https:\/\/www.metmann.com\/ca\/producto\/generador-daire-calent-multi-posicio-90-kw-agm-090\/#breadcrumb\"},\"inLanguage\":\"ca\",\"potentialAction\":[{\"@type\":\"ReadAction\",\"target\":[\"https:\/\/www.metmann.com\/ca\/producto\/generador-daire-calent-multi-posicio-90-kw-agm-090\/\"]}]},{\"@type\":\"ImageObject\",\"inLanguage\":\"ca\",\"@id\":\"https:\/\/www.metmann.com\/ca\/producto\/generador-daire-calent-multi-posicio-90-kw-agm-090\/#primaryimage\",\"url\":\"https:\/\/www.metmann.com\/wp-content\/uploads\/2021\/11\/AGM_090.png\",\"contentUrl\":\"https:\/\/www.metmann.com\/wp-content\/uploads\/2021\/11\/AGM_090.png\",\"width\":587,\"height\":587},{\"@type\":\"BreadcrumbList\",\"@id\":\"https:\/\/www.metmann.com\/ca\/producto\/generador-daire-calent-multi-posicio-90-kw-agm-090\/#breadcrumb\",\"itemListElement\":[{\"@type\":\"ListItem\",\"position\":1,\"name\":\"Inicio\",\"item\":\"https:\/\/www.metmann.com\/ca\/\"},{\"@type\":\"ListItem\",\"position\":2,\"name\":\"Productos\",\"item\":\"https:\/\/www.metmann.com\/productos\/\"},{\"@type\":\"ListItem\",\"position\":3,\"name\":\"AGM-090 &#8211; Generador d\u2032aire calent multi posici\u00f3 90 kW\"}]},{\"@type\":\"WebSite\",\"@id\":\"https:\/\/www.metmann.com\/ca\/#website\",\"url\":\"https:\/\/www.metmann.com\/ca\/\",\"name\":\"MET MANN\",\"description\":\"Climatizaci\u00f3n industrial, Calefactores y Ventilaci\u00f3n para empresas\",\"publisher\":{\"@id\":\"https:\/\/www.metmann.com\/ca\/#organization\"},\"potentialAction\":[{\"@type\":\"SearchAction\",\"target\":{\"@type\":\"EntryPoint\",\"urlTemplate\":\"https:\/\/www.metmann.com\/ca\/?s={search_term_string}\"},\"query-input\":\"required name=search_term_string\"}],\"inLanguage\":\"ca\"},{\"@type\":\"Organization\",\"@id\":\"https:\/\/www.metmann.com\/ca\/#organization\",\"name\":\"Met Mann\",\"url\":\"https:\/\/www.metmann.com\/ca\/\",\"logo\":{\"@type\":\"ImageObject\",\"inLanguage\":\"ca\",\"@id\":\"https:\/\/www.metmann.com\/ca\/#\/schema\/logo\/image\/\",\"url\":\"https:\/\/www.metmann.com\/wp-content\/uploads\/2021\/12\/logo-color-met-mann-01.jpg\",\"contentUrl\":\"https:\/\/www.metmann.com\/wp-content\/uploads\/2021\/12\/logo-color-met-mann-01.jpg\",\"width\":351,\"height\":133,\"caption\":\"Met Mann\"},\"image\":{\"@id\":\"https:\/\/www.metmann.com\/ca\/#\/schema\/logo\/image\/\"}}]}<\/script>\r\n<!-- \/ Yoast SEO plugin. -->","yoast_head_json":{"title":"AGM-090 - Generador d\u2032aire calent multi posici\u00f3 90 kW","description":"Generador d\u2032aire calent multi posici\u00f3 per a la calefacci\u00f3 i proc\u00e9s d\u2032assecatge en tot tipus d\u2032aplicacions.","robots":{"index":"index","follow":"follow","max-snippet":"max-snippet:-1","max-image-preview":"max-image-preview:large","max-video-preview":"max-video-preview:-1"},"canonical":"https:\/\/www.metmann.com\/ca\/producto\/generador-daire-calent-multi-posicio-90-kw-agm-090\/","og_locale":"ca_ES","og_type":"article","og_title":"Generador d\u2032aire calent multi posici\u00f3 90 kW - AGM-090","og_description":"Generador d\u2032aire calent multi posici\u00f3 per a la calefacci\u00f3 i proc\u00e9s d\u2032assecatge en tot tipus d\u2032aplicacions.","og_url":"https:\/\/www.metmann.com\/ca\/producto\/generador-daire-calent-multi-posicio-90-kw-agm-090\/","og_site_name":"MET MANN","article_modified_time":"2023-05-12T10:18:59+00:00","og_image":[{"url":"https:\/\/www.metmann.com\/wp-content\/uploads\/2021\/09\/1602570848_7AyO.jpg"}],"twitter_card":"summary_large_image","twitter_title":"Generador d\u2032aire calent multi posici\u00f3 90 kW - AGM-090","twitter_description":"Generador d\u2032aire calent multi posici\u00f3 per a la calefacci\u00f3 i proc\u00e9s d\u2032assecatge en tot tipus d\u2032aplicacions.","twitter_image":"https:\/\/www.metmann.com\/wp-content\/uploads\/2021\/09\/1602570848_7AyO.jpg","schema":{"@context":"https:\/\/schema.org","@graph":[{"@type":"WebPage","@id":"https:\/\/www.metmann.com\/ca\/producto\/generador-daire-calent-multi-posicio-90-kw-agm-090\/","url":"https:\/\/www.metmann.com\/ca\/producto\/generador-daire-calent-multi-posicio-90-kw-agm-090\/","name":"AGM-090 - Generador d\u2032aire calent multi posici\u00f3 90 kW","isPartOf":{"@id":"https:\/\/www.metmann.com\/ca\/#website"},"primaryImageOfPage":{"@id":"https:\/\/www.metmann.com\/ca\/producto\/generador-daire-calent-multi-posicio-90-kw-agm-090\/#primaryimage"},"image":{"@id":"https:\/\/www.metmann.com\/ca\/producto\/generador-daire-calent-multi-posicio-90-kw-agm-090\/#primaryimage"},"thumbnailUrl":"https:\/\/www.metmann.com\/wp-content\/uploads\/2021\/11\/AGM_090.png","datePublished":"2021-11-04T09:31:38+00:00","dateModified":"2023-05-12T10:18:59+00:00","description":"Generador d\u2032aire calent multi posici\u00f3 per a la calefacci\u00f3 i proc\u00e9s d\u2032assecatge en tot tipus d\u2032aplicacions.","breadcrumb":{"@id":"https:\/\/www.metmann.com\/ca\/producto\/generador-daire-calent-multi-posicio-90-kw-agm-090\/#breadcrumb"},"inLanguage":"ca","potentialAction":[{"@type":"ReadAction","target":["https:\/\/www.metmann.com\/ca\/producto\/generador-daire-calent-multi-posicio-90-kw-agm-090\/"]}]},{"@type":"ImageObject","inLanguage":"ca","@id":"https:\/\/www.metmann.com\/ca\/producto\/generador-daire-calent-multi-posicio-90-kw-agm-090\/#primaryimage","url":"https:\/\/www.metmann.com\/wp-content\/uploads\/2021\/11\/AGM_090.png","contentUrl":"https:\/\/www.metmann.com\/wp-content\/uploads\/2021\/11\/AGM_090.png","width":587,"height":587},{"@type":"BreadcrumbList","@id":"https:\/\/www.metmann.com\/ca\/producto\/generador-daire-calent-multi-posicio-90-kw-agm-090\/#breadcrumb","itemListElement":[{"@type":"ListItem","position":1,"name":"Inicio","item":"https:\/\/www.metmann.com\/ca\/"},{"@type":"ListItem","position":2,"name":"Productos","item":"https:\/\/www.metmann.com\/productos\/"},{"@type":"ListItem","position":3,"name":"AGM-090 &#8211; Generador d\u2032aire calent multi posici\u00f3 90 kW"}]},{"@type":"WebSite","@id":"https:\/\/www.metmann.com\/ca\/#website","url":"https:\/\/www.metmann.com\/ca\/","name":"MET MANN","description":"Climatizaci\u00f3n industrial, Calefactores y Ventilaci\u00f3n para empresas","publisher":{"@id":"https:\/\/www.metmann.com\/ca\/#organization"},"potentialAction":[{"@type":"SearchAction","target":{"@type":"EntryPoint","urlTemplate":"https:\/\/www.metmann.com\/ca\/?s={search_term_string}"},"query-input":"required name=search_term_string"}],"inLanguage":"ca"},{"@type":"Organization","@id":"https:\/\/www.metmann.com\/ca\/#organization","name":"Met Mann","url":"https:\/\/www.metmann.com\/ca\/","logo":{"@type":"ImageObject","inLanguage":"ca","@id":"https:\/\/www.metmann.com\/ca\/#\/schema\/logo\/image\/","url":"https:\/\/www.metmann.com\/wp-content\/uploads\/2021\/12\/logo-color-met-mann-01.jpg","contentUrl":"https:\/\/www.metmann.com\/wp-content\/uploads\/2021\/12\/logo-color-met-mann-01.jpg","width":351,"height":133,"caption":"Met Mann"},"image":{"@id":"https:\/\/www.metmann.com\/ca\/#\/schema\/logo\/image\/"}}]}},"_links":{"self":[{"href":"https:\/\/www.metmann.com\/ca\/wp-json\/wp\/v2\/product\/9960"}],"collection":[{"href":"https:\/\/www.metmann.com\/ca\/wp-json\/wp\/v2\/product"}],"about":[{"href":"https:\/\/www.metmann.com\/ca\/wp-json\/wp\/v2\/types\/product"}],"replies":[{"embeddable":true,"href":"https:\/\/www.metmann.com\/ca\/wp-json\/wp\/v2\/comments?post=9960"}],"wp:featuredmedia":[{"embeddable":true,"href":"https:\/\/www.metmann.com\/ca\/wp-json\/wp\/v2\/media\/16651"}],"wp:attachment":[{"href":"https:\/\/www.metmann.com\/ca\/wp-json\/wp\/v2\/media?parent=9960"}],"wp:term":[{"taxonomy":"product_cat","embeddable":true,"href":"https:\/\/www.metmann.com\/ca\/wp-json\/wp\/v2\/product_cat?post=9960"},{"taxonomy":"product_tag","embeddable":true,"href":"https:\/\/www.metmann.com\/ca\/wp-json\/wp\/v2\/product_tag?post=9960"}],"curies":[{"name":"wp","href":"https:\/\/api.w.org\/{rel}","templated":true}]}}