{"id":19232,"date":"2020-02-17T09:27:38","date_gmt":"2020-02-17T09:27:38","guid":{"rendered":"https:\/\/metmann.com.185-176-9-81.185-176-9-81.visualpublinet.com\/aviso-legal\/"},"modified":"2025-06-03T09:23:33","modified_gmt":"2025-06-03T07:23:33","slug":"aviso-legal","status":"publish","type":"page","link":"https:\/\/www.metmann.com\/de\/aviso-legal\/","title":{"rendered":"Rechtlicher Hinweis"},"content":{"rendered":"<p>[et_pb_section fb_built=&#8220;1&#8243; admin_label=&#8220;Section&#8220; module_class=&#8220;cabecera-general&#8220; _builder_version=&#8220;4.16&#8243; _module_preset=&#8220;default&#8220; background_color=&#8220;#f4f4f4&#8243; use_background_color_gradient=&#8220;on&#8220; background_color_gradient_direction=&#8220;124deg&#8220; background_color_gradient_stops=&#8220;#e5e5e5 75%|#fbc201 75%&#8220; background_color_gradient_start=&#8220;#e5e5e5&#8243; background_color_gradient_start_position=&#8220;75%&#8220; background_color_gradient_end=&#8220;#fbc201&#8243; background_color_gradient_end_position=&#8220;75%&#8220; custom_margin=&#8220;0px||0px||false|false&#8220; custom_margin_tablet=&#8220;||50px||false|false&#8220; custom_margin_last_edited=&#8220;off|desktop&#8220; custom_padding=&#8220;2%||2%||true|false&#8220; animation_style=&#8220;slide&#8220; animation_direction=&#8220;top&#8220; da_disable_devices=&#8220;off|off|off&#8220; global_colors_info=&#8220;{}&#8220; da_is_popup=&#8220;off&#8220; da_exit_intent=&#8220;off&#8220; da_has_close=&#8220;on&#8220; da_alt_close=&#8220;off&#8220; da_dark_close=&#8220;off&#8220; da_not_modal=&#8220;on&#8220; da_is_singular=&#8220;off&#8220; da_with_loader=&#8220;off&#8220; da_has_shadow=&#8220;on&#8220;][et_pb_row _builder_version=&#8220;4.16&#8243; _module_preset=&#8220;default&#8220; width_tablet=&#8220;90%&#8220; width_phone=&#8220;&#8220; width_last_edited=&#8220;on|tablet&#8220; custom_margin=&#8220;0px||0px||false|false&#8220; custom_padding=&#8220;0px||0px||false|false&#8220; global_colors_info=&#8220;{}&#8220; width__hover_enabled=&#8220;off|desktop&#8220;][et_pb_column type=&#8220;4_4&#8243; _builder_version=&#8220;4.16&#8243; _module_preset=&#8220;default&#8220; global_colors_info=&#8220;{}&#8220;][et_pb_post_title meta=&#8220;off&#8220; featured_image=&#8220;off&#8220; _builder_version=&#8220;4.16&#8243; _module_preset=&#8220;default&#8220; title_font=&#8220;|700||on|||||&#8220; custom_margin=&#8220;0px||0px||false|false&#8220; custom_padding=&#8220;0px||0px||false|false&#8220; animation_style=&#8220;slide&#8220; animation_direction=&#8220;left&#8220; global_colors_info=&#8220;{}&#8220;][\/et_pb_post_title][et_pb_code _builder_version=&#8220;4.16&#8243; _module_preset=&#8220;default&#8220; animation_style=&#8220;slide&#8220; animation_direction=&#8220;left&#8220; global_colors_info=&#8220;{}&#8220;]<\/p>\n<div class=\"migas\"><!-- [et_pb_line_break_holder] --> <span><span><a href=\"https:\/\/www.metmann.com\/de\/\">Inicio<\/a><\/span><\/span><!-- [et_pb_line_break_holder] --><\/div>\n<p>[\/et_pb_code][\/et_pb_column][\/et_pb_row][\/et_pb_section][et_pb_section fb_built=&#8220;1&#8243; _builder_version=&#8220;4.16&#8243; custom_margin=&#8220;50px||50px||false|false&#8220; custom_padding=&#8220;0px||0px||false|false&#8220; da_disable_devices=&#8220;off|off|off&#8220; global_colors_info=&#8220;{}&#8220; locked=&#8220;off&#8220; da_is_popup=&#8220;off&#8220; da_exit_intent=&#8220;off&#8220; da_has_close=&#8220;on&#8220; da_alt_close=&#8220;off&#8220; da_dark_close=&#8220;off&#8220; da_not_modal=&#8220;on&#8220; da_is_singular=&#8220;off&#8220; da_with_loader=&#8220;off&#8220; da_has_shadow=&#8220;on&#8220;][et_pb_row _builder_version=&#8220;4.16&#8243; background_size=&#8220;initial&#8220; background_position=&#8220;top_left&#8220; background_repeat=&#8220;repeat&#8220; width_tablet=&#8220;90%&#8220; width_phone=&#8220;&#8220; width_last_edited=&#8220;on|phone&#8220; global_colors_info=&#8220;{}&#8220;][et_pb_column type=&#8220;4_4&#8243; _builder_version=&#8220;4.16&#8243; custom_padding=&#8220;|||&#8220; global_colors_info=&#8220;{}&#8220; custom_padding__hover=&#8220;|||&#8220;][et_pb_text _builder_version=&#8220;4.25.1&#8243; _module_preset=&#8220;default&#8220; hover_enabled=&#8220;0&#8243; global_colors_info=&#8220;{}&#8220; sticky_enabled=&#8220;0&#8243;]<\/p>\n<p>Gem\u00e4\u00df dem Gesetz 34\/2002, aktualisiert am 09\/05\/2023, \u00fcber Dienste der Informationsgesellschaft und elektronischen Handel, informiert <strong>METAL\u00daRGICA MANLLEUENSE SA<\/strong>, dass sie Inhaberin der Website <a href=\"https:\/\/www.metmann.com\" target=\"_blank\" rel=\"noopener\">https:\/\/www.metmann.com<\/a> ist. In \u00dcbereinstimmung mit Artikel 10 dieses Gesetzes werden folgende Informationen bereitgestellt: NIF\/CIF: <strong>A08316028<\/strong>, eingetragen im Handelsregister von <strong>BARCELONA<\/strong>, Band: <strong>33726<\/strong>, Blatt: <strong>38<\/strong>, Abschnitt: <strong>8<\/strong>, Seite: <strong>B-68874<\/strong>, Sitz: <strong>FONTCUBERTA, 32-36 (POL. IND. LA COROMINA), 08560 MANLLEU (BARCELONA)<\/strong>. Die Kontakt-E-Mail-Adresse des Unternehmens lautet: <a href=\"mailto:metmann@metmann.com\">metmann@metmann.com<\/a>.<\/p>\n<h2>1. NUTZER UND HAFTUNGSREGELUNG<\/h2>\n<p>Das Durchsuchen, Zugreifen oder Nutzen dieser Website und aller Subdomains und Verzeichnisse innerhalb derselben Domain, sowie der \u00fcber diese Website zug\u00e4nglichen Dienste oder Inhalte und andere von <strong>METAL\u00daRGICA MANLLEUENSE SA<\/strong> betriebene Portale, verleiht die Eigenschaft als <strong>Nutzer<\/strong>. Dies setzt die vollst\u00e4ndige und vorbehaltlose Annahme der hier aufgef\u00fchrten Nutzungsbedingungen allein durch das Surfen auf der Website von <strong>METAL\u00daRGICA MANLLEUENSE SA<\/strong> voraus, unbeschadet der Anwendung der entsprechend anwendbaren gesetzlichen Bestimmungen.<\/p>\n<p>Wenn Sie mit den in diesem rechtlichen Hinweis dargelegten Bedingungen nicht einverstanden sind, bitten wir Sie, das Portal nicht zu nutzen, da jede Nutzung davon oder seiner Dienste und Inhalte die Annahme der in diesem Text enthaltenen rechtlichen Bedingungen impliziert.<\/p>\n<p>Die Website von <strong>METAL\u00daRGICA MANLLEUENSE SA<\/strong> bietet eine gro\u00dfe Vielfalt an Informationen, Diensten und Daten. Der Nutzer \u00fcbernimmt die Verantwortung f\u00fcr die ordnungsgem\u00e4\u00dfe Nutzung der Website. Diese Verantwortung erstreckt sich auf: die Richtigkeit und Rechtm\u00e4\u00dfigkeit der vom Nutzer in den Registrierungs- oder Kontaktformularen von <strong>METAL\u00daRGICA MANLLEUENSE SA<\/strong> angegebenen Informationen, um auf bestimmte Inhalte oder Dienste der Website zugreifen zu k\u00f6nnen.<\/p>\n<p>Die Nutzung der Informationen, Dienste und Daten, die <strong>METAL\u00daRGICA MANLLEUENSE SA<\/strong> anbietet, darf nicht im Widerspruch zu den Bestimmungen dieser Klauseln, dem Gesetz, der Moral, den guten Sitten oder der \u00f6ffentlichen Ordnung stehen, und darf weder die Rechte Dritter noch das ordnungsgem\u00e4\u00dfe Funktionieren der Website beeintr\u00e4chtigen. Der Nutzer verpflichtet sich insbesondere, die Inhalte nicht zu rechtswidrigen oder in diesem Text verbotenen Zwecken zu verwenden, die Rechte und Interessen Dritter zu verletzen oder in irgendeiner Weise die Inhalte, andere Nutzer oder jegliche Internetnutzer (Hardware und Software) zu besch\u00e4digen, zu deaktivieren, zu \u00fcberlasten oder zu beeintr\u00e4chtigen.<\/p>\n<p>Die Nutzer haften f\u00fcr alle Sch\u00e4den und Verluste jeglicher Art, die dem Eigent\u00fcmer der Website direkt oder indirekt durch die Nichteinhaltung einer der sich aus der Nutzung des Webs und dieser Datenschutzerkl\u00e4rung ergebenden Verpflichtungen entstehen.<\/p>\n<p>Der Nutzer verpflichtet sich insbesondere \u2013 aber nicht ausschlie\u00dflich \u2013, keine Informationen, Daten, Inhalte, Nachrichten, Grafiken, Zeichnungen, Ton- und\/oder Bilddateien oder Fotos dieser Website an Dritte zu \u00fcbermitteln, zu verbreiten oder auf sonstige Weise zug\u00e4nglich zu machen.<\/p>\n<p>[\/et_pb_text][et_pb_image src=&#8220;https:\/\/www.metmann.com\/wp-content\/uploads\/2025\/06\/12-sellolssi.png&#8220; title_text=&#8220;12-sellolssi&#8220; _builder_version=&#8220;4.25.1&#8243; _module_preset=&#8220;default&#8220; global_colors_info=&#8220;{}&#8220;][\/et_pb_image][\/et_pb_column][\/et_pb_row][\/et_pb_section]<\/p>\n","protected":false},"excerpt":{"rendered":"<p><span><span><a href=\"https:\/\/www.metmann.com\/de\/\">Inicio<\/a><\/span><\/span>Gem\u00e4\u00df dem Gesetz 34\/2002, aktualisiert am 09\/05\/2023, \u00fcber Dienste der Informationsgesellschaft und elektronischen Handel, informiert METAL\u00daRGICA MANLLEUENSE SA, dass sie Inhaberin der Website https:\/\/www.metmann.com ist. In \u00dcbereinstimmung mit Artikel 10 dieses Gesetzes werden folgende Informationen bereitgestellt: NIF\/CIF: A08316028, eingetragen im Handelsregister von BARCELONA, Band: 33726, Blatt: 38, Abschnitt: 8, Seite: B-68874, Sitz: FONTCUBERTA, 32-36 (POL. [&hellip;]<\/p>\n","protected":false},"author":1,"featured_media":0,"parent":0,"menu_order":0,"comment_status":"closed","ping_status":"closed","template":"","meta":{"_acf_changed":false,"_et_pb_use_builder":"on","_et_pb_old_content":"","_et_gb_content_width":"","_joinchat":[],"footnotes":""},"acf":[],"yoast_head":"<!-- This site is optimized with the Yoast SEO plugin v22.6 - https:\/\/yoast.com\/wordpress\/plugins\/seo\/ -->\r\n<title>Rechtlicher Hinweis | MET MANN<\/title>\r\n<meta name=\"robots\" content=\"index, follow, max-snippet:-1, max-image-preview:large, max-video-preview:-1\" \/>\r\n<link rel=\"canonical\" href=\"https:\/\/www.metmann.com\/de\/aviso-legal\/\" \/>\r\n<meta property=\"og:locale\" content=\"de_DE\" \/>\r\n<meta property=\"og:type\" content=\"article\" \/>\r\n<meta property=\"og:title\" content=\"Rechtlicher Hinweis | MET MANN\" \/>\r\n<meta property=\"og:description\" content=\"Gem\u00e4\u00df dem Gesetz 34\/2002, aktualisiert am 09\/05\/2023, \u00fcber Dienste der Informationsgesellschaft und elektronischen Handel, informiert METAL\u00daRGICA MANLLEUENSE SA, dass sie Inhaberin der Website https:\/\/www.metmann.com ist. In \u00dcbereinstimmung mit Artikel 10 dieses Gesetzes werden folgende Informationen bereitgestellt: NIF\/CIF: A08316028, eingetragen im Handelsregister von BARCELONA, Band: 33726, Blatt: 38, Abschnitt: 8, Seite: B-68874, Sitz: FONTCUBERTA, 32-36 (POL. [&hellip;]\" \/>\r\n<meta property=\"og:url\" content=\"https:\/\/www.metmann.com\/de\/aviso-legal\/\" \/>\r\n<meta property=\"og:site_name\" content=\"MET MANN\" \/>\r\n<meta property=\"article:modified_time\" content=\"2025-06-03T07:23:33+00:00\" \/>\r\n<meta name=\"twitter:card\" content=\"summary_large_image\" \/>\r\n<meta name=\"twitter:label1\" content=\"Gesch\u00e4tzte Lesezeit\" \/>\n\t<meta name=\"twitter:data1\" content=\"3\u00a0Minuten\" \/>\r\n<script type=\"application\/ld+json\" class=\"yoast-schema-graph\">{\"@context\":\"https:\/\/schema.org\",\"@graph\":[{\"@type\":\"WebPage\",\"@id\":\"https:\/\/www.metmann.com\/de\/aviso-legal\/\",\"url\":\"https:\/\/www.metmann.com\/de\/aviso-legal\/\",\"name\":\"Rechtlicher Hinweis | MET MANN\",\"isPartOf\":{\"@id\":\"https:\/\/www.metmann.com\/de\/#website\"},\"datePublished\":\"2020-02-17T09:27:38+00:00\",\"dateModified\":\"2025-06-03T07:23:33+00:00\",\"breadcrumb\":{\"@id\":\"https:\/\/www.metmann.com\/de\/aviso-legal\/#breadcrumb\"},\"inLanguage\":\"de\",\"potentialAction\":[{\"@type\":\"ReadAction\",\"target\":[\"https:\/\/www.metmann.com\/de\/aviso-legal\/\"]}]},{\"@type\":\"BreadcrumbList\",\"@id\":\"https:\/\/www.metmann.com\/de\/aviso-legal\/#breadcrumb\",\"itemListElement\":[{\"@type\":\"ListItem\",\"position\":1,\"name\":\"Inicio\",\"item\":\"https:\/\/www.metmann.com\/de\/\"},{\"@type\":\"ListItem\",\"position\":2,\"name\":\"Rechtlicher Hinweis\"}]},{\"@type\":\"WebSite\",\"@id\":\"https:\/\/www.metmann.com\/de\/#website\",\"url\":\"https:\/\/www.metmann.com\/de\/\",\"name\":\"MET MANN\",\"description\":\"Climatizaci\u00f3n industrial, Calefactores y Ventilaci\u00f3n para empresas\",\"publisher\":{\"@id\":\"https:\/\/www.metmann.com\/de\/#organization\"},\"potentialAction\":[{\"@type\":\"SearchAction\",\"target\":{\"@type\":\"EntryPoint\",\"urlTemplate\":\"https:\/\/www.metmann.com\/de\/?s={search_term_string}\"},\"query-input\":\"required name=search_term_string\"}],\"inLanguage\":\"de\"},{\"@type\":\"Organization\",\"@id\":\"https:\/\/www.metmann.com\/de\/#organization\",\"name\":\"Met Mann\",\"url\":\"https:\/\/www.metmann.com\/de\/\",\"logo\":{\"@type\":\"ImageObject\",\"inLanguage\":\"de\",\"@id\":\"https:\/\/www.metmann.com\/de\/#\/schema\/logo\/image\/\",\"url\":\"https:\/\/www.metmann.com\/wp-content\/uploads\/2021\/12\/logo-color-met-mann-01.jpg\",\"contentUrl\":\"https:\/\/www.metmann.com\/wp-content\/uploads\/2021\/12\/logo-color-met-mann-01.jpg\",\"width\":351,\"height\":133,\"caption\":\"Met Mann\"},\"image\":{\"@id\":\"https:\/\/www.metmann.com\/de\/#\/schema\/logo\/image\/\"}}]}<\/script>\r\n<!-- \/ Yoast SEO plugin. -->","yoast_head_json":{"title":"Rechtlicher Hinweis | MET MANN","robots":{"index":"index","follow":"follow","max-snippet":"max-snippet:-1","max-image-preview":"max-image-preview:large","max-video-preview":"max-video-preview:-1"},"canonical":"https:\/\/www.metmann.com\/de\/aviso-legal\/","og_locale":"de_DE","og_type":"article","og_title":"Rechtlicher Hinweis | MET MANN","og_description":"Gem\u00e4\u00df dem Gesetz 34\/2002, aktualisiert am 09\/05\/2023, \u00fcber Dienste der Informationsgesellschaft und elektronischen Handel, informiert METAL\u00daRGICA MANLLEUENSE SA, dass sie Inhaberin der Website https:\/\/www.metmann.com ist. In \u00dcbereinstimmung mit Artikel 10 dieses Gesetzes werden folgende Informationen bereitgestellt: NIF\/CIF: A08316028, eingetragen im Handelsregister von BARCELONA, Band: 33726, Blatt: 38, Abschnitt: 8, Seite: B-68874, Sitz: FONTCUBERTA, 32-36 (POL. [&hellip;]","og_url":"https:\/\/www.metmann.com\/de\/aviso-legal\/","og_site_name":"MET MANN","article_modified_time":"2025-06-03T07:23:33+00:00","twitter_card":"summary_large_image","twitter_misc":{"Gesch\u00e4tzte Lesezeit":"3\u00a0Minuten"},"schema":{"@context":"https:\/\/schema.org","@graph":[{"@type":"WebPage","@id":"https:\/\/www.metmann.com\/de\/aviso-legal\/","url":"https:\/\/www.metmann.com\/de\/aviso-legal\/","name":"Rechtlicher Hinweis | MET MANN","isPartOf":{"@id":"https:\/\/www.metmann.com\/de\/#website"},"datePublished":"2020-02-17T09:27:38+00:00","dateModified":"2025-06-03T07:23:33+00:00","breadcrumb":{"@id":"https:\/\/www.metmann.com\/de\/aviso-legal\/#breadcrumb"},"inLanguage":"de","potentialAction":[{"@type":"ReadAction","target":["https:\/\/www.metmann.com\/de\/aviso-legal\/"]}]},{"@type":"BreadcrumbList","@id":"https:\/\/www.metmann.com\/de\/aviso-legal\/#breadcrumb","itemListElement":[{"@type":"ListItem","position":1,"name":"Inicio","item":"https:\/\/www.metmann.com\/de\/"},{"@type":"ListItem","position":2,"name":"Rechtlicher Hinweis"}]},{"@type":"WebSite","@id":"https:\/\/www.metmann.com\/de\/#website","url":"https:\/\/www.metmann.com\/de\/","name":"MET MANN","description":"Climatizaci\u00f3n industrial, Calefactores y Ventilaci\u00f3n para empresas","publisher":{"@id":"https:\/\/www.metmann.com\/de\/#organization"},"potentialAction":[{"@type":"SearchAction","target":{"@type":"EntryPoint","urlTemplate":"https:\/\/www.metmann.com\/de\/?s={search_term_string}"},"query-input":"required name=search_term_string"}],"inLanguage":"de"},{"@type":"Organization","@id":"https:\/\/www.metmann.com\/de\/#organization","name":"Met Mann","url":"https:\/\/www.metmann.com\/de\/","logo":{"@type":"ImageObject","inLanguage":"de","@id":"https:\/\/www.metmann.com\/de\/#\/schema\/logo\/image\/","url":"https:\/\/www.metmann.com\/wp-content\/uploads\/2021\/12\/logo-color-met-mann-01.jpg","contentUrl":"https:\/\/www.metmann.com\/wp-content\/uploads\/2021\/12\/logo-color-met-mann-01.jpg","width":351,"height":133,"caption":"Met Mann"},"image":{"@id":"https:\/\/www.metmann.com\/de\/#\/schema\/logo\/image\/"}}]}},"_links":{"self":[{"href":"https:\/\/www.metmann.com\/de\/wp-json\/wp\/v2\/pages\/19232"}],"collection":[{"href":"https:\/\/www.metmann.com\/de\/wp-json\/wp\/v2\/pages"}],"about":[{"href":"https:\/\/www.metmann.com\/de\/wp-json\/wp\/v2\/types\/page"}],"author":[{"embeddable":true,"href":"https:\/\/www.metmann.com\/de\/wp-json\/wp\/v2\/users\/1"}],"replies":[{"embeddable":true,"href":"https:\/\/www.metmann.com\/de\/wp-json\/wp\/v2\/comments?post=19232"}],"version-history":[{"count":1,"href":"https:\/\/www.metmann.com\/de\/wp-json\/wp\/v2\/pages\/19232\/revisions"}],"predecessor-version":[{"id":33336,"href":"https:\/\/www.metmann.com\/de\/wp-json\/wp\/v2\/pages\/19232\/revisions\/33336"}],"wp:attachment":[{"href":"https:\/\/www.metmann.com\/de\/wp-json\/wp\/v2\/media?parent=19232"}],"curies":[{"name":"wp","href":"https:\/\/api.w.org\/{rel}","templated":true}]}}