{"id":19270,"date":"2021-12-30T07:36:44","date_gmt":"2021-12-30T07:36:44","guid":{"rendered":"https:\/\/metmann.com.185-176-9-81.185-176-9-81.visualpublinet.com\/nuestra-empresa\/"},"modified":"2023-11-14T14:12:40","modified_gmt":"2023-11-14T13:12:40","slug":"nuestra-empresa","status":"publish","type":"page","link":"https:\/\/www.metmann.com\/de\/nuestra-empresa\/","title":{"rendered":"Unser Unternehmen"},"content":{"rendered":"<p>[et_pb_section fb_built=&#8220;1&#8243; admin_label=&#8220;Section&#8220; module_class=&#8220;cabecera-general&#8220; _builder_version=&#8220;4.16&#8243; _module_preset=&#8220;default&#8220; background_color=&#8220;#f4f4f4&#8243; use_background_color_gradient=&#8220;on&#8220; background_color_gradient_direction=&#8220;124deg&#8220; background_color_gradient_stops=&#8220;#e5e5e5 75%|#fbc201 75%&#8220; background_color_gradient_start=&#8220;#e5e5e5&#8243; background_color_gradient_start_position=&#8220;75%&#8220; background_color_gradient_end=&#8220;#fbc201&#8243; background_color_gradient_end_position=&#8220;75%&#8220; custom_margin=&#8220;0px||0px||false|false&#8220; custom_margin_tablet=&#8220;||50px||false|false&#8220; custom_margin_last_edited=&#8220;off|desktop&#8220; custom_padding=&#8220;2%||2%||true|false&#8220; animation_style=&#8220;slide&#8220; animation_direction=&#8220;top&#8220; da_disable_devices=&#8220;off|off|off&#8220; global_colors_info=&#8220;{}&#8220; da_is_popup=&#8220;off&#8220; da_exit_intent=&#8220;off&#8220; da_has_close=&#8220;on&#8220; da_alt_close=&#8220;off&#8220; da_dark_close=&#8220;off&#8220; da_not_modal=&#8220;on&#8220; da_is_singular=&#8220;off&#8220; da_with_loader=&#8220;off&#8220; da_has_shadow=&#8220;on&#8220;][et_pb_row _builder_version=&#8220;4.16&#8243; _module_preset=&#8220;default&#8220; width_tablet=&#8220;90%&#8220; width_phone=&#8220;&#8220; width_last_edited=&#8220;on|tablet&#8220; custom_margin=&#8220;0px||0px||false|false&#8220; custom_padding=&#8220;0px||0px||false|false&#8220; global_colors_info=&#8220;{}&#8220; width__hover_enabled=&#8220;off|desktop&#8220;][et_pb_column type=&#8220;4_4&#8243; _builder_version=&#8220;4.16&#8243; _module_preset=&#8220;default&#8220; global_colors_info=&#8220;{}&#8220;][et_pb_post_title meta=&#8220;off&#8220; featured_image=&#8220;off&#8220; _builder_version=&#8220;4.16&#8243; _module_preset=&#8220;default&#8220; title_font=&#8220;|700||on|||||&#8220; custom_margin=&#8220;0px||0px||false|false&#8220; custom_padding=&#8220;0px||0px||false|false&#8220; animation_style=&#8220;slide&#8220; animation_direction=&#8220;left&#8220; global_colors_info=&#8220;{}&#8220;][\/et_pb_post_title][et_pb_code _builder_version=&#8220;4.16&#8243; _module_preset=&#8220;default&#8220; animation_style=&#8220;slide&#8220; animation_direction=&#8220;left&#8220; global_colors_info=&#8220;{}&#8220;]<\/p>\n<div class=\"migas\"><!-- [et_pb_line_break_holder] --> <span><span><a href=\"https:\/\/www.metmann.com\/de\/\">Inicio<\/a><\/span><\/span><!-- [et_pb_line_break_holder] --><\/div>\n<p>[\/et_pb_code][\/et_pb_column][\/et_pb_row][\/et_pb_section][et_pb_section fb_built=&#8220;1&#8243; _builder_version=&#8220;4.16&#8243; _module_preset=&#8220;default&#8220; custom_margin=&#8220;0px||0px||false|false&#8220; custom_padding=&#8220;0px||0px||false|false&#8220; da_disable_devices=&#8220;off|off|off&#8220; global_colors_info=&#8220;{}&#8220; da_is_popup=&#8220;off&#8220; da_exit_intent=&#8220;off&#8220; da_has_close=&#8220;on&#8220; da_alt_close=&#8220;off&#8220; da_dark_close=&#8220;off&#8220; da_not_modal=&#8220;on&#8220; da_is_singular=&#8220;off&#8220; da_with_loader=&#8220;off&#8220; da_has_shadow=&#8220;on&#8220;][et_pb_row _builder_version=&#8220;4.16&#8243; _module_preset=&#8220;default&#8220; width=&#8220;100%&#8220; max_width=&#8220;100%&#8220; custom_margin=&#8220;0px||0px||false|false&#8220; custom_padding=&#8220;0px||0px||false|false&#8220; global_colors_info=&#8220;{}&#8220;][et_pb_column type=&#8220;4_4&#8243; _builder_version=&#8220;4.16&#8243; _module_preset=&#8220;default&#8220; global_colors_info=&#8220;{}&#8220;][et_pb_image src=&#8220;https:\/\/www.metmann.com\/wp-content\/uploads\/2023\/09\/foto-fachada-2023.jpg&#8220; alt=&#8220;Unser Unternehmen MetMann&#8220; title_text=&#8220;foto-fachada-2023&#8243; force_fullwidth=&#8220;on&#8220; _builder_version=&#8220;4.21.0&#8243; _module_preset=&#8220;default&#8220; hover_enabled=&#8220;0&#8243; global_colors_info=&#8220;{}&#8220; sticky_enabled=&#8220;0&#8243;][\/et_pb_image][\/et_pb_column][\/et_pb_row][\/et_pb_section][et_pb_section fb_built=&#8220;1&#8243; _builder_version=&#8220;4.16&#8243; _module_preset=&#8220;default&#8220; use_background_color_gradient=&#8220;on&#8220; background_color_gradient_direction=&#8220;90deg&#8220; background_color_gradient_stops=&#8220;#f6f6f6 59%|#ffffff 59%&#8220; background_color_gradient_start=&#8220;#f6f6f6&#8243; background_color_gradient_start_position=&#8220;59%&#8220; background_color_gradient_end=&#8220;#ffffff&#8220; background_color_gradient_end_position=&#8220;59%&#8220; custom_margin=&#8220;0px||75px||false|false&#8220; custom_padding=&#8220;50px||50px||false|false&#8220; background_last_edited=&#8220;on|tablet&#8220; use_background_color_gradient_tablet=&#8220;on&#8220; background_color_gradient_stops_tablet=&#8220;#f6f6f6 59%|#f6f6f6 59%&#8220; background_color_gradient_end_tablet=&#8220;#f6f6f6&#8243; da_disable_devices=&#8220;off|off|off&#8220; global_colors_info=&#8220;{}&#8220; da_is_popup=&#8220;off&#8220; da_exit_intent=&#8220;off&#8220; da_has_close=&#8220;on&#8220; da_alt_close=&#8220;off&#8220; da_dark_close=&#8220;off&#8220; da_not_modal=&#8220;on&#8220; da_is_singular=&#8220;off&#8220; da_with_loader=&#8220;off&#8220; da_has_shadow=&#8220;on&#8220;][et_pb_row column_structure=&#8220;3_5,2_5&#8243; module_class=&#8220;row-intro-empresa&#8220; _builder_version=&#8220;4.16&#8243; _module_preset=&#8220;default&#8220; max_width=&#8220;68%&#8220; max_width_tablet=&#8220;90%&#8220; max_width_phone=&#8220;&#8220; max_width_last_edited=&#8220;on|tablet&#8220; custom_margin=&#8220;0px||0px||false|false&#8220; custom_padding=&#8220;0px||0px||false|false&#8220; global_colors_info=&#8220;{}&#8220;][et_pb_column type=&#8220;3_5&#8243; _builder_version=&#8220;4.16&#8243; _module_preset=&#8220;default&#8220; global_colors_info=&#8220;{}&#8220;][et_pb_text _builder_version=&#8220;4.16&#8243; _module_preset=&#8220;default&#8220; custom_margin=&#8220;|6vw|||false|false&#8220; custom_margin_tablet=&#8220;|0vw|||false|false&#8220; custom_margin_phone=&#8220;&#8220; custom_margin_last_edited=&#8220;on|tablet&#8220; global_colors_info=&#8220;{}&#8220;]<\/p>\n<p class=\"subtitle-h3\"><span class=\"font-medium\">MET MANN verf\u00fcgt \u00fcber mehr als 50 Jahre Erfahrung in der Herstellung und Vermarktung von Produkten f\u00fcr die Klimatisierung, Bel\u00fcftung und Luftbehandlung.<\/span><\/p>\n<p class=\"subtitle-h3\">Wir bieten L\u00f6sungen f\u00fcr alle Branchen:<\/p>\n<p>[\/et_pb_text][\/et_pb_column][et_pb_column type=&#8220;2_5&#8243; _builder_version=&#8220;4.16&#8243; _module_preset=&#8220;default&#8220; custom_padding_tablet=&#8220;|0vh|||false|false&#8220; custom_padding_last_edited=&#8220;off|desktop&#8220; global_colors_info=&#8220;{}&#8220;][et_pb_text _builder_version=&#8220;4.16&#8243; _module_preset=&#8220;default&#8220; text_font=&#8220;|||on|||||&#8220; max_width=&#8220;300px&#8220; max_width_tablet=&#8220;100%&#8220; max_width_phone=&#8220;&#8220; max_width_last_edited=&#8220;on|tablet&#8220; custom_margin=&#8220;0px||0px||false|false&#8220; custom_padding=&#8220;10px|45px|10px|45px|false|false&#8220; border_width_bottom=&#8220;1px&#8220; border_color_bottom=&#8220;#FBC201&#8243; global_colors_info=&#8220;{}&#8220;]<\/p>\n<p class=\"subtitle-h3\">INDUSTRIE<\/p>\n<p>[\/et_pb_text][et_pb_text _builder_version=&#8220;4.16&#8243; _module_preset=&#8220;default&#8220; text_font=&#8220;|||on|||||&#8220; max_width=&#8220;300px&#8220; max_width_tablet=&#8220;100%&#8220; max_width_phone=&#8220;&#8220; max_width_last_edited=&#8220;on|tablet&#8220; custom_margin=&#8220;0px||0px||false|false&#8220; custom_padding=&#8220;10px|45px|10px|45px|false|false&#8220; custom_css_main_element=&#8220; &#8220; border_width_bottom=&#8220;1px&#8220; border_color_bottom=&#8220;#FBC201&#8243; global_colors_info=&#8220;{}&#8220;]<\/p>\n<p class=\"subtitle-h3\">COMMERCIAL<\/p>\n<p>[\/et_pb_text][et_pb_text _builder_version=&#8220;4.16&#8243; _module_preset=&#8220;default&#8220; text_font=&#8220;|||on|||||&#8220; max_width=&#8220;300px&#8220; max_width_tablet=&#8220;100%&#8220; max_width_phone=&#8220;&#8220; max_width_last_edited=&#8220;on|tablet&#8220; custom_margin=&#8220;0px||0px||false|false&#8220; custom_padding=&#8220;10px|45px|10px|45px|false|false&#8220; custom_css_main_element=&#8220; &#8220; border_width_bottom=&#8220;1px&#8220; border_color_bottom=&#8220;#FBC201&#8243; global_colors_info=&#8220;{}&#8220;]<\/p>\n<p class=\"subtitle-h3\">VIEHZUCHT<\/p>\n<p>[\/et_pb_text][et_pb_text _builder_version=&#8220;4.16&#8243; _module_preset=&#8220;default&#8220; text_font=&#8220;|||on|||||&#8220; max_width=&#8220;300px&#8220; max_width_tablet=&#8220;100%&#8220; max_width_phone=&#8220;&#8220; max_width_last_edited=&#8220;on|tablet&#8220; custom_margin=&#8220;0px||0px||false|false&#8220; custom_padding=&#8220;10px|45px|10px|45px|false|false&#8220; custom_css_main_element=&#8220; &#8220; border_width_bottom=&#8220;1px&#8220; border_color_bottom=&#8220;#FBC201&#8243; global_colors_info=&#8220;{}&#8220;]<\/p>\n<p class=\"subtitle-h3\">LANDWIRTSCHAFT<\/p>\n<p>[\/et_pb_text][et_pb_text _builder_version=&#8220;4.16&#8243; _module_preset=&#8220;default&#8220; text_font=&#8220;|||on|||||&#8220; custom_margin=&#8220;0px||0px||false|false&#8220; custom_padding=&#8220;10px|45px|10px|45px|false|false&#8220; custom_css_main_element=&#8220;  width: -moz-fit-content;||  width: fit-content;&#8220; border_color_bottom=&#8220;#FBC201&#8243; global_colors_info=&#8220;{}&#8220;]<\/p>\n<p class=\"subtitle-h3\">DOMESTIC<\/p>\n<p>[\/et_pb_text][\/et_pb_column][\/et_pb_row][\/et_pb_section][et_pb_section fb_built=&#8220;1&#8243; _builder_version=&#8220;4.16&#8243; _module_preset=&#8220;default&#8220; custom_margin=&#8220;0px||100px||false|false&#8220; custom_margin_tablet=&#8220;||50px||false|false&#8220; custom_margin_phone=&#8220;&#8220; custom_margin_last_edited=&#8220;on|tablet&#8220; custom_padding=&#8220;0px||0px||false|false&#8220; da_disable_devices=&#8220;off|off|off&#8220; global_colors_info=&#8220;{}&#8220; da_is_popup=&#8220;off&#8220; da_exit_intent=&#8220;off&#8220; da_has_close=&#8220;on&#8220; da_alt_close=&#8220;off&#8220; da_dark_close=&#8220;off&#8220; da_not_modal=&#8220;on&#8220; da_is_singular=&#8220;off&#8220; da_with_loader=&#8220;off&#8220; da_has_shadow=&#8220;on&#8220;][et_pb_row column_structure=&#8220;1_4,3_4&#8243; use_custom_gutter=&#8220;on&#8220; gutter_width=&#8220;2&#8243; custom_padding_last_edited=&#8220;on|tablet&#8220; module_class=&#8220;row-hitos-historia&#8220; _builder_version=&#8220;4.16&#8243; _module_preset=&#8220;default&#8220; width_last_edited=&#8220;off|tablet&#8220; max_width=&#8220;1300px&#8220; max_width_tablet=&#8220;90%&#8220; max_width_phone=&#8220;&#8220; max_width_last_edited=&#8220;on|tablet&#8220; custom_margin=&#8220;0px||60px||false|false&#8220; custom_padding=&#8220;0px|40px|60px|40px|false|false&#8220; custom_padding_tablet=&#8220;|10px||10px|false|false&#8220; custom_padding_phone=&#8220;&#8220; animation_style=&#8220;slide&#8220; animation_direction=&#8220;bottom&#8220; animation_delay=&#8220;100ms&#8220; border_width_bottom=&#8220;1px&#8220; border_color_bottom=&#8220;#FBC201&#8243; global_colors_info=&#8220;{}&#8220;][et_pb_column type=&#8220;1_4&#8243; _builder_version=&#8220;4.16&#8243; _module_preset=&#8220;default&#8220; global_colors_info=&#8220;{}&#8220;][et_pb_text _builder_version=&#8220;4.16&#8243; _module_preset=&#8220;default&#8220; header_2_font=&#8220;|700|||||||&#8220; global_colors_info=&#8220;{}&#8220;]<\/p>\n<h2><span class=\"fondo-texto amarillo\">Produkte <\/span><\/h2>\n<p>[\/et_pb_text][\/et_pb_column][et_pb_column type=&#8220;3_4&#8243; _builder_version=&#8220;4.16&#8243; _module_preset=&#8220;default&#8220; global_colors_info=&#8220;{}&#8220;][et_pb_text _builder_version=&#8220;4.16&#8243; _module_preset=&#8220;default&#8220; global_colors_info=&#8220;{}&#8220;]<\/p>\n<p><span class=\"subtitle-h4 font-medium\">MET MANN exportiert seine Produkte in mehr als 20 L\u00e4nder <\/span><\/p>\n<p class=\"subtitle-h4\">und bietet einen st\u00e4ndigen und effizienten Service f\u00fcr seine Kunden in verschiedenen geografischen Regionen.<\/p>\n<p>[\/et_pb_text][\/et_pb_column][\/et_pb_row][et_pb_row column_structure=&#8220;1_4,3_4&#8243; use_custom_gutter=&#8220;on&#8220; gutter_width=&#8220;2&#8243; custom_padding_last_edited=&#8220;on|tablet&#8220; module_class=&#8220;row-hitos-historia&#8220; _builder_version=&#8220;4.16&#8243; _module_preset=&#8220;default&#8220; max_width=&#8220;1300px&#8220; max_width_tablet=&#8220;90%&#8220; max_width_phone=&#8220;&#8220; max_width_last_edited=&#8220;on|tablet&#8220; custom_margin=&#8220;0px||60px||false|false&#8220; custom_padding=&#8220;0px|40px|60px|40px|false|false&#8220; custom_padding_tablet=&#8220;|10px||10px|false|false&#8220; custom_padding_phone=&#8220;&#8220; animation_style=&#8220;slide&#8220; animation_direction=&#8220;bottom&#8220; animation_delay=&#8220;100ms&#8220; border_width_bottom=&#8220;1px&#8220; border_color_bottom=&#8220;#FBC201&#8243; global_colors_info=&#8220;{}&#8220;][et_pb_column type=&#8220;1_4&#8243; _builder_version=&#8220;4.16&#8243; _module_preset=&#8220;default&#8220; global_colors_info=&#8220;{}&#8220;][et_pb_text _builder_version=&#8220;4.16&#8243; _module_preset=&#8220;default&#8220; header_2_font=&#8220;|700|||||||&#8220; global_colors_info=&#8220;{}&#8220;]<\/p>\n<h2><span class=\"fondo-texto amarillo\">Zielsetzungen <\/span><\/h2>\n<p>[\/et_pb_text][\/et_pb_column][et_pb_column type=&#8220;3_4&#8243; _builder_version=&#8220;4.16&#8243; _module_preset=&#8220;default&#8220; global_colors_info=&#8220;{}&#8220;][et_pb_text _builder_version=&#8220;4.16&#8243; _module_preset=&#8220;default&#8220; global_colors_info=&#8220;{}&#8220;]<\/p>\n<p class=\"subtitle-h4\">Das Motto:<em> \u00abKomfort und Zufriedenheit sind unser Ziel\u00bb<\/em> definiert klar die Philosophie von MET MANN:<\/p>\n<p><span class=\"subtitle-h4 font-medium\">Die vollst\u00e4ndige Zufriedenheit der Kunden.<\/span><\/p>\n<p>[\/et_pb_text][\/et_pb_column][\/et_pb_row][et_pb_row column_structure=&#8220;1_4,3_4&#8243; use_custom_gutter=&#8220;on&#8220; gutter_width=&#8220;2&#8243; custom_padding_last_edited=&#8220;on|tablet&#8220; module_class=&#8220;row-hitos-historia&#8220; _builder_version=&#8220;4.16&#8243; _module_preset=&#8220;default&#8220; max_width=&#8220;1300px&#8220; max_width_tablet=&#8220;90%&#8220; max_width_phone=&#8220;&#8220; max_width_last_edited=&#8220;on|tablet&#8220; custom_margin=&#8220;0px||60px||false|false&#8220; custom_padding=&#8220;0px|40px|60px|40px|false|false&#8220; custom_padding_tablet=&#8220;|10px||10px|false|false&#8220; custom_padding_phone=&#8220;&#8220; animation_style=&#8220;slide&#8220; animation_direction=&#8220;bottom&#8220; animation_delay=&#8220;100ms&#8220; border_width_bottom=&#8220;1px&#8220; border_color_bottom=&#8220;#FBC201&#8243; global_colors_info=&#8220;{}&#8220;][et_pb_column type=&#8220;1_4&#8243; _builder_version=&#8220;4.16&#8243; _module_preset=&#8220;default&#8220; global_colors_info=&#8220;{}&#8220;][et_pb_text _builder_version=&#8220;4.16&#8243; _module_preset=&#8220;default&#8220; header_2_font=&#8220;|700|||||||&#8220; global_colors_info=&#8220;{}&#8220;]<\/p>\n<h2><span class=\"fondo-texto amarillo\">Leiter<\/span><\/h2>\n<p>[\/et_pb_text][\/et_pb_column][et_pb_column type=&#8220;3_4&#8243; _builder_version=&#8220;4.16&#8243; _module_preset=&#8220;default&#8220; global_colors_info=&#8220;{}&#8220;][et_pb_text _builder_version=&#8220;4.16&#8243; _module_preset=&#8220;default&#8220; global_colors_info=&#8220;{}&#8220;]<\/p>\n<p class=\"subtitle-h4 \">Negli ultimi anni MET MANN ha investito in ristrutturazione e tecnologia per rimanere un&#8217;azienda leader nei settori in cui opera, fornendo prodotti di qualit\u00e0 a prezzi molto competitivi.<\/p>\n<p>[\/et_pb_text][\/et_pb_column][\/et_pb_row][et_pb_row column_structure=&#8220;1_3,2_3&#8243; use_custom_gutter=&#8220;on&#8220; gutter_width=&#8220;2&#8243; custom_padding_last_edited=&#8220;on|tablet&#8220; module_class=&#8220;row-hitos-historia&#8220; _builder_version=&#8220;4.16&#8243; _module_preset=&#8220;default&#8220; max_width=&#8220;1300px&#8220; max_width_tablet=&#8220;90%&#8220; max_width_phone=&#8220;&#8220; max_width_last_edited=&#8220;on|tablet&#8220; custom_margin=&#8220;0px||0px||false|false&#8220; custom_padding=&#8220;0px|40px|0px|40px|false|false&#8220; custom_padding_tablet=&#8220;|10px||10px|false|false&#8220; custom_padding_phone=&#8220;&#8220; animation_style=&#8220;slide&#8220; animation_direction=&#8220;bottom&#8220; animation_delay=&#8220;100ms&#8220; border_color_bottom=&#8220;#FBC201&#8243; global_colors_info=&#8220;{}&#8220;][et_pb_column type=&#8220;1_3&#8243; _builder_version=&#8220;4.16&#8243; _module_preset=&#8220;default&#8220; global_colors_info=&#8220;{}&#8220;][et_pb_text _builder_version=&#8220;4.16&#8243; _module_preset=&#8220;default&#8220; header_2_font=&#8220;|700|||||||&#8220; global_colors_info=&#8220;{}&#8220;]<\/p>\n<p><span class=\"subtitle-h4 font-medium\">MET MANN besitzt das Qualit\u00e4tszertifikat <\/span><br \/><strong><span class=\"fondo-texto gris subtitle-h1\">ISO 9001:2015<\/span><\/strong><\/p>\n<p>[\/et_pb_text][\/et_pb_column][et_pb_column type=&#8220;2_3&#8243; _builder_version=&#8220;4.16&#8243; _module_preset=&#8220;default&#8220; global_colors_info=&#8220;{}&#8220;][et_pb_text _builder_version=&#8220;4.16&#8243; _module_preset=&#8220;default&#8220; global_colors_info=&#8220;{}&#8220;]<\/p>\n<p class=\"subtitle-h4 \">Mit dieser Norm wird offiziell bescheinigt, dass die bei der Herstellung, der Vermarktung und dem Kundendienst angewandten Verfahren den festgelegten Parametern entsprechen.<\/p>\n<p>[\/et_pb_text][\/et_pb_column][\/et_pb_row][\/et_pb_section]<\/p>\n","protected":false},"excerpt":{"rendered":"<p><span><span><a href=\"https:\/\/www.metmann.com\/de\/\">Inicio<\/a><\/span><\/span>MET MANN verf\u00fcgt \u00fcber mehr als 50 Jahre Erfahrung in der Herstellung und Vermarktung von Produkten f\u00fcr die Klimatisierung, Bel\u00fcftung und Luftbehandlung. Wir bieten L\u00f6sungen f\u00fcr alle Branchen:INDUSTRIECOMMERCIALVIEHZUCHTLANDWIRTSCHAFTDOMESTICProdukte MET MANN exportiert seine Produkte in mehr als 20 L\u00e4nder und bietet einen st\u00e4ndigen und effizienten Service f\u00fcr seine Kunden in verschiedenen geografischen Regionen.Zielsetzungen Das Motto: \u00abKomfort [&hellip;]<\/p>\n","protected":false},"author":1,"featured_media":0,"parent":0,"menu_order":0,"comment_status":"closed","ping_status":"closed","template":"","meta":{"_acf_changed":false,"_et_pb_use_builder":"on","_et_pb_old_content":"","_et_gb_content_width":"","_joinchat":[],"footnotes":""},"acf":[],"yoast_head":"<!-- This site is optimized with the Yoast SEO plugin v22.6 - https:\/\/yoast.com\/wordpress\/plugins\/seo\/ -->\r\n<title>Unser Unternehmen | MET MANN<\/title>\r\n<meta name=\"robots\" content=\"index, follow, max-snippet:-1, max-image-preview:large, max-video-preview:-1\" \/>\r\n<link rel=\"canonical\" href=\"https:\/\/www.metmann.com\/de\/nuestra-empresa\/\" \/>\r\n<meta property=\"og:locale\" content=\"de_DE\" \/>\r\n<meta property=\"og:type\" content=\"article\" \/>\r\n<meta property=\"og:title\" content=\"Unser Unternehmen | MET MANN\" \/>\r\n<meta property=\"og:description\" content=\"MET MANN verf\u00fcgt \u00fcber mehr als 50 Jahre Erfahrung in der Herstellung und Vermarktung von Produkten f\u00fcr die Klimatisierung, Bel\u00fcftung und Luftbehandlung. Wir bieten L\u00f6sungen f\u00fcr alle Branchen:INDUSTRIECOMMERCIALVIEHZUCHTLANDWIRTSCHAFTDOMESTICProdukte MET MANN exportiert seine Produkte in mehr als 20 L\u00e4nder und bietet einen st\u00e4ndigen und effizienten Service f\u00fcr seine Kunden in verschiedenen geografischen Regionen.Zielsetzungen Das Motto: \u00abKomfort [&hellip;]\" \/>\r\n<meta property=\"og:url\" content=\"https:\/\/www.metmann.com\/de\/nuestra-empresa\/\" \/>\r\n<meta property=\"og:site_name\" content=\"MET MANN\" \/>\r\n<meta property=\"article:modified_time\" content=\"2023-11-14T13:12:40+00:00\" \/>\r\n<meta name=\"twitter:card\" content=\"summary_large_image\" \/>\r\n<meta name=\"twitter:label1\" content=\"Gesch\u00e4tzte Lesezeit\" \/>\n\t<meta name=\"twitter:data1\" content=\"3\u00a0Minuten\" \/>\r\n<script type=\"application\/ld+json\" class=\"yoast-schema-graph\">{\"@context\":\"https:\/\/schema.org\",\"@graph\":[{\"@type\":\"WebPage\",\"@id\":\"https:\/\/www.metmann.com\/de\/nuestra-empresa\/\",\"url\":\"https:\/\/www.metmann.com\/de\/nuestra-empresa\/\",\"name\":\"Unser Unternehmen | MET MANN\",\"isPartOf\":{\"@id\":\"https:\/\/www.metmann.com\/de\/#website\"},\"datePublished\":\"2021-12-30T07:36:44+00:00\",\"dateModified\":\"2023-11-14T13:12:40+00:00\",\"breadcrumb\":{\"@id\":\"https:\/\/www.metmann.com\/de\/nuestra-empresa\/#breadcrumb\"},\"inLanguage\":\"de\",\"potentialAction\":[{\"@type\":\"ReadAction\",\"target\":[\"https:\/\/www.metmann.com\/de\/nuestra-empresa\/\"]}]},{\"@type\":\"BreadcrumbList\",\"@id\":\"https:\/\/www.metmann.com\/de\/nuestra-empresa\/#breadcrumb\",\"itemListElement\":[{\"@type\":\"ListItem\",\"position\":1,\"name\":\"Inicio\",\"item\":\"https:\/\/www.metmann.com\/de\/\"},{\"@type\":\"ListItem\",\"position\":2,\"name\":\"Unser Unternehmen\"}]},{\"@type\":\"WebSite\",\"@id\":\"https:\/\/www.metmann.com\/de\/#website\",\"url\":\"https:\/\/www.metmann.com\/de\/\",\"name\":\"MET MANN\",\"description\":\"Climatizaci\u00f3n industrial, Calefactores y Ventilaci\u00f3n para empresas\",\"publisher\":{\"@id\":\"https:\/\/www.metmann.com\/de\/#organization\"},\"potentialAction\":[{\"@type\":\"SearchAction\",\"target\":{\"@type\":\"EntryPoint\",\"urlTemplate\":\"https:\/\/www.metmann.com\/de\/?s={search_term_string}\"},\"query-input\":\"required name=search_term_string\"}],\"inLanguage\":\"de\"},{\"@type\":\"Organization\",\"@id\":\"https:\/\/www.metmann.com\/de\/#organization\",\"name\":\"Met Mann\",\"url\":\"https:\/\/www.metmann.com\/de\/\",\"logo\":{\"@type\":\"ImageObject\",\"inLanguage\":\"de\",\"@id\":\"https:\/\/www.metmann.com\/de\/#\/schema\/logo\/image\/\",\"url\":\"https:\/\/www.metmann.com\/wp-content\/uploads\/2021\/12\/logo-color-met-mann-01.jpg\",\"contentUrl\":\"https:\/\/www.metmann.com\/wp-content\/uploads\/2021\/12\/logo-color-met-mann-01.jpg\",\"width\":351,\"height\":133,\"caption\":\"Met Mann\"},\"image\":{\"@id\":\"https:\/\/www.metmann.com\/de\/#\/schema\/logo\/image\/\"}}]}<\/script>\r\n<!-- \/ Yoast SEO plugin. -->","yoast_head_json":{"title":"Unser Unternehmen | MET MANN","robots":{"index":"index","follow":"follow","max-snippet":"max-snippet:-1","max-image-preview":"max-image-preview:large","max-video-preview":"max-video-preview:-1"},"canonical":"https:\/\/www.metmann.com\/de\/nuestra-empresa\/","og_locale":"de_DE","og_type":"article","og_title":"Unser Unternehmen | MET MANN","og_description":"MET MANN verf\u00fcgt \u00fcber mehr als 50 Jahre Erfahrung in der Herstellung und Vermarktung von Produkten f\u00fcr die Klimatisierung, Bel\u00fcftung und Luftbehandlung. Wir bieten L\u00f6sungen f\u00fcr alle Branchen:INDUSTRIECOMMERCIALVIEHZUCHTLANDWIRTSCHAFTDOMESTICProdukte MET MANN exportiert seine Produkte in mehr als 20 L\u00e4nder und bietet einen st\u00e4ndigen und effizienten Service f\u00fcr seine Kunden in verschiedenen geografischen Regionen.Zielsetzungen Das Motto: \u00abKomfort [&hellip;]","og_url":"https:\/\/www.metmann.com\/de\/nuestra-empresa\/","og_site_name":"MET MANN","article_modified_time":"2023-11-14T13:12:40+00:00","twitter_card":"summary_large_image","twitter_misc":{"Gesch\u00e4tzte Lesezeit":"3\u00a0Minuten"},"schema":{"@context":"https:\/\/schema.org","@graph":[{"@type":"WebPage","@id":"https:\/\/www.metmann.com\/de\/nuestra-empresa\/","url":"https:\/\/www.metmann.com\/de\/nuestra-empresa\/","name":"Unser Unternehmen | MET MANN","isPartOf":{"@id":"https:\/\/www.metmann.com\/de\/#website"},"datePublished":"2021-12-30T07:36:44+00:00","dateModified":"2023-11-14T13:12:40+00:00","breadcrumb":{"@id":"https:\/\/www.metmann.com\/de\/nuestra-empresa\/#breadcrumb"},"inLanguage":"de","potentialAction":[{"@type":"ReadAction","target":["https:\/\/www.metmann.com\/de\/nuestra-empresa\/"]}]},{"@type":"BreadcrumbList","@id":"https:\/\/www.metmann.com\/de\/nuestra-empresa\/#breadcrumb","itemListElement":[{"@type":"ListItem","position":1,"name":"Inicio","item":"https:\/\/www.metmann.com\/de\/"},{"@type":"ListItem","position":2,"name":"Unser Unternehmen"}]},{"@type":"WebSite","@id":"https:\/\/www.metmann.com\/de\/#website","url":"https:\/\/www.metmann.com\/de\/","name":"MET MANN","description":"Climatizaci\u00f3n industrial, Calefactores y Ventilaci\u00f3n para empresas","publisher":{"@id":"https:\/\/www.metmann.com\/de\/#organization"},"potentialAction":[{"@type":"SearchAction","target":{"@type":"EntryPoint","urlTemplate":"https:\/\/www.metmann.com\/de\/?s={search_term_string}"},"query-input":"required name=search_term_string"}],"inLanguage":"de"},{"@type":"Organization","@id":"https:\/\/www.metmann.com\/de\/#organization","name":"Met Mann","url":"https:\/\/www.metmann.com\/de\/","logo":{"@type":"ImageObject","inLanguage":"de","@id":"https:\/\/www.metmann.com\/de\/#\/schema\/logo\/image\/","url":"https:\/\/www.metmann.com\/wp-content\/uploads\/2021\/12\/logo-color-met-mann-01.jpg","contentUrl":"https:\/\/www.metmann.com\/wp-content\/uploads\/2021\/12\/logo-color-met-mann-01.jpg","width":351,"height":133,"caption":"Met Mann"},"image":{"@id":"https:\/\/www.metmann.com\/de\/#\/schema\/logo\/image\/"}}]}},"_links":{"self":[{"href":"https:\/\/www.metmann.com\/de\/wp-json\/wp\/v2\/pages\/19270"}],"collection":[{"href":"https:\/\/www.metmann.com\/de\/wp-json\/wp\/v2\/pages"}],"about":[{"href":"https:\/\/www.metmann.com\/de\/wp-json\/wp\/v2\/types\/page"}],"author":[{"embeddable":true,"href":"https:\/\/www.metmann.com\/de\/wp-json\/wp\/v2\/users\/1"}],"replies":[{"embeddable":true,"href":"https:\/\/www.metmann.com\/de\/wp-json\/wp\/v2\/comments?post=19270"}],"version-history":[{"count":1,"href":"https:\/\/www.metmann.com\/de\/wp-json\/wp\/v2\/pages\/19270\/revisions"}],"predecessor-version":[{"id":23284,"href":"https:\/\/www.metmann.com\/de\/wp-json\/wp\/v2\/pages\/19270\/revisions\/23284"}],"wp:attachment":[{"href":"https:\/\/www.metmann.com\/de\/wp-json\/wp\/v2\/media?parent=19270"}],"curies":[{"name":"wp","href":"https:\/\/api.w.org\/{rel}","templated":true}]}}