{"id":19293,"date":"2020-02-17T09:27:38","date_gmt":"2020-02-17T09:27:38","guid":{"rendered":"https:\/\/metmann.com.185-176-9-81.185-176-9-81.visualpublinet.com\/politica-de-privacidad\/"},"modified":"2026-04-24T09:28:53","modified_gmt":"2026-04-24T07:28:53","slug":"politica-de-privacidad","status":"publish","type":"page","link":"https:\/\/www.metmann.com\/de\/politica-de-privacidad\/","title":{"rendered":"DATENSCHUTZ- UND DATENSCHUTZERKL\u00c4RUNG"},"content":{"rendered":"<p>[et_pb_section fb_built=&#8220;1&#8243; admin_label=&#8220;Section&#8220; module_class=&#8220;cabecera-general&#8220; _builder_version=&#8220;4.16&#8243; _module_preset=&#8220;default&#8220; background_color=&#8220;#f4f4f4&#8243; use_background_color_gradient=&#8220;on&#8220; background_color_gradient_direction=&#8220;124deg&#8220; background_color_gradient_stops=&#8220;#e5e5e5 75%|#fbc201 75%&#8220; background_color_gradient_start=&#8220;#e5e5e5&#8243; background_color_gradient_start_position=&#8220;75%&#8220; background_color_gradient_end=&#8220;#fbc201&#8243; background_color_gradient_end_position=&#8220;75%&#8220; custom_margin=&#8220;0px||0px||false|false&#8220; custom_margin_tablet=&#8220;||50px||false|false&#8220; custom_margin_last_edited=&#8220;off|desktop&#8220; custom_padding=&#8220;2%||2%||true|false&#8220; animation_style=&#8220;slide&#8220; animation_direction=&#8220;top&#8220; da_disable_devices=&#8220;off|off|off&#8220; global_colors_info=&#8220;{}&#8220; global_module=&#8220;35353&#8243; theme_builder_area=&#8220;post_content&#8220; da_is_popup=&#8220;off&#8220; da_exit_intent=&#8220;off&#8220; da_has_close=&#8220;on&#8220; da_alt_close=&#8220;off&#8220; da_dark_close=&#8220;off&#8220; da_not_modal=&#8220;on&#8220; da_is_singular=&#8220;off&#8220; da_with_loader=&#8220;off&#8220; da_has_shadow=&#8220;on&#8220;][et_pb_row _builder_version=&#8220;4.16&#8243; _module_preset=&#8220;default&#8220; width_tablet=&#8220;90%&#8220; width_phone=&#8220;&#8220; width_last_edited=&#8220;on|tablet&#8220; custom_margin=&#8220;0px||0px||false|false&#8220; custom_padding=&#8220;0px||0px||false|false&#8220; global_colors_info=&#8220;{}&#8220; width__hover_enabled=&#8220;off|desktop&#8220; theme_builder_area=&#8220;post_content&#8220;][et_pb_column type=&#8220;4_4&#8243; _builder_version=&#8220;4.16&#8243; _module_preset=&#8220;default&#8220; global_colors_info=&#8220;{}&#8220; theme_builder_area=&#8220;post_content&#8220;][et_pb_code _builder_version=&#8220;4.25.1&#8243; _module_preset=&#8220;default&#8220; custom_margin=&#8220;||16px||false|false&#8220; animation_style=&#8220;slide&#8220; animation_direction=&#8220;left&#8220; global_colors_info=&#8220;{}&#8220; theme_builder_area=&#8220;post_content&#8220;]<\/p>\n<div class=\"migas\"><!-- [et_pb_line_break_holder] -->  <span><span><a href=\"https:\/\/www.metmann.com\/de\/\">Inicio<\/a><\/span><\/span><!-- [et_pb_line_break_holder] --><\/div>\n<p>[\/et_pb_code][et_pb_post_title meta=&#8220;off&#8220; featured_image=&#8220;off&#8220; _builder_version=&#8220;4.25.1&#8243; _module_preset=&#8220;default&#8220; global_colors_info=&#8220;{}&#8220; theme_builder_area=&#8220;post_content&#8220;][\/et_pb_post_title][\/et_pb_column][\/et_pb_row][\/et_pb_section][et_pb_section fb_built=&#8220;1&#8243; admin_label=&#8220;section&#8220; _builder_version=&#8220;4.16&#8243; custom_margin=&#8220;50px||50px||false|false&#8220; custom_padding=&#8220;0px||0px||false|false&#8220; da_disable_devices=&#8220;off|off|off&#8220; locked=&#8220;off&#8220; global_colors_info=&#8220;{}&#8220; da_is_popup=&#8220;off&#8220; da_exit_intent=&#8220;off&#8220; da_has_close=&#8220;on&#8220; da_alt_close=&#8220;off&#8220; da_dark_close=&#8220;off&#8220; da_not_modal=&#8220;on&#8220; da_is_singular=&#8220;off&#8220; da_with_loader=&#8220;off&#8220; da_has_shadow=&#8220;on&#8220;][et_pb_row admin_label=&#8220;row&#8220; _builder_version=&#8220;4.16&#8243; background_size=&#8220;initial&#8220; background_position=&#8220;top_left&#8220; background_repeat=&#8220;repeat&#8220; width_tablet=&#8220;90%&#8220; width_phone=&#8220;&#8220; width_last_edited=&#8220;on|tablet&#8220; global_colors_info=&#8220;{}&#8220;][et_pb_column type=&#8220;4_4&#8243; _builder_version=&#8220;4.16&#8243; custom_padding=&#8220;|||&#8220; global_colors_info=&#8220;{}&#8220; custom_padding__hover=&#8220;|||&#8220;][et_pb_text admin_label=&#8220;Text&#8220; _builder_version=&#8220;4.25.1&#8243; background_size=&#8220;initial&#8220; background_position=&#8220;top_left&#8220; background_repeat=&#8220;repeat&#8220; hover_enabled=&#8220;0&#8243; global_colors_info=&#8220;{}&#8220; sticky_enabled=&#8220;0&#8243;]<\/p>\n<p><b>1. DATENSCHUTZERKL\u00c4RUNG<\/b><\/p>\n<p>Gem\u00e4\u00df den Bestimmungen der EU-DSGVO 2016\/679, des Organgesetzes 3\/2018 zum Schutz personenbezogener Daten und zur Gew\u00e4hrleistung digitaler Rechte, des Gesetzes 34\/2002, aktualisiert am 09.05.2023, \u00fcber Dienste der Informationsgesellschaft und elektronischen Handel sowie des Gesetzes 11\/2022, Allgemeines Telekommunikationsgesetz, informiert <b>METALURGICA MANLLEUENSE SA<\/b> die Nutzer seiner Websites dar\u00fcber, dass wir verpflichtet sind, \u00fcber die personenbezogenen Daten, die von der Organisation \u00fcber die Registrierungs- oder Kontaktformulare auf ihren Seiten erhoben werden, berufliche Verschwiegenheit zu wahren. Diese Verpflichtung gilt auch nach Beendigung unserer Gesch\u00e4fts- oder Vertragsbeziehung weiter, und unter keinen Umst\u00e4nden d\u00fcrfen wir personenbezogene Daten von Besuchern und Kunden der Website ohne deren Zustimmung offenlegen.<\/p>\n<p><b>2. EINWILLIGUNG DER BETROFFENEN PERSON:<\/b><\/p>\n<p>Zur Verarbeitung Ihrer personenbezogenen Daten, die unter Wahrung von Vertraulichkeit und Sicherheit behandelt werden, ist Ihre Einwilligung gem\u00e4\u00df EU-DSGVO 2016\/679 sowie den Artikeln 5, 6, 7 und 13, dem Organgesetz 3\/2018 (Titel II) und dem Gesetz 1\/2019 \u00fcber Gesch\u00e4ftsgeheimnisse erforderlich. Es wird darauf hingewiesen, dass der Verantwortliche f\u00fcr die Datenverarbeitung <b>METALURGICA MANLLEUENSE SA<\/b> ist, der die Informationen rechtm\u00e4\u00dfig, nach Treu und Glauben und transparent gegen\u00fcber der betroffenen Person zu festgelegten, eindeutigen und legitimen Zwecken verarbeitet. Die Daten und Informationen werden so verarbeitet, dass eine angemessene Sicherheit durch geeignete technische oder organisatorische Ma\u00dfnahmen gew\u00e4hrleistet wird.<\/p>\n<p>Die Daten werden nur aufgrund gesetzlicher Verpflichtungen weitergegeben, und Sie haben das Recht, eine Beschwerde bei der zust\u00e4ndigen Aufsichtsbeh\u00f6rde einzureichen.<\/p>\n<p>Im Falle einer Verletzung des Schutzes personenbezogener Daten gem\u00e4\u00df Artikel 33 DSGVO wird der Verantwortliche die zust\u00e4ndige Aufsichtsbeh\u00f6rde gem\u00e4\u00df Artikel 55 unverz\u00fcglich und, wenn m\u00f6glich, sp\u00e4testens innerhalb von 72 Stunden nach Kenntnisnahme benachrichtigen.<\/p>\n<p>Durch Kontaktaufnahme oder Registrierung auf dieser Website stellen Sie Ihre pers\u00f6nlichen oder rechtlichen Daten zur Verwaltung Ihrer Nutzerdaten zur Verf\u00fcgung, indem Sie \u00fcber ein Kontrollk\u00e4stchen oder eine Schaltfl\u00e4che im Kontaktformular die Bedingungen f\u00fcr die Verarbeitung Ihrer personenbezogenen Daten akzeptieren.<\/p>\n<p>Die betroffene Person hat das Recht, ihre Einwilligung jederzeit zu widerrufen. Der Widerruf der Einwilligung ber\u00fchrt nicht die Rechtm\u00e4\u00dfigkeit der bis zum Widerruf erfolgten Verarbeitung.<\/p>\n<p><b>2.1 EINWILLIGUNG VON MINDERJ\u00c4HRIGEN:<\/b><\/p>\n<p>Artikel 6 Absatz f der EU-DSGVO 2016\/679 sowie das Organgesetz 3\/2018 zum Schutz personenbezogener Daten und zur Gew\u00e4hrleistung digitaler Rechte bestimmen in Artikel 84 (Schutz von Minderj\u00e4hrigen im Internet), dass Minderj\u00e4hrige unter 16 Jahren keine Einwilligung zur Erhebung ihrer personenbezogenen Daten durch einen Online-Handel geben k\u00f6nnen. Ihre gesetzlichen Vertreter (Eltern oder Erziehungsberechtigte) m\u00fcssen dies in ihrem Namen tun, es sei denn, der Minderj\u00e4hrige ist mindestens 16 Jahre alt; in diesem Fall ist seine Einwilligung rechtm\u00e4\u00dfig.<\/p>\n<p>Diese Daten werden in einer automatisierten Datei unter der Verantwortung des Website-Administrators von <b>METALURGICA MANLLEUENSE SA<\/b> gespeichert, um die zwischen beiden Parteien eingegangenen Verpflichtungen zu erleichtern, zu beschleunigen und zu erf\u00fcllen.<\/p>\n<p>Die \u00dcbermittlung Ihrer Daten \u00fcber die Formulare unserer Website setzt zwingend voraus, dass Sie die Datenschutzerkl\u00e4rung gelesen und akzeptiert haben, mittels eines obligatorischen Kontrollk\u00e4stchens am Ende des Registrierungs- oder Kontaktformulars.<\/p>\n<p><b>3. LINKPOLITIK UND HAFTUNGSAUSSCHLUSS<\/b><\/p>\n<p><b>METALURGICA MANLLEUENSE SA<\/b> \u00fcbernimmt keine Verantwortung f\u00fcr die Inhalte von Webseiten, auf die der Nutzer \u00fcber die auf seinen Websites eingerichteten Links zugreifen kann, und erkl\u00e4rt, dass es unter keinen Umst\u00e4nden den Inhalt anderer Webseiten im Netz pr\u00fcfen oder kontrollieren wird.<\/p>\n<p>Ebenso wird keine Gew\u00e4hr f\u00fcr die technische Verf\u00fcgbarkeit, Genauigkeit, Wahrhaftigkeit, G\u00fcltigkeit oder Rechtm\u00e4\u00dfigkeit von Webseiten Dritter \u00fcbernommen, die nicht im Eigentum stehen und \u00fcber Links auf dieser Website zug\u00e4nglich sind.<\/p>\n<p><b>METALURGICA MANLLEUENSE SA<\/b> erkl\u00e4rt, alle notwendigen Ma\u00dfnahmen ergriffen zu haben, um Sch\u00e4den zu vermeiden, die sich aus der Nutzung seiner Website ergeben k\u00f6nnten. Folglich haftet <b>METALURGICA MANLLEUENSE SA<\/b> in keinem Fall f\u00fcr eventuelle Sch\u00e4den, die dem Nutzer durch die Internetnutzung entstehen k\u00f6nnten.<\/p>\n<p><b>METALURGICA MANLLEUENSE SA<\/b> haftet nicht f\u00fcr Sch\u00e4den jeglicher Art, die dem Nutzer durch Ausf\u00e4lle oder Unterbrechungen in Telekommunikationsnetzen entstehen, die zur Aussetzung, Aufhebung, Installation oder Unterbrechung des Webdienstes w\u00e4hrend oder vor dessen Bereitstellung f\u00fchren.<\/p>\n<p>Der Zugriff auf die Website verpflichtet die Organisation nicht, das Nichtvorhandensein von Viren oder anderen sch\u00e4dlichen IT-Elementen zu kontrollieren. Es liegt in der Verantwortung des Nutzers, geeignete Werkzeuge zur Erkennung, Entfernung und zum Schutz vor sch\u00e4dlicher Software bereitzuhalten.<\/p>\n<p><b>METALURGICA MANLLEUENSE SA<\/b> haftet nicht f\u00fcr Sch\u00e4den an IT-Systemen, Dokumenten und\/oder Dateien von Nutzern oder Dritten w\u00e4hrend der Nutzung dieses Webportals.<\/p>\n<p><b>4. WERBUNG<\/b><\/p>\n<p>Die Website kann Werbe- oder gesponserte Inhalte enthalten. Die Werbetreibenden oder Sponsoren sind allein daf\u00fcr verantwortlich, sicherzustellen, dass das zur Ver\u00f6ffentlichung eingereichte Material den jeweils geltenden gesetzlichen Bestimmungen entspricht.<\/p>\n<p><b>METALURGICA MANLLEUENSE SA<\/b> haftet nicht f\u00fcr Fehler, Ungenauigkeiten oder Unregelm\u00e4\u00dfigkeiten, die in Werbe- oder gesponserten Inhalten auf dieser Website enthalten sein k\u00f6nnen.<\/p>\n<p><b>5. NEWSLETTER:<\/b><\/p>\n<p>Gem\u00e4\u00df den geltenden Vorschriften zum Schutz personenbezogener Daten teilen wir Ihnen mit, dass die von Ihnen angegebene E-Mail-Adresse in eine Datei unter der Verantwortung von <b>METALURGICA MANLLEUENSE SA<\/b> aufgenommen wird, um Ihre Abonnementanfrage zu bearbeiten und Ihnen regelm\u00e4\u00dfig unseren Newsletter zuzusenden.<\/p>\n<p>Ebenso informieren wir Sie, dass Sie Ihre Einwilligung jederzeit widerrufen k\u00f6nnen, indem Sie Ihr Newsletter-Abonnement k\u00fcndigen, indem Sie eine E-Mail an <a href=\"mailto:acosta@metmann.com\">acosta@metmann.com<\/a> senden. Die Best\u00e4tigung des Abonnements bedeutet die Annahme dieser Klausel.<\/p>\n<p><b>6. \u00c4NDERUNGEN<\/b><\/p>\n<p><b>METALURGICA MANLLEUENSE SA<\/b> beh\u00e4lt sich das Recht vor, ohne vorherige Ank\u00fcndigung \u00c4nderungen am Inhalt seiner Website vorzunehmen, sowohl hinsichtlich der Inhalte als auch der Nutzungsbedingungen oder der allgemeinen Vertragsbedingungen. Diese \u00c4nderungen k\u00f6nnen in jeder rechtlich zul\u00e4ssigen Form erfolgen und sind w\u00e4hrend ihrer Ver\u00f6ffentlichung auf der Website verbindlich, bis sie durch sp\u00e4tere \u00c4nderungen ersetzt werden.<\/p>\n<p><b>7. GEISTIGES EIGENTUM<\/b><\/p>\n<p>Die geistigen und gewerblichen Eigentumsrechte an allen Texten, Bildern sowie an den Pr\u00e4sentations- und Gestaltungsformen der Seiten geh\u00f6ren entweder direkt oder als Rechtsnachfolger <b>METALURGICA MANLLEUENSE SA<\/b>.<\/p>\n<p>Sie sind daher durch das spanische Recht zum Schutz geistigen Eigentums gesch\u00fctzt, und es finden sowohl die spanischen und europ\u00e4ischen Vorschriften als auch internationale Abkommen Anwendung, die von Spanien unterzeichnet wurden, K\u00f6nigliches Gesetzesdekret 1\/1996, letzte Aktualisierung 30.03.2023.<\/p>\n<p>Richtlinie (EU) 2019\/790 des Europ\u00e4ischen Parlaments und des Rates vom 17. April 2019 \u00fcber Urheberrechte und verwandte Schutzrechte im digitalen Binnenmarkt.<\/p>\n<p>Alle Rechte vorbehalten. Gem\u00e4\u00df dem Gesetz \u00fcber geistiges Eigentum ist die Vervielf\u00e4ltigung, Verbreitung, \u00f6ffentliche Wiedergabe und Nutzung aller oder eines Teils der Inhalte dieser Website ohne ausdr\u00fcckliche Zustimmung von <b>METALURGICA MANLLEUENSE SA<\/b> ausdr\u00fccklich untersagt.<\/p>\n<p>Ebenso beh\u00e4lt sich <b>METALURGICA MANLLEUENSE SA<\/b> das Recht vor, zivil- oder strafrechtliche Ma\u00dfnahmen gegen die missbr\u00e4uchliche Nutzung seiner Website oder Inhalte oder gegen Verst\u00f6\u00dfe gegen diese Bedingungen einzuleiten.<\/p>\n<p><b>8. RECHTLICHE MASSNAHMEN, ANWENDBARES RECHT UND GERICHTSBARKEIT<\/b><\/p>\n<p>Die Beziehung zwischen den Nutzern und <b>METALURGICA MANLLEUENSE SA<\/b> unterliegt dem geltenden spanischen Recht, und f\u00fcr alle Streitigkeiten, die zwischen dem Nutzer und <b>METALURGICA MANLLEUENSE SA<\/b> entstehen k\u00f6nnen, sind die Gerichte des Gerichtsbezirks VIC zust\u00e4ndig.<\/p>\n<p><b>9. COOKIE-VORBEHALT<\/b><\/p>\n<p><b>METALURGICA MANLLEUENSE SA<\/b> verwendet Cookies und andere \u00e4hnliche Technologien, die beim Surfen Informationen speichern und abrufen. Diese Technologien k\u00f6nnen verschiedenen Zwecken dienen, z. B. einen Nutzer zu erkennen und Informationen \u00fcber dessen Surfverhalten zu erhalten. Die konkreten Verwendungszwecke werden in der Cookie-Richtlinie beschrieben. Gem\u00e4\u00df der Datenschutzpolitik der Organisation weist <b>METALURGICA MANLLEUENSE SA<\/b> darauf hin, dass Cookies einem anonymen Nutzer und dessen Ger\u00e4t zugeordnet sind und selbst keine personenbezogenen Daten liefern.<\/p>\n<p>Die Informationen in unserer \u201eCookie-Richtlinie\u201c informieren den Nutzer \u00fcber die Dauer, in der diese Cookies auf dem Endger\u00e4t aktiv bleiben, sowie \u00fcber die M\u00f6glichkeit, dass Dritte Zugriff auf die gespeicherten Informationen erhalten. Daher wurde Artikel 5 Absatz 3 der Richtlinie 2002\/58 durch die Richtlinie 2009\/136 ge\u00e4ndert und aktuell durch die Leitlinien der AEPD erg\u00e4nzt.<\/p>\n<p>Die neuesten Leitlinien der AEPD vom Juli 2023, die die Kriterien des Europ\u00e4ischen Datenschutzausschusses (EDSA) ber\u00fccksichtigen, legen fest, dass die Optionen zum Akzeptieren oder Ablehnen von Cookies gleichwertig dargestellt werden m\u00fcssen, ohne dass das Ablehnen komplizierter ist als das Akzeptieren. Der Nutzer hat die M\u00f6glichkeit, die Verwendung von Cookies ausdr\u00fccklich zu akzeptieren oder abzulehnen und weitere Informationen zu erhalten. Dar\u00fcber hinaus kann der Nutzer seinen Browser so konfigurieren, dass er \u00fcber den Empfang von Cookies informiert wird und deren Installation auf seiner Festplatte verhindern kann.<\/p>\n<p><b>10. AUS\u00dcBUNG DER RECHTE:<\/b><\/p>\n<p>Diese Daten werden in einer automatisierten Datei unter der Verantwortung des Website-Administrators von <b>METALURGICA MANLLEUENSE SA<\/b> gespeichert, um die zwischen beiden Parteien eingegangenen Verpflichtungen zu erleichtern, zu beschleunigen und zu erf\u00fcllen. Ebenso informiert <b>METALURGICA MANLLEUENSE SA<\/b> \u00fcber die M\u00f6glichkeit, die Rechte auf Auskunft auszu\u00fcben, die es dem Nutzer erm\u00f6glicht zu erfahren, welche personenbezogenen Daten gespeichert sind und innerhalb von 30 Tagen beantwortet werden, sofern die Daten noch vorhanden sind; Berichtigung, die die Korrektur fehlerhafter oder unvollst\u00e4ndiger Daten erm\u00f6glicht; Widerspruch, der die Verarbeitung verhindern kann; L\u00f6schung, die die Entfernung unzureichender oder \u00fcberm\u00e4\u00dfiger Daten erm\u00f6glicht; Einschr\u00e4nkung, die eine Begrenzung der Verarbeitung nach Aus\u00fcbung des Berichtigungsrechts erlaubt; sowie Daten\u00fcbertragbarkeit, um eine Kopie der bereitgestellten Daten zu erhalten und an andere Dienste zu \u00fcbertragen. Diese Rechte k\u00f6nnen \u00fcber jedes Mittel ausge\u00fcbt werden, das den Versand und Empfang nachweist, an die Adresse des Website-Administrators oder per E-Mail an <a href=\"mailto:acosta@metmann.com\">acosta@metmann.com<\/a>, unter Nachweis der Identit\u00e4t. Betroffene k\u00f6nnen Beschwerde bei den Aufsichtsbeh\u00f6rden AEPD, ACPD und AVPD einreichen.<\/p>\n<p>Diese Klauseln wurden von <b>GRUP QUALIA<\/b> erstellt, weshalb ein Zertifikat im digitalen Bildformat ausgestellt wird, das auf Ihrer Website angezeigt werden kann.<\/p>\n<p>Aktualisiert: 15\/04\/2026.<\/p>\n<p>[\/et_pb_text][et_pb_image src=&#8220;https:\/\/www.metmann.com\/wp-content\/uploads\/2025\/06\/12-sellolssi.png&#8220; title_text=&#8220;12-sellolssi&#8220; _builder_version=&#8220;4.25.1&#8243; _module_preset=&#8220;default&#8220; global_colors_info=&#8220;{}&#8220;][\/et_pb_image][\/et_pb_column][\/et_pb_row][\/et_pb_section]<\/p>\n","protected":false},"excerpt":{"rendered":"<p><span><span><a href=\"https:\/\/www.metmann.com\/de\/\">Inicio<\/a><\/span><\/span>1. DATENSCHUTZERKL\u00c4RUNG Gem\u00e4\u00df den Bestimmungen der EU-DSGVO 2016\/679, des Organgesetzes 3\/2018 zum Schutz personenbezogener Daten und zur Gew\u00e4hrleistung digitaler Rechte, des Gesetzes 34\/2002, aktualisiert am 09.05.2023, \u00fcber Dienste der Informationsgesellschaft und elektronischen Handel sowie des Gesetzes 11\/2022, Allgemeines Telekommunikationsgesetz, informiert METALURGICA MANLLEUENSE SA die Nutzer seiner Websites dar\u00fcber, dass wir verpflichtet sind, \u00fcber die personenbezogenen [&hellip;]<\/p>\n","protected":false},"author":1,"featured_media":0,"parent":0,"menu_order":0,"comment_status":"closed","ping_status":"closed","template":"","meta":{"_acf_changed":false,"_et_pb_use_builder":"on","_et_pb_old_content":"","_et_gb_content_width":"","_joinchat":[],"footnotes":""},"acf":[],"yoast_head":"<!-- This site is optimized with the Yoast SEO plugin v22.6 - https:\/\/yoast.com\/wordpress\/plugins\/seo\/ -->\r\n<title>DATENSCHUTZ- UND DATENSCHUTZERKL\u00c4RUNG | MET MANN<\/title>\r\n<meta name=\"robots\" content=\"index, follow, max-snippet:-1, max-image-preview:large, max-video-preview:-1\" \/>\r\n<link rel=\"canonical\" href=\"https:\/\/www.metmann.com\/de\/politica-de-privacidad\/\" \/>\r\n<meta property=\"og:locale\" content=\"de_DE\" \/>\r\n<meta property=\"og:type\" content=\"article\" \/>\r\n<meta property=\"og:title\" content=\"DATENSCHUTZ- UND DATENSCHUTZERKL\u00c4RUNG | MET MANN\" \/>\r\n<meta property=\"og:description\" content=\"1. DATENSCHUTZERKL\u00c4RUNG Gem\u00e4\u00df den Bestimmungen der EU-DSGVO 2016\/679, des Organgesetzes 3\/2018 zum Schutz personenbezogener Daten und zur Gew\u00e4hrleistung digitaler Rechte, des Gesetzes 34\/2002, aktualisiert am 09.05.2023, \u00fcber Dienste der Informationsgesellschaft und elektronischen Handel sowie des Gesetzes 11\/2022, Allgemeines Telekommunikationsgesetz, informiert METALURGICA MANLLEUENSE SA die Nutzer seiner Websites dar\u00fcber, dass wir verpflichtet sind, \u00fcber die personenbezogenen [&hellip;]\" \/>\r\n<meta property=\"og:url\" content=\"https:\/\/www.metmann.com\/de\/politica-de-privacidad\/\" \/>\r\n<meta property=\"og:site_name\" content=\"MET MANN\" \/>\r\n<meta property=\"article:modified_time\" content=\"2026-04-24T07:28:53+00:00\" \/>\r\n<meta name=\"twitter:card\" content=\"summary_large_image\" \/>\r\n<meta name=\"twitter:label1\" content=\"Gesch\u00e4tzte Lesezeit\" \/>\n\t<meta name=\"twitter:data1\" content=\"7\u00a0Minuten\" \/>\r\n<script type=\"application\/ld+json\" class=\"yoast-schema-graph\">{\"@context\":\"https:\/\/schema.org\",\"@graph\":[{\"@type\":\"WebPage\",\"@id\":\"https:\/\/www.metmann.com\/de\/politica-de-privacidad\/\",\"url\":\"https:\/\/www.metmann.com\/de\/politica-de-privacidad\/\",\"name\":\"DATENSCHUTZ- UND DATENSCHUTZERKL\u00c4RUNG | MET MANN\",\"isPartOf\":{\"@id\":\"https:\/\/www.metmann.com\/de\/#website\"},\"datePublished\":\"2020-02-17T09:27:38+00:00\",\"dateModified\":\"2026-04-24T07:28:53+00:00\",\"breadcrumb\":{\"@id\":\"https:\/\/www.metmann.com\/de\/politica-de-privacidad\/#breadcrumb\"},\"inLanguage\":\"de\",\"potentialAction\":[{\"@type\":\"ReadAction\",\"target\":[\"https:\/\/www.metmann.com\/de\/politica-de-privacidad\/\"]}]},{\"@type\":\"BreadcrumbList\",\"@id\":\"https:\/\/www.metmann.com\/de\/politica-de-privacidad\/#breadcrumb\",\"itemListElement\":[{\"@type\":\"ListItem\",\"position\":1,\"name\":\"Inicio\",\"item\":\"https:\/\/www.metmann.com\/de\/\"},{\"@type\":\"ListItem\",\"position\":2,\"name\":\"DATENSCHUTZ- UND DATENSCHUTZERKL\u00c4RUNG\"}]},{\"@type\":\"WebSite\",\"@id\":\"https:\/\/www.metmann.com\/de\/#website\",\"url\":\"https:\/\/www.metmann.com\/de\/\",\"name\":\"MET MANN\",\"description\":\"Climatizaci\u00f3n industrial, Calefactores y Ventilaci\u00f3n para empresas\",\"publisher\":{\"@id\":\"https:\/\/www.metmann.com\/de\/#organization\"},\"potentialAction\":[{\"@type\":\"SearchAction\",\"target\":{\"@type\":\"EntryPoint\",\"urlTemplate\":\"https:\/\/www.metmann.com\/de\/?s={search_term_string}\"},\"query-input\":\"required name=search_term_string\"}],\"inLanguage\":\"de\"},{\"@type\":\"Organization\",\"@id\":\"https:\/\/www.metmann.com\/de\/#organization\",\"name\":\"Met Mann\",\"url\":\"https:\/\/www.metmann.com\/de\/\",\"logo\":{\"@type\":\"ImageObject\",\"inLanguage\":\"de\",\"@id\":\"https:\/\/www.metmann.com\/de\/#\/schema\/logo\/image\/\",\"url\":\"https:\/\/www.metmann.com\/wp-content\/uploads\/2021\/12\/logo-color-met-mann-01.jpg\",\"contentUrl\":\"https:\/\/www.metmann.com\/wp-content\/uploads\/2021\/12\/logo-color-met-mann-01.jpg\",\"width\":351,\"height\":133,\"caption\":\"Met Mann\"},\"image\":{\"@id\":\"https:\/\/www.metmann.com\/de\/#\/schema\/logo\/image\/\"}}]}<\/script>\r\n<!-- \/ Yoast SEO plugin. -->","yoast_head_json":{"title":"DATENSCHUTZ- UND DATENSCHUTZERKL\u00c4RUNG | MET MANN","robots":{"index":"index","follow":"follow","max-snippet":"max-snippet:-1","max-image-preview":"max-image-preview:large","max-video-preview":"max-video-preview:-1"},"canonical":"https:\/\/www.metmann.com\/de\/politica-de-privacidad\/","og_locale":"de_DE","og_type":"article","og_title":"DATENSCHUTZ- UND DATENSCHUTZERKL\u00c4RUNG | MET MANN","og_description":"1. DATENSCHUTZERKL\u00c4RUNG Gem\u00e4\u00df den Bestimmungen der EU-DSGVO 2016\/679, des Organgesetzes 3\/2018 zum Schutz personenbezogener Daten und zur Gew\u00e4hrleistung digitaler Rechte, des Gesetzes 34\/2002, aktualisiert am 09.05.2023, \u00fcber Dienste der Informationsgesellschaft und elektronischen Handel sowie des Gesetzes 11\/2022, Allgemeines Telekommunikationsgesetz, informiert METALURGICA MANLLEUENSE SA die Nutzer seiner Websites dar\u00fcber, dass wir verpflichtet sind, \u00fcber die personenbezogenen [&hellip;]","og_url":"https:\/\/www.metmann.com\/de\/politica-de-privacidad\/","og_site_name":"MET MANN","article_modified_time":"2026-04-24T07:28:53+00:00","twitter_card":"summary_large_image","twitter_misc":{"Gesch\u00e4tzte Lesezeit":"7\u00a0Minuten"},"schema":{"@context":"https:\/\/schema.org","@graph":[{"@type":"WebPage","@id":"https:\/\/www.metmann.com\/de\/politica-de-privacidad\/","url":"https:\/\/www.metmann.com\/de\/politica-de-privacidad\/","name":"DATENSCHUTZ- UND DATENSCHUTZERKL\u00c4RUNG | MET MANN","isPartOf":{"@id":"https:\/\/www.metmann.com\/de\/#website"},"datePublished":"2020-02-17T09:27:38+00:00","dateModified":"2026-04-24T07:28:53+00:00","breadcrumb":{"@id":"https:\/\/www.metmann.com\/de\/politica-de-privacidad\/#breadcrumb"},"inLanguage":"de","potentialAction":[{"@type":"ReadAction","target":["https:\/\/www.metmann.com\/de\/politica-de-privacidad\/"]}]},{"@type":"BreadcrumbList","@id":"https:\/\/www.metmann.com\/de\/politica-de-privacidad\/#breadcrumb","itemListElement":[{"@type":"ListItem","position":1,"name":"Inicio","item":"https:\/\/www.metmann.com\/de\/"},{"@type":"ListItem","position":2,"name":"DATENSCHUTZ- UND DATENSCHUTZERKL\u00c4RUNG"}]},{"@type":"WebSite","@id":"https:\/\/www.metmann.com\/de\/#website","url":"https:\/\/www.metmann.com\/de\/","name":"MET MANN","description":"Climatizaci\u00f3n industrial, Calefactores y Ventilaci\u00f3n para empresas","publisher":{"@id":"https:\/\/www.metmann.com\/de\/#organization"},"potentialAction":[{"@type":"SearchAction","target":{"@type":"EntryPoint","urlTemplate":"https:\/\/www.metmann.com\/de\/?s={search_term_string}"},"query-input":"required name=search_term_string"}],"inLanguage":"de"},{"@type":"Organization","@id":"https:\/\/www.metmann.com\/de\/#organization","name":"Met Mann","url":"https:\/\/www.metmann.com\/de\/","logo":{"@type":"ImageObject","inLanguage":"de","@id":"https:\/\/www.metmann.com\/de\/#\/schema\/logo\/image\/","url":"https:\/\/www.metmann.com\/wp-content\/uploads\/2021\/12\/logo-color-met-mann-01.jpg","contentUrl":"https:\/\/www.metmann.com\/wp-content\/uploads\/2021\/12\/logo-color-met-mann-01.jpg","width":351,"height":133,"caption":"Met Mann"},"image":{"@id":"https:\/\/www.metmann.com\/de\/#\/schema\/logo\/image\/"}}]}},"_links":{"self":[{"href":"https:\/\/www.metmann.com\/de\/wp-json\/wp\/v2\/pages\/19293"}],"collection":[{"href":"https:\/\/www.metmann.com\/de\/wp-json\/wp\/v2\/pages"}],"about":[{"href":"https:\/\/www.metmann.com\/de\/wp-json\/wp\/v2\/types\/page"}],"author":[{"embeddable":true,"href":"https:\/\/www.metmann.com\/de\/wp-json\/wp\/v2\/users\/1"}],"replies":[{"embeddable":true,"href":"https:\/\/www.metmann.com\/de\/wp-json\/wp\/v2\/comments?post=19293"}],"version-history":[{"count":2,"href":"https:\/\/www.metmann.com\/de\/wp-json\/wp\/v2\/pages\/19293\/revisions"}],"predecessor-version":[{"id":35371,"href":"https:\/\/www.metmann.com\/de\/wp-json\/wp\/v2\/pages\/19293\/revisions\/35371"}],"wp:attachment":[{"href":"https:\/\/www.metmann.com\/de\/wp-json\/wp\/v2\/media?parent=19293"}],"curies":[{"name":"wp","href":"https:\/\/api.w.org\/{rel}","templated":true}]}}