{"id":26949,"date":"2024-02-22T11:14:54","date_gmt":"2024-02-22T10:14:54","guid":{"rendered":"https:\/\/www.metmann.com\/producto\/agm-mural-070-generador-de-aire-caliente-mural-de-69-kw\/"},"modified":"2024-02-22T11:14:54","modified_gmt":"2024-02-22T10:14:54","slug":"agm-mural-070-generador-de-aire-caliente-mural-de-69-kw","status":"publish","type":"product","link":"https:\/\/www.metmann.com\/de\/producto\/agm-mural-070-generador-de-aire-caliente-mural-de-69-kw\/","title":{"rendered":"AGM Mural-070 &#8211; 69 kW Wand-Hei\u00dflufterzeuger"},"content":{"rendered":"","protected":false},"excerpt":{"rendered":"","protected":false},"featured_media":26694,"comment_status":"closed","ping_status":"closed","template":"","meta":{"_acf_changed":false,"_et_pb_use_builder":"","_et_pb_old_content":"","_et_gb_content_width":"","_joinchat":[]},"product_cat":[724],"product_tag":[],"acf":[],"yoast_head":"<!-- This site is optimized with the Yoast SEO plugin v22.6 - https:\/\/yoast.com\/wordpress\/plugins\/seo\/ -->\r\n<title>AGM Mural-070 - 69 kW Wand-Hei\u00dflufterzeuger | MET MANN<\/title>\r\n<meta name=\"description\" content=\"Die AGM-Mural-Hei\u00dflufterzeuger sind Hei\u00dfluftger\u00e4te, mit denen Sie mittlere und gro\u00dfe Fl\u00e4chen beheizen k\u00f6nnen, ohne Bodenfl\u00e4che zu beanspruchen.\" \/>\r\n<meta name=\"robots\" content=\"index, follow, max-snippet:-1, max-image-preview:large, max-video-preview:-1\" \/>\r\n<link rel=\"canonical\" href=\"https:\/\/www.metmann.com\/de\/producto\/agm-mural-070-generador-de-aire-caliente-mural-de-69-kw\/\" \/>\r\n<meta property=\"og:locale\" content=\"de_DE\" \/>\r\n<meta property=\"og:type\" content=\"article\" \/>\r\n<meta property=\"og:title\" content=\"AGM Mural-070 - 69 kW Wand-Hei\u00dflufterzeuger | MET MANN\" \/>\r\n<meta property=\"og:description\" content=\"Die AGM-Mural-Hei\u00dflufterzeuger sind Hei\u00dfluftger\u00e4te, mit denen Sie mittlere und gro\u00dfe Fl\u00e4chen beheizen k\u00f6nnen, ohne Bodenfl\u00e4che zu beanspruchen.\" \/>\r\n<meta property=\"og:url\" content=\"https:\/\/www.metmann.com\/de\/producto\/agm-mural-070-generador-de-aire-caliente-mural-de-69-kw\/\" \/>\r\n<meta property=\"og:site_name\" content=\"MET MANN\" \/>\r\n<meta property=\"og:image\" content=\"https:\/\/www.metmann.com\/wp-content\/uploads\/2024\/02\/AGM-MURAL-070.png\" \/>\r\n\t<meta property=\"og:image:width\" content=\"449\" \/>\r\n\t<meta property=\"og:image:height\" content=\"449\" \/>\r\n\t<meta property=\"og:image:type\" content=\"image\/png\" \/>\r\n<meta name=\"twitter:card\" content=\"summary_large_image\" \/>\r\n<script type=\"application\/ld+json\" class=\"yoast-schema-graph\">{\"@context\":\"https:\/\/schema.org\",\"@graph\":[{\"@type\":\"WebPage\",\"@id\":\"https:\/\/www.metmann.com\/de\/producto\/agm-mural-070-generador-de-aire-caliente-mural-de-69-kw\/\",\"url\":\"https:\/\/www.metmann.com\/de\/producto\/agm-mural-070-generador-de-aire-caliente-mural-de-69-kw\/\",\"name\":\"AGM Mural-070 - 69 kW Wand-Hei\u00dflufterzeuger | MET MANN\",\"isPartOf\":{\"@id\":\"https:\/\/www.metmann.com\/de\/#website\"},\"primaryImageOfPage\":{\"@id\":\"https:\/\/www.metmann.com\/de\/producto\/agm-mural-070-generador-de-aire-caliente-mural-de-69-kw\/#primaryimage\"},\"image\":{\"@id\":\"https:\/\/www.metmann.com\/de\/producto\/agm-mural-070-generador-de-aire-caliente-mural-de-69-kw\/#primaryimage\"},\"thumbnailUrl\":\"https:\/\/www.metmann.com\/wp-content\/uploads\/2024\/02\/AGM-MURAL-070.png\",\"datePublished\":\"2024-02-22T10:14:54+00:00\",\"dateModified\":\"2024-02-22T10:14:54+00:00\",\"description\":\"Die AGM-Mural-Hei\u00dflufterzeuger sind Hei\u00dfluftger\u00e4te, mit denen Sie mittlere und gro\u00dfe Fl\u00e4chen beheizen k\u00f6nnen, ohne Bodenfl\u00e4che zu beanspruchen.\",\"breadcrumb\":{\"@id\":\"https:\/\/www.metmann.com\/de\/producto\/agm-mural-070-generador-de-aire-caliente-mural-de-69-kw\/#breadcrumb\"},\"inLanguage\":\"de\",\"potentialAction\":[{\"@type\":\"ReadAction\",\"target\":[\"https:\/\/www.metmann.com\/de\/producto\/agm-mural-070-generador-de-aire-caliente-mural-de-69-kw\/\"]}]},{\"@type\":\"ImageObject\",\"inLanguage\":\"de\",\"@id\":\"https:\/\/www.metmann.com\/de\/producto\/agm-mural-070-generador-de-aire-caliente-mural-de-69-kw\/#primaryimage\",\"url\":\"https:\/\/www.metmann.com\/wp-content\/uploads\/2024\/02\/AGM-MURAL-070.png\",\"contentUrl\":\"https:\/\/www.metmann.com\/wp-content\/uploads\/2024\/02\/AGM-MURAL-070.png\",\"width\":449,\"height\":449},{\"@type\":\"BreadcrumbList\",\"@id\":\"https:\/\/www.metmann.com\/de\/producto\/agm-mural-070-generador-de-aire-caliente-mural-de-69-kw\/#breadcrumb\",\"itemListElement\":[{\"@type\":\"ListItem\",\"position\":1,\"name\":\"Inicio\",\"item\":\"https:\/\/www.metmann.com\/de\/\"},{\"@type\":\"ListItem\",\"position\":2,\"name\":\"Produkte\",\"item\":\"https:\/\/www.metmann.com\/productos\/\"},{\"@type\":\"ListItem\",\"position\":3,\"name\":\"AGM Mural-070 &#8211; 69 kW Wand-Hei\u00dflufterzeuger\"}]},{\"@type\":\"WebSite\",\"@id\":\"https:\/\/www.metmann.com\/de\/#website\",\"url\":\"https:\/\/www.metmann.com\/de\/\",\"name\":\"MET MANN\",\"description\":\"Climatizaci\u00f3n industrial, Calefactores y Ventilaci\u00f3n para empresas\",\"publisher\":{\"@id\":\"https:\/\/www.metmann.com\/de\/#organization\"},\"potentialAction\":[{\"@type\":\"SearchAction\",\"target\":{\"@type\":\"EntryPoint\",\"urlTemplate\":\"https:\/\/www.metmann.com\/de\/?s={search_term_string}\"},\"query-input\":\"required name=search_term_string\"}],\"inLanguage\":\"de\"},{\"@type\":\"Organization\",\"@id\":\"https:\/\/www.metmann.com\/de\/#organization\",\"name\":\"Met Mann\",\"url\":\"https:\/\/www.metmann.com\/de\/\",\"logo\":{\"@type\":\"ImageObject\",\"inLanguage\":\"de\",\"@id\":\"https:\/\/www.metmann.com\/de\/#\/schema\/logo\/image\/\",\"url\":\"https:\/\/www.metmann.com\/wp-content\/uploads\/2021\/12\/logo-color-met-mann-01.jpg\",\"contentUrl\":\"https:\/\/www.metmann.com\/wp-content\/uploads\/2021\/12\/logo-color-met-mann-01.jpg\",\"width\":351,\"height\":133,\"caption\":\"Met Mann\"},\"image\":{\"@id\":\"https:\/\/www.metmann.com\/de\/#\/schema\/logo\/image\/\"}}]}<\/script>\r\n<!-- \/ Yoast SEO plugin. -->","yoast_head_json":{"title":"AGM Mural-070 - 69 kW Wand-Hei\u00dflufterzeuger | MET MANN","description":"Die AGM-Mural-Hei\u00dflufterzeuger sind Hei\u00dfluftger\u00e4te, mit denen Sie mittlere und gro\u00dfe Fl\u00e4chen beheizen k\u00f6nnen, ohne Bodenfl\u00e4che zu beanspruchen.","robots":{"index":"index","follow":"follow","max-snippet":"max-snippet:-1","max-image-preview":"max-image-preview:large","max-video-preview":"max-video-preview:-1"},"canonical":"https:\/\/www.metmann.com\/de\/producto\/agm-mural-070-generador-de-aire-caliente-mural-de-69-kw\/","og_locale":"de_DE","og_type":"article","og_title":"AGM Mural-070 - 69 kW Wand-Hei\u00dflufterzeuger | MET MANN","og_description":"Die AGM-Mural-Hei\u00dflufterzeuger sind Hei\u00dfluftger\u00e4te, mit denen Sie mittlere und gro\u00dfe Fl\u00e4chen beheizen k\u00f6nnen, ohne Bodenfl\u00e4che zu beanspruchen.","og_url":"https:\/\/www.metmann.com\/de\/producto\/agm-mural-070-generador-de-aire-caliente-mural-de-69-kw\/","og_site_name":"MET MANN","og_image":[{"width":449,"height":449,"url":"https:\/\/www.metmann.com\/wp-content\/uploads\/2024\/02\/AGM-MURAL-070.png","type":"image\/png"}],"twitter_card":"summary_large_image","schema":{"@context":"https:\/\/schema.org","@graph":[{"@type":"WebPage","@id":"https:\/\/www.metmann.com\/de\/producto\/agm-mural-070-generador-de-aire-caliente-mural-de-69-kw\/","url":"https:\/\/www.metmann.com\/de\/producto\/agm-mural-070-generador-de-aire-caliente-mural-de-69-kw\/","name":"AGM Mural-070 - 69 kW Wand-Hei\u00dflufterzeuger | MET MANN","isPartOf":{"@id":"https:\/\/www.metmann.com\/de\/#website"},"primaryImageOfPage":{"@id":"https:\/\/www.metmann.com\/de\/producto\/agm-mural-070-generador-de-aire-caliente-mural-de-69-kw\/#primaryimage"},"image":{"@id":"https:\/\/www.metmann.com\/de\/producto\/agm-mural-070-generador-de-aire-caliente-mural-de-69-kw\/#primaryimage"},"thumbnailUrl":"https:\/\/www.metmann.com\/wp-content\/uploads\/2024\/02\/AGM-MURAL-070.png","datePublished":"2024-02-22T10:14:54+00:00","dateModified":"2024-02-22T10:14:54+00:00","description":"Die AGM-Mural-Hei\u00dflufterzeuger sind Hei\u00dfluftger\u00e4te, mit denen Sie mittlere und gro\u00dfe Fl\u00e4chen beheizen k\u00f6nnen, ohne Bodenfl\u00e4che zu beanspruchen.","breadcrumb":{"@id":"https:\/\/www.metmann.com\/de\/producto\/agm-mural-070-generador-de-aire-caliente-mural-de-69-kw\/#breadcrumb"},"inLanguage":"de","potentialAction":[{"@type":"ReadAction","target":["https:\/\/www.metmann.com\/de\/producto\/agm-mural-070-generador-de-aire-caliente-mural-de-69-kw\/"]}]},{"@type":"ImageObject","inLanguage":"de","@id":"https:\/\/www.metmann.com\/de\/producto\/agm-mural-070-generador-de-aire-caliente-mural-de-69-kw\/#primaryimage","url":"https:\/\/www.metmann.com\/wp-content\/uploads\/2024\/02\/AGM-MURAL-070.png","contentUrl":"https:\/\/www.metmann.com\/wp-content\/uploads\/2024\/02\/AGM-MURAL-070.png","width":449,"height":449},{"@type":"BreadcrumbList","@id":"https:\/\/www.metmann.com\/de\/producto\/agm-mural-070-generador-de-aire-caliente-mural-de-69-kw\/#breadcrumb","itemListElement":[{"@type":"ListItem","position":1,"name":"Inicio","item":"https:\/\/www.metmann.com\/de\/"},{"@type":"ListItem","position":2,"name":"Produkte","item":"https:\/\/www.metmann.com\/productos\/"},{"@type":"ListItem","position":3,"name":"AGM Mural-070 &#8211; 69 kW Wand-Hei\u00dflufterzeuger"}]},{"@type":"WebSite","@id":"https:\/\/www.metmann.com\/de\/#website","url":"https:\/\/www.metmann.com\/de\/","name":"MET MANN","description":"Climatizaci\u00f3n industrial, Calefactores y Ventilaci\u00f3n para empresas","publisher":{"@id":"https:\/\/www.metmann.com\/de\/#organization"},"potentialAction":[{"@type":"SearchAction","target":{"@type":"EntryPoint","urlTemplate":"https:\/\/www.metmann.com\/de\/?s={search_term_string}"},"query-input":"required name=search_term_string"}],"inLanguage":"de"},{"@type":"Organization","@id":"https:\/\/www.metmann.com\/de\/#organization","name":"Met Mann","url":"https:\/\/www.metmann.com\/de\/","logo":{"@type":"ImageObject","inLanguage":"de","@id":"https:\/\/www.metmann.com\/de\/#\/schema\/logo\/image\/","url":"https:\/\/www.metmann.com\/wp-content\/uploads\/2021\/12\/logo-color-met-mann-01.jpg","contentUrl":"https:\/\/www.metmann.com\/wp-content\/uploads\/2021\/12\/logo-color-met-mann-01.jpg","width":351,"height":133,"caption":"Met Mann"},"image":{"@id":"https:\/\/www.metmann.com\/de\/#\/schema\/logo\/image\/"}}]}},"_links":{"self":[{"href":"https:\/\/www.metmann.com\/de\/wp-json\/wp\/v2\/product\/26949"}],"collection":[{"href":"https:\/\/www.metmann.com\/de\/wp-json\/wp\/v2\/product"}],"about":[{"href":"https:\/\/www.metmann.com\/de\/wp-json\/wp\/v2\/types\/product"}],"replies":[{"embeddable":true,"href":"https:\/\/www.metmann.com\/de\/wp-json\/wp\/v2\/comments?post=26949"}],"wp:featuredmedia":[{"embeddable":true,"href":"https:\/\/www.metmann.com\/de\/wp-json\/wp\/v2\/media\/26694"}],"wp:attachment":[{"href":"https:\/\/www.metmann.com\/de\/wp-json\/wp\/v2\/media?parent=26949"}],"wp:term":[{"taxonomy":"product_cat","embeddable":true,"href":"https:\/\/www.metmann.com\/de\/wp-json\/wp\/v2\/product_cat?post=26949"},{"taxonomy":"product_tag","embeddable":true,"href":"https:\/\/www.metmann.com\/de\/wp-json\/wp\/v2\/product_tag?post=26949"}],"curies":[{"name":"wp","href":"https:\/\/api.w.org\/{rel}","templated":true}]}}