{"id":35221,"date":"2026-03-23T12:53:56","date_gmt":"2026-03-23T11:53:56","guid":{"rendered":"https:\/\/www.metmann.com\/producto\/kx-80-v-o-heissluftgenerator-mit-geschlossener-verbrennung-93-kw\/"},"modified":"2026-03-23T12:53:56","modified_gmt":"2026-03-23T11:53:56","slug":"kx-80-v-o-heissluftgenerator-mit-geschlossener-verbrennung-93-kw","status":"publish","type":"product","link":"https:\/\/www.metmann.com\/de\/producto\/kx-80-v-o-heissluftgenerator-mit-geschlossener-verbrennung-93-kw\/","title":{"rendered":"KX-80-V\/O \u2013 Hei\u00dfluftgenerator mit geschlossener Verbrennung, 93 kW"},"content":{"rendered":"","protected":false},"excerpt":{"rendered":"","protected":false},"featured_media":35185,"comment_status":"closed","ping_status":"closed","template":"","meta":{"_acf_changed":false,"_et_pb_use_builder":"","_et_pb_old_content":"","_et_gb_content_width":"","_joinchat":[]},"product_cat":[799],"product_tag":[],"acf":[],"yoast_head":"<!-- This site is optimized with the Yoast SEO plugin v22.6 - https:\/\/yoast.com\/wordpress\/plugins\/seo\/ -->\r\n<title>KX-80-V\/O \u2013 Hei\u00dfluftgenerator mit geschlossener Verbrennung, 93 kW | MET MANN<\/title>\r\n<meta name=\"description\" content=\"Generador de aire caliente de combusti\u00f3n estanca para calentar todo tipo de instalaciones industriales o ganaderas d\u00f3nde sea necesario un sistema de calefacci\u00f3n r\u00e1pido y eficiente.\" \/>\r\n<meta name=\"robots\" content=\"index, follow, max-snippet:-1, max-image-preview:large, max-video-preview:-1\" \/>\r\n<link rel=\"canonical\" href=\"https:\/\/www.metmann.com\/de\/producto\/kx-80-v-o-heissluftgenerator-mit-geschlossener-verbrennung-93-kw\/\" \/>\r\n<meta property=\"og:locale\" content=\"de_DE\" \/>\r\n<meta property=\"og:type\" content=\"article\" \/>\r\n<meta property=\"og:title\" content=\"KX-80-V\/O \u2013 Hei\u00dfluftgenerator mit geschlossener Verbrennung, 93 kW | MET MANN\" \/>\r\n<meta property=\"og:description\" content=\"Generador de aire caliente de combusti\u00f3n estanca para calentar todo tipo de instalaciones industriales o ganaderas d\u00f3nde sea necesario un sistema de calefacci\u00f3n r\u00e1pido y eficiente.\" \/>\r\n<meta property=\"og:url\" content=\"https:\/\/www.metmann.com\/de\/producto\/kx-80-v-o-heissluftgenerator-mit-geschlossener-verbrennung-93-kw\/\" \/>\r\n<meta property=\"og:site_name\" content=\"MET MANN\" \/>\r\n<meta property=\"og:image\" content=\"https:\/\/www.metmann.com\/wp-content\/uploads\/2026\/03\/KX.png\" \/>\r\n\t<meta property=\"og:image:width\" content=\"470\" \/>\r\n\t<meta property=\"og:image:height\" content=\"470\" \/>\r\n\t<meta property=\"og:image:type\" content=\"image\/png\" \/>\r\n<meta name=\"twitter:card\" content=\"summary_large_image\" \/>\r\n<script type=\"application\/ld+json\" class=\"yoast-schema-graph\">{\"@context\":\"https:\/\/schema.org\",\"@graph\":[{\"@type\":\"WebPage\",\"@id\":\"https:\/\/www.metmann.com\/de\/producto\/kx-80-v-o-heissluftgenerator-mit-geschlossener-verbrennung-93-kw\/\",\"url\":\"https:\/\/www.metmann.com\/de\/producto\/kx-80-v-o-heissluftgenerator-mit-geschlossener-verbrennung-93-kw\/\",\"name\":\"KX-80-V\/O \u2013 Hei\u00dfluftgenerator mit geschlossener Verbrennung, 93 kW | MET MANN\",\"isPartOf\":{\"@id\":\"https:\/\/www.metmann.com\/de\/#website\"},\"primaryImageOfPage\":{\"@id\":\"https:\/\/www.metmann.com\/de\/producto\/kx-80-v-o-heissluftgenerator-mit-geschlossener-verbrennung-93-kw\/#primaryimage\"},\"image\":{\"@id\":\"https:\/\/www.metmann.com\/de\/producto\/kx-80-v-o-heissluftgenerator-mit-geschlossener-verbrennung-93-kw\/#primaryimage\"},\"thumbnailUrl\":\"https:\/\/www.metmann.com\/wp-content\/uploads\/2026\/03\/KX.png\",\"datePublished\":\"2026-03-23T11:53:56+00:00\",\"dateModified\":\"2026-03-23T11:53:56+00:00\",\"description\":\"Generador de aire caliente de combusti\u00f3n estanca para calentar todo tipo de instalaciones industriales o ganaderas d\u00f3nde sea necesario un sistema de calefacci\u00f3n r\u00e1pido y eficiente.\",\"breadcrumb\":{\"@id\":\"https:\/\/www.metmann.com\/de\/producto\/kx-80-v-o-heissluftgenerator-mit-geschlossener-verbrennung-93-kw\/#breadcrumb\"},\"inLanguage\":\"de\",\"potentialAction\":[{\"@type\":\"ReadAction\",\"target\":[\"https:\/\/www.metmann.com\/de\/producto\/kx-80-v-o-heissluftgenerator-mit-geschlossener-verbrennung-93-kw\/\"]}]},{\"@type\":\"ImageObject\",\"inLanguage\":\"de\",\"@id\":\"https:\/\/www.metmann.com\/de\/producto\/kx-80-v-o-heissluftgenerator-mit-geschlossener-verbrennung-93-kw\/#primaryimage\",\"url\":\"https:\/\/www.metmann.com\/wp-content\/uploads\/2026\/03\/KX.png\",\"contentUrl\":\"https:\/\/www.metmann.com\/wp-content\/uploads\/2026\/03\/KX.png\",\"width\":470,\"height\":470,\"caption\":\"generador KX de aire caliente de combustion estanca\"},{\"@type\":\"BreadcrumbList\",\"@id\":\"https:\/\/www.metmann.com\/de\/producto\/kx-80-v-o-heissluftgenerator-mit-geschlossener-verbrennung-93-kw\/#breadcrumb\",\"itemListElement\":[{\"@type\":\"ListItem\",\"position\":1,\"name\":\"Inicio\",\"item\":\"https:\/\/www.metmann.com\/de\/\"},{\"@type\":\"ListItem\",\"position\":2,\"name\":\"Produkte\",\"item\":\"https:\/\/www.metmann.com\/productos\/\"},{\"@type\":\"ListItem\",\"position\":3,\"name\":\"KX-80-V\/O \u2013 Hei\u00dfluftgenerator mit geschlossener Verbrennung, 93 kW\"}]},{\"@type\":\"WebSite\",\"@id\":\"https:\/\/www.metmann.com\/de\/#website\",\"url\":\"https:\/\/www.metmann.com\/de\/\",\"name\":\"MET MANN\",\"description\":\"Climatizaci\u00f3n industrial, Calefactores y Ventilaci\u00f3n para empresas\",\"publisher\":{\"@id\":\"https:\/\/www.metmann.com\/de\/#organization\"},\"potentialAction\":[{\"@type\":\"SearchAction\",\"target\":{\"@type\":\"EntryPoint\",\"urlTemplate\":\"https:\/\/www.metmann.com\/de\/?s={search_term_string}\"},\"query-input\":\"required name=search_term_string\"}],\"inLanguage\":\"de\"},{\"@type\":\"Organization\",\"@id\":\"https:\/\/www.metmann.com\/de\/#organization\",\"name\":\"Met Mann\",\"url\":\"https:\/\/www.metmann.com\/de\/\",\"logo\":{\"@type\":\"ImageObject\",\"inLanguage\":\"de\",\"@id\":\"https:\/\/www.metmann.com\/de\/#\/schema\/logo\/image\/\",\"url\":\"https:\/\/www.metmann.com\/wp-content\/uploads\/2021\/12\/logo-color-met-mann-01.jpg\",\"contentUrl\":\"https:\/\/www.metmann.com\/wp-content\/uploads\/2021\/12\/logo-color-met-mann-01.jpg\",\"width\":351,\"height\":133,\"caption\":\"Met Mann\"},\"image\":{\"@id\":\"https:\/\/www.metmann.com\/de\/#\/schema\/logo\/image\/\"}}]}<\/script>\r\n<!-- \/ Yoast SEO plugin. -->","yoast_head_json":{"title":"KX-80-V\/O \u2013 Hei\u00dfluftgenerator mit geschlossener Verbrennung, 93 kW | MET MANN","description":"Generador de aire caliente de combusti\u00f3n estanca para calentar todo tipo de instalaciones industriales o ganaderas d\u00f3nde sea necesario un sistema de calefacci\u00f3n r\u00e1pido y eficiente.","robots":{"index":"index","follow":"follow","max-snippet":"max-snippet:-1","max-image-preview":"max-image-preview:large","max-video-preview":"max-video-preview:-1"},"canonical":"https:\/\/www.metmann.com\/de\/producto\/kx-80-v-o-heissluftgenerator-mit-geschlossener-verbrennung-93-kw\/","og_locale":"de_DE","og_type":"article","og_title":"KX-80-V\/O \u2013 Hei\u00dfluftgenerator mit geschlossener Verbrennung, 93 kW | MET MANN","og_description":"Generador de aire caliente de combusti\u00f3n estanca para calentar todo tipo de instalaciones industriales o ganaderas d\u00f3nde sea necesario un sistema de calefacci\u00f3n r\u00e1pido y eficiente.","og_url":"https:\/\/www.metmann.com\/de\/producto\/kx-80-v-o-heissluftgenerator-mit-geschlossener-verbrennung-93-kw\/","og_site_name":"MET MANN","og_image":[{"width":470,"height":470,"url":"https:\/\/www.metmann.com\/wp-content\/uploads\/2026\/03\/KX.png","type":"image\/png"}],"twitter_card":"summary_large_image","schema":{"@context":"https:\/\/schema.org","@graph":[{"@type":"WebPage","@id":"https:\/\/www.metmann.com\/de\/producto\/kx-80-v-o-heissluftgenerator-mit-geschlossener-verbrennung-93-kw\/","url":"https:\/\/www.metmann.com\/de\/producto\/kx-80-v-o-heissluftgenerator-mit-geschlossener-verbrennung-93-kw\/","name":"KX-80-V\/O \u2013 Hei\u00dfluftgenerator mit geschlossener Verbrennung, 93 kW | MET MANN","isPartOf":{"@id":"https:\/\/www.metmann.com\/de\/#website"},"primaryImageOfPage":{"@id":"https:\/\/www.metmann.com\/de\/producto\/kx-80-v-o-heissluftgenerator-mit-geschlossener-verbrennung-93-kw\/#primaryimage"},"image":{"@id":"https:\/\/www.metmann.com\/de\/producto\/kx-80-v-o-heissluftgenerator-mit-geschlossener-verbrennung-93-kw\/#primaryimage"},"thumbnailUrl":"https:\/\/www.metmann.com\/wp-content\/uploads\/2026\/03\/KX.png","datePublished":"2026-03-23T11:53:56+00:00","dateModified":"2026-03-23T11:53:56+00:00","description":"Generador de aire caliente de combusti\u00f3n estanca para calentar todo tipo de instalaciones industriales o ganaderas d\u00f3nde sea necesario un sistema de calefacci\u00f3n r\u00e1pido y eficiente.","breadcrumb":{"@id":"https:\/\/www.metmann.com\/de\/producto\/kx-80-v-o-heissluftgenerator-mit-geschlossener-verbrennung-93-kw\/#breadcrumb"},"inLanguage":"de","potentialAction":[{"@type":"ReadAction","target":["https:\/\/www.metmann.com\/de\/producto\/kx-80-v-o-heissluftgenerator-mit-geschlossener-verbrennung-93-kw\/"]}]},{"@type":"ImageObject","inLanguage":"de","@id":"https:\/\/www.metmann.com\/de\/producto\/kx-80-v-o-heissluftgenerator-mit-geschlossener-verbrennung-93-kw\/#primaryimage","url":"https:\/\/www.metmann.com\/wp-content\/uploads\/2026\/03\/KX.png","contentUrl":"https:\/\/www.metmann.com\/wp-content\/uploads\/2026\/03\/KX.png","width":470,"height":470,"caption":"generador KX de aire caliente de combustion estanca"},{"@type":"BreadcrumbList","@id":"https:\/\/www.metmann.com\/de\/producto\/kx-80-v-o-heissluftgenerator-mit-geschlossener-verbrennung-93-kw\/#breadcrumb","itemListElement":[{"@type":"ListItem","position":1,"name":"Inicio","item":"https:\/\/www.metmann.com\/de\/"},{"@type":"ListItem","position":2,"name":"Produkte","item":"https:\/\/www.metmann.com\/productos\/"},{"@type":"ListItem","position":3,"name":"KX-80-V\/O \u2013 Hei\u00dfluftgenerator mit geschlossener Verbrennung, 93 kW"}]},{"@type":"WebSite","@id":"https:\/\/www.metmann.com\/de\/#website","url":"https:\/\/www.metmann.com\/de\/","name":"MET MANN","description":"Climatizaci\u00f3n industrial, Calefactores y Ventilaci\u00f3n para empresas","publisher":{"@id":"https:\/\/www.metmann.com\/de\/#organization"},"potentialAction":[{"@type":"SearchAction","target":{"@type":"EntryPoint","urlTemplate":"https:\/\/www.metmann.com\/de\/?s={search_term_string}"},"query-input":"required name=search_term_string"}],"inLanguage":"de"},{"@type":"Organization","@id":"https:\/\/www.metmann.com\/de\/#organization","name":"Met Mann","url":"https:\/\/www.metmann.com\/de\/","logo":{"@type":"ImageObject","inLanguage":"de","@id":"https:\/\/www.metmann.com\/de\/#\/schema\/logo\/image\/","url":"https:\/\/www.metmann.com\/wp-content\/uploads\/2021\/12\/logo-color-met-mann-01.jpg","contentUrl":"https:\/\/www.metmann.com\/wp-content\/uploads\/2021\/12\/logo-color-met-mann-01.jpg","width":351,"height":133,"caption":"Met Mann"},"image":{"@id":"https:\/\/www.metmann.com\/de\/#\/schema\/logo\/image\/"}}]}},"_links":{"self":[{"href":"https:\/\/www.metmann.com\/de\/wp-json\/wp\/v2\/product\/35221"}],"collection":[{"href":"https:\/\/www.metmann.com\/de\/wp-json\/wp\/v2\/product"}],"about":[{"href":"https:\/\/www.metmann.com\/de\/wp-json\/wp\/v2\/types\/product"}],"replies":[{"embeddable":true,"href":"https:\/\/www.metmann.com\/de\/wp-json\/wp\/v2\/comments?post=35221"}],"wp:featuredmedia":[{"embeddable":true,"href":"https:\/\/www.metmann.com\/de\/wp-json\/wp\/v2\/media\/35185"}],"wp:attachment":[{"href":"https:\/\/www.metmann.com\/de\/wp-json\/wp\/v2\/media?parent=35221"}],"wp:term":[{"taxonomy":"product_cat","embeddable":true,"href":"https:\/\/www.metmann.com\/de\/wp-json\/wp\/v2\/product_cat?post=35221"},{"taxonomy":"product_tag","embeddable":true,"href":"https:\/\/www.metmann.com\/de\/wp-json\/wp\/v2\/product_tag?post=35221"}],"curies":[{"name":"wp","href":"https:\/\/api.w.org\/{rel}","templated":true}]}}