{"id":9485,"date":"2021-11-03T13:52:14","date_gmt":"2021-11-03T16:24:34","guid":{"rendered":"https:\/\/metmann.com.185-176-9-81.185-176-9-81.visualpublinet.com\/producto\/pellet-heissluftgenerator-300-kw-bm-300\/"},"modified":"2026-03-13T12:12:12","modified_gmt":"2026-03-13T11:12:12","slug":"pellet-heissluftgenerator-300-kw-bm-300","status":"publish","type":"product","link":"https:\/\/www.metmann.com\/de\/producto\/pellet-heissluftgenerator-300-kw-bm-300\/","title":{"rendered":"BM-300 &#8211; Pellet-Hei\u00dfluftgenerator 300 kW"},"content":{"rendered":"<p>&nbsp;<\/p>\n<h2>\u00a0<\/h2>\n","protected":false},"excerpt":{"rendered":"<p>&nbsp; \u00a0<\/p>\n","protected":false},"featured_media":16770,"comment_status":"closed","ping_status":"closed","template":"","meta":{"_acf_changed":false,"_et_pb_use_builder":"","_et_pb_old_content":"","_et_gb_content_width":"","_joinchat":[]},"product_cat":[779,374,413],"product_tag":[],"acf":[],"yoast_head":"<!-- This site is optimized with the Yoast SEO plugin v22.6 - https:\/\/yoast.com\/wordpress\/plugins\/seo\/ -->\r\n<title>Pellet-Hei\u00dfluftgenerator 300 kW - BM-300<\/title>\r\n<meta name=\"description\" content=\"Industrieheizger\u00e4t mit Pellet- oder Olivenknochenbetrieb mit 300 kW Heizleistung. Seine Hauptanwendungen sind die Beheizung von Industriegeb\u00e4uden, Bauernh\u00f6fen, Gew\u00e4chsh\u00e4usern und allen Arten von R\u00e4umlichkeiten, die ein schnelles und effizientes Heizsystem erfordern.\" \/>\r\n<meta name=\"robots\" content=\"index, follow, max-snippet:-1, max-image-preview:large, max-video-preview:-1\" \/>\r\n<link rel=\"canonical\" href=\"https:\/\/www.metmann.com\/de\/producto\/pellet-heissluftgenerator-300-kw-bm-300\/\" \/>\r\n<meta property=\"og:locale\" content=\"de_DE\" \/>\r\n<meta property=\"og:type\" content=\"article\" \/>\r\n<meta property=\"og:title\" content=\"Pellet-Hei\u00dfluftgenerator 300 kW - BM-300\" \/>\r\n<meta property=\"og:description\" content=\"Industrieheizger\u00e4t mit Pellet- oder Olivenknochenbetrieb mit 300 kW Heizleistung. Seine Hauptanwendungen sind die Beheizung von Industriegeb\u00e4uden, Bauernh\u00f6fen, Gew\u00e4chsh\u00e4usern und allen Arten von R\u00e4umlichkeiten, die ein schnelles und effizientes Heizsystem erfordern.\" \/>\r\n<meta property=\"og:url\" content=\"https:\/\/www.metmann.com\/de\/producto\/pellet-heissluftgenerator-300-kw-bm-300\/\" \/>\r\n<meta property=\"og:site_name\" content=\"MET MANN\" \/>\r\n<meta property=\"article:modified_time\" content=\"2026-03-13T11:12:12+00:00\" \/>\r\n<meta property=\"og:image\" content=\"https:\/\/www.metmann.com\/wp-content\/uploads\/2021\/09\/1551953176_ngWn.jpg\" \/>\r\n<meta name=\"twitter:card\" content=\"summary_large_image\" \/>\r\n<meta name=\"twitter:title\" content=\"Pellet-Hei\u00dfluftgenerator 300 kW - BM-300\" \/>\r\n<meta name=\"twitter:description\" content=\"Industrieheizger\u00e4t mit Pellet- oder Olivenknochenbetrieb mit 300 kW Heizleistung. Seine Hauptanwendungen sind die Beheizung von Industriegeb\u00e4uden, Bauernh\u00f6fen, Gew\u00e4chsh\u00e4usern und allen Arten von R\u00e4umlichkeiten, die ein schnelles und effizientes Heizsystem erfordern.\" \/>\r\n<meta name=\"twitter:image\" content=\"https:\/\/www.metmann.com\/wp-content\/uploads\/2021\/09\/1551953176_ngWn.jpg\" \/>\r\n<script type=\"application\/ld+json\" class=\"yoast-schema-graph\">{\"@context\":\"https:\/\/schema.org\",\"@graph\":[{\"@type\":\"WebPage\",\"@id\":\"https:\/\/www.metmann.com\/de\/producto\/pellet-heissluftgenerator-300-kw-bm-300\/\",\"url\":\"https:\/\/www.metmann.com\/de\/producto\/pellet-heissluftgenerator-300-kw-bm-300\/\",\"name\":\"Pellet-Hei\u00dfluftgenerator 300 kW - BM-300\",\"isPartOf\":{\"@id\":\"https:\/\/www.metmann.com\/de\/#website\"},\"primaryImageOfPage\":{\"@id\":\"https:\/\/www.metmann.com\/de\/producto\/pellet-heissluftgenerator-300-kw-bm-300\/#primaryimage\"},\"image\":{\"@id\":\"https:\/\/www.metmann.com\/de\/producto\/pellet-heissluftgenerator-300-kw-bm-300\/#primaryimage\"},\"thumbnailUrl\":\"https:\/\/www.metmann.com\/wp-content\/uploads\/2021\/11\/BM-300DEPOSITO-SF.png\",\"datePublished\":\"2021-11-03T16:24:34+00:00\",\"dateModified\":\"2026-03-13T11:12:12+00:00\",\"description\":\"Industrieheizger\u00e4t mit Pellet- oder Olivenknochenbetrieb mit 300 kW Heizleistung. Seine Hauptanwendungen sind die Beheizung von Industriegeb\u00e4uden, Bauernh\u00f6fen, Gew\u00e4chsh\u00e4usern und allen Arten von R\u00e4umlichkeiten, die ein schnelles und effizientes Heizsystem erfordern.\",\"breadcrumb\":{\"@id\":\"https:\/\/www.metmann.com\/de\/producto\/pellet-heissluftgenerator-300-kw-bm-300\/#breadcrumb\"},\"inLanguage\":\"de\",\"potentialAction\":[{\"@type\":\"ReadAction\",\"target\":[\"https:\/\/www.metmann.com\/de\/producto\/pellet-heissluftgenerator-300-kw-bm-300\/\"]}]},{\"@type\":\"ImageObject\",\"inLanguage\":\"de\",\"@id\":\"https:\/\/www.metmann.com\/de\/producto\/pellet-heissluftgenerator-300-kw-bm-300\/#primaryimage\",\"url\":\"https:\/\/www.metmann.com\/wp-content\/uploads\/2021\/11\/BM-300DEPOSITO-SF.png\",\"contentUrl\":\"https:\/\/www.metmann.com\/wp-content\/uploads\/2021\/11\/BM-300DEPOSITO-SF.png\",\"width\":1200,\"height\":1200},{\"@type\":\"BreadcrumbList\",\"@id\":\"https:\/\/www.metmann.com\/de\/producto\/pellet-heissluftgenerator-300-kw-bm-300\/#breadcrumb\",\"itemListElement\":[{\"@type\":\"ListItem\",\"position\":1,\"name\":\"Inicio\",\"item\":\"https:\/\/www.metmann.com\/de\/\"},{\"@type\":\"ListItem\",\"position\":2,\"name\":\"Produkte\",\"item\":\"https:\/\/www.metmann.com\/productos\/\"},{\"@type\":\"ListItem\",\"position\":3,\"name\":\"BM-300 &#8211; Pellet-Hei\u00dfluftgenerator 300 kW\"}]},{\"@type\":\"WebSite\",\"@id\":\"https:\/\/www.metmann.com\/de\/#website\",\"url\":\"https:\/\/www.metmann.com\/de\/\",\"name\":\"MET MANN\",\"description\":\"Climatizaci\u00f3n industrial, Calefactores y Ventilaci\u00f3n para empresas\",\"publisher\":{\"@id\":\"https:\/\/www.metmann.com\/de\/#organization\"},\"potentialAction\":[{\"@type\":\"SearchAction\",\"target\":{\"@type\":\"EntryPoint\",\"urlTemplate\":\"https:\/\/www.metmann.com\/de\/?s={search_term_string}\"},\"query-input\":\"required name=search_term_string\"}],\"inLanguage\":\"de\"},{\"@type\":\"Organization\",\"@id\":\"https:\/\/www.metmann.com\/de\/#organization\",\"name\":\"Met Mann\",\"url\":\"https:\/\/www.metmann.com\/de\/\",\"logo\":{\"@type\":\"ImageObject\",\"inLanguage\":\"de\",\"@id\":\"https:\/\/www.metmann.com\/de\/#\/schema\/logo\/image\/\",\"url\":\"https:\/\/www.metmann.com\/wp-content\/uploads\/2021\/12\/logo-color-met-mann-01.jpg\",\"contentUrl\":\"https:\/\/www.metmann.com\/wp-content\/uploads\/2021\/12\/logo-color-met-mann-01.jpg\",\"width\":351,\"height\":133,\"caption\":\"Met Mann\"},\"image\":{\"@id\":\"https:\/\/www.metmann.com\/de\/#\/schema\/logo\/image\/\"}}]}<\/script>\r\n<!-- \/ Yoast SEO plugin. -->","yoast_head_json":{"title":"Pellet-Hei\u00dfluftgenerator 300 kW - BM-300","description":"Industrieheizger\u00e4t mit Pellet- oder Olivenknochenbetrieb mit 300 kW Heizleistung. Seine Hauptanwendungen sind die Beheizung von Industriegeb\u00e4uden, Bauernh\u00f6fen, Gew\u00e4chsh\u00e4usern und allen Arten von R\u00e4umlichkeiten, die ein schnelles und effizientes Heizsystem erfordern.","robots":{"index":"index","follow":"follow","max-snippet":"max-snippet:-1","max-image-preview":"max-image-preview:large","max-video-preview":"max-video-preview:-1"},"canonical":"https:\/\/www.metmann.com\/de\/producto\/pellet-heissluftgenerator-300-kw-bm-300\/","og_locale":"de_DE","og_type":"article","og_title":"Pellet-Hei\u00dfluftgenerator 300 kW - BM-300","og_description":"Industrieheizger\u00e4t mit Pellet- oder Olivenknochenbetrieb mit 300 kW Heizleistung. Seine Hauptanwendungen sind die Beheizung von Industriegeb\u00e4uden, Bauernh\u00f6fen, Gew\u00e4chsh\u00e4usern und allen Arten von R\u00e4umlichkeiten, die ein schnelles und effizientes Heizsystem erfordern.","og_url":"https:\/\/www.metmann.com\/de\/producto\/pellet-heissluftgenerator-300-kw-bm-300\/","og_site_name":"MET MANN","article_modified_time":"2026-03-13T11:12:12+00:00","og_image":[{"url":"https:\/\/www.metmann.com\/wp-content\/uploads\/2021\/09\/1551953176_ngWn.jpg"}],"twitter_card":"summary_large_image","twitter_title":"Pellet-Hei\u00dfluftgenerator 300 kW - BM-300","twitter_description":"Industrieheizger\u00e4t mit Pellet- oder Olivenknochenbetrieb mit 300 kW Heizleistung. Seine Hauptanwendungen sind die Beheizung von Industriegeb\u00e4uden, Bauernh\u00f6fen, Gew\u00e4chsh\u00e4usern und allen Arten von R\u00e4umlichkeiten, die ein schnelles und effizientes Heizsystem erfordern.","twitter_image":"https:\/\/www.metmann.com\/wp-content\/uploads\/2021\/09\/1551953176_ngWn.jpg","schema":{"@context":"https:\/\/schema.org","@graph":[{"@type":"WebPage","@id":"https:\/\/www.metmann.com\/de\/producto\/pellet-heissluftgenerator-300-kw-bm-300\/","url":"https:\/\/www.metmann.com\/de\/producto\/pellet-heissluftgenerator-300-kw-bm-300\/","name":"Pellet-Hei\u00dfluftgenerator 300 kW - BM-300","isPartOf":{"@id":"https:\/\/www.metmann.com\/de\/#website"},"primaryImageOfPage":{"@id":"https:\/\/www.metmann.com\/de\/producto\/pellet-heissluftgenerator-300-kw-bm-300\/#primaryimage"},"image":{"@id":"https:\/\/www.metmann.com\/de\/producto\/pellet-heissluftgenerator-300-kw-bm-300\/#primaryimage"},"thumbnailUrl":"https:\/\/www.metmann.com\/wp-content\/uploads\/2021\/11\/BM-300DEPOSITO-SF.png","datePublished":"2021-11-03T16:24:34+00:00","dateModified":"2026-03-13T11:12:12+00:00","description":"Industrieheizger\u00e4t mit Pellet- oder Olivenknochenbetrieb mit 300 kW Heizleistung. Seine Hauptanwendungen sind die Beheizung von Industriegeb\u00e4uden, Bauernh\u00f6fen, Gew\u00e4chsh\u00e4usern und allen Arten von R\u00e4umlichkeiten, die ein schnelles und effizientes Heizsystem erfordern.","breadcrumb":{"@id":"https:\/\/www.metmann.com\/de\/producto\/pellet-heissluftgenerator-300-kw-bm-300\/#breadcrumb"},"inLanguage":"de","potentialAction":[{"@type":"ReadAction","target":["https:\/\/www.metmann.com\/de\/producto\/pellet-heissluftgenerator-300-kw-bm-300\/"]}]},{"@type":"ImageObject","inLanguage":"de","@id":"https:\/\/www.metmann.com\/de\/producto\/pellet-heissluftgenerator-300-kw-bm-300\/#primaryimage","url":"https:\/\/www.metmann.com\/wp-content\/uploads\/2021\/11\/BM-300DEPOSITO-SF.png","contentUrl":"https:\/\/www.metmann.com\/wp-content\/uploads\/2021\/11\/BM-300DEPOSITO-SF.png","width":1200,"height":1200},{"@type":"BreadcrumbList","@id":"https:\/\/www.metmann.com\/de\/producto\/pellet-heissluftgenerator-300-kw-bm-300\/#breadcrumb","itemListElement":[{"@type":"ListItem","position":1,"name":"Inicio","item":"https:\/\/www.metmann.com\/de\/"},{"@type":"ListItem","position":2,"name":"Produkte","item":"https:\/\/www.metmann.com\/productos\/"},{"@type":"ListItem","position":3,"name":"BM-300 &#8211; Pellet-Hei\u00dfluftgenerator 300 kW"}]},{"@type":"WebSite","@id":"https:\/\/www.metmann.com\/de\/#website","url":"https:\/\/www.metmann.com\/de\/","name":"MET MANN","description":"Climatizaci\u00f3n industrial, Calefactores y Ventilaci\u00f3n para empresas","publisher":{"@id":"https:\/\/www.metmann.com\/de\/#organization"},"potentialAction":[{"@type":"SearchAction","target":{"@type":"EntryPoint","urlTemplate":"https:\/\/www.metmann.com\/de\/?s={search_term_string}"},"query-input":"required name=search_term_string"}],"inLanguage":"de"},{"@type":"Organization","@id":"https:\/\/www.metmann.com\/de\/#organization","name":"Met Mann","url":"https:\/\/www.metmann.com\/de\/","logo":{"@type":"ImageObject","inLanguage":"de","@id":"https:\/\/www.metmann.com\/de\/#\/schema\/logo\/image\/","url":"https:\/\/www.metmann.com\/wp-content\/uploads\/2021\/12\/logo-color-met-mann-01.jpg","contentUrl":"https:\/\/www.metmann.com\/wp-content\/uploads\/2021\/12\/logo-color-met-mann-01.jpg","width":351,"height":133,"caption":"Met Mann"},"image":{"@id":"https:\/\/www.metmann.com\/de\/#\/schema\/logo\/image\/"}}]}},"_links":{"self":[{"href":"https:\/\/www.metmann.com\/de\/wp-json\/wp\/v2\/product\/9485"}],"collection":[{"href":"https:\/\/www.metmann.com\/de\/wp-json\/wp\/v2\/product"}],"about":[{"href":"https:\/\/www.metmann.com\/de\/wp-json\/wp\/v2\/types\/product"}],"replies":[{"embeddable":true,"href":"https:\/\/www.metmann.com\/de\/wp-json\/wp\/v2\/comments?post=9485"}],"wp:featuredmedia":[{"embeddable":true,"href":"https:\/\/www.metmann.com\/de\/wp-json\/wp\/v2\/media\/16770"}],"wp:attachment":[{"href":"https:\/\/www.metmann.com\/de\/wp-json\/wp\/v2\/media?parent=9485"}],"wp:term":[{"taxonomy":"product_cat","embeddable":true,"href":"https:\/\/www.metmann.com\/de\/wp-json\/wp\/v2\/product_cat?post=9485"},{"taxonomy":"product_tag","embeddable":true,"href":"https:\/\/www.metmann.com\/de\/wp-json\/wp\/v2\/product_tag?post=9485"}],"curies":[{"name":"wp","href":"https:\/\/api.w.org\/{rel}","templated":true}]}}