{"id":9534,"date":"2021-11-03T13:53:19","date_gmt":"2021-11-03T16:25:41","guid":{"rendered":"https:\/\/metmann.com.185-176-9-81.185-176-9-81.visualpublinet.com\/producto\/gasbrenner-1-stufiger-60-120-kw-ng-120\/"},"modified":"2023-06-30T11:33:06","modified_gmt":"2023-06-30T09:33:06","slug":"gasbrenner-1-stufiger-60-120-kw-ng-120","status":"publish","type":"product","link":"https:\/\/www.metmann.com\/de\/producto\/gasbrenner-1-stufiger-60-120-kw-ng-120\/","title":{"rendered":"NG 120 &#8211; Gasbrenner 1-stufiger 60-120 kW"},"content":{"rendered":"<div>\n<p>&nbsp;<\/p>\n<\/div>\n<p>&nbsp;<\/p>\n","protected":false},"excerpt":{"rendered":"<p>&nbsp; &nbsp;<\/p>\n","protected":false},"featured_media":16286,"comment_status":"closed","ping_status":"closed","template":"","meta":{"_acf_changed":false,"_et_pb_use_builder":"","_et_pb_old_content":"","_et_gb_content_width":"","_joinchat":[]},"product_cat":[378,406],"product_tag":[],"acf":[],"yoast_head":"<!-- This site is optimized with the Yoast SEO plugin v22.6 - https:\/\/yoast.com\/wordpress\/plugins\/seo\/ -->\r\n<title>Gasbrenner 1-stufiger 60-120 kW | NG 120<\/title>\r\n<meta name=\"description\" content=\"Br\u00fbleur \u00e0 gaz | 60 \u00e0 120 kW | 1 \u00e9tape | NG 120 | UNIGAS\" \/>\r\n<meta name=\"robots\" content=\"index, follow, max-snippet:-1, max-image-preview:large, max-video-preview:-1\" \/>\r\n<link rel=\"canonical\" href=\"https:\/\/www.metmann.com\/de\/producto\/gasbrenner-1-stufiger-60-120-kw-ng-120\/\" \/>\r\n<meta property=\"og:locale\" content=\"de_DE\" \/>\r\n<meta property=\"og:type\" content=\"article\" \/>\r\n<meta property=\"og:title\" content=\"Gasbrenner 1-stufiger 60-120 kW | NG 120\" \/>\r\n<meta property=\"og:description\" content=\"Br\u00fbleur \u00e0 gaz | 60 \u00e0 120 kW | 1 \u00e9tape | NG 120 | UNIGAS\" \/>\r\n<meta property=\"og:url\" content=\"https:\/\/www.metmann.com\/de\/producto\/gasbrenner-1-stufiger-60-120-kw-ng-120\/\" \/>\r\n<meta property=\"og:site_name\" content=\"MET MANN\" \/>\r\n<meta property=\"article:modified_time\" content=\"2023-06-30T09:33:06+00:00\" \/>\r\n<meta property=\"og:image\" content=\"https:\/\/www.metmann.com\/wp-content\/uploads\/2021\/09\/1578664334_yUAq.jpg\" \/>\r\n<meta name=\"twitter:card\" content=\"summary_large_image\" \/>\r\n<meta name=\"twitter:title\" content=\"Gasbrenner 1-stufiger 60-120 kW | NG 120\" \/>\r\n<meta name=\"twitter:description\" content=\"Br\u00fbleur \u00e0 gaz | 60 \u00e0 120 kW | 1 \u00e9tape | NG 120 | UNIGAS\" \/>\r\n<meta name=\"twitter:image\" content=\"https:\/\/www.metmann.com\/wp-content\/uploads\/2021\/09\/1578664334_yUAq.jpg\" \/>\r\n<script type=\"application\/ld+json\" class=\"yoast-schema-graph\">{\"@context\":\"https:\/\/schema.org\",\"@graph\":[{\"@type\":\"WebPage\",\"@id\":\"https:\/\/www.metmann.com\/de\/producto\/gasbrenner-1-stufiger-60-120-kw-ng-120\/\",\"url\":\"https:\/\/www.metmann.com\/de\/producto\/gasbrenner-1-stufiger-60-120-kw-ng-120\/\",\"name\":\"Gasbrenner 1-stufiger 60-120 kW | NG 120\",\"isPartOf\":{\"@id\":\"https:\/\/www.metmann.com\/de\/#website\"},\"primaryImageOfPage\":{\"@id\":\"https:\/\/www.metmann.com\/de\/producto\/gasbrenner-1-stufiger-60-120-kw-ng-120\/#primaryimage\"},\"image\":{\"@id\":\"https:\/\/www.metmann.com\/de\/producto\/gasbrenner-1-stufiger-60-120-kw-ng-120\/#primaryimage\"},\"thumbnailUrl\":\"https:\/\/www.metmann.com\/wp-content\/uploads\/2021\/11\/NG-120_140_200.png\",\"datePublished\":\"2021-11-03T16:25:41+00:00\",\"dateModified\":\"2023-06-30T09:33:06+00:00\",\"description\":\"Br\u00fbleur \u00e0 gaz | 60 \u00e0 120 kW | 1 \u00e9tape | NG 120 | UNIGAS\",\"breadcrumb\":{\"@id\":\"https:\/\/www.metmann.com\/de\/producto\/gasbrenner-1-stufiger-60-120-kw-ng-120\/#breadcrumb\"},\"inLanguage\":\"de\",\"potentialAction\":[{\"@type\":\"ReadAction\",\"target\":[\"https:\/\/www.metmann.com\/de\/producto\/gasbrenner-1-stufiger-60-120-kw-ng-120\/\"]}]},{\"@type\":\"ImageObject\",\"inLanguage\":\"de\",\"@id\":\"https:\/\/www.metmann.com\/de\/producto\/gasbrenner-1-stufiger-60-120-kw-ng-120\/#primaryimage\",\"url\":\"https:\/\/www.metmann.com\/wp-content\/uploads\/2021\/11\/NG-120_140_200.png\",\"contentUrl\":\"https:\/\/www.metmann.com\/wp-content\/uploads\/2021\/11\/NG-120_140_200.png\",\"width\":317,\"height\":318},{\"@type\":\"BreadcrumbList\",\"@id\":\"https:\/\/www.metmann.com\/de\/producto\/gasbrenner-1-stufiger-60-120-kw-ng-120\/#breadcrumb\",\"itemListElement\":[{\"@type\":\"ListItem\",\"position\":1,\"name\":\"Inicio\",\"item\":\"https:\/\/www.metmann.com\/de\/\"},{\"@type\":\"ListItem\",\"position\":2,\"name\":\"Produkte\",\"item\":\"https:\/\/www.metmann.com\/productos\/\"},{\"@type\":\"ListItem\",\"position\":3,\"name\":\"NG 120 &#8211; Gasbrenner 1-stufiger 60-120 kW\"}]},{\"@type\":\"WebSite\",\"@id\":\"https:\/\/www.metmann.com\/de\/#website\",\"url\":\"https:\/\/www.metmann.com\/de\/\",\"name\":\"MET MANN\",\"description\":\"Climatizaci\u00f3n industrial, Calefactores y Ventilaci\u00f3n para empresas\",\"publisher\":{\"@id\":\"https:\/\/www.metmann.com\/de\/#organization\"},\"potentialAction\":[{\"@type\":\"SearchAction\",\"target\":{\"@type\":\"EntryPoint\",\"urlTemplate\":\"https:\/\/www.metmann.com\/de\/?s={search_term_string}\"},\"query-input\":\"required name=search_term_string\"}],\"inLanguage\":\"de\"},{\"@type\":\"Organization\",\"@id\":\"https:\/\/www.metmann.com\/de\/#organization\",\"name\":\"Met Mann\",\"url\":\"https:\/\/www.metmann.com\/de\/\",\"logo\":{\"@type\":\"ImageObject\",\"inLanguage\":\"de\",\"@id\":\"https:\/\/www.metmann.com\/de\/#\/schema\/logo\/image\/\",\"url\":\"https:\/\/www.metmann.com\/wp-content\/uploads\/2021\/12\/logo-color-met-mann-01.jpg\",\"contentUrl\":\"https:\/\/www.metmann.com\/wp-content\/uploads\/2021\/12\/logo-color-met-mann-01.jpg\",\"width\":351,\"height\":133,\"caption\":\"Met Mann\"},\"image\":{\"@id\":\"https:\/\/www.metmann.com\/de\/#\/schema\/logo\/image\/\"}}]}<\/script>\r\n<!-- \/ Yoast SEO plugin. -->","yoast_head_json":{"title":"Gasbrenner 1-stufiger 60-120 kW | NG 120","description":"Br\u00fbleur \u00e0 gaz | 60 \u00e0 120 kW | 1 \u00e9tape | NG 120 | UNIGAS","robots":{"index":"index","follow":"follow","max-snippet":"max-snippet:-1","max-image-preview":"max-image-preview:large","max-video-preview":"max-video-preview:-1"},"canonical":"https:\/\/www.metmann.com\/de\/producto\/gasbrenner-1-stufiger-60-120-kw-ng-120\/","og_locale":"de_DE","og_type":"article","og_title":"Gasbrenner 1-stufiger 60-120 kW | NG 120","og_description":"Br\u00fbleur \u00e0 gaz | 60 \u00e0 120 kW | 1 \u00e9tape | NG 120 | UNIGAS","og_url":"https:\/\/www.metmann.com\/de\/producto\/gasbrenner-1-stufiger-60-120-kw-ng-120\/","og_site_name":"MET MANN","article_modified_time":"2023-06-30T09:33:06+00:00","og_image":[{"url":"https:\/\/www.metmann.com\/wp-content\/uploads\/2021\/09\/1578664334_yUAq.jpg"}],"twitter_card":"summary_large_image","twitter_title":"Gasbrenner 1-stufiger 60-120 kW | NG 120","twitter_description":"Br\u00fbleur \u00e0 gaz | 60 \u00e0 120 kW | 1 \u00e9tape | NG 120 | UNIGAS","twitter_image":"https:\/\/www.metmann.com\/wp-content\/uploads\/2021\/09\/1578664334_yUAq.jpg","schema":{"@context":"https:\/\/schema.org","@graph":[{"@type":"WebPage","@id":"https:\/\/www.metmann.com\/de\/producto\/gasbrenner-1-stufiger-60-120-kw-ng-120\/","url":"https:\/\/www.metmann.com\/de\/producto\/gasbrenner-1-stufiger-60-120-kw-ng-120\/","name":"Gasbrenner 1-stufiger 60-120 kW | NG 120","isPartOf":{"@id":"https:\/\/www.metmann.com\/de\/#website"},"primaryImageOfPage":{"@id":"https:\/\/www.metmann.com\/de\/producto\/gasbrenner-1-stufiger-60-120-kw-ng-120\/#primaryimage"},"image":{"@id":"https:\/\/www.metmann.com\/de\/producto\/gasbrenner-1-stufiger-60-120-kw-ng-120\/#primaryimage"},"thumbnailUrl":"https:\/\/www.metmann.com\/wp-content\/uploads\/2021\/11\/NG-120_140_200.png","datePublished":"2021-11-03T16:25:41+00:00","dateModified":"2023-06-30T09:33:06+00:00","description":"Br\u00fbleur \u00e0 gaz | 60 \u00e0 120 kW | 1 \u00e9tape | NG 120 | UNIGAS","breadcrumb":{"@id":"https:\/\/www.metmann.com\/de\/producto\/gasbrenner-1-stufiger-60-120-kw-ng-120\/#breadcrumb"},"inLanguage":"de","potentialAction":[{"@type":"ReadAction","target":["https:\/\/www.metmann.com\/de\/producto\/gasbrenner-1-stufiger-60-120-kw-ng-120\/"]}]},{"@type":"ImageObject","inLanguage":"de","@id":"https:\/\/www.metmann.com\/de\/producto\/gasbrenner-1-stufiger-60-120-kw-ng-120\/#primaryimage","url":"https:\/\/www.metmann.com\/wp-content\/uploads\/2021\/11\/NG-120_140_200.png","contentUrl":"https:\/\/www.metmann.com\/wp-content\/uploads\/2021\/11\/NG-120_140_200.png","width":317,"height":318},{"@type":"BreadcrumbList","@id":"https:\/\/www.metmann.com\/de\/producto\/gasbrenner-1-stufiger-60-120-kw-ng-120\/#breadcrumb","itemListElement":[{"@type":"ListItem","position":1,"name":"Inicio","item":"https:\/\/www.metmann.com\/de\/"},{"@type":"ListItem","position":2,"name":"Produkte","item":"https:\/\/www.metmann.com\/productos\/"},{"@type":"ListItem","position":3,"name":"NG 120 &#8211; Gasbrenner 1-stufiger 60-120 kW"}]},{"@type":"WebSite","@id":"https:\/\/www.metmann.com\/de\/#website","url":"https:\/\/www.metmann.com\/de\/","name":"MET MANN","description":"Climatizaci\u00f3n industrial, Calefactores y Ventilaci\u00f3n para empresas","publisher":{"@id":"https:\/\/www.metmann.com\/de\/#organization"},"potentialAction":[{"@type":"SearchAction","target":{"@type":"EntryPoint","urlTemplate":"https:\/\/www.metmann.com\/de\/?s={search_term_string}"},"query-input":"required name=search_term_string"}],"inLanguage":"de"},{"@type":"Organization","@id":"https:\/\/www.metmann.com\/de\/#organization","name":"Met Mann","url":"https:\/\/www.metmann.com\/de\/","logo":{"@type":"ImageObject","inLanguage":"de","@id":"https:\/\/www.metmann.com\/de\/#\/schema\/logo\/image\/","url":"https:\/\/www.metmann.com\/wp-content\/uploads\/2021\/12\/logo-color-met-mann-01.jpg","contentUrl":"https:\/\/www.metmann.com\/wp-content\/uploads\/2021\/12\/logo-color-met-mann-01.jpg","width":351,"height":133,"caption":"Met Mann"},"image":{"@id":"https:\/\/www.metmann.com\/de\/#\/schema\/logo\/image\/"}}]}},"_links":{"self":[{"href":"https:\/\/www.metmann.com\/de\/wp-json\/wp\/v2\/product\/9534"}],"collection":[{"href":"https:\/\/www.metmann.com\/de\/wp-json\/wp\/v2\/product"}],"about":[{"href":"https:\/\/www.metmann.com\/de\/wp-json\/wp\/v2\/types\/product"}],"replies":[{"embeddable":true,"href":"https:\/\/www.metmann.com\/de\/wp-json\/wp\/v2\/comments?post=9534"}],"wp:featuredmedia":[{"embeddable":true,"href":"https:\/\/www.metmann.com\/de\/wp-json\/wp\/v2\/media\/16286"}],"wp:attachment":[{"href":"https:\/\/www.metmann.com\/de\/wp-json\/wp\/v2\/media?parent=9534"}],"wp:term":[{"taxonomy":"product_cat","embeddable":true,"href":"https:\/\/www.metmann.com\/de\/wp-json\/wp\/v2\/product_cat?post=9534"},{"taxonomy":"product_tag","embeddable":true,"href":"https:\/\/www.metmann.com\/de\/wp-json\/wp\/v2\/product_tag?post=9534"}],"curies":[{"name":"wp","href":"https:\/\/api.w.org\/{rel}","templated":true}]}}