{"id":9618,"date":"2021-11-03T13:54:48","date_gmt":"2021-11-03T16:26:55","guid":{"rendered":"https:\/\/metmann.com.185-176-9-81.185-176-9-81.visualpublinet.com\/producto\/tragbare-dieselbrennstoffheizung-490-kw-mi-46\/"},"modified":"2023-05-24T09:59:34","modified_gmt":"2023-05-24T07:59:34","slug":"tragbare-dieselbrennstoffheizung-490-kw-mi-46","status":"publish","type":"product","link":"https:\/\/www.metmann.com\/de\/producto\/tragbare-dieselbrennstoffheizung-490-kw-mi-46\/","title":{"rendered":"MI-46 &#8211; Tragbare Dieselbrennstoffheizung 49,0 kW"},"content":{"rendered":"<div>\u00a0<\/div>\n<p><span id=\"result_box\" class=\"\" lang=\"de\" tabindex=\"-1\"><span title=\"- Peso: 25 kg \"><br \/>\u00a0<br \/><\/span><\/span><\/p>\n<h2>\u00a0<\/h2>\n","protected":false},"excerpt":{"rendered":"<p>\u00a0 \u00a0 \u00a0<\/p>\n","protected":false},"featured_media":16936,"comment_status":"closed","ping_status":"closed","template":"","meta":{"_acf_changed":false,"_et_pb_use_builder":"","_et_pb_old_content":"","_et_gb_content_width":"","_joinchat":[]},"product_cat":[374,429],"product_tag":[],"acf":[],"yoast_head":"<!-- This site is optimized with the Yoast SEO plugin v22.6 - https:\/\/yoast.com\/wordpress\/plugins\/seo\/ -->\r\n<title>Tragbare Dieselbrennstoffheizung 49,0 kW - MI-46<\/title>\r\n<meta name=\"description\" content=\"Hei\u00dflufterhitzer mit Dieselbetrieb und direkter Verbrennung von 49 kW Ger\u00e4te speziell f\u00fcr die schnelle und effiziente Erw\u00e4rmung von offenen oder gut bel\u00fcfteten R\u00e4umen.\" \/>\r\n<meta name=\"robots\" content=\"index, follow, max-snippet:-1, max-image-preview:large, max-video-preview:-1\" \/>\r\n<link rel=\"canonical\" href=\"https:\/\/www.metmann.com\/de\/producto\/tragbare-dieselbrennstoffheizung-490-kw-mi-46\/\" \/>\r\n<meta property=\"og:locale\" content=\"de_DE\" \/>\r\n<meta property=\"og:type\" content=\"article\" \/>\r\n<meta property=\"og:title\" content=\"Tragbare Dieselbrennstoffheizung 49,0 kW - MI-46\" \/>\r\n<meta property=\"og:description\" content=\"Hei\u00dflufterhitzer mit Dieselbetrieb und direkter Verbrennung von 49 kW Ger\u00e4te speziell f\u00fcr die schnelle und effiziente Erw\u00e4rmung von offenen oder gut bel\u00fcfteten R\u00e4umen.\" \/>\r\n<meta property=\"og:url\" content=\"https:\/\/www.metmann.com\/de\/producto\/tragbare-dieselbrennstoffheizung-490-kw-mi-46\/\" \/>\r\n<meta property=\"og:site_name\" content=\"MET MANN\" \/>\r\n<meta property=\"article:modified_time\" content=\"2023-05-24T07:59:34+00:00\" \/>\r\n<meta property=\"og:image\" content=\"https:\/\/www.metmann.com\/wp-content\/uploads\/2021\/09\/1529494970_YD5e.png\" \/>\r\n<meta name=\"twitter:card\" content=\"summary_large_image\" \/>\r\n<meta name=\"twitter:title\" content=\"Tragbare Dieselbrennstoffheizung 49,0 kW - MI-46\" \/>\r\n<meta name=\"twitter:description\" content=\"Hei\u00dflufterhitzer mit Dieselbetrieb und direkter Verbrennung von 49 kW Ger\u00e4te speziell f\u00fcr die schnelle und effiziente Erw\u00e4rmung von offenen oder gut bel\u00fcfteten R\u00e4umen.\" \/>\r\n<meta name=\"twitter:image\" content=\"https:\/\/www.metmann.com\/wp-content\/uploads\/2021\/09\/1529494970_YD5e.png\" \/>\r\n<script type=\"application\/ld+json\" class=\"yoast-schema-graph\">{\"@context\":\"https:\/\/schema.org\",\"@graph\":[{\"@type\":\"WebPage\",\"@id\":\"https:\/\/www.metmann.com\/de\/producto\/tragbare-dieselbrennstoffheizung-490-kw-mi-46\/\",\"url\":\"https:\/\/www.metmann.com\/de\/producto\/tragbare-dieselbrennstoffheizung-490-kw-mi-46\/\",\"name\":\"Tragbare Dieselbrennstoffheizung 49,0 kW - MI-46\",\"isPartOf\":{\"@id\":\"https:\/\/www.metmann.com\/de\/#website\"},\"primaryImageOfPage\":{\"@id\":\"https:\/\/www.metmann.com\/de\/producto\/tragbare-dieselbrennstoffheizung-490-kw-mi-46\/#primaryimage\"},\"image\":{\"@id\":\"https:\/\/www.metmann.com\/de\/producto\/tragbare-dieselbrennstoffheizung-490-kw-mi-46\/#primaryimage\"},\"thumbnailUrl\":\"https:\/\/www.metmann.com\/wp-content\/uploads\/2021\/11\/MI.png\",\"datePublished\":\"2021-11-03T16:26:55+00:00\",\"dateModified\":\"2023-05-24T07:59:34+00:00\",\"description\":\"Hei\u00dflufterhitzer mit Dieselbetrieb und direkter Verbrennung von 49 kW Ger\u00e4te speziell f\u00fcr die schnelle und effiziente Erw\u00e4rmung von offenen oder gut bel\u00fcfteten R\u00e4umen.\",\"breadcrumb\":{\"@id\":\"https:\/\/www.metmann.com\/de\/producto\/tragbare-dieselbrennstoffheizung-490-kw-mi-46\/#breadcrumb\"},\"inLanguage\":\"de\",\"potentialAction\":[{\"@type\":\"ReadAction\",\"target\":[\"https:\/\/www.metmann.com\/de\/producto\/tragbare-dieselbrennstoffheizung-490-kw-mi-46\/\"]}]},{\"@type\":\"ImageObject\",\"inLanguage\":\"de\",\"@id\":\"https:\/\/www.metmann.com\/de\/producto\/tragbare-dieselbrennstoffheizung-490-kw-mi-46\/#primaryimage\",\"url\":\"https:\/\/www.metmann.com\/wp-content\/uploads\/2021\/11\/MI.png\",\"contentUrl\":\"https:\/\/www.metmann.com\/wp-content\/uploads\/2021\/11\/MI.png\",\"width\":470,\"height\":470},{\"@type\":\"BreadcrumbList\",\"@id\":\"https:\/\/www.metmann.com\/de\/producto\/tragbare-dieselbrennstoffheizung-490-kw-mi-46\/#breadcrumb\",\"itemListElement\":[{\"@type\":\"ListItem\",\"position\":1,\"name\":\"Inicio\",\"item\":\"https:\/\/www.metmann.com\/de\/\"},{\"@type\":\"ListItem\",\"position\":2,\"name\":\"Produkte\",\"item\":\"https:\/\/www.metmann.com\/productos\/\"},{\"@type\":\"ListItem\",\"position\":3,\"name\":\"MI-46 &#8211; Tragbare Dieselbrennstoffheizung 49,0 kW\"}]},{\"@type\":\"WebSite\",\"@id\":\"https:\/\/www.metmann.com\/de\/#website\",\"url\":\"https:\/\/www.metmann.com\/de\/\",\"name\":\"MET MANN\",\"description\":\"Climatizaci\u00f3n industrial, Calefactores y Ventilaci\u00f3n para empresas\",\"publisher\":{\"@id\":\"https:\/\/www.metmann.com\/de\/#organization\"},\"potentialAction\":[{\"@type\":\"SearchAction\",\"target\":{\"@type\":\"EntryPoint\",\"urlTemplate\":\"https:\/\/www.metmann.com\/de\/?s={search_term_string}\"},\"query-input\":\"required name=search_term_string\"}],\"inLanguage\":\"de\"},{\"@type\":\"Organization\",\"@id\":\"https:\/\/www.metmann.com\/de\/#organization\",\"name\":\"Met Mann\",\"url\":\"https:\/\/www.metmann.com\/de\/\",\"logo\":{\"@type\":\"ImageObject\",\"inLanguage\":\"de\",\"@id\":\"https:\/\/www.metmann.com\/de\/#\/schema\/logo\/image\/\",\"url\":\"https:\/\/www.metmann.com\/wp-content\/uploads\/2021\/12\/logo-color-met-mann-01.jpg\",\"contentUrl\":\"https:\/\/www.metmann.com\/wp-content\/uploads\/2021\/12\/logo-color-met-mann-01.jpg\",\"width\":351,\"height\":133,\"caption\":\"Met Mann\"},\"image\":{\"@id\":\"https:\/\/www.metmann.com\/de\/#\/schema\/logo\/image\/\"}}]}<\/script>\r\n<!-- \/ Yoast SEO plugin. -->","yoast_head_json":{"title":"Tragbare Dieselbrennstoffheizung 49,0 kW - MI-46","description":"Hei\u00dflufterhitzer mit Dieselbetrieb und direkter Verbrennung von 49 kW Ger\u00e4te speziell f\u00fcr die schnelle und effiziente Erw\u00e4rmung von offenen oder gut bel\u00fcfteten R\u00e4umen.","robots":{"index":"index","follow":"follow","max-snippet":"max-snippet:-1","max-image-preview":"max-image-preview:large","max-video-preview":"max-video-preview:-1"},"canonical":"https:\/\/www.metmann.com\/de\/producto\/tragbare-dieselbrennstoffheizung-490-kw-mi-46\/","og_locale":"de_DE","og_type":"article","og_title":"Tragbare Dieselbrennstoffheizung 49,0 kW - MI-46","og_description":"Hei\u00dflufterhitzer mit Dieselbetrieb und direkter Verbrennung von 49 kW Ger\u00e4te speziell f\u00fcr die schnelle und effiziente Erw\u00e4rmung von offenen oder gut bel\u00fcfteten R\u00e4umen.","og_url":"https:\/\/www.metmann.com\/de\/producto\/tragbare-dieselbrennstoffheizung-490-kw-mi-46\/","og_site_name":"MET MANN","article_modified_time":"2023-05-24T07:59:34+00:00","og_image":[{"url":"https:\/\/www.metmann.com\/wp-content\/uploads\/2021\/09\/1529494970_YD5e.png"}],"twitter_card":"summary_large_image","twitter_title":"Tragbare Dieselbrennstoffheizung 49,0 kW - MI-46","twitter_description":"Hei\u00dflufterhitzer mit Dieselbetrieb und direkter Verbrennung von 49 kW Ger\u00e4te speziell f\u00fcr die schnelle und effiziente Erw\u00e4rmung von offenen oder gut bel\u00fcfteten R\u00e4umen.","twitter_image":"https:\/\/www.metmann.com\/wp-content\/uploads\/2021\/09\/1529494970_YD5e.png","schema":{"@context":"https:\/\/schema.org","@graph":[{"@type":"WebPage","@id":"https:\/\/www.metmann.com\/de\/producto\/tragbare-dieselbrennstoffheizung-490-kw-mi-46\/","url":"https:\/\/www.metmann.com\/de\/producto\/tragbare-dieselbrennstoffheizung-490-kw-mi-46\/","name":"Tragbare Dieselbrennstoffheizung 49,0 kW - MI-46","isPartOf":{"@id":"https:\/\/www.metmann.com\/de\/#website"},"primaryImageOfPage":{"@id":"https:\/\/www.metmann.com\/de\/producto\/tragbare-dieselbrennstoffheizung-490-kw-mi-46\/#primaryimage"},"image":{"@id":"https:\/\/www.metmann.com\/de\/producto\/tragbare-dieselbrennstoffheizung-490-kw-mi-46\/#primaryimage"},"thumbnailUrl":"https:\/\/www.metmann.com\/wp-content\/uploads\/2021\/11\/MI.png","datePublished":"2021-11-03T16:26:55+00:00","dateModified":"2023-05-24T07:59:34+00:00","description":"Hei\u00dflufterhitzer mit Dieselbetrieb und direkter Verbrennung von 49 kW Ger\u00e4te speziell f\u00fcr die schnelle und effiziente Erw\u00e4rmung von offenen oder gut bel\u00fcfteten R\u00e4umen.","breadcrumb":{"@id":"https:\/\/www.metmann.com\/de\/producto\/tragbare-dieselbrennstoffheizung-490-kw-mi-46\/#breadcrumb"},"inLanguage":"de","potentialAction":[{"@type":"ReadAction","target":["https:\/\/www.metmann.com\/de\/producto\/tragbare-dieselbrennstoffheizung-490-kw-mi-46\/"]}]},{"@type":"ImageObject","inLanguage":"de","@id":"https:\/\/www.metmann.com\/de\/producto\/tragbare-dieselbrennstoffheizung-490-kw-mi-46\/#primaryimage","url":"https:\/\/www.metmann.com\/wp-content\/uploads\/2021\/11\/MI.png","contentUrl":"https:\/\/www.metmann.com\/wp-content\/uploads\/2021\/11\/MI.png","width":470,"height":470},{"@type":"BreadcrumbList","@id":"https:\/\/www.metmann.com\/de\/producto\/tragbare-dieselbrennstoffheizung-490-kw-mi-46\/#breadcrumb","itemListElement":[{"@type":"ListItem","position":1,"name":"Inicio","item":"https:\/\/www.metmann.com\/de\/"},{"@type":"ListItem","position":2,"name":"Produkte","item":"https:\/\/www.metmann.com\/productos\/"},{"@type":"ListItem","position":3,"name":"MI-46 &#8211; Tragbare Dieselbrennstoffheizung 49,0 kW"}]},{"@type":"WebSite","@id":"https:\/\/www.metmann.com\/de\/#website","url":"https:\/\/www.metmann.com\/de\/","name":"MET MANN","description":"Climatizaci\u00f3n industrial, Calefactores y Ventilaci\u00f3n para empresas","publisher":{"@id":"https:\/\/www.metmann.com\/de\/#organization"},"potentialAction":[{"@type":"SearchAction","target":{"@type":"EntryPoint","urlTemplate":"https:\/\/www.metmann.com\/de\/?s={search_term_string}"},"query-input":"required name=search_term_string"}],"inLanguage":"de"},{"@type":"Organization","@id":"https:\/\/www.metmann.com\/de\/#organization","name":"Met Mann","url":"https:\/\/www.metmann.com\/de\/","logo":{"@type":"ImageObject","inLanguage":"de","@id":"https:\/\/www.metmann.com\/de\/#\/schema\/logo\/image\/","url":"https:\/\/www.metmann.com\/wp-content\/uploads\/2021\/12\/logo-color-met-mann-01.jpg","contentUrl":"https:\/\/www.metmann.com\/wp-content\/uploads\/2021\/12\/logo-color-met-mann-01.jpg","width":351,"height":133,"caption":"Met Mann"},"image":{"@id":"https:\/\/www.metmann.com\/de\/#\/schema\/logo\/image\/"}}]}},"_links":{"self":[{"href":"https:\/\/www.metmann.com\/de\/wp-json\/wp\/v2\/product\/9618"}],"collection":[{"href":"https:\/\/www.metmann.com\/de\/wp-json\/wp\/v2\/product"}],"about":[{"href":"https:\/\/www.metmann.com\/de\/wp-json\/wp\/v2\/types\/product"}],"replies":[{"embeddable":true,"href":"https:\/\/www.metmann.com\/de\/wp-json\/wp\/v2\/comments?post=9618"}],"wp:featuredmedia":[{"embeddable":true,"href":"https:\/\/www.metmann.com\/de\/wp-json\/wp\/v2\/media\/16936"}],"wp:attachment":[{"href":"https:\/\/www.metmann.com\/de\/wp-json\/wp\/v2\/media?parent=9618"}],"wp:term":[{"taxonomy":"product_cat","embeddable":true,"href":"https:\/\/www.metmann.com\/de\/wp-json\/wp\/v2\/product_cat?post=9618"},{"taxonomy":"product_tag","embeddable":true,"href":"https:\/\/www.metmann.com\/de\/wp-json\/wp\/v2\/product_tag?post=9618"}],"curies":[{"name":"wp","href":"https:\/\/api.w.org\/{rel}","templated":true}]}}