{"id":9653,"date":"2021-11-03T13:55:13","date_gmt":"2021-11-03T16:27:13","guid":{"rendered":"https:\/\/metmann.com.185-176-9-81.185-176-9-81.visualpublinet.com\/producto\/gasheizer-fuer-freiflaechen-15-31-kw-gw\/"},"modified":"2021-11-03T16:27:26","modified_gmt":"2021-11-03T16:27:26","slug":"gasheizer-fuer-freiflaechen-15-31-kw-gw","status":"publish","type":"product","link":"https:\/\/www.metmann.com\/de\/producto\/gasheizer-fuer-freiflaechen-15-31-kw-gw\/","title":{"rendered":"Gasheizer f\u00fcr Freifl\u00e4chen 15-31 kW | GW"},"content":{"rendered":"<h2>Butan- oder Propangasheizer zur Beheizung von Freifl\u00e4chen, in denen kein Strom verf\u00fcgbar ist<\/h2>\n<p>&nbsp;<br \/> Die Verwendung wird besonders in offenen R\u00e4umen wie Stra\u00dfenm\u00e4rkten, Bauwerken usw. empfohlen.<br \/> &nbsp;<br \/> Die Verwendung ist nicht in geschlossenen R\u00e4umen oder an Orten geeignet, an denen Kinder teilnehmen.<br \/> &nbsp;  <\/p>\n<h3><span style=\"font-weight: bold;\">Eigenschaften:<\/span><\/h3>\n<p>&nbsp;<br \/> &#8211; Integrierter Gasbrenner<br \/> &#8211; Manuelle Z\u00fcndsteuerung<br \/> &#8211; 5 m Gasanschlussschlauchset<br \/> &#8211; Druckminderer<br \/> &#8211; Sicherheitsventil<br \/> &#8211; Einstellbarer Druckminderer<br \/> &#8211; St\u00fctzbeine<br \/> &#8211; Absturzsicherung<br \/> &nbsp;  <\/p>\n<h3><span style=\"font-weight: bold;\">Technische Daten<\/span><\/h3>\n<p>&nbsp;<br \/> W\u00e4rmeleistung: 15 bis 31 kW<br \/> Ausbeute: 100%<br \/> Verbrauch: 1-2,1 kg \/ h<br \/> Gasdruck: 0,4 bis 1,5 bar<br \/> Abmessungen: 528 x 528 x 676 mm<br \/> Gewicht: 17 kg<br \/> &nbsp;  <\/p>\n<h2><span style=\"font-weight: bold;\">Weitere Informationen erhalten Sie unter Tel. +34 93 851 15 99<\/span><\/h2>\n","protected":false},"excerpt":{"rendered":"<p>Butan- oder Propangasheizer zur Beheizung von Freifl\u00e4chen, in denen kein Strom verf\u00fcgbar ist &nbsp; Die Verwendung wird besonders in offenen R\u00e4umen wie Stra\u00dfenm\u00e4rkten, Bauwerken usw. empfohlen. &nbsp; Die Verwendung ist nicht in geschlossenen R\u00e4umen oder an Orten geeignet, an denen Kinder teilnehmen. &nbsp; Eigenschaften: &nbsp; &#8211; Integrierter Gasbrenner &#8211; Manuelle Z\u00fcndsteuerung &#8211; 5 m Gasanschlussschlauchset [&hellip;]<\/p>\n","protected":false},"featured_media":16967,"comment_status":"closed","ping_status":"closed","template":"","meta":{"_acf_changed":false,"_et_pb_use_builder":"","_et_pb_old_content":"","_et_gb_content_width":"","_joinchat":[]},"product_cat":[374],"product_tag":[],"acf":[],"yoast_head":"<!-- This site is optimized with the Yoast SEO plugin v22.6 - https:\/\/yoast.com\/wordpress\/plugins\/seo\/ -->\r\n<title>Gasheizer f\u00fcr Freifl\u00e4chen 15-31 kW | GW<\/title>\r\n<meta name=\"description\" content=\"Beheizung von Freifl\u00e4chen | Gasheizung | ohne strom | MET MANN\" \/>\r\n<meta name=\"robots\" content=\"index, follow, max-snippet:-1, max-image-preview:large, max-video-preview:-1\" \/>\r\n<link rel=\"canonical\" href=\"https:\/\/www.metmann.com\/de\/producto\/gasheizer-fuer-freiflaechen-15-31-kw-gw\/\" \/>\r\n<meta property=\"og:locale\" content=\"de_DE\" \/>\r\n<meta property=\"og:type\" content=\"article\" \/>\r\n<meta property=\"og:title\" content=\"Gasheizer f\u00fcr Freifl\u00e4chen 15-31 kW | GW\" \/>\r\n<meta property=\"og:description\" content=\"Beheizung von Freifl\u00e4chen | Gasheizung | ohne strom | MET MANN\" \/>\r\n<meta property=\"og:url\" content=\"https:\/\/www.metmann.com\/de\/producto\/gasheizer-fuer-freiflaechen-15-31-kw-gw\/\" \/>\r\n<meta property=\"og:site_name\" content=\"MET MANN\" \/>\r\n<meta property=\"article:modified_time\" content=\"2021-11-03T16:27:26+00:00\" \/>\r\n<meta property=\"og:image\" content=\"https:\/\/www.metmann.com\/wp-content\/uploads\/2021\/09\/1579686616_Fq8t.jpg\" \/>\r\n<meta name=\"twitter:card\" content=\"summary_large_image\" \/>\r\n<meta name=\"twitter:title\" content=\"Gasheizer f\u00fcr Freifl\u00e4chen 15-31 kW | GW\" \/>\r\n<meta name=\"twitter:description\" content=\"Beheizung von Freifl\u00e4chen | Gasheizung | ohne strom | MET MANN\" \/>\r\n<meta name=\"twitter:image\" content=\"https:\/\/www.metmann.com\/wp-content\/uploads\/2021\/09\/1579686616_Fq8t.jpg\" \/>\r\n<meta name=\"twitter:label1\" content=\"Gesch\u00e4tzte Lesezeit\" \/>\n\t<meta name=\"twitter:data1\" content=\"1\u00a0Minute\" \/>\r\n<script type=\"application\/ld+json\" class=\"yoast-schema-graph\">{\"@context\":\"https:\/\/schema.org\",\"@graph\":[{\"@type\":\"WebPage\",\"@id\":\"https:\/\/www.metmann.com\/de\/producto\/gasheizer-fuer-freiflaechen-15-31-kw-gw\/\",\"url\":\"https:\/\/www.metmann.com\/de\/producto\/gasheizer-fuer-freiflaechen-15-31-kw-gw\/\",\"name\":\"Gasheizer f\u00fcr Freifl\u00e4chen 15-31 kW | GW\",\"isPartOf\":{\"@id\":\"https:\/\/www.metmann.com\/de\/#website\"},\"primaryImageOfPage\":{\"@id\":\"https:\/\/www.metmann.com\/de\/producto\/gasheizer-fuer-freiflaechen-15-31-kw-gw\/#primaryimage\"},\"image\":{\"@id\":\"https:\/\/www.metmann.com\/de\/producto\/gasheizer-fuer-freiflaechen-15-31-kw-gw\/#primaryimage\"},\"thumbnailUrl\":\"https:\/\/www.metmann.com\/wp-content\/uploads\/2021\/11\/GW.png\",\"datePublished\":\"2021-11-03T16:27:13+00:00\",\"dateModified\":\"2021-11-03T16:27:26+00:00\",\"description\":\"Beheizung von Freifl\u00e4chen | Gasheizung | ohne strom | MET MANN\",\"breadcrumb\":{\"@id\":\"https:\/\/www.metmann.com\/de\/producto\/gasheizer-fuer-freiflaechen-15-31-kw-gw\/#breadcrumb\"},\"inLanguage\":\"de\",\"potentialAction\":[{\"@type\":\"ReadAction\",\"target\":[\"https:\/\/www.metmann.com\/de\/producto\/gasheizer-fuer-freiflaechen-15-31-kw-gw\/\"]}]},{\"@type\":\"ImageObject\",\"inLanguage\":\"de\",\"@id\":\"https:\/\/www.metmann.com\/de\/producto\/gasheizer-fuer-freiflaechen-15-31-kw-gw\/#primaryimage\",\"url\":\"https:\/\/www.metmann.com\/wp-content\/uploads\/2021\/11\/GW.png\",\"contentUrl\":\"https:\/\/www.metmann.com\/wp-content\/uploads\/2021\/11\/GW.png\",\"width\":627,\"height\":627},{\"@type\":\"BreadcrumbList\",\"@id\":\"https:\/\/www.metmann.com\/de\/producto\/gasheizer-fuer-freiflaechen-15-31-kw-gw\/#breadcrumb\",\"itemListElement\":[{\"@type\":\"ListItem\",\"position\":1,\"name\":\"Inicio\",\"item\":\"https:\/\/www.metmann.com\/de\/\"},{\"@type\":\"ListItem\",\"position\":2,\"name\":\"Produkte\",\"item\":\"https:\/\/www.metmann.com\/productos\/\"},{\"@type\":\"ListItem\",\"position\":3,\"name\":\"Gasheizer f\u00fcr Freifl\u00e4chen 15-31 kW | GW\"}]},{\"@type\":\"WebSite\",\"@id\":\"https:\/\/www.metmann.com\/de\/#website\",\"url\":\"https:\/\/www.metmann.com\/de\/\",\"name\":\"MET MANN\",\"description\":\"Climatizaci\u00f3n industrial, Calefactores y Ventilaci\u00f3n para empresas\",\"publisher\":{\"@id\":\"https:\/\/www.metmann.com\/de\/#organization\"},\"potentialAction\":[{\"@type\":\"SearchAction\",\"target\":{\"@type\":\"EntryPoint\",\"urlTemplate\":\"https:\/\/www.metmann.com\/de\/?s={search_term_string}\"},\"query-input\":\"required name=search_term_string\"}],\"inLanguage\":\"de\"},{\"@type\":\"Organization\",\"@id\":\"https:\/\/www.metmann.com\/de\/#organization\",\"name\":\"Met Mann\",\"url\":\"https:\/\/www.metmann.com\/de\/\",\"logo\":{\"@type\":\"ImageObject\",\"inLanguage\":\"de\",\"@id\":\"https:\/\/www.metmann.com\/de\/#\/schema\/logo\/image\/\",\"url\":\"https:\/\/www.metmann.com\/wp-content\/uploads\/2021\/12\/logo-color-met-mann-01.jpg\",\"contentUrl\":\"https:\/\/www.metmann.com\/wp-content\/uploads\/2021\/12\/logo-color-met-mann-01.jpg\",\"width\":351,\"height\":133,\"caption\":\"Met Mann\"},\"image\":{\"@id\":\"https:\/\/www.metmann.com\/de\/#\/schema\/logo\/image\/\"}}]}<\/script>\r\n<!-- \/ Yoast SEO plugin. -->","yoast_head_json":{"title":"Gasheizer f\u00fcr Freifl\u00e4chen 15-31 kW | GW","description":"Beheizung von Freifl\u00e4chen | Gasheizung | ohne strom | MET MANN","robots":{"index":"index","follow":"follow","max-snippet":"max-snippet:-1","max-image-preview":"max-image-preview:large","max-video-preview":"max-video-preview:-1"},"canonical":"https:\/\/www.metmann.com\/de\/producto\/gasheizer-fuer-freiflaechen-15-31-kw-gw\/","og_locale":"de_DE","og_type":"article","og_title":"Gasheizer f\u00fcr Freifl\u00e4chen 15-31 kW | GW","og_description":"Beheizung von Freifl\u00e4chen | Gasheizung | ohne strom | MET MANN","og_url":"https:\/\/www.metmann.com\/de\/producto\/gasheizer-fuer-freiflaechen-15-31-kw-gw\/","og_site_name":"MET MANN","article_modified_time":"2021-11-03T16:27:26+00:00","og_image":[{"url":"https:\/\/www.metmann.com\/wp-content\/uploads\/2021\/09\/1579686616_Fq8t.jpg"}],"twitter_card":"summary_large_image","twitter_title":"Gasheizer f\u00fcr Freifl\u00e4chen 15-31 kW | GW","twitter_description":"Beheizung von Freifl\u00e4chen | Gasheizung | ohne strom | MET MANN","twitter_image":"https:\/\/www.metmann.com\/wp-content\/uploads\/2021\/09\/1579686616_Fq8t.jpg","twitter_misc":{"Gesch\u00e4tzte Lesezeit":"1\u00a0Minute"},"schema":{"@context":"https:\/\/schema.org","@graph":[{"@type":"WebPage","@id":"https:\/\/www.metmann.com\/de\/producto\/gasheizer-fuer-freiflaechen-15-31-kw-gw\/","url":"https:\/\/www.metmann.com\/de\/producto\/gasheizer-fuer-freiflaechen-15-31-kw-gw\/","name":"Gasheizer f\u00fcr Freifl\u00e4chen 15-31 kW | GW","isPartOf":{"@id":"https:\/\/www.metmann.com\/de\/#website"},"primaryImageOfPage":{"@id":"https:\/\/www.metmann.com\/de\/producto\/gasheizer-fuer-freiflaechen-15-31-kw-gw\/#primaryimage"},"image":{"@id":"https:\/\/www.metmann.com\/de\/producto\/gasheizer-fuer-freiflaechen-15-31-kw-gw\/#primaryimage"},"thumbnailUrl":"https:\/\/www.metmann.com\/wp-content\/uploads\/2021\/11\/GW.png","datePublished":"2021-11-03T16:27:13+00:00","dateModified":"2021-11-03T16:27:26+00:00","description":"Beheizung von Freifl\u00e4chen | Gasheizung | ohne strom | MET MANN","breadcrumb":{"@id":"https:\/\/www.metmann.com\/de\/producto\/gasheizer-fuer-freiflaechen-15-31-kw-gw\/#breadcrumb"},"inLanguage":"de","potentialAction":[{"@type":"ReadAction","target":["https:\/\/www.metmann.com\/de\/producto\/gasheizer-fuer-freiflaechen-15-31-kw-gw\/"]}]},{"@type":"ImageObject","inLanguage":"de","@id":"https:\/\/www.metmann.com\/de\/producto\/gasheizer-fuer-freiflaechen-15-31-kw-gw\/#primaryimage","url":"https:\/\/www.metmann.com\/wp-content\/uploads\/2021\/11\/GW.png","contentUrl":"https:\/\/www.metmann.com\/wp-content\/uploads\/2021\/11\/GW.png","width":627,"height":627},{"@type":"BreadcrumbList","@id":"https:\/\/www.metmann.com\/de\/producto\/gasheizer-fuer-freiflaechen-15-31-kw-gw\/#breadcrumb","itemListElement":[{"@type":"ListItem","position":1,"name":"Inicio","item":"https:\/\/www.metmann.com\/de\/"},{"@type":"ListItem","position":2,"name":"Produkte","item":"https:\/\/www.metmann.com\/productos\/"},{"@type":"ListItem","position":3,"name":"Gasheizer f\u00fcr Freifl\u00e4chen 15-31 kW | GW"}]},{"@type":"WebSite","@id":"https:\/\/www.metmann.com\/de\/#website","url":"https:\/\/www.metmann.com\/de\/","name":"MET MANN","description":"Climatizaci\u00f3n industrial, Calefactores y Ventilaci\u00f3n para empresas","publisher":{"@id":"https:\/\/www.metmann.com\/de\/#organization"},"potentialAction":[{"@type":"SearchAction","target":{"@type":"EntryPoint","urlTemplate":"https:\/\/www.metmann.com\/de\/?s={search_term_string}"},"query-input":"required name=search_term_string"}],"inLanguage":"de"},{"@type":"Organization","@id":"https:\/\/www.metmann.com\/de\/#organization","name":"Met Mann","url":"https:\/\/www.metmann.com\/de\/","logo":{"@type":"ImageObject","inLanguage":"de","@id":"https:\/\/www.metmann.com\/de\/#\/schema\/logo\/image\/","url":"https:\/\/www.metmann.com\/wp-content\/uploads\/2021\/12\/logo-color-met-mann-01.jpg","contentUrl":"https:\/\/www.metmann.com\/wp-content\/uploads\/2021\/12\/logo-color-met-mann-01.jpg","width":351,"height":133,"caption":"Met Mann"},"image":{"@id":"https:\/\/www.metmann.com\/de\/#\/schema\/logo\/image\/"}}]}},"_links":{"self":[{"href":"https:\/\/www.metmann.com\/de\/wp-json\/wp\/v2\/product\/9653"}],"collection":[{"href":"https:\/\/www.metmann.com\/de\/wp-json\/wp\/v2\/product"}],"about":[{"href":"https:\/\/www.metmann.com\/de\/wp-json\/wp\/v2\/types\/product"}],"replies":[{"embeddable":true,"href":"https:\/\/www.metmann.com\/de\/wp-json\/wp\/v2\/comments?post=9653"}],"wp:featuredmedia":[{"embeddable":true,"href":"https:\/\/www.metmann.com\/de\/wp-json\/wp\/v2\/media\/16967"}],"wp:attachment":[{"href":"https:\/\/www.metmann.com\/de\/wp-json\/wp\/v2\/media?parent=9653"}],"wp:term":[{"taxonomy":"product_cat","embeddable":true,"href":"https:\/\/www.metmann.com\/de\/wp-json\/wp\/v2\/product_cat?post=9653"},{"taxonomy":"product_tag","embeddable":true,"href":"https:\/\/www.metmann.com\/de\/wp-json\/wp\/v2\/product_tag?post=9653"}],"curies":[{"name":"wp","href":"https:\/\/api.w.org\/{rel}","templated":true}]}}