{"id":19231,"date":"2020-02-17T09:27:38","date_gmt":"2020-02-17T09:27:38","guid":{"rendered":"https:\/\/metmann.com.185-176-9-81.185-176-9-81.visualpublinet.com\/aviso-legal\/"},"modified":"2026-04-24T09:02:48","modified_gmt":"2026-04-24T07:02:48","slug":"aviso-legal","status":"publish","type":"page","link":"https:\/\/www.metmann.com\/fr\/aviso-legal\/","title":{"rendered":"Avis juridique"},"content":{"rendered":"<p>[et_pb_section fb_built=\u00a0\u00bb1&Prime; admin_label=\u00a0\u00bbSection\u00a0\u00bb module_class=\u00a0\u00bbcabecera-general\u00a0\u00bb _builder_version=\u00a0\u00bb4.16&Prime; _module_preset=\u00a0\u00bbdefault\u00a0\u00bb background_color=\u00a0\u00bb#f4f4f4&Prime; use_background_color_gradient=\u00a0\u00bbon\u00a0\u00bb background_color_gradient_direction=\u00a0\u00bb124deg\u00a0\u00bb background_color_gradient_stops=\u00a0\u00bb#e5e5e5 75%|#fbc201 75%\u00a0\u00bb background_color_gradient_start=\u00a0\u00bb#e5e5e5&Prime; background_color_gradient_start_position=\u00a0\u00bb75%\u00a0\u00bb background_color_gradient_end=\u00a0\u00bb#fbc201&Prime; background_color_gradient_end_position=\u00a0\u00bb75%\u00a0\u00bb custom_margin=\u00a0\u00bb0px||0px||false|false\u00a0\u00bb custom_margin_tablet=\u00a0\u00bb||50px||false|false\u00a0\u00bb custom_margin_last_edited=\u00a0\u00bboff|desktop\u00a0\u00bb custom_padding=\u00a0\u00bb2%||2%||true|false\u00a0\u00bb animation_style=\u00a0\u00bbslide\u00a0\u00bb animation_direction=\u00a0\u00bbtop\u00a0\u00bb da_disable_devices=\u00a0\u00bboff|off|off\u00a0\u00bb global_colors_info=\u00a0\u00bb{}\u00a0\u00bb global_module=\u00a0\u00bb35352&Prime; theme_builder_area=\u00a0\u00bbpost_content\u00a0\u00bb da_is_popup=\u00a0\u00bboff\u00a0\u00bb da_exit_intent=\u00a0\u00bboff\u00a0\u00bb da_has_close=\u00a0\u00bbon\u00a0\u00bb da_alt_close=\u00a0\u00bboff\u00a0\u00bb da_dark_close=\u00a0\u00bboff\u00a0\u00bb da_not_modal=\u00a0\u00bbon\u00a0\u00bb da_is_singular=\u00a0\u00bboff\u00a0\u00bb da_with_loader=\u00a0\u00bboff\u00a0\u00bb da_has_shadow=\u00a0\u00bbon\u00a0\u00bb][et_pb_row _builder_version=\u00a0\u00bb4.16&Prime; _module_preset=\u00a0\u00bbdefault\u00a0\u00bb width_tablet=\u00a0\u00bb90%\u00a0\u00bb width_phone=\u00a0\u00bb\u00a0\u00bb width_last_edited=\u00a0\u00bbon|tablet\u00a0\u00bb custom_margin=\u00a0\u00bb0px||0px||false|false\u00a0\u00bb custom_padding=\u00a0\u00bb0px||0px||false|false\u00a0\u00bb global_colors_info=\u00a0\u00bb{}\u00a0\u00bb width__hover_enabled=\u00a0\u00bboff|desktop\u00a0\u00bb theme_builder_area=\u00a0\u00bbpost_content\u00a0\u00bb][et_pb_column type=\u00a0\u00bb4_4&Prime; _builder_version=\u00a0\u00bb4.16&Prime; _module_preset=\u00a0\u00bbdefault\u00a0\u00bb global_colors_info=\u00a0\u00bb{}\u00a0\u00bb theme_builder_area=\u00a0\u00bbpost_content\u00a0\u00bb][et_pb_code _builder_version=\u00a0\u00bb4.25.1&Prime; _module_preset=\u00a0\u00bbdefault\u00a0\u00bb custom_margin=\u00a0\u00bb||16px||false|false\u00a0\u00bb animation_style=\u00a0\u00bbslide\u00a0\u00bb animation_direction=\u00a0\u00bbleft\u00a0\u00bb global_colors_info=\u00a0\u00bb{}\u00a0\u00bb theme_builder_area=\u00a0\u00bbpost_content\u00a0\u00bb]<\/p>\n<div class=\"migas\"><!-- [et_pb_line_break_holder] -->  <span><span><a href=\"https:\/\/www.metmann.com\/fr\/\">Inicio<\/a><\/span><\/span><!-- [et_pb_line_break_holder] --><\/div>\n<p>[\/et_pb_code][et_pb_post_title meta=\u00a0\u00bboff\u00a0\u00bb featured_image=\u00a0\u00bboff\u00a0\u00bb _builder_version=\u00a0\u00bb4.25.1&Prime; _module_preset=\u00a0\u00bbdefault\u00a0\u00bb global_colors_info=\u00a0\u00bb{}\u00a0\u00bb theme_builder_area=\u00a0\u00bbpost_content\u00a0\u00bb][\/et_pb_post_title][\/et_pb_column][\/et_pb_row][\/et_pb_section][et_pb_section fb_built=\u00a0\u00bb1&Prime; _builder_version=\u00a0\u00bb4.16&Prime; custom_margin=\u00a0\u00bb50px||50px||false|false\u00a0\u00bb custom_padding=\u00a0\u00bb0px||0px||false|false\u00a0\u00bb da_disable_devices=\u00a0\u00bboff|off|off\u00a0\u00bb locked=\u00a0\u00bboff\u00a0\u00bb global_colors_info=\u00a0\u00bb{}\u00a0\u00bb da_is_popup=\u00a0\u00bboff\u00a0\u00bb da_exit_intent=\u00a0\u00bboff\u00a0\u00bb da_has_close=\u00a0\u00bbon\u00a0\u00bb da_alt_close=\u00a0\u00bboff\u00a0\u00bb da_dark_close=\u00a0\u00bboff\u00a0\u00bb da_not_modal=\u00a0\u00bbon\u00a0\u00bb da_is_singular=\u00a0\u00bboff\u00a0\u00bb da_with_loader=\u00a0\u00bboff\u00a0\u00bb da_has_shadow=\u00a0\u00bbon\u00a0\u00bb][et_pb_row _builder_version=\u00a0\u00bb4.16&Prime; background_size=\u00a0\u00bbinitial\u00a0\u00bb background_position=\u00a0\u00bbtop_left\u00a0\u00bb background_repeat=\u00a0\u00bbrepeat\u00a0\u00bb width_tablet=\u00a0\u00bb90%\u00a0\u00bb width_phone=\u00a0\u00bb\u00a0\u00bb width_last_edited=\u00a0\u00bbon|phone\u00a0\u00bb global_colors_info=\u00a0\u00bb{}\u00a0\u00bb][et_pb_column type=\u00a0\u00bb4_4&Prime; _builder_version=\u00a0\u00bb4.16&Prime; custom_padding=\u00a0\u00bb|||\u00a0\u00bb global_colors_info=\u00a0\u00bb{}\u00a0\u00bb custom_padding__hover=\u00a0\u00bb|||\u00a0\u00bb][et_pb_text _builder_version=\u00a0\u00bb4.25.1&Prime; _module_preset=\u00a0\u00bbdefault\u00a0\u00bb hover_enabled=\u00a0\u00bb0&Prime; global_colors_info=\u00a0\u00bb{}\u00a0\u00bb sticky_enabled=\u00a0\u00bb0&Prime;]<\/p>\n<p>Conform\u00e9ment \u00e0 la Loi 34\/2002, mise \u00e0 jour le 09\/05\/2023, relative aux services de la soci\u00e9t\u00e9 de l\u2019information et au commerce \u00e9lectronique, <b>METALURGICA MANLLEUENSE SA<\/b> vous informe qu\u2019elle est titulaire des sites web : . Conform\u00e9ment \u00e0 l\u2019exigence de l\u2019article 10 de ladite Loi, elle communique les informations suivantes : NIF\/CIF, A08316028, Registre du Commerce de BARCELONE, Tome : 33726, Feuillet : 38, Section, 8, Feuille : B-68874 et si\u00e8ge social : FONTCUBERTA 32-36 POL. IND. LA COROMINA. 08560, MANLLEU (BARCELONE). L\u2019adresse de courrier \u00e9lectronique de contact de l\u2019entreprise est : <a href=\"mailto:acosta@metmann.com\">acosta@metmann.com<\/a>.<\/p>\n<p><b>1. UTILISATEUR ET R\u00c9GIME DE RESPONSABILIT\u00c9S<\/b><\/p>\n<p>La navigation, l\u2019acc\u00e8s ou l\u2019utilisation du site web et de tous les sous-domaines et r\u00e9pertoires inclus sous le m\u00eame domaine, ainsi que les services ou contenus pouvant \u00eatre obtenus \u00e0 travers celui-ci et tous les portails appartenant \u00e0 <b>METALURGICA MANLLEUENSE SA<\/b>, conf\u00e8re la qualit\u00e9 d\u2019Utilisateur, ce qui implique l\u2019acceptation, lors de la navigation sur le site de <b>METALURGICA MANLLEUENSE SA<\/b>, de l\u2019ensemble des conditions d\u2019utilisation \u00e9tablies, sans pr\u00e9judice de l\u2019application de la r\u00e9glementation l\u00e9gale obligatoire correspondante selon le cas.<\/p>\n<p>Par cons\u00e9quent, si vous n\u2019\u00eates pas d\u2019accord avec les consid\u00e9rations d\u00e9taill\u00e9es dans le pr\u00e9sent avis l\u00e9gal, nous vous prions de ne pas utiliser le portail, car toute utilisation de celui-ci ou des services et contenus qu\u2019il contient impliquera l\u2019acceptation des termes juridiques expos\u00e9s dans ce texte.<\/p>\n<p>Le site web de <b>METALURGICA MANLLEUENSE SA<\/b> offre une grande diversit\u00e9 d\u2019informations, de services et de donn\u00e9es. L\u2019utilisateur assume la responsabilit\u00e9 de l\u2019utilisation correcte des sites web. Cette responsabilit\u00e9 s\u2019\u00e9tend \u00e0 : la v\u00e9racit\u00e9 et la l\u00e9galit\u00e9 des informations fournies par l\u2019utilisateur dans les formulaires d\u2019inscription et de contact de <b>METALURGICA MANLLEUENSE SA<\/b>, afin d\u2019acc\u00e9der \u00e0 certains contenus ou services propos\u00e9s par le site.<\/p>\n<p>L\u2019utilisation des informations, services et donn\u00e9es fournis par <b>METALURGICA MANLLEUENSE SA<\/b> ne devra pas contrevenir aux dispositions des pr\u00e9sentes clauses, \u00e0 la loi, \u00e0 la morale, aux bonnes m\u0153urs ou \u00e0 l\u2019ordre public, ni porter atteinte aux droits de tiers ou au bon fonctionnement des sites web. \u00c0 cet effet, l\u2019Utilisateur s\u2019abstiendra d\u2019utiliser tout contenu \u00e0 des fins illicites et interdites dans ce texte, portant atteinte aux droits et int\u00e9r\u00eats de tiers, ou pouvant de quelque mani\u00e8re que ce soit endommager, rendre inutilisable, surcharger, d\u00e9t\u00e9riorer ou emp\u00eacher l\u2019utilisation normale des contenus, par d\u2019autres Utilisateurs ou tout utilisateur d\u2019Internet (mat\u00e9riel et logiciel).<\/p>\n<p>Les utilisateurs seront responsables des dommages et pr\u00e9judices de toute nature que l\u2019entit\u00e9 propri\u00e9taire du site web pourrait subir, directement ou indirectement, \u00e0 la suite du non-respect de l\u2019une quelconque des obligations d\u00e9coulant de l\u2019utilisation du site web et de la pr\u00e9sente politique de confidentialit\u00e9.<\/p>\n<p>En particulier, et \u00e0 titre purement indicatif et non exhaustif, l\u2019Utilisateur s\u2019engage \u00e0 ne pas transmettre, diffuser ou mettre \u00e0 la disposition de tiers des informations, donn\u00e9es, contenus, messages, graphiques, dessins, fichiers sonores et\/ou images, photographies de ce site web.<\/p>\n<p>[\/et_pb_text][et_pb_image src=\u00a0\u00bbhttps:\/\/www.metmann.com\/wp-content\/uploads\/2025\/06\/12-sellolssi.png\u00a0\u00bb title_text=\u00a0\u00bb12-sellolssi\u00a0\u00bb _builder_version=\u00a0\u00bb4.25.1&Prime; _module_preset=\u00a0\u00bbdefault\u00a0\u00bb global_colors_info=\u00a0\u00bb{}\u00a0\u00bb][\/et_pb_image][\/et_pb_column][\/et_pb_row][\/et_pb_section]<\/p>\n","protected":false},"excerpt":{"rendered":"<p><span><span><a href=\"https:\/\/www.metmann.com\/fr\/\">Inicio<\/a><\/span><\/span>Conform\u00e9ment \u00e0 la Loi 34\/2002, mise \u00e0 jour le 09\/05\/2023, relative aux services de la soci\u00e9t\u00e9 de l\u2019information et au commerce \u00e9lectronique, METALURGICA MANLLEUENSE SA vous informe qu\u2019elle est titulaire des sites web : . Conform\u00e9ment \u00e0 l\u2019exigence de l\u2019article 10 de ladite Loi, elle communique les informations suivantes : NIF\/CIF, A08316028, Registre du Commerce [&hellip;]<\/p>\n","protected":false},"author":1,"featured_media":0,"parent":0,"menu_order":0,"comment_status":"closed","ping_status":"closed","template":"","meta":{"_acf_changed":false,"_et_pb_use_builder":"on","_et_pb_old_content":"","_et_gb_content_width":"","_joinchat":[],"footnotes":""},"acf":[],"yoast_head":"<!-- This site is optimized with the Yoast SEO plugin v22.6 - https:\/\/yoast.com\/wordpress\/plugins\/seo\/ -->\r\n<title>Avis juridique | MET MANN<\/title>\r\n<meta name=\"robots\" content=\"index, follow, max-snippet:-1, max-image-preview:large, max-video-preview:-1\" \/>\r\n<link rel=\"canonical\" href=\"https:\/\/www.metmann.com\/fr\/aviso-legal\/\" \/>\r\n<meta property=\"og:locale\" content=\"fr_FR\" \/>\r\n<meta property=\"og:type\" content=\"article\" \/>\r\n<meta property=\"og:title\" content=\"Avis juridique | MET MANN\" \/>\r\n<meta property=\"og:description\" content=\"Conform\u00e9ment \u00e0 la Loi 34\/2002, mise \u00e0 jour le 09\/05\/2023, relative aux services de la soci\u00e9t\u00e9 de l\u2019information et au commerce \u00e9lectronique, METALURGICA MANLLEUENSE SA vous informe qu\u2019elle est titulaire des sites web : . Conform\u00e9ment \u00e0 l\u2019exigence de l\u2019article 10 de ladite Loi, elle communique les informations suivantes : NIF\/CIF, A08316028, Registre du Commerce [&hellip;]\" \/>\r\n<meta property=\"og:url\" content=\"https:\/\/www.metmann.com\/fr\/aviso-legal\/\" \/>\r\n<meta property=\"og:site_name\" content=\"MET MANN\" \/>\r\n<meta property=\"article:modified_time\" content=\"2026-04-24T07:02:48+00:00\" \/>\r\n<meta name=\"twitter:card\" content=\"summary_large_image\" \/>\r\n<meta name=\"twitter:label1\" content=\"Dur\u00e9e de lecture estim\u00e9e\" \/>\n\t<meta name=\"twitter:data1\" content=\"3 minutes\" \/>\r\n<script type=\"application\/ld+json\" class=\"yoast-schema-graph\">{\"@context\":\"https:\/\/schema.org\",\"@graph\":[{\"@type\":\"WebPage\",\"@id\":\"https:\/\/www.metmann.com\/fr\/aviso-legal\/\",\"url\":\"https:\/\/www.metmann.com\/fr\/aviso-legal\/\",\"name\":\"Avis juridique | MET MANN\",\"isPartOf\":{\"@id\":\"https:\/\/www.metmann.com\/fr\/#website\"},\"datePublished\":\"2020-02-17T09:27:38+00:00\",\"dateModified\":\"2026-04-24T07:02:48+00:00\",\"breadcrumb\":{\"@id\":\"https:\/\/www.metmann.com\/fr\/aviso-legal\/#breadcrumb\"},\"inLanguage\":\"fr-FR\",\"potentialAction\":[{\"@type\":\"ReadAction\",\"target\":[\"https:\/\/www.metmann.com\/fr\/aviso-legal\/\"]}]},{\"@type\":\"BreadcrumbList\",\"@id\":\"https:\/\/www.metmann.com\/fr\/aviso-legal\/#breadcrumb\",\"itemListElement\":[{\"@type\":\"ListItem\",\"position\":1,\"name\":\"Inicio\",\"item\":\"https:\/\/www.metmann.com\/fr\/\"},{\"@type\":\"ListItem\",\"position\":2,\"name\":\"Avis juridique\"}]},{\"@type\":\"WebSite\",\"@id\":\"https:\/\/www.metmann.com\/fr\/#website\",\"url\":\"https:\/\/www.metmann.com\/fr\/\",\"name\":\"MET MANN\",\"description\":\"Climatizaci\u00f3n industrial, Calefactores y Ventilaci\u00f3n para empresas\",\"publisher\":{\"@id\":\"https:\/\/www.metmann.com\/fr\/#organization\"},\"potentialAction\":[{\"@type\":\"SearchAction\",\"target\":{\"@type\":\"EntryPoint\",\"urlTemplate\":\"https:\/\/www.metmann.com\/fr\/?s={search_term_string}\"},\"query-input\":\"required name=search_term_string\"}],\"inLanguage\":\"fr-FR\"},{\"@type\":\"Organization\",\"@id\":\"https:\/\/www.metmann.com\/fr\/#organization\",\"name\":\"Met Mann\",\"url\":\"https:\/\/www.metmann.com\/fr\/\",\"logo\":{\"@type\":\"ImageObject\",\"inLanguage\":\"fr-FR\",\"@id\":\"https:\/\/www.metmann.com\/fr\/#\/schema\/logo\/image\/\",\"url\":\"https:\/\/www.metmann.com\/wp-content\/uploads\/2021\/12\/logo-color-met-mann-01.jpg\",\"contentUrl\":\"https:\/\/www.metmann.com\/wp-content\/uploads\/2021\/12\/logo-color-met-mann-01.jpg\",\"width\":351,\"height\":133,\"caption\":\"Met Mann\"},\"image\":{\"@id\":\"https:\/\/www.metmann.com\/fr\/#\/schema\/logo\/image\/\"}}]}<\/script>\r\n<!-- \/ Yoast SEO plugin. -->","yoast_head_json":{"title":"Avis juridique | MET MANN","robots":{"index":"index","follow":"follow","max-snippet":"max-snippet:-1","max-image-preview":"max-image-preview:large","max-video-preview":"max-video-preview:-1"},"canonical":"https:\/\/www.metmann.com\/fr\/aviso-legal\/","og_locale":"fr_FR","og_type":"article","og_title":"Avis juridique | MET MANN","og_description":"Conform\u00e9ment \u00e0 la Loi 34\/2002, mise \u00e0 jour le 09\/05\/2023, relative aux services de la soci\u00e9t\u00e9 de l\u2019information et au commerce \u00e9lectronique, METALURGICA MANLLEUENSE SA vous informe qu\u2019elle est titulaire des sites web : . Conform\u00e9ment \u00e0 l\u2019exigence de l\u2019article 10 de ladite Loi, elle communique les informations suivantes : NIF\/CIF, A08316028, Registre du Commerce [&hellip;]","og_url":"https:\/\/www.metmann.com\/fr\/aviso-legal\/","og_site_name":"MET MANN","article_modified_time":"2026-04-24T07:02:48+00:00","twitter_card":"summary_large_image","twitter_misc":{"Dur\u00e9e de lecture estim\u00e9e":"3 minutes"},"schema":{"@context":"https:\/\/schema.org","@graph":[{"@type":"WebPage","@id":"https:\/\/www.metmann.com\/fr\/aviso-legal\/","url":"https:\/\/www.metmann.com\/fr\/aviso-legal\/","name":"Avis juridique | MET MANN","isPartOf":{"@id":"https:\/\/www.metmann.com\/fr\/#website"},"datePublished":"2020-02-17T09:27:38+00:00","dateModified":"2026-04-24T07:02:48+00:00","breadcrumb":{"@id":"https:\/\/www.metmann.com\/fr\/aviso-legal\/#breadcrumb"},"inLanguage":"fr-FR","potentialAction":[{"@type":"ReadAction","target":["https:\/\/www.metmann.com\/fr\/aviso-legal\/"]}]},{"@type":"BreadcrumbList","@id":"https:\/\/www.metmann.com\/fr\/aviso-legal\/#breadcrumb","itemListElement":[{"@type":"ListItem","position":1,"name":"Inicio","item":"https:\/\/www.metmann.com\/fr\/"},{"@type":"ListItem","position":2,"name":"Avis juridique"}]},{"@type":"WebSite","@id":"https:\/\/www.metmann.com\/fr\/#website","url":"https:\/\/www.metmann.com\/fr\/","name":"MET MANN","description":"Climatizaci\u00f3n industrial, Calefactores y Ventilaci\u00f3n para empresas","publisher":{"@id":"https:\/\/www.metmann.com\/fr\/#organization"},"potentialAction":[{"@type":"SearchAction","target":{"@type":"EntryPoint","urlTemplate":"https:\/\/www.metmann.com\/fr\/?s={search_term_string}"},"query-input":"required name=search_term_string"}],"inLanguage":"fr-FR"},{"@type":"Organization","@id":"https:\/\/www.metmann.com\/fr\/#organization","name":"Met Mann","url":"https:\/\/www.metmann.com\/fr\/","logo":{"@type":"ImageObject","inLanguage":"fr-FR","@id":"https:\/\/www.metmann.com\/fr\/#\/schema\/logo\/image\/","url":"https:\/\/www.metmann.com\/wp-content\/uploads\/2021\/12\/logo-color-met-mann-01.jpg","contentUrl":"https:\/\/www.metmann.com\/wp-content\/uploads\/2021\/12\/logo-color-met-mann-01.jpg","width":351,"height":133,"caption":"Met Mann"},"image":{"@id":"https:\/\/www.metmann.com\/fr\/#\/schema\/logo\/image\/"}}]}},"_links":{"self":[{"href":"https:\/\/www.metmann.com\/fr\/wp-json\/wp\/v2\/pages\/19231"}],"collection":[{"href":"https:\/\/www.metmann.com\/fr\/wp-json\/wp\/v2\/pages"}],"about":[{"href":"https:\/\/www.metmann.com\/fr\/wp-json\/wp\/v2\/types\/page"}],"author":[{"embeddable":true,"href":"https:\/\/www.metmann.com\/fr\/wp-json\/wp\/v2\/users\/1"}],"replies":[{"embeddable":true,"href":"https:\/\/www.metmann.com\/fr\/wp-json\/wp\/v2\/comments?post=19231"}],"version-history":[{"count":2,"href":"https:\/\/www.metmann.com\/fr\/wp-json\/wp\/v2\/pages\/19231\/revisions"}],"predecessor-version":[{"id":35361,"href":"https:\/\/www.metmann.com\/fr\/wp-json\/wp\/v2\/pages\/19231\/revisions\/35361"}],"wp:attachment":[{"href":"https:\/\/www.metmann.com\/fr\/wp-json\/wp\/v2\/media?parent=19231"}],"curies":[{"name":"wp","href":"https:\/\/api.w.org\/{rel}","templated":true}]}}