{"id":8573,"date":"2021-11-03T13:49:32","date_gmt":"2021-11-03T14:50:47","guid":{"rendered":"https:\/\/metmann.com.185-176-9-81.185-176-9-81.visualpublinet.com\/producto\/pompe-a-eau-pour-refroidisseur-par-evaporation-az-009-t\/"},"modified":"2023-04-20T13:21:52","modified_gmt":"2023-04-20T11:21:52","slug":"pompe-a-eau-pour-refroidisseur-par-evaporation-az-009-t","status":"publish","type":"product","link":"https:\/\/www.metmann.com\/fr\/producto\/pompe-a-eau-pour-refroidisseur-par-evaporation-az-009-t\/","title":{"rendered":"AZ 009-T &#8211; Pompe \u00e0 eau pour refroidisseur par \u00e9vaporation"},"content":{"rendered":"<p><span id=\"result_box\" class=\"\" lang=\"fr\" tabindex=\"-1\"><span id=\"result_box\" class=\"\" lang=\"fr\" tabindex=\"-1\"><span id=\"result_box\" class=\"\" lang=\"fr\" tabindex=\"-1\"><span id=\"result_box\" class=\"\" lang=\"fr\" tabindex=\"-1\"><span id=\"result_box\" class=\"\" lang=\"fr\" tabindex=\"-1\"><span id=\"result_box\" class=\"\" lang=\"fr\" tabindex=\"-1\"><span id=\"result_box\" class=\"\" lang=\"fr\" tabindex=\"-1\"><span id=\"result_box\" class=\"\" lang=\"fr\" tabindex=\"-1\"><span id=\"result_box\" class=\"\" lang=\"fr\" tabindex=\"-1\"><span title=\"La desinfecci\u00f3n UV es un proceso f\u00edsico que neutraliza los microorganismos instant\u00e1neamente cuando estos pasan a traves de las l\u00e1mparas ultravioleta sumergidas en el efluente.\"><span id=\"result_box\" class=\"\" lang=\"fr\" tabindex=\"-1\"><span id=\"result_box\" class=\"\" lang=\"fr\" tabindex=\"-1\"><span id=\"result_box\" class=\"\" lang=\"fr\" tabindex=\"-1\"><span id=\"result_box\" class=\"\" lang=\"fr\" tabindex=\"-1\"><br \/><\/span><\/span><\/span><\/span><br \/><\/span><\/span><\/span><\/span><\/span><\/span><\/span><\/span><\/span><\/span><span id=\"result_box\" class=\"\" lang=\"fr\" tabindex=\"-1\"><\/span><span id=\"result_box\" class=\"\" lang=\"fr\" tabindex=\"-1\"><span id=\"result_box\" class=\"\" lang=\"fr\" tabindex=\"-1\"><span id=\"result_box\" class=\"\" lang=\"fr\" tabindex=\"-1\"><\/span><\/span><\/span><\/p>\n","protected":false},"excerpt":{"rendered":"","protected":false},"featured_media":18498,"comment_status":"closed","ping_status":"closed","template":"","meta":{"_acf_changed":false,"_et_pb_use_builder":"","_et_pb_old_content":"","_et_gb_content_width":"","_joinchat":[]},"product_cat":[227,669],"product_tag":[],"acf":[],"yoast_head":"<!-- This site is optimized with the Yoast SEO plugin v22.6 - https:\/\/yoast.com\/wordpress\/plugins\/seo\/ -->\r\n<title>Pompe \u00e0 eau pour refroidisseur par \u00e9vaporation - AZ 009-T<\/title>\r\n<meta name=\"description\" content=\"Pompe \u00e0 eau pour refroidisseur par \u00e9vaporation - AZ 009-T\" \/>\r\n<meta name=\"robots\" content=\"index, follow, max-snippet:-1, max-image-preview:large, max-video-preview:-1\" \/>\r\n<link rel=\"canonical\" href=\"https:\/\/www.metmann.com\/fr\/producto\/pompe-a-eau-pour-refroidisseur-par-evaporation-az-009-t\/\" \/>\r\n<meta property=\"og:locale\" content=\"fr_FR\" \/>\r\n<meta property=\"og:type\" content=\"article\" \/>\r\n<meta property=\"og:title\" content=\"Pompe \u00e0 eau pour refroidisseur par \u00e9vaporation - AZ 009-T\" \/>\r\n<meta property=\"og:description\" content=\"Pompe \u00e0 eau pour refroidisseur par \u00e9vaporation - AZ 009-T\" \/>\r\n<meta property=\"og:url\" content=\"https:\/\/www.metmann.com\/fr\/producto\/pompe-a-eau-pour-refroidisseur-par-evaporation-az-009-t\/\" \/>\r\n<meta property=\"og:site_name\" content=\"MET MANN\" \/>\r\n<meta property=\"article:modified_time\" content=\"2023-04-20T11:21:52+00:00\" \/>\r\n<meta property=\"og:image\" content=\"https:\/\/www.metmann.com\/wp-content\/uploads\/2021\/09\/1496825210_1rEs.jpg\" \/>\r\n<meta name=\"twitter:card\" content=\"summary_large_image\" \/>\r\n<meta name=\"twitter:title\" content=\"Pompe \u00e0 eau pour refroidisseur par \u00e9vaporation - AZ 009-T\" \/>\r\n<meta name=\"twitter:description\" content=\"Pompe \u00e0 eau pour refroidisseur par \u00e9vaporation - AZ 009-T\" \/>\r\n<meta name=\"twitter:image\" content=\"https:\/\/www.metmann.com\/wp-content\/uploads\/2021\/09\/1496825210_1rEs.jpg\" \/>\r\n<script type=\"application\/ld+json\" class=\"yoast-schema-graph\">{\"@context\":\"https:\/\/schema.org\",\"@graph\":[{\"@type\":\"WebPage\",\"@id\":\"https:\/\/www.metmann.com\/fr\/producto\/pompe-a-eau-pour-refroidisseur-par-evaporation-az-009-t\/\",\"url\":\"https:\/\/www.metmann.com\/fr\/producto\/pompe-a-eau-pour-refroidisseur-par-evaporation-az-009-t\/\",\"name\":\"Pompe \u00e0 eau pour refroidisseur par \u00e9vaporation - AZ 009-T\",\"isPartOf\":{\"@id\":\"https:\/\/www.metmann.com\/fr\/#website\"},\"primaryImageOfPage\":{\"@id\":\"https:\/\/www.metmann.com\/fr\/producto\/pompe-a-eau-pour-refroidisseur-par-evaporation-az-009-t\/#primaryimage\"},\"image\":{\"@id\":\"https:\/\/www.metmann.com\/fr\/producto\/pompe-a-eau-pour-refroidisseur-par-evaporation-az-009-t\/#primaryimage\"},\"thumbnailUrl\":\"https:\/\/www.metmann.com\/wp-content\/uploads\/2021\/11\/AZ-007-009.png\",\"datePublished\":\"2021-11-03T14:50:47+00:00\",\"dateModified\":\"2023-04-20T11:21:52+00:00\",\"description\":\"Pompe \u00e0 eau pour refroidisseur par \u00e9vaporation - AZ 009-T\",\"breadcrumb\":{\"@id\":\"https:\/\/www.metmann.com\/fr\/producto\/pompe-a-eau-pour-refroidisseur-par-evaporation-az-009-t\/#breadcrumb\"},\"inLanguage\":\"fr-FR\",\"potentialAction\":[{\"@type\":\"ReadAction\",\"target\":[\"https:\/\/www.metmann.com\/fr\/producto\/pompe-a-eau-pour-refroidisseur-par-evaporation-az-009-t\/\"]}]},{\"@type\":\"ImageObject\",\"inLanguage\":\"fr-FR\",\"@id\":\"https:\/\/www.metmann.com\/fr\/producto\/pompe-a-eau-pour-refroidisseur-par-evaporation-az-009-t\/#primaryimage\",\"url\":\"https:\/\/www.metmann.com\/wp-content\/uploads\/2021\/11\/AZ-007-009.png\",\"contentUrl\":\"https:\/\/www.metmann.com\/wp-content\/uploads\/2021\/11\/AZ-007-009.png\",\"width\":249,\"height\":249},{\"@type\":\"BreadcrumbList\",\"@id\":\"https:\/\/www.metmann.com\/fr\/producto\/pompe-a-eau-pour-refroidisseur-par-evaporation-az-009-t\/#breadcrumb\",\"itemListElement\":[{\"@type\":\"ListItem\",\"position\":1,\"name\":\"Inicio\",\"item\":\"https:\/\/www.metmann.com\/fr\/\"},{\"@type\":\"ListItem\",\"position\":2,\"name\":\"Productos\",\"item\":\"https:\/\/www.metmann.com\/productos\/\"},{\"@type\":\"ListItem\",\"position\":3,\"name\":\"AZ 009-T &#8211; Pompe \u00e0 eau pour refroidisseur par \u00e9vaporation\"}]},{\"@type\":\"WebSite\",\"@id\":\"https:\/\/www.metmann.com\/fr\/#website\",\"url\":\"https:\/\/www.metmann.com\/fr\/\",\"name\":\"MET MANN\",\"description\":\"Climatizaci\u00f3n industrial, Calefactores y Ventilaci\u00f3n para empresas\",\"publisher\":{\"@id\":\"https:\/\/www.metmann.com\/fr\/#organization\"},\"potentialAction\":[{\"@type\":\"SearchAction\",\"target\":{\"@type\":\"EntryPoint\",\"urlTemplate\":\"https:\/\/www.metmann.com\/fr\/?s={search_term_string}\"},\"query-input\":\"required name=search_term_string\"}],\"inLanguage\":\"fr-FR\"},{\"@type\":\"Organization\",\"@id\":\"https:\/\/www.metmann.com\/fr\/#organization\",\"name\":\"Met Mann\",\"url\":\"https:\/\/www.metmann.com\/fr\/\",\"logo\":{\"@type\":\"ImageObject\",\"inLanguage\":\"fr-FR\",\"@id\":\"https:\/\/www.metmann.com\/fr\/#\/schema\/logo\/image\/\",\"url\":\"https:\/\/www.metmann.com\/wp-content\/uploads\/2021\/12\/logo-color-met-mann-01.jpg\",\"contentUrl\":\"https:\/\/www.metmann.com\/wp-content\/uploads\/2021\/12\/logo-color-met-mann-01.jpg\",\"width\":351,\"height\":133,\"caption\":\"Met Mann\"},\"image\":{\"@id\":\"https:\/\/www.metmann.com\/fr\/#\/schema\/logo\/image\/\"}}]}<\/script>\r\n<!-- \/ Yoast SEO plugin. -->","yoast_head_json":{"title":"Pompe \u00e0 eau pour refroidisseur par \u00e9vaporation - AZ 009-T","description":"Pompe \u00e0 eau pour refroidisseur par \u00e9vaporation - AZ 009-T","robots":{"index":"index","follow":"follow","max-snippet":"max-snippet:-1","max-image-preview":"max-image-preview:large","max-video-preview":"max-video-preview:-1"},"canonical":"https:\/\/www.metmann.com\/fr\/producto\/pompe-a-eau-pour-refroidisseur-par-evaporation-az-009-t\/","og_locale":"fr_FR","og_type":"article","og_title":"Pompe \u00e0 eau pour refroidisseur par \u00e9vaporation - AZ 009-T","og_description":"Pompe \u00e0 eau pour refroidisseur par \u00e9vaporation - AZ 009-T","og_url":"https:\/\/www.metmann.com\/fr\/producto\/pompe-a-eau-pour-refroidisseur-par-evaporation-az-009-t\/","og_site_name":"MET MANN","article_modified_time":"2023-04-20T11:21:52+00:00","og_image":[{"url":"https:\/\/www.metmann.com\/wp-content\/uploads\/2021\/09\/1496825210_1rEs.jpg"}],"twitter_card":"summary_large_image","twitter_title":"Pompe \u00e0 eau pour refroidisseur par \u00e9vaporation - AZ 009-T","twitter_description":"Pompe \u00e0 eau pour refroidisseur par \u00e9vaporation - AZ 009-T","twitter_image":"https:\/\/www.metmann.com\/wp-content\/uploads\/2021\/09\/1496825210_1rEs.jpg","schema":{"@context":"https:\/\/schema.org","@graph":[{"@type":"WebPage","@id":"https:\/\/www.metmann.com\/fr\/producto\/pompe-a-eau-pour-refroidisseur-par-evaporation-az-009-t\/","url":"https:\/\/www.metmann.com\/fr\/producto\/pompe-a-eau-pour-refroidisseur-par-evaporation-az-009-t\/","name":"Pompe \u00e0 eau pour refroidisseur par \u00e9vaporation - AZ 009-T","isPartOf":{"@id":"https:\/\/www.metmann.com\/fr\/#website"},"primaryImageOfPage":{"@id":"https:\/\/www.metmann.com\/fr\/producto\/pompe-a-eau-pour-refroidisseur-par-evaporation-az-009-t\/#primaryimage"},"image":{"@id":"https:\/\/www.metmann.com\/fr\/producto\/pompe-a-eau-pour-refroidisseur-par-evaporation-az-009-t\/#primaryimage"},"thumbnailUrl":"https:\/\/www.metmann.com\/wp-content\/uploads\/2021\/11\/AZ-007-009.png","datePublished":"2021-11-03T14:50:47+00:00","dateModified":"2023-04-20T11:21:52+00:00","description":"Pompe \u00e0 eau pour refroidisseur par \u00e9vaporation - AZ 009-T","breadcrumb":{"@id":"https:\/\/www.metmann.com\/fr\/producto\/pompe-a-eau-pour-refroidisseur-par-evaporation-az-009-t\/#breadcrumb"},"inLanguage":"fr-FR","potentialAction":[{"@type":"ReadAction","target":["https:\/\/www.metmann.com\/fr\/producto\/pompe-a-eau-pour-refroidisseur-par-evaporation-az-009-t\/"]}]},{"@type":"ImageObject","inLanguage":"fr-FR","@id":"https:\/\/www.metmann.com\/fr\/producto\/pompe-a-eau-pour-refroidisseur-par-evaporation-az-009-t\/#primaryimage","url":"https:\/\/www.metmann.com\/wp-content\/uploads\/2021\/11\/AZ-007-009.png","contentUrl":"https:\/\/www.metmann.com\/wp-content\/uploads\/2021\/11\/AZ-007-009.png","width":249,"height":249},{"@type":"BreadcrumbList","@id":"https:\/\/www.metmann.com\/fr\/producto\/pompe-a-eau-pour-refroidisseur-par-evaporation-az-009-t\/#breadcrumb","itemListElement":[{"@type":"ListItem","position":1,"name":"Inicio","item":"https:\/\/www.metmann.com\/fr\/"},{"@type":"ListItem","position":2,"name":"Productos","item":"https:\/\/www.metmann.com\/productos\/"},{"@type":"ListItem","position":3,"name":"AZ 009-T &#8211; Pompe \u00e0 eau pour refroidisseur par \u00e9vaporation"}]},{"@type":"WebSite","@id":"https:\/\/www.metmann.com\/fr\/#website","url":"https:\/\/www.metmann.com\/fr\/","name":"MET MANN","description":"Climatizaci\u00f3n industrial, Calefactores y Ventilaci\u00f3n para empresas","publisher":{"@id":"https:\/\/www.metmann.com\/fr\/#organization"},"potentialAction":[{"@type":"SearchAction","target":{"@type":"EntryPoint","urlTemplate":"https:\/\/www.metmann.com\/fr\/?s={search_term_string}"},"query-input":"required name=search_term_string"}],"inLanguage":"fr-FR"},{"@type":"Organization","@id":"https:\/\/www.metmann.com\/fr\/#organization","name":"Met Mann","url":"https:\/\/www.metmann.com\/fr\/","logo":{"@type":"ImageObject","inLanguage":"fr-FR","@id":"https:\/\/www.metmann.com\/fr\/#\/schema\/logo\/image\/","url":"https:\/\/www.metmann.com\/wp-content\/uploads\/2021\/12\/logo-color-met-mann-01.jpg","contentUrl":"https:\/\/www.metmann.com\/wp-content\/uploads\/2021\/12\/logo-color-met-mann-01.jpg","width":351,"height":133,"caption":"Met Mann"},"image":{"@id":"https:\/\/www.metmann.com\/fr\/#\/schema\/logo\/image\/"}}]}},"_links":{"self":[{"href":"https:\/\/www.metmann.com\/fr\/wp-json\/wp\/v2\/product\/8573"}],"collection":[{"href":"https:\/\/www.metmann.com\/fr\/wp-json\/wp\/v2\/product"}],"about":[{"href":"https:\/\/www.metmann.com\/fr\/wp-json\/wp\/v2\/types\/product"}],"replies":[{"embeddable":true,"href":"https:\/\/www.metmann.com\/fr\/wp-json\/wp\/v2\/comments?post=8573"}],"wp:featuredmedia":[{"embeddable":true,"href":"https:\/\/www.metmann.com\/fr\/wp-json\/wp\/v2\/media\/18498"}],"wp:attachment":[{"href":"https:\/\/www.metmann.com\/fr\/wp-json\/wp\/v2\/media?parent=8573"}],"wp:term":[{"taxonomy":"product_cat","embeddable":true,"href":"https:\/\/www.metmann.com\/fr\/wp-json\/wp\/v2\/product_cat?post=8573"},{"taxonomy":"product_tag","embeddable":true,"href":"https:\/\/www.metmann.com\/fr\/wp-json\/wp\/v2\/product_tag?post=8573"}],"curies":[{"name":"wp","href":"https:\/\/api.w.org\/{rel}","templated":true}]}}