{"id":8669,"date":"2021-11-03T13:51:31","date_gmt":"2021-11-03T14:52:12","guid":{"rendered":"https:\/\/metmann.com.185-176-9-81.185-176-9-81.visualpublinet.com\/producto\/rechauffeur-pour-les-processus-de-sechage-335-kw-mm-175-w\/"},"modified":"2023-05-11T12:55:11","modified_gmt":"2023-05-11T10:55:11","slug":"rechauffeur-pour-les-processus-de-sechage-335-kw-mm-175-w","status":"publish","type":"product","link":"https:\/\/www.metmann.com\/fr\/producto\/rechauffeur-pour-les-processus-de-sechage-335-kw-mm-175-w\/","title":{"rendered":"MM-175-W  &#8211; R\u00e9chauffeur pour les processus de s\u00e9chage 335 kW"},"content":{"rendered":"<p>&nbsp;<\/p>\n<div>\u00a0<\/div>\n<div>\u00a0<\/div>\n<h2>\u00a0<\/h2>\n<div>\u00a0<\/div>\n","protected":false},"excerpt":{"rendered":"<p>&nbsp; \u00a0 \u00a0 \u00a0 \u00a0<\/p>\n","protected":false},"featured_media":23710,"comment_status":"closed","ping_status":"closed","template":"","meta":{"_acf_changed":false,"_et_pb_use_builder":"","_et_pb_old_content":"","_et_gb_content_width":"","_joinchat":[]},"product_cat":[256,226],"product_tag":[],"acf":[],"yoast_head":"<!-- This site is optimized with the Yoast SEO plugin v22.6 - https:\/\/yoast.com\/wordpress\/plugins\/seo\/ -->\r\n<title>R\u00e9chauffeur pour les processus de s\u00e9chage 335 kW | MET MANN<\/title>\r\n<meta name=\"description\" content=\"Calefactor de aire caliente para procesos de secado | Potencia calor\u00edfica de 335 kW | Caudal de aire de 27.500 m3\/h | Salto t\u00e9rmico de 29 \u00baC | MET MANN\" \/>\r\n<meta name=\"robots\" content=\"index, follow, max-snippet:-1, max-image-preview:large, max-video-preview:-1\" \/>\r\n<link rel=\"canonical\" href=\"https:\/\/www.metmann.com\/fr\/producto\/rechauffeur-pour-les-processus-de-sechage-335-kw-mm-175-w\/\" \/>\r\n<meta property=\"og:locale\" content=\"fr_FR\" \/>\r\n<meta property=\"og:type\" content=\"article\" \/>\r\n<meta property=\"og:title\" content=\"R\u00e9chauffeur pour les processus de s\u00e9chage 335 kW | MET MANN\" \/>\r\n<meta property=\"og:description\" content=\"Calefactor de aire caliente para procesos de secado | Potencia calor\u00edfica de 335 kW | Caudal de aire de 27.500 m3\/h | Salto t\u00e9rmico de 29 \u00baC | MET MANN\" \/>\r\n<meta property=\"og:url\" content=\"https:\/\/www.metmann.com\/fr\/producto\/rechauffeur-pour-les-processus-de-sechage-335-kw-mm-175-w\/\" \/>\r\n<meta property=\"og:site_name\" content=\"MET MANN\" \/>\r\n<meta property=\"article:modified_time\" content=\"2023-05-11T10:55:11+00:00\" \/>\r\n<meta property=\"og:image\" content=\"https:\/\/www.metmann.com\/wp-content\/uploads\/2021\/09\/1516621669_5oI4.jpg\" \/>\r\n<meta name=\"twitter:card\" content=\"summary_large_image\" \/>\r\n<meta name=\"twitter:title\" content=\"R\u00e9chauffeur pour les processus de s\u00e9chage 335 kW | MET MANN\" \/>\r\n<meta name=\"twitter:description\" content=\"Calefactor de aire caliente para procesos de secado | Potencia calor\u00edfica de 335 kW | Caudal de aire de 27.500 m3\/h | Salto t\u00e9rmico de 29 \u00baC | MET MANN\" \/>\r\n<meta name=\"twitter:image\" content=\"https:\/\/www.metmann.com\/wp-content\/uploads\/2021\/09\/1516621669_5oI4.jpg\" \/>\r\n<script type=\"application\/ld+json\" class=\"yoast-schema-graph\">{\"@context\":\"https:\/\/schema.org\",\"@graph\":[{\"@type\":\"WebPage\",\"@id\":\"https:\/\/www.metmann.com\/fr\/producto\/rechauffeur-pour-les-processus-de-sechage-335-kw-mm-175-w\/\",\"url\":\"https:\/\/www.metmann.com\/fr\/producto\/rechauffeur-pour-les-processus-de-sechage-335-kw-mm-175-w\/\",\"name\":\"R\u00e9chauffeur pour les processus de s\u00e9chage 335 kW | MET MANN\",\"isPartOf\":{\"@id\":\"https:\/\/www.metmann.com\/fr\/#website\"},\"primaryImageOfPage\":{\"@id\":\"https:\/\/www.metmann.com\/fr\/producto\/rechauffeur-pour-les-processus-de-sechage-335-kw-mm-175-w\/#primaryimage\"},\"image\":{\"@id\":\"https:\/\/www.metmann.com\/fr\/producto\/rechauffeur-pour-les-processus-de-sechage-335-kw-mm-175-w\/#primaryimage\"},\"thumbnailUrl\":\"https:\/\/www.metmann.com\/wp-content\/uploads\/2021\/11\/MM_175_W.png\",\"datePublished\":\"2021-11-03T14:52:12+00:00\",\"dateModified\":\"2023-05-11T10:55:11+00:00\",\"description\":\"Calefactor de aire caliente para procesos de secado | Potencia calor\u00edfica de 335 kW | Caudal de aire de 27.500 m3\/h | Salto t\u00e9rmico de 29 \u00baC | MET MANN\",\"breadcrumb\":{\"@id\":\"https:\/\/www.metmann.com\/fr\/producto\/rechauffeur-pour-les-processus-de-sechage-335-kw-mm-175-w\/#breadcrumb\"},\"inLanguage\":\"fr-FR\",\"potentialAction\":[{\"@type\":\"ReadAction\",\"target\":[\"https:\/\/www.metmann.com\/fr\/producto\/rechauffeur-pour-les-processus-de-sechage-335-kw-mm-175-w\/\"]}]},{\"@type\":\"ImageObject\",\"inLanguage\":\"fr-FR\",\"@id\":\"https:\/\/www.metmann.com\/fr\/producto\/rechauffeur-pour-les-processus-de-sechage-335-kw-mm-175-w\/#primaryimage\",\"url\":\"https:\/\/www.metmann.com\/wp-content\/uploads\/2021\/11\/MM_175_W.png\",\"contentUrl\":\"https:\/\/www.metmann.com\/wp-content\/uploads\/2021\/11\/MM_175_W.png\",\"width\":1214,\"height\":1214},{\"@type\":\"BreadcrumbList\",\"@id\":\"https:\/\/www.metmann.com\/fr\/producto\/rechauffeur-pour-les-processus-de-sechage-335-kw-mm-175-w\/#breadcrumb\",\"itemListElement\":[{\"@type\":\"ListItem\",\"position\":1,\"name\":\"Inicio\",\"item\":\"https:\/\/www.metmann.com\/fr\/\"},{\"@type\":\"ListItem\",\"position\":2,\"name\":\"Productos\",\"item\":\"https:\/\/www.metmann.com\/productos\/\"},{\"@type\":\"ListItem\",\"position\":3,\"name\":\"MM-175-W &#8211; R\u00e9chauffeur pour les processus de s\u00e9chage 335 kW\"}]},{\"@type\":\"WebSite\",\"@id\":\"https:\/\/www.metmann.com\/fr\/#website\",\"url\":\"https:\/\/www.metmann.com\/fr\/\",\"name\":\"MET MANN\",\"description\":\"Climatizaci\u00f3n industrial, Calefactores y Ventilaci\u00f3n para empresas\",\"publisher\":{\"@id\":\"https:\/\/www.metmann.com\/fr\/#organization\"},\"potentialAction\":[{\"@type\":\"SearchAction\",\"target\":{\"@type\":\"EntryPoint\",\"urlTemplate\":\"https:\/\/www.metmann.com\/fr\/?s={search_term_string}\"},\"query-input\":\"required name=search_term_string\"}],\"inLanguage\":\"fr-FR\"},{\"@type\":\"Organization\",\"@id\":\"https:\/\/www.metmann.com\/fr\/#organization\",\"name\":\"Met Mann\",\"url\":\"https:\/\/www.metmann.com\/fr\/\",\"logo\":{\"@type\":\"ImageObject\",\"inLanguage\":\"fr-FR\",\"@id\":\"https:\/\/www.metmann.com\/fr\/#\/schema\/logo\/image\/\",\"url\":\"https:\/\/www.metmann.com\/wp-content\/uploads\/2021\/12\/logo-color-met-mann-01.jpg\",\"contentUrl\":\"https:\/\/www.metmann.com\/wp-content\/uploads\/2021\/12\/logo-color-met-mann-01.jpg\",\"width\":351,\"height\":133,\"caption\":\"Met Mann\"},\"image\":{\"@id\":\"https:\/\/www.metmann.com\/fr\/#\/schema\/logo\/image\/\"}}]}<\/script>\r\n<!-- \/ Yoast SEO plugin. -->","yoast_head_json":{"title":"R\u00e9chauffeur pour les processus de s\u00e9chage 335 kW | MET MANN","description":"Calefactor de aire caliente para procesos de secado | Potencia calor\u00edfica de 335 kW | Caudal de aire de 27.500 m3\/h | Salto t\u00e9rmico de 29 \u00baC | MET MANN","robots":{"index":"index","follow":"follow","max-snippet":"max-snippet:-1","max-image-preview":"max-image-preview:large","max-video-preview":"max-video-preview:-1"},"canonical":"https:\/\/www.metmann.com\/fr\/producto\/rechauffeur-pour-les-processus-de-sechage-335-kw-mm-175-w\/","og_locale":"fr_FR","og_type":"article","og_title":"R\u00e9chauffeur pour les processus de s\u00e9chage 335 kW | MET MANN","og_description":"Calefactor de aire caliente para procesos de secado | Potencia calor\u00edfica de 335 kW | Caudal de aire de 27.500 m3\/h | Salto t\u00e9rmico de 29 \u00baC | MET MANN","og_url":"https:\/\/www.metmann.com\/fr\/producto\/rechauffeur-pour-les-processus-de-sechage-335-kw-mm-175-w\/","og_site_name":"MET MANN","article_modified_time":"2023-05-11T10:55:11+00:00","og_image":[{"url":"https:\/\/www.metmann.com\/wp-content\/uploads\/2021\/09\/1516621669_5oI4.jpg"}],"twitter_card":"summary_large_image","twitter_title":"R\u00e9chauffeur pour les processus de s\u00e9chage 335 kW | MET MANN","twitter_description":"Calefactor de aire caliente para procesos de secado | Potencia calor\u00edfica de 335 kW | Caudal de aire de 27.500 m3\/h | Salto t\u00e9rmico de 29 \u00baC | MET MANN","twitter_image":"https:\/\/www.metmann.com\/wp-content\/uploads\/2021\/09\/1516621669_5oI4.jpg","schema":{"@context":"https:\/\/schema.org","@graph":[{"@type":"WebPage","@id":"https:\/\/www.metmann.com\/fr\/producto\/rechauffeur-pour-les-processus-de-sechage-335-kw-mm-175-w\/","url":"https:\/\/www.metmann.com\/fr\/producto\/rechauffeur-pour-les-processus-de-sechage-335-kw-mm-175-w\/","name":"R\u00e9chauffeur pour les processus de s\u00e9chage 335 kW | MET MANN","isPartOf":{"@id":"https:\/\/www.metmann.com\/fr\/#website"},"primaryImageOfPage":{"@id":"https:\/\/www.metmann.com\/fr\/producto\/rechauffeur-pour-les-processus-de-sechage-335-kw-mm-175-w\/#primaryimage"},"image":{"@id":"https:\/\/www.metmann.com\/fr\/producto\/rechauffeur-pour-les-processus-de-sechage-335-kw-mm-175-w\/#primaryimage"},"thumbnailUrl":"https:\/\/www.metmann.com\/wp-content\/uploads\/2021\/11\/MM_175_W.png","datePublished":"2021-11-03T14:52:12+00:00","dateModified":"2023-05-11T10:55:11+00:00","description":"Calefactor de aire caliente para procesos de secado | Potencia calor\u00edfica de 335 kW | Caudal de aire de 27.500 m3\/h | Salto t\u00e9rmico de 29 \u00baC | MET MANN","breadcrumb":{"@id":"https:\/\/www.metmann.com\/fr\/producto\/rechauffeur-pour-les-processus-de-sechage-335-kw-mm-175-w\/#breadcrumb"},"inLanguage":"fr-FR","potentialAction":[{"@type":"ReadAction","target":["https:\/\/www.metmann.com\/fr\/producto\/rechauffeur-pour-les-processus-de-sechage-335-kw-mm-175-w\/"]}]},{"@type":"ImageObject","inLanguage":"fr-FR","@id":"https:\/\/www.metmann.com\/fr\/producto\/rechauffeur-pour-les-processus-de-sechage-335-kw-mm-175-w\/#primaryimage","url":"https:\/\/www.metmann.com\/wp-content\/uploads\/2021\/11\/MM_175_W.png","contentUrl":"https:\/\/www.metmann.com\/wp-content\/uploads\/2021\/11\/MM_175_W.png","width":1214,"height":1214},{"@type":"BreadcrumbList","@id":"https:\/\/www.metmann.com\/fr\/producto\/rechauffeur-pour-les-processus-de-sechage-335-kw-mm-175-w\/#breadcrumb","itemListElement":[{"@type":"ListItem","position":1,"name":"Inicio","item":"https:\/\/www.metmann.com\/fr\/"},{"@type":"ListItem","position":2,"name":"Productos","item":"https:\/\/www.metmann.com\/productos\/"},{"@type":"ListItem","position":3,"name":"MM-175-W &#8211; R\u00e9chauffeur pour les processus de s\u00e9chage 335 kW"}]},{"@type":"WebSite","@id":"https:\/\/www.metmann.com\/fr\/#website","url":"https:\/\/www.metmann.com\/fr\/","name":"MET MANN","description":"Climatizaci\u00f3n industrial, Calefactores y Ventilaci\u00f3n para empresas","publisher":{"@id":"https:\/\/www.metmann.com\/fr\/#organization"},"potentialAction":[{"@type":"SearchAction","target":{"@type":"EntryPoint","urlTemplate":"https:\/\/www.metmann.com\/fr\/?s={search_term_string}"},"query-input":"required name=search_term_string"}],"inLanguage":"fr-FR"},{"@type":"Organization","@id":"https:\/\/www.metmann.com\/fr\/#organization","name":"Met Mann","url":"https:\/\/www.metmann.com\/fr\/","logo":{"@type":"ImageObject","inLanguage":"fr-FR","@id":"https:\/\/www.metmann.com\/fr\/#\/schema\/logo\/image\/","url":"https:\/\/www.metmann.com\/wp-content\/uploads\/2021\/12\/logo-color-met-mann-01.jpg","contentUrl":"https:\/\/www.metmann.com\/wp-content\/uploads\/2021\/12\/logo-color-met-mann-01.jpg","width":351,"height":133,"caption":"Met Mann"},"image":{"@id":"https:\/\/www.metmann.com\/fr\/#\/schema\/logo\/image\/"}}]}},"_links":{"self":[{"href":"https:\/\/www.metmann.com\/fr\/wp-json\/wp\/v2\/product\/8669"}],"collection":[{"href":"https:\/\/www.metmann.com\/fr\/wp-json\/wp\/v2\/product"}],"about":[{"href":"https:\/\/www.metmann.com\/fr\/wp-json\/wp\/v2\/types\/product"}],"replies":[{"embeddable":true,"href":"https:\/\/www.metmann.com\/fr\/wp-json\/wp\/v2\/comments?post=8669"}],"wp:featuredmedia":[{"embeddable":true,"href":"https:\/\/www.metmann.com\/fr\/wp-json\/wp\/v2\/media\/23710"}],"wp:attachment":[{"href":"https:\/\/www.metmann.com\/fr\/wp-json\/wp\/v2\/media?parent=8669"}],"wp:term":[{"taxonomy":"product_cat","embeddable":true,"href":"https:\/\/www.metmann.com\/fr\/wp-json\/wp\/v2\/product_cat?post=8669"},{"taxonomy":"product_tag","embeddable":true,"href":"https:\/\/www.metmann.com\/fr\/wp-json\/wp\/v2\/product_tag?post=8669"}],"curies":[{"name":"wp","href":"https:\/\/api.w.org\/{rel}","templated":true}]}}