{"id":8712,"date":"2021-11-03T13:52:14","date_gmt":"2021-11-03T14:52:42","guid":{"rendered":"https:\/\/metmann.com.185-176-9-81.185-176-9-81.visualpublinet.com\/producto\/bruleur-gaz-progressif-80-330-kw-ng-350-p\/"},"modified":"2021-11-03T14:52:50","modified_gmt":"2021-11-03T14:52:50","slug":"bruleur-gaz-progressif-80-330-kw-ng-350-p","status":"publish","type":"product","link":"https:\/\/www.metmann.com\/fr\/producto\/bruleur-gaz-progressif-80-330-kw-ng-350-p\/","title":{"rendered":"Br\u00fbleur gaz progressif 80-330 kW | NG 350 P"},"content":{"rendered":"<h1>Br\u00fbleur gaz progressif de 80 \u00e0 330 kW | NG 350 P<br \/> \t<\/h1>\n<div>&nbsp;<\/div>\n<div>\n<h3>Donn&eacute;es techniques:<br \/> \t\t<\/h3>\n<\/div>\n<div>&nbsp;<\/div>\n<p>Puissance: 80 \u00e0 330 kW<br \/> Carburant: gaz naturel<br \/> D&eacute;bit gaz: 8,5 \u00e0 35 m3\/h<br \/> Type de flamme: Progressif<br \/> Rampe \u00e0 gaz: 1&Prime;<br \/> Alimentation: 230V \/ I \/ 50Hz<br \/> Puissance du ventilateur &eacute;lectrique: 370W<br \/> Puissance &eacute;lectrique totale: 670W  <\/p>\n<div>&nbsp;<\/div>\n<div>&nbsp;<\/div>\n<div>\n<h3>Pour plus d&#8242;informations, t&eacute;l&eacute;chargez le catalogue ou le manuel d&#8242;instructions<br \/> \t\t<\/h3>\n<\/div>\n<p><\/p>\n","protected":false},"excerpt":{"rendered":"<p>Br\u00fbleur gaz progressif de 80 \u00e0 330 kW | NG 350 P &nbsp; Donn&eacute;es techniques: &nbsp; Puissance: 80 \u00e0 330 kW Carburant: gaz naturel D&eacute;bit gaz: 8,5 \u00e0 35 m3\/h Type de flamme: Progressif Rampe \u00e0 gaz: 1&Prime; Alimentation: 230V \/ I \/ 50Hz Puissance du ventilateur &eacute;lectrique: 370W Puissance &eacute;lectrique totale: 670W &nbsp; &nbsp; [&hellip;]<\/p>\n","protected":false},"featured_media":16351,"comment_status":"closed","ping_status":"closed","template":"","meta":{"_acf_changed":false,"_et_pb_use_builder":"","_et_pb_old_content":"","_et_gb_content_width":"","_joinchat":[]},"product_cat":[230,264],"product_tag":[],"acf":[],"yoast_head":"<!-- This site is optimized with the Yoast SEO plugin v22.6 - https:\/\/yoast.com\/wordpress\/plugins\/seo\/ -->\r\n<title>Br\u00fbleur gaz progressif 80-330 kW | NG 350 P<\/title>\r\n<meta name=\"description\" content=\"Br\u00fbleur \u00e0 gaz | 80 \u00e0 330 kW | Progressif | NG 350 P | UNIGAS\" \/>\r\n<meta name=\"robots\" content=\"index, follow, max-snippet:-1, max-image-preview:large, max-video-preview:-1\" \/>\r\n<link rel=\"canonical\" href=\"https:\/\/www.metmann.com\/fr\/producto\/bruleur-gaz-progressif-80-330-kw-ng-350-p\/\" \/>\r\n<meta property=\"og:locale\" content=\"fr_FR\" \/>\r\n<meta property=\"og:type\" content=\"article\" \/>\r\n<meta property=\"og:title\" content=\"Br\u00fbleur gaz progressif 80-330 kW | NG 350 P\" \/>\r\n<meta property=\"og:description\" content=\"Br\u00fbleur \u00e0 gaz | 80 \u00e0 330 kW | Progressif | NG 350 P | UNIGAS\" \/>\r\n<meta property=\"og:url\" content=\"https:\/\/www.metmann.com\/fr\/producto\/bruleur-gaz-progressif-80-330-kw-ng-350-p\/\" \/>\r\n<meta property=\"og:site_name\" content=\"MET MANN\" \/>\r\n<meta property=\"article:modified_time\" content=\"2021-11-03T14:52:50+00:00\" \/>\r\n<meta property=\"og:image\" content=\"https:\/\/www.metmann.com\/wp-content\/uploads\/2021\/09\/1579008718_nvNU.jpg\" \/>\r\n<meta name=\"twitter:card\" content=\"summary_large_image\" \/>\r\n<meta name=\"twitter:title\" content=\"Br\u00fbleur gaz progressif 80-330 kW | NG 350 P\" \/>\r\n<meta name=\"twitter:description\" content=\"Br\u00fbleur \u00e0 gaz | 80 \u00e0 330 kW | Progressif | NG 350 P | UNIGAS\" \/>\r\n<meta name=\"twitter:image\" content=\"https:\/\/www.metmann.com\/wp-content\/uploads\/2021\/09\/1579008718_nvNU.jpg\" \/>\r\n<script type=\"application\/ld+json\" class=\"yoast-schema-graph\">{\"@context\":\"https:\/\/schema.org\",\"@graph\":[{\"@type\":\"WebPage\",\"@id\":\"https:\/\/www.metmann.com\/fr\/producto\/bruleur-gaz-progressif-80-330-kw-ng-350-p\/\",\"url\":\"https:\/\/www.metmann.com\/fr\/producto\/bruleur-gaz-progressif-80-330-kw-ng-350-p\/\",\"name\":\"Br\u00fbleur gaz progressif 80-330 kW | NG 350 P\",\"isPartOf\":{\"@id\":\"https:\/\/www.metmann.com\/fr\/#website\"},\"primaryImageOfPage\":{\"@id\":\"https:\/\/www.metmann.com\/fr\/producto\/bruleur-gaz-progressif-80-330-kw-ng-350-p\/#primaryimage\"},\"image\":{\"@id\":\"https:\/\/www.metmann.com\/fr\/producto\/bruleur-gaz-progressif-80-330-kw-ng-350-p\/#primaryimage\"},\"thumbnailUrl\":\"https:\/\/www.metmann.com\/wp-content\/uploads\/2021\/11\/NG-280_350_400_550-2E.png\",\"datePublished\":\"2021-11-03T14:52:42+00:00\",\"dateModified\":\"2021-11-03T14:52:50+00:00\",\"description\":\"Br\u00fbleur \u00e0 gaz | 80 \u00e0 330 kW | Progressif | NG 350 P | UNIGAS\",\"breadcrumb\":{\"@id\":\"https:\/\/www.metmann.com\/fr\/producto\/bruleur-gaz-progressif-80-330-kw-ng-350-p\/#breadcrumb\"},\"inLanguage\":\"fr-FR\",\"potentialAction\":[{\"@type\":\"ReadAction\",\"target\":[\"https:\/\/www.metmann.com\/fr\/producto\/bruleur-gaz-progressif-80-330-kw-ng-350-p\/\"]}]},{\"@type\":\"ImageObject\",\"inLanguage\":\"fr-FR\",\"@id\":\"https:\/\/www.metmann.com\/fr\/producto\/bruleur-gaz-progressif-80-330-kw-ng-350-p\/#primaryimage\",\"url\":\"https:\/\/www.metmann.com\/wp-content\/uploads\/2021\/11\/NG-280_350_400_550-2E.png\",\"contentUrl\":\"https:\/\/www.metmann.com\/wp-content\/uploads\/2021\/11\/NG-280_350_400_550-2E.png\",\"width\":318,\"height\":318},{\"@type\":\"BreadcrumbList\",\"@id\":\"https:\/\/www.metmann.com\/fr\/producto\/bruleur-gaz-progressif-80-330-kw-ng-350-p\/#breadcrumb\",\"itemListElement\":[{\"@type\":\"ListItem\",\"position\":1,\"name\":\"Inicio\",\"item\":\"https:\/\/www.metmann.com\/fr\/\"},{\"@type\":\"ListItem\",\"position\":2,\"name\":\"Productos\",\"item\":\"https:\/\/www.metmann.com\/productos\/\"},{\"@type\":\"ListItem\",\"position\":3,\"name\":\"Br\u00fbleur gaz progressif 80-330 kW | NG 350 P\"}]},{\"@type\":\"WebSite\",\"@id\":\"https:\/\/www.metmann.com\/fr\/#website\",\"url\":\"https:\/\/www.metmann.com\/fr\/\",\"name\":\"MET MANN\",\"description\":\"Climatizaci\u00f3n industrial, Calefactores y Ventilaci\u00f3n para empresas\",\"publisher\":{\"@id\":\"https:\/\/www.metmann.com\/fr\/#organization\"},\"potentialAction\":[{\"@type\":\"SearchAction\",\"target\":{\"@type\":\"EntryPoint\",\"urlTemplate\":\"https:\/\/www.metmann.com\/fr\/?s={search_term_string}\"},\"query-input\":\"required name=search_term_string\"}],\"inLanguage\":\"fr-FR\"},{\"@type\":\"Organization\",\"@id\":\"https:\/\/www.metmann.com\/fr\/#organization\",\"name\":\"Met Mann\",\"url\":\"https:\/\/www.metmann.com\/fr\/\",\"logo\":{\"@type\":\"ImageObject\",\"inLanguage\":\"fr-FR\",\"@id\":\"https:\/\/www.metmann.com\/fr\/#\/schema\/logo\/image\/\",\"url\":\"https:\/\/www.metmann.com\/wp-content\/uploads\/2021\/12\/logo-color-met-mann-01.jpg\",\"contentUrl\":\"https:\/\/www.metmann.com\/wp-content\/uploads\/2021\/12\/logo-color-met-mann-01.jpg\",\"width\":351,\"height\":133,\"caption\":\"Met Mann\"},\"image\":{\"@id\":\"https:\/\/www.metmann.com\/fr\/#\/schema\/logo\/image\/\"}}]}<\/script>\r\n<!-- \/ Yoast SEO plugin. -->","yoast_head_json":{"title":"Br\u00fbleur gaz progressif 80-330 kW | NG 350 P","description":"Br\u00fbleur \u00e0 gaz | 80 \u00e0 330 kW | Progressif | NG 350 P | UNIGAS","robots":{"index":"index","follow":"follow","max-snippet":"max-snippet:-1","max-image-preview":"max-image-preview:large","max-video-preview":"max-video-preview:-1"},"canonical":"https:\/\/www.metmann.com\/fr\/producto\/bruleur-gaz-progressif-80-330-kw-ng-350-p\/","og_locale":"fr_FR","og_type":"article","og_title":"Br\u00fbleur gaz progressif 80-330 kW | NG 350 P","og_description":"Br\u00fbleur \u00e0 gaz | 80 \u00e0 330 kW | Progressif | NG 350 P | UNIGAS","og_url":"https:\/\/www.metmann.com\/fr\/producto\/bruleur-gaz-progressif-80-330-kw-ng-350-p\/","og_site_name":"MET MANN","article_modified_time":"2021-11-03T14:52:50+00:00","og_image":[{"url":"https:\/\/www.metmann.com\/wp-content\/uploads\/2021\/09\/1579008718_nvNU.jpg"}],"twitter_card":"summary_large_image","twitter_title":"Br\u00fbleur gaz progressif 80-330 kW | NG 350 P","twitter_description":"Br\u00fbleur \u00e0 gaz | 80 \u00e0 330 kW | Progressif | NG 350 P | UNIGAS","twitter_image":"https:\/\/www.metmann.com\/wp-content\/uploads\/2021\/09\/1579008718_nvNU.jpg","schema":{"@context":"https:\/\/schema.org","@graph":[{"@type":"WebPage","@id":"https:\/\/www.metmann.com\/fr\/producto\/bruleur-gaz-progressif-80-330-kw-ng-350-p\/","url":"https:\/\/www.metmann.com\/fr\/producto\/bruleur-gaz-progressif-80-330-kw-ng-350-p\/","name":"Br\u00fbleur gaz progressif 80-330 kW | NG 350 P","isPartOf":{"@id":"https:\/\/www.metmann.com\/fr\/#website"},"primaryImageOfPage":{"@id":"https:\/\/www.metmann.com\/fr\/producto\/bruleur-gaz-progressif-80-330-kw-ng-350-p\/#primaryimage"},"image":{"@id":"https:\/\/www.metmann.com\/fr\/producto\/bruleur-gaz-progressif-80-330-kw-ng-350-p\/#primaryimage"},"thumbnailUrl":"https:\/\/www.metmann.com\/wp-content\/uploads\/2021\/11\/NG-280_350_400_550-2E.png","datePublished":"2021-11-03T14:52:42+00:00","dateModified":"2021-11-03T14:52:50+00:00","description":"Br\u00fbleur \u00e0 gaz | 80 \u00e0 330 kW | Progressif | NG 350 P | UNIGAS","breadcrumb":{"@id":"https:\/\/www.metmann.com\/fr\/producto\/bruleur-gaz-progressif-80-330-kw-ng-350-p\/#breadcrumb"},"inLanguage":"fr-FR","potentialAction":[{"@type":"ReadAction","target":["https:\/\/www.metmann.com\/fr\/producto\/bruleur-gaz-progressif-80-330-kw-ng-350-p\/"]}]},{"@type":"ImageObject","inLanguage":"fr-FR","@id":"https:\/\/www.metmann.com\/fr\/producto\/bruleur-gaz-progressif-80-330-kw-ng-350-p\/#primaryimage","url":"https:\/\/www.metmann.com\/wp-content\/uploads\/2021\/11\/NG-280_350_400_550-2E.png","contentUrl":"https:\/\/www.metmann.com\/wp-content\/uploads\/2021\/11\/NG-280_350_400_550-2E.png","width":318,"height":318},{"@type":"BreadcrumbList","@id":"https:\/\/www.metmann.com\/fr\/producto\/bruleur-gaz-progressif-80-330-kw-ng-350-p\/#breadcrumb","itemListElement":[{"@type":"ListItem","position":1,"name":"Inicio","item":"https:\/\/www.metmann.com\/fr\/"},{"@type":"ListItem","position":2,"name":"Productos","item":"https:\/\/www.metmann.com\/productos\/"},{"@type":"ListItem","position":3,"name":"Br\u00fbleur gaz progressif 80-330 kW | NG 350 P"}]},{"@type":"WebSite","@id":"https:\/\/www.metmann.com\/fr\/#website","url":"https:\/\/www.metmann.com\/fr\/","name":"MET MANN","description":"Climatizaci\u00f3n industrial, Calefactores y Ventilaci\u00f3n para empresas","publisher":{"@id":"https:\/\/www.metmann.com\/fr\/#organization"},"potentialAction":[{"@type":"SearchAction","target":{"@type":"EntryPoint","urlTemplate":"https:\/\/www.metmann.com\/fr\/?s={search_term_string}"},"query-input":"required name=search_term_string"}],"inLanguage":"fr-FR"},{"@type":"Organization","@id":"https:\/\/www.metmann.com\/fr\/#organization","name":"Met Mann","url":"https:\/\/www.metmann.com\/fr\/","logo":{"@type":"ImageObject","inLanguage":"fr-FR","@id":"https:\/\/www.metmann.com\/fr\/#\/schema\/logo\/image\/","url":"https:\/\/www.metmann.com\/wp-content\/uploads\/2021\/12\/logo-color-met-mann-01.jpg","contentUrl":"https:\/\/www.metmann.com\/wp-content\/uploads\/2021\/12\/logo-color-met-mann-01.jpg","width":351,"height":133,"caption":"Met Mann"},"image":{"@id":"https:\/\/www.metmann.com\/fr\/#\/schema\/logo\/image\/"}}]}},"_links":{"self":[{"href":"https:\/\/www.metmann.com\/fr\/wp-json\/wp\/v2\/product\/8712"}],"collection":[{"href":"https:\/\/www.metmann.com\/fr\/wp-json\/wp\/v2\/product"}],"about":[{"href":"https:\/\/www.metmann.com\/fr\/wp-json\/wp\/v2\/types\/product"}],"replies":[{"embeddable":true,"href":"https:\/\/www.metmann.com\/fr\/wp-json\/wp\/v2\/comments?post=8712"}],"wp:featuredmedia":[{"embeddable":true,"href":"https:\/\/www.metmann.com\/fr\/wp-json\/wp\/v2\/media\/16351"}],"wp:attachment":[{"href":"https:\/\/www.metmann.com\/fr\/wp-json\/wp\/v2\/media?parent=8712"}],"wp:term":[{"taxonomy":"product_cat","embeddable":true,"href":"https:\/\/www.metmann.com\/fr\/wp-json\/wp\/v2\/product_cat?post=8712"},{"taxonomy":"product_tag","embeddable":true,"href":"https:\/\/www.metmann.com\/fr\/wp-json\/wp\/v2\/product_tag?post=8712"}],"curies":[{"name":"wp","href":"https:\/\/api.w.org\/{rel}","templated":true}]}}