{"id":8770,"date":"2021-11-03T13:53:19","date_gmt":"2021-11-03T14:53:30","guid":{"rendered":"https:\/\/metmann.com.185-176-9-81.185-176-9-81.visualpublinet.com\/producto\/ventilateur-a-air-chaud-a-gaz-de-34-kw-avec-ventilateur-centrifuge-k-30-c\/"},"modified":"2023-05-18T09:01:15","modified_gmt":"2023-05-18T07:01:15","slug":"ventilateur-a-air-chaud-a-gaz-de-34-kw-avec-ventilateur-centrifuge-k-30-c","status":"publish","type":"product","link":"https:\/\/www.metmann.com\/fr\/producto\/ventilateur-a-air-chaud-a-gaz-de-34-kw-avec-ventilateur-centrifuge-k-30-c\/","title":{"rendered":"K-30-C &#8211; Ventilateur \u00e0 air chaud \u00e0 gaz de 34 kW avec ventilateur centrifuge"},"content":{"rendered":"<p><span id=\"result_box\" class=\"\" lang=\"fr\" tabindex=\"-1\"><span title=\"- Peso: 75 kg \">\u00a0<br \/><\/span><\/span><\/p>\n<h2>\u00a0<\/h2>\n","protected":false},"excerpt":{"rendered":"<p>\u00a0 \u00a0<\/p>\n","protected":false},"featured_media":16713,"comment_status":"closed","ping_status":"closed","template":"","meta":{"_acf_changed":false,"_et_pb_use_builder":"","_et_pb_old_content":"","_et_gb_content_width":"","_joinchat":[]},"product_cat":[226],"product_tag":[],"acf":[],"yoast_head":"<!-- This site is optimized with the Yoast SEO plugin v22.6 - https:\/\/yoast.com\/wordpress\/plugins\/seo\/ -->\r\n<title>Ventilateur \u00e0 air chaud \u00e0 gaz de 34 kW avec ventilateur centrifuge - K-30-C<\/title>\r\n<meta name=\"description\" content=\"R\u00e9chauffeur d&#8242;air chaud \u00e0 gaz naturel ou \u00e0 gaz propane de 34 kW et ventilateur centrifuge. \u00c9quipement sp\u00e9cialement indiqu\u00e9 pour le chauffage rapide et efficace des locaux commerciaux et industriels avec l&#8242;avantage de ne pas occuper un espace physique dans le sol.\" \/>\r\n<meta name=\"robots\" content=\"index, follow, max-snippet:-1, max-image-preview:large, max-video-preview:-1\" \/>\r\n<link rel=\"canonical\" href=\"https:\/\/www.metmann.com\/fr\/producto\/ventilateur-a-air-chaud-a-gaz-de-34-kw-avec-ventilateur-centrifuge-k-30-c\/\" \/>\r\n<meta property=\"og:locale\" content=\"fr_FR\" \/>\r\n<meta property=\"og:type\" content=\"article\" \/>\r\n<meta property=\"og:title\" content=\"Ventilateur \u00e0 air chaud \u00e0 gaz de 34 kW avec ventilateur centrifuge - K-30-C\" \/>\r\n<meta property=\"og:description\" content=\"R\u00e9chauffeur d&#8242;air chaud \u00e0 gaz naturel ou \u00e0 gaz propane de 34 kW et ventilateur centrifuge. \u00c9quipement sp\u00e9cialement indiqu\u00e9 pour le chauffage rapide et efficace des locaux commerciaux et industriels avec l&#8242;avantage de ne pas occuper un espace physique dans le sol.\" \/>\r\n<meta property=\"og:url\" content=\"https:\/\/www.metmann.com\/fr\/producto\/ventilateur-a-air-chaud-a-gaz-de-34-kw-avec-ventilateur-centrifuge-k-30-c\/\" \/>\r\n<meta property=\"og:site_name\" content=\"MET MANN\" \/>\r\n<meta property=\"article:modified_time\" content=\"2023-05-18T07:01:15+00:00\" \/>\r\n<meta property=\"og:image\" content=\"https:\/\/www.metmann.com\/wp-content\/uploads\/2021\/09\/1518699684_1yc6.jpg\" \/>\r\n<meta name=\"twitter:card\" content=\"summary_large_image\" \/>\r\n<meta name=\"twitter:title\" content=\"Ventilateur \u00e0 air chaud \u00e0 gaz de 34 kW avec ventilateur centrifuge - K-30-C\" \/>\r\n<meta name=\"twitter:description\" content=\"R\u00e9chauffeur d&#8242;air chaud \u00e0 gaz naturel ou \u00e0 gaz propane de 34 kW et ventilateur centrifuge. \u00c9quipement sp\u00e9cialement indiqu\u00e9 pour le chauffage rapide et efficace des locaux commerciaux et industriels avec l&#8242;avantage de ne pas occuper un espace physique dans le sol.\" \/>\r\n<meta name=\"twitter:image\" content=\"https:\/\/www.metmann.com\/wp-content\/uploads\/2021\/09\/1518699684_1yc6.jpg\" \/>\r\n<script type=\"application\/ld+json\" class=\"yoast-schema-graph\">{\"@context\":\"https:\/\/schema.org\",\"@graph\":[{\"@type\":\"WebPage\",\"@id\":\"https:\/\/www.metmann.com\/fr\/producto\/ventilateur-a-air-chaud-a-gaz-de-34-kw-avec-ventilateur-centrifuge-k-30-c\/\",\"url\":\"https:\/\/www.metmann.com\/fr\/producto\/ventilateur-a-air-chaud-a-gaz-de-34-kw-avec-ventilateur-centrifuge-k-30-c\/\",\"name\":\"Ventilateur \u00e0 air chaud \u00e0 gaz de 34 kW avec ventilateur centrifuge - K-30-C\",\"isPartOf\":{\"@id\":\"https:\/\/www.metmann.com\/fr\/#website\"},\"primaryImageOfPage\":{\"@id\":\"https:\/\/www.metmann.com\/fr\/producto\/ventilateur-a-air-chaud-a-gaz-de-34-kw-avec-ventilateur-centrifuge-k-30-c\/#primaryimage\"},\"image\":{\"@id\":\"https:\/\/www.metmann.com\/fr\/producto\/ventilateur-a-air-chaud-a-gaz-de-34-kw-avec-ventilateur-centrifuge-k-30-c\/#primaryimage\"},\"thumbnailUrl\":\"https:\/\/www.metmann.com\/wp-content\/uploads\/2021\/11\/K_20_30_C.png\",\"datePublished\":\"2021-11-03T14:53:30+00:00\",\"dateModified\":\"2023-05-18T07:01:15+00:00\",\"description\":\"R\u00e9chauffeur d&#8242;air chaud \u00e0 gaz naturel ou \u00e0 gaz propane de 34 kW et ventilateur centrifuge. \u00c9quipement sp\u00e9cialement indiqu\u00e9 pour le chauffage rapide et efficace des locaux commerciaux et industriels avec l&#8242;avantage de ne pas occuper un espace physique dans le sol.\",\"breadcrumb\":{\"@id\":\"https:\/\/www.metmann.com\/fr\/producto\/ventilateur-a-air-chaud-a-gaz-de-34-kw-avec-ventilateur-centrifuge-k-30-c\/#breadcrumb\"},\"inLanguage\":\"fr-FR\",\"potentialAction\":[{\"@type\":\"ReadAction\",\"target\":[\"https:\/\/www.metmann.com\/fr\/producto\/ventilateur-a-air-chaud-a-gaz-de-34-kw-avec-ventilateur-centrifuge-k-30-c\/\"]}]},{\"@type\":\"ImageObject\",\"inLanguage\":\"fr-FR\",\"@id\":\"https:\/\/www.metmann.com\/fr\/producto\/ventilateur-a-air-chaud-a-gaz-de-34-kw-avec-ventilateur-centrifuge-k-30-c\/#primaryimage\",\"url\":\"https:\/\/www.metmann.com\/wp-content\/uploads\/2021\/11\/K_20_30_C.png\",\"contentUrl\":\"https:\/\/www.metmann.com\/wp-content\/uploads\/2021\/11\/K_20_30_C.png\",\"width\":555,\"height\":555},{\"@type\":\"BreadcrumbList\",\"@id\":\"https:\/\/www.metmann.com\/fr\/producto\/ventilateur-a-air-chaud-a-gaz-de-34-kw-avec-ventilateur-centrifuge-k-30-c\/#breadcrumb\",\"itemListElement\":[{\"@type\":\"ListItem\",\"position\":1,\"name\":\"Inicio\",\"item\":\"https:\/\/www.metmann.com\/fr\/\"},{\"@type\":\"ListItem\",\"position\":2,\"name\":\"Productos\",\"item\":\"https:\/\/www.metmann.com\/productos\/\"},{\"@type\":\"ListItem\",\"position\":3,\"name\":\"K-30-C &#8211; Ventilateur \u00e0 air chaud \u00e0 gaz de 34 kW avec ventilateur centrifuge\"}]},{\"@type\":\"WebSite\",\"@id\":\"https:\/\/www.metmann.com\/fr\/#website\",\"url\":\"https:\/\/www.metmann.com\/fr\/\",\"name\":\"MET MANN\",\"description\":\"Climatizaci\u00f3n industrial, Calefactores y Ventilaci\u00f3n para empresas\",\"publisher\":{\"@id\":\"https:\/\/www.metmann.com\/fr\/#organization\"},\"potentialAction\":[{\"@type\":\"SearchAction\",\"target\":{\"@type\":\"EntryPoint\",\"urlTemplate\":\"https:\/\/www.metmann.com\/fr\/?s={search_term_string}\"},\"query-input\":\"required name=search_term_string\"}],\"inLanguage\":\"fr-FR\"},{\"@type\":\"Organization\",\"@id\":\"https:\/\/www.metmann.com\/fr\/#organization\",\"name\":\"Met Mann\",\"url\":\"https:\/\/www.metmann.com\/fr\/\",\"logo\":{\"@type\":\"ImageObject\",\"inLanguage\":\"fr-FR\",\"@id\":\"https:\/\/www.metmann.com\/fr\/#\/schema\/logo\/image\/\",\"url\":\"https:\/\/www.metmann.com\/wp-content\/uploads\/2021\/12\/logo-color-met-mann-01.jpg\",\"contentUrl\":\"https:\/\/www.metmann.com\/wp-content\/uploads\/2021\/12\/logo-color-met-mann-01.jpg\",\"width\":351,\"height\":133,\"caption\":\"Met Mann\"},\"image\":{\"@id\":\"https:\/\/www.metmann.com\/fr\/#\/schema\/logo\/image\/\"}}]}<\/script>\r\n<!-- \/ Yoast SEO plugin. -->","yoast_head_json":{"title":"Ventilateur \u00e0 air chaud \u00e0 gaz de 34 kW avec ventilateur centrifuge - K-30-C","description":"R\u00e9chauffeur d&#8242;air chaud \u00e0 gaz naturel ou \u00e0 gaz propane de 34 kW et ventilateur centrifuge. \u00c9quipement sp\u00e9cialement indiqu\u00e9 pour le chauffage rapide et efficace des locaux commerciaux et industriels avec l&#8242;avantage de ne pas occuper un espace physique dans le sol.","robots":{"index":"index","follow":"follow","max-snippet":"max-snippet:-1","max-image-preview":"max-image-preview:large","max-video-preview":"max-video-preview:-1"},"canonical":"https:\/\/www.metmann.com\/fr\/producto\/ventilateur-a-air-chaud-a-gaz-de-34-kw-avec-ventilateur-centrifuge-k-30-c\/","og_locale":"fr_FR","og_type":"article","og_title":"Ventilateur \u00e0 air chaud \u00e0 gaz de 34 kW avec ventilateur centrifuge - K-30-C","og_description":"R\u00e9chauffeur d&#8242;air chaud \u00e0 gaz naturel ou \u00e0 gaz propane de 34 kW et ventilateur centrifuge. \u00c9quipement sp\u00e9cialement indiqu\u00e9 pour le chauffage rapide et efficace des locaux commerciaux et industriels avec l&#8242;avantage de ne pas occuper un espace physique dans le sol.","og_url":"https:\/\/www.metmann.com\/fr\/producto\/ventilateur-a-air-chaud-a-gaz-de-34-kw-avec-ventilateur-centrifuge-k-30-c\/","og_site_name":"MET MANN","article_modified_time":"2023-05-18T07:01:15+00:00","og_image":[{"url":"https:\/\/www.metmann.com\/wp-content\/uploads\/2021\/09\/1518699684_1yc6.jpg"}],"twitter_card":"summary_large_image","twitter_title":"Ventilateur \u00e0 air chaud \u00e0 gaz de 34 kW avec ventilateur centrifuge - K-30-C","twitter_description":"R\u00e9chauffeur d&#8242;air chaud \u00e0 gaz naturel ou \u00e0 gaz propane de 34 kW et ventilateur centrifuge. \u00c9quipement sp\u00e9cialement indiqu\u00e9 pour le chauffage rapide et efficace des locaux commerciaux et industriels avec l&#8242;avantage de ne pas occuper un espace physique dans le sol.","twitter_image":"https:\/\/www.metmann.com\/wp-content\/uploads\/2021\/09\/1518699684_1yc6.jpg","schema":{"@context":"https:\/\/schema.org","@graph":[{"@type":"WebPage","@id":"https:\/\/www.metmann.com\/fr\/producto\/ventilateur-a-air-chaud-a-gaz-de-34-kw-avec-ventilateur-centrifuge-k-30-c\/","url":"https:\/\/www.metmann.com\/fr\/producto\/ventilateur-a-air-chaud-a-gaz-de-34-kw-avec-ventilateur-centrifuge-k-30-c\/","name":"Ventilateur \u00e0 air chaud \u00e0 gaz de 34 kW avec ventilateur centrifuge - K-30-C","isPartOf":{"@id":"https:\/\/www.metmann.com\/fr\/#website"},"primaryImageOfPage":{"@id":"https:\/\/www.metmann.com\/fr\/producto\/ventilateur-a-air-chaud-a-gaz-de-34-kw-avec-ventilateur-centrifuge-k-30-c\/#primaryimage"},"image":{"@id":"https:\/\/www.metmann.com\/fr\/producto\/ventilateur-a-air-chaud-a-gaz-de-34-kw-avec-ventilateur-centrifuge-k-30-c\/#primaryimage"},"thumbnailUrl":"https:\/\/www.metmann.com\/wp-content\/uploads\/2021\/11\/K_20_30_C.png","datePublished":"2021-11-03T14:53:30+00:00","dateModified":"2023-05-18T07:01:15+00:00","description":"R\u00e9chauffeur d&#8242;air chaud \u00e0 gaz naturel ou \u00e0 gaz propane de 34 kW et ventilateur centrifuge. \u00c9quipement sp\u00e9cialement indiqu\u00e9 pour le chauffage rapide et efficace des locaux commerciaux et industriels avec l&#8242;avantage de ne pas occuper un espace physique dans le sol.","breadcrumb":{"@id":"https:\/\/www.metmann.com\/fr\/producto\/ventilateur-a-air-chaud-a-gaz-de-34-kw-avec-ventilateur-centrifuge-k-30-c\/#breadcrumb"},"inLanguage":"fr-FR","potentialAction":[{"@type":"ReadAction","target":["https:\/\/www.metmann.com\/fr\/producto\/ventilateur-a-air-chaud-a-gaz-de-34-kw-avec-ventilateur-centrifuge-k-30-c\/"]}]},{"@type":"ImageObject","inLanguage":"fr-FR","@id":"https:\/\/www.metmann.com\/fr\/producto\/ventilateur-a-air-chaud-a-gaz-de-34-kw-avec-ventilateur-centrifuge-k-30-c\/#primaryimage","url":"https:\/\/www.metmann.com\/wp-content\/uploads\/2021\/11\/K_20_30_C.png","contentUrl":"https:\/\/www.metmann.com\/wp-content\/uploads\/2021\/11\/K_20_30_C.png","width":555,"height":555},{"@type":"BreadcrumbList","@id":"https:\/\/www.metmann.com\/fr\/producto\/ventilateur-a-air-chaud-a-gaz-de-34-kw-avec-ventilateur-centrifuge-k-30-c\/#breadcrumb","itemListElement":[{"@type":"ListItem","position":1,"name":"Inicio","item":"https:\/\/www.metmann.com\/fr\/"},{"@type":"ListItem","position":2,"name":"Productos","item":"https:\/\/www.metmann.com\/productos\/"},{"@type":"ListItem","position":3,"name":"K-30-C &#8211; Ventilateur \u00e0 air chaud \u00e0 gaz de 34 kW avec ventilateur centrifuge"}]},{"@type":"WebSite","@id":"https:\/\/www.metmann.com\/fr\/#website","url":"https:\/\/www.metmann.com\/fr\/","name":"MET MANN","description":"Climatizaci\u00f3n industrial, Calefactores y Ventilaci\u00f3n para empresas","publisher":{"@id":"https:\/\/www.metmann.com\/fr\/#organization"},"potentialAction":[{"@type":"SearchAction","target":{"@type":"EntryPoint","urlTemplate":"https:\/\/www.metmann.com\/fr\/?s={search_term_string}"},"query-input":"required name=search_term_string"}],"inLanguage":"fr-FR"},{"@type":"Organization","@id":"https:\/\/www.metmann.com\/fr\/#organization","name":"Met Mann","url":"https:\/\/www.metmann.com\/fr\/","logo":{"@type":"ImageObject","inLanguage":"fr-FR","@id":"https:\/\/www.metmann.com\/fr\/#\/schema\/logo\/image\/","url":"https:\/\/www.metmann.com\/wp-content\/uploads\/2021\/12\/logo-color-met-mann-01.jpg","contentUrl":"https:\/\/www.metmann.com\/wp-content\/uploads\/2021\/12\/logo-color-met-mann-01.jpg","width":351,"height":133,"caption":"Met Mann"},"image":{"@id":"https:\/\/www.metmann.com\/fr\/#\/schema\/logo\/image\/"}}]}},"_links":{"self":[{"href":"https:\/\/www.metmann.com\/fr\/wp-json\/wp\/v2\/product\/8770"}],"collection":[{"href":"https:\/\/www.metmann.com\/fr\/wp-json\/wp\/v2\/product"}],"about":[{"href":"https:\/\/www.metmann.com\/fr\/wp-json\/wp\/v2\/types\/product"}],"replies":[{"embeddable":true,"href":"https:\/\/www.metmann.com\/fr\/wp-json\/wp\/v2\/comments?post=8770"}],"wp:featuredmedia":[{"embeddable":true,"href":"https:\/\/www.metmann.com\/fr\/wp-json\/wp\/v2\/media\/16713"}],"wp:attachment":[{"href":"https:\/\/www.metmann.com\/fr\/wp-json\/wp\/v2\/media?parent=8770"}],"wp:term":[{"taxonomy":"product_cat","embeddable":true,"href":"https:\/\/www.metmann.com\/fr\/wp-json\/wp\/v2\/product_cat?post=8770"},{"taxonomy":"product_tag","embeddable":true,"href":"https:\/\/www.metmann.com\/fr\/wp-json\/wp\/v2\/product_tag?post=8770"}],"curies":[{"name":"wp","href":"https:\/\/api.w.org\/{rel}","templated":true}]}}