{"id":8833,"date":"2021-11-03T13:54:25","date_gmt":"2021-11-03T14:54:20","guid":{"rendered":"https:\/\/metmann.com.185-176-9-81.185-176-9-81.visualpublinet.com\/producto\/cabine-pour-augmenter-la-temperature-69-kw-tec-070\/"},"modified":"2023-05-15T07:32:43","modified_gmt":"2023-05-15T05:32:43","slug":"cabine-pour-augmenter-la-temperature-69-kw-tec-070","status":"publish","type":"product","link":"https:\/\/www.metmann.com\/fr\/producto\/cabine-pour-augmenter-la-temperature-69-kw-tec-070\/","title":{"rendered":"TEC-070 &#8211; Cabine pour augmenter la temp\u00e9rature 69 kW"},"content":{"rendered":"<p>&nbsp;<\/p>\n<div>\u00a0<\/div>\n<p>&nbsp;<\/p>\n<p>&nbsp;<\/p>\n","protected":false},"excerpt":{"rendered":"<p>&nbsp; \u00a0 &nbsp; &nbsp;<\/p>\n","protected":false},"featured_media":23823,"comment_status":"closed","ping_status":"closed","template":"","meta":{"_acf_changed":false,"_et_pb_use_builder":"","_et_pb_old_content":"","_et_gb_content_width":"","_joinchat":[]},"product_cat":[266,226],"product_tag":[],"acf":[],"yoast_head":"<!-- This site is optimized with the Yoast SEO plugin v22.6 - https:\/\/yoast.com\/wordpress\/plugins\/seo\/ -->\r\n<title>Cabine pour augmenter la temp\u00e9rature 69 kW - TEC-070<\/title>\r\n<meta name=\"description\" content=\"Cabine pour augmenter la temp\u00e9rature de l&#8242;air de 69 kW Modules avec chambre de combustion et \u00e9changeur enti\u00e8rement rev\u00eatus et indiqu\u00e9s pour augmenter la temp\u00e9rature de l&#8242;air qui entre en contact avec la zone d&#8242;\u00e9change thermique.\" \/>\r\n<meta name=\"robots\" content=\"index, follow, max-snippet:-1, max-image-preview:large, max-video-preview:-1\" \/>\r\n<link rel=\"canonical\" href=\"https:\/\/www.metmann.com\/fr\/producto\/cabine-pour-augmenter-la-temperature-69-kw-tec-070\/\" \/>\r\n<meta property=\"og:locale\" content=\"fr_FR\" \/>\r\n<meta property=\"og:type\" content=\"article\" \/>\r\n<meta property=\"og:title\" content=\"Cabine pour augmenter la temp\u00e9rature 69 kW - TEC-070\" \/>\r\n<meta property=\"og:description\" content=\"Cabine pour augmenter la temp\u00e9rature de l&#8242;air de 69 kW Modules avec chambre de combustion et \u00e9changeur enti\u00e8rement rev\u00eatus et indiqu\u00e9s pour augmenter la temp\u00e9rature de l&#8242;air qui entre en contact avec la zone d&#8242;\u00e9change thermique.\" \/>\r\n<meta property=\"og:url\" content=\"https:\/\/www.metmann.com\/fr\/producto\/cabine-pour-augmenter-la-temperature-69-kw-tec-070\/\" \/>\r\n<meta property=\"og:site_name\" content=\"MET MANN\" \/>\r\n<meta property=\"article:modified_time\" content=\"2023-05-15T05:32:43+00:00\" \/>\r\n<meta property=\"og:image\" content=\"https:\/\/www.metmann.com\/wp-content\/uploads\/2021\/09\/1518693347_Q9G3.jpg\" \/>\r\n<meta name=\"twitter:card\" content=\"summary_large_image\" \/>\r\n<meta name=\"twitter:title\" content=\"Cabine pour augmenter la temp\u00e9rature 69 kW - TEC-070\" \/>\r\n<meta name=\"twitter:description\" content=\"Cabine pour augmenter la temp\u00e9rature de l&#8242;air de 69 kW Modules avec chambre de combustion et \u00e9changeur enti\u00e8rement rev\u00eatus et indiqu\u00e9s pour augmenter la temp\u00e9rature de l&#8242;air qui entre en contact avec la zone d&#8242;\u00e9change thermique.\" \/>\r\n<meta name=\"twitter:image\" content=\"https:\/\/www.metmann.com\/wp-content\/uploads\/2021\/09\/1518693347_Q9G3.jpg\" \/>\r\n<script type=\"application\/ld+json\" class=\"yoast-schema-graph\">{\"@context\":\"https:\/\/schema.org\",\"@graph\":[{\"@type\":\"WebPage\",\"@id\":\"https:\/\/www.metmann.com\/fr\/producto\/cabine-pour-augmenter-la-temperature-69-kw-tec-070\/\",\"url\":\"https:\/\/www.metmann.com\/fr\/producto\/cabine-pour-augmenter-la-temperature-69-kw-tec-070\/\",\"name\":\"Cabine pour augmenter la temp\u00e9rature 69 kW - TEC-070\",\"isPartOf\":{\"@id\":\"https:\/\/www.metmann.com\/fr\/#website\"},\"primaryImageOfPage\":{\"@id\":\"https:\/\/www.metmann.com\/fr\/producto\/cabine-pour-augmenter-la-temperature-69-kw-tec-070\/#primaryimage\"},\"image\":{\"@id\":\"https:\/\/www.metmann.com\/fr\/producto\/cabine-pour-augmenter-la-temperature-69-kw-tec-070\/#primaryimage\"},\"thumbnailUrl\":\"https:\/\/www.metmann.com\/wp-content\/uploads\/2021\/11\/TEC_070.png\",\"datePublished\":\"2021-11-03T14:54:20+00:00\",\"dateModified\":\"2023-05-15T05:32:43+00:00\",\"description\":\"Cabine pour augmenter la temp\u00e9rature de l&#8242;air de 69 kW Modules avec chambre de combustion et \u00e9changeur enti\u00e8rement rev\u00eatus et indiqu\u00e9s pour augmenter la temp\u00e9rature de l&#8242;air qui entre en contact avec la zone d&#8242;\u00e9change thermique.\",\"breadcrumb\":{\"@id\":\"https:\/\/www.metmann.com\/fr\/producto\/cabine-pour-augmenter-la-temperature-69-kw-tec-070\/#breadcrumb\"},\"inLanguage\":\"fr-FR\",\"potentialAction\":[{\"@type\":\"ReadAction\",\"target\":[\"https:\/\/www.metmann.com\/fr\/producto\/cabine-pour-augmenter-la-temperature-69-kw-tec-070\/\"]}]},{\"@type\":\"ImageObject\",\"inLanguage\":\"fr-FR\",\"@id\":\"https:\/\/www.metmann.com\/fr\/producto\/cabine-pour-augmenter-la-temperature-69-kw-tec-070\/#primaryimage\",\"url\":\"https:\/\/www.metmann.com\/wp-content\/uploads\/2021\/11\/TEC_070.png\",\"contentUrl\":\"https:\/\/www.metmann.com\/wp-content\/uploads\/2021\/11\/TEC_070.png\",\"width\":991,\"height\":781},{\"@type\":\"BreadcrumbList\",\"@id\":\"https:\/\/www.metmann.com\/fr\/producto\/cabine-pour-augmenter-la-temperature-69-kw-tec-070\/#breadcrumb\",\"itemListElement\":[{\"@type\":\"ListItem\",\"position\":1,\"name\":\"Inicio\",\"item\":\"https:\/\/www.metmann.com\/fr\/\"},{\"@type\":\"ListItem\",\"position\":2,\"name\":\"Productos\",\"item\":\"https:\/\/www.metmann.com\/productos\/\"},{\"@type\":\"ListItem\",\"position\":3,\"name\":\"TEC-070 &#8211; Cabine pour augmenter la temp\u00e9rature 69 kW\"}]},{\"@type\":\"WebSite\",\"@id\":\"https:\/\/www.metmann.com\/fr\/#website\",\"url\":\"https:\/\/www.metmann.com\/fr\/\",\"name\":\"MET MANN\",\"description\":\"Climatizaci\u00f3n industrial, Calefactores y Ventilaci\u00f3n para empresas\",\"publisher\":{\"@id\":\"https:\/\/www.metmann.com\/fr\/#organization\"},\"potentialAction\":[{\"@type\":\"SearchAction\",\"target\":{\"@type\":\"EntryPoint\",\"urlTemplate\":\"https:\/\/www.metmann.com\/fr\/?s={search_term_string}\"},\"query-input\":\"required name=search_term_string\"}],\"inLanguage\":\"fr-FR\"},{\"@type\":\"Organization\",\"@id\":\"https:\/\/www.metmann.com\/fr\/#organization\",\"name\":\"Met Mann\",\"url\":\"https:\/\/www.metmann.com\/fr\/\",\"logo\":{\"@type\":\"ImageObject\",\"inLanguage\":\"fr-FR\",\"@id\":\"https:\/\/www.metmann.com\/fr\/#\/schema\/logo\/image\/\",\"url\":\"https:\/\/www.metmann.com\/wp-content\/uploads\/2021\/12\/logo-color-met-mann-01.jpg\",\"contentUrl\":\"https:\/\/www.metmann.com\/wp-content\/uploads\/2021\/12\/logo-color-met-mann-01.jpg\",\"width\":351,\"height\":133,\"caption\":\"Met Mann\"},\"image\":{\"@id\":\"https:\/\/www.metmann.com\/fr\/#\/schema\/logo\/image\/\"}}]}<\/script>\r\n<!-- \/ Yoast SEO plugin. -->","yoast_head_json":{"title":"Cabine pour augmenter la temp\u00e9rature 69 kW - TEC-070","description":"Cabine pour augmenter la temp\u00e9rature de l&#8242;air de 69 kW Modules avec chambre de combustion et \u00e9changeur enti\u00e8rement rev\u00eatus et indiqu\u00e9s pour augmenter la temp\u00e9rature de l&#8242;air qui entre en contact avec la zone d&#8242;\u00e9change thermique.","robots":{"index":"index","follow":"follow","max-snippet":"max-snippet:-1","max-image-preview":"max-image-preview:large","max-video-preview":"max-video-preview:-1"},"canonical":"https:\/\/www.metmann.com\/fr\/producto\/cabine-pour-augmenter-la-temperature-69-kw-tec-070\/","og_locale":"fr_FR","og_type":"article","og_title":"Cabine pour augmenter la temp\u00e9rature 69 kW - TEC-070","og_description":"Cabine pour augmenter la temp\u00e9rature de l&#8242;air de 69 kW Modules avec chambre de combustion et \u00e9changeur enti\u00e8rement rev\u00eatus et indiqu\u00e9s pour augmenter la temp\u00e9rature de l&#8242;air qui entre en contact avec la zone d&#8242;\u00e9change thermique.","og_url":"https:\/\/www.metmann.com\/fr\/producto\/cabine-pour-augmenter-la-temperature-69-kw-tec-070\/","og_site_name":"MET MANN","article_modified_time":"2023-05-15T05:32:43+00:00","og_image":[{"url":"https:\/\/www.metmann.com\/wp-content\/uploads\/2021\/09\/1518693347_Q9G3.jpg"}],"twitter_card":"summary_large_image","twitter_title":"Cabine pour augmenter la temp\u00e9rature 69 kW - TEC-070","twitter_description":"Cabine pour augmenter la temp\u00e9rature de l&#8242;air de 69 kW Modules avec chambre de combustion et \u00e9changeur enti\u00e8rement rev\u00eatus et indiqu\u00e9s pour augmenter la temp\u00e9rature de l&#8242;air qui entre en contact avec la zone d&#8242;\u00e9change thermique.","twitter_image":"https:\/\/www.metmann.com\/wp-content\/uploads\/2021\/09\/1518693347_Q9G3.jpg","schema":{"@context":"https:\/\/schema.org","@graph":[{"@type":"WebPage","@id":"https:\/\/www.metmann.com\/fr\/producto\/cabine-pour-augmenter-la-temperature-69-kw-tec-070\/","url":"https:\/\/www.metmann.com\/fr\/producto\/cabine-pour-augmenter-la-temperature-69-kw-tec-070\/","name":"Cabine pour augmenter la temp\u00e9rature 69 kW - TEC-070","isPartOf":{"@id":"https:\/\/www.metmann.com\/fr\/#website"},"primaryImageOfPage":{"@id":"https:\/\/www.metmann.com\/fr\/producto\/cabine-pour-augmenter-la-temperature-69-kw-tec-070\/#primaryimage"},"image":{"@id":"https:\/\/www.metmann.com\/fr\/producto\/cabine-pour-augmenter-la-temperature-69-kw-tec-070\/#primaryimage"},"thumbnailUrl":"https:\/\/www.metmann.com\/wp-content\/uploads\/2021\/11\/TEC_070.png","datePublished":"2021-11-03T14:54:20+00:00","dateModified":"2023-05-15T05:32:43+00:00","description":"Cabine pour augmenter la temp\u00e9rature de l&#8242;air de 69 kW Modules avec chambre de combustion et \u00e9changeur enti\u00e8rement rev\u00eatus et indiqu\u00e9s pour augmenter la temp\u00e9rature de l&#8242;air qui entre en contact avec la zone d&#8242;\u00e9change thermique.","breadcrumb":{"@id":"https:\/\/www.metmann.com\/fr\/producto\/cabine-pour-augmenter-la-temperature-69-kw-tec-070\/#breadcrumb"},"inLanguage":"fr-FR","potentialAction":[{"@type":"ReadAction","target":["https:\/\/www.metmann.com\/fr\/producto\/cabine-pour-augmenter-la-temperature-69-kw-tec-070\/"]}]},{"@type":"ImageObject","inLanguage":"fr-FR","@id":"https:\/\/www.metmann.com\/fr\/producto\/cabine-pour-augmenter-la-temperature-69-kw-tec-070\/#primaryimage","url":"https:\/\/www.metmann.com\/wp-content\/uploads\/2021\/11\/TEC_070.png","contentUrl":"https:\/\/www.metmann.com\/wp-content\/uploads\/2021\/11\/TEC_070.png","width":991,"height":781},{"@type":"BreadcrumbList","@id":"https:\/\/www.metmann.com\/fr\/producto\/cabine-pour-augmenter-la-temperature-69-kw-tec-070\/#breadcrumb","itemListElement":[{"@type":"ListItem","position":1,"name":"Inicio","item":"https:\/\/www.metmann.com\/fr\/"},{"@type":"ListItem","position":2,"name":"Productos","item":"https:\/\/www.metmann.com\/productos\/"},{"@type":"ListItem","position":3,"name":"TEC-070 &#8211; Cabine pour augmenter la temp\u00e9rature 69 kW"}]},{"@type":"WebSite","@id":"https:\/\/www.metmann.com\/fr\/#website","url":"https:\/\/www.metmann.com\/fr\/","name":"MET MANN","description":"Climatizaci\u00f3n industrial, Calefactores y Ventilaci\u00f3n para empresas","publisher":{"@id":"https:\/\/www.metmann.com\/fr\/#organization"},"potentialAction":[{"@type":"SearchAction","target":{"@type":"EntryPoint","urlTemplate":"https:\/\/www.metmann.com\/fr\/?s={search_term_string}"},"query-input":"required name=search_term_string"}],"inLanguage":"fr-FR"},{"@type":"Organization","@id":"https:\/\/www.metmann.com\/fr\/#organization","name":"Met Mann","url":"https:\/\/www.metmann.com\/fr\/","logo":{"@type":"ImageObject","inLanguage":"fr-FR","@id":"https:\/\/www.metmann.com\/fr\/#\/schema\/logo\/image\/","url":"https:\/\/www.metmann.com\/wp-content\/uploads\/2021\/12\/logo-color-met-mann-01.jpg","contentUrl":"https:\/\/www.metmann.com\/wp-content\/uploads\/2021\/12\/logo-color-met-mann-01.jpg","width":351,"height":133,"caption":"Met Mann"},"image":{"@id":"https:\/\/www.metmann.com\/fr\/#\/schema\/logo\/image\/"}}]}},"_links":{"self":[{"href":"https:\/\/www.metmann.com\/fr\/wp-json\/wp\/v2\/product\/8833"}],"collection":[{"href":"https:\/\/www.metmann.com\/fr\/wp-json\/wp\/v2\/product"}],"about":[{"href":"https:\/\/www.metmann.com\/fr\/wp-json\/wp\/v2\/types\/product"}],"replies":[{"embeddable":true,"href":"https:\/\/www.metmann.com\/fr\/wp-json\/wp\/v2\/comments?post=8833"}],"wp:featuredmedia":[{"embeddable":true,"href":"https:\/\/www.metmann.com\/fr\/wp-json\/wp\/v2\/media\/23823"}],"wp:attachment":[{"href":"https:\/\/www.metmann.com\/fr\/wp-json\/wp\/v2\/media?parent=8833"}],"wp:term":[{"taxonomy":"product_cat","embeddable":true,"href":"https:\/\/www.metmann.com\/fr\/wp-json\/wp\/v2\/product_cat?post=8833"},{"taxonomy":"product_tag","embeddable":true,"href":"https:\/\/www.metmann.com\/fr\/wp-json\/wp\/v2\/product_tag?post=8833"}],"curies":[{"name":"wp","href":"https:\/\/api.w.org\/{rel}","templated":true}]}}