{"id":8846,"date":"2021-11-03T13:54:48","date_gmt":"2021-11-03T14:54:37","guid":{"rendered":"https:\/\/metmann.com.185-176-9-81.185-176-9-81.visualpublinet.com\/producto\/poele-a-bois-industriel-avec-ventilateur-centrifuge-de-50-kw-ep-050-c\/"},"modified":"2026-03-12T12:22:33","modified_gmt":"2026-03-12T11:22:33","slug":"poele-a-bois-industriel-avec-ventilateur-centrifuge-de-50-kw-ep-050-c","status":"publish","type":"product","link":"https:\/\/www.metmann.com\/fr\/producto\/poele-a-bois-industriel-avec-ventilateur-centrifuge-de-50-kw-ep-050-c\/","title":{"rendered":"EP-050-C &#8211; Po\u00eale \u00e0 bois industriel avec ventilateur centrifuge de 50 kW"},"content":{"rendered":"<p>&nbsp;<\/p>\n<p><span id=\"result_box\" class=\"\" lang=\"fr\" tabindex=\"-1\"><span title=\"- Peso: 370 kg \"><br \/>\n<\/span><\/span><\/p>\n<h2><\/h2>\n","protected":false},"excerpt":{"rendered":"<p>&nbsp;<\/p>\n","protected":false},"featured_media":34925,"comment_status":"closed","ping_status":"closed","template":"","meta":{"_acf_changed":false,"_et_pb_use_builder":"","_et_pb_old_content":"","_et_gb_content_width":"","_joinchat":[]},"product_cat":[772,226,261],"product_tag":[],"acf":[],"yoast_head":"<!-- This site is optimized with the Yoast SEO plugin v22.6 - https:\/\/yoast.com\/wordpress\/plugins\/seo\/ -->\r\n<title>Po\u00eale \u00e0 bois industriel avec ventilateur centrifuge de 50 kW - EP-050-C<\/title>\r\n<meta name=\"description\" content=\"Po\u00eale \u00e0 bois industriel avec ventilateur centrifuge de 50 kW de puissance thermique. Son utilisation convient \u00e0 tous les types de locaux non domestiques o\u00f9 le combustible \u00e0 utiliser est du bois de chauffage, des restes de palettes en bois, des coquilles, etc ...\" \/>\r\n<meta name=\"robots\" content=\"index, follow, max-snippet:-1, max-image-preview:large, max-video-preview:-1\" \/>\r\n<link rel=\"canonical\" href=\"https:\/\/www.metmann.com\/fr\/producto\/poele-a-bois-industriel-avec-ventilateur-centrifuge-de-50-kw-ep-050-c\/\" \/>\r\n<meta property=\"og:locale\" content=\"fr_FR\" \/>\r\n<meta property=\"og:type\" content=\"article\" \/>\r\n<meta property=\"og:title\" content=\"Po\u00eale \u00e0 bois industriel avec ventilateur centrifuge de 50 kW - EP-050-C\" \/>\r\n<meta property=\"og:description\" content=\"Po\u00eale \u00e0 bois industriel avec ventilateur centrifuge de 50 kW de puissance thermique. Son utilisation convient \u00e0 tous les types de locaux non domestiques o\u00f9 le combustible \u00e0 utiliser est du bois de chauffage, des restes de palettes en bois, des coquilles, etc ...\" \/>\r\n<meta property=\"og:url\" content=\"https:\/\/www.metmann.com\/fr\/producto\/poele-a-bois-industriel-avec-ventilateur-centrifuge-de-50-kw-ep-050-c\/\" \/>\r\n<meta property=\"og:site_name\" content=\"MET MANN\" \/>\r\n<meta property=\"article:modified_time\" content=\"2026-03-12T11:22:33+00:00\" \/>\r\n<meta property=\"og:image\" content=\"https:\/\/www.metmann.com\/wp-content\/uploads\/2021\/09\/1520423268_Lv2Z.jpg\" \/>\r\n<meta name=\"twitter:card\" content=\"summary_large_image\" \/>\r\n<meta name=\"twitter:title\" content=\"Po\u00eale \u00e0 bois industriel avec ventilateur centrifuge de 50 kW - EP-050-C\" \/>\r\n<meta name=\"twitter:description\" content=\"Po\u00eale \u00e0 bois industriel avec ventilateur centrifuge de 50 kW de puissance thermique. Son utilisation convient \u00e0 tous les types de locaux non domestiques o\u00f9 le combustible \u00e0 utiliser est du bois de chauffage, des restes de palettes en bois, des coquilles, etc ...\" \/>\r\n<meta name=\"twitter:image\" content=\"https:\/\/www.metmann.com\/wp-content\/uploads\/2021\/09\/1520423268_Lv2Z.jpg\" \/>\r\n<meta name=\"twitter:label1\" content=\"Dur\u00e9e de lecture estim\u00e9e\" \/>\n\t<meta name=\"twitter:data1\" content=\"1 minute\" \/>\r\n<script type=\"application\/ld+json\" class=\"yoast-schema-graph\">{\"@context\":\"https:\/\/schema.org\",\"@graph\":[{\"@type\":\"WebPage\",\"@id\":\"https:\/\/www.metmann.com\/fr\/producto\/poele-a-bois-industriel-avec-ventilateur-centrifuge-de-50-kw-ep-050-c\/\",\"url\":\"https:\/\/www.metmann.com\/fr\/producto\/poele-a-bois-industriel-avec-ventilateur-centrifuge-de-50-kw-ep-050-c\/\",\"name\":\"Po\u00eale \u00e0 bois industriel avec ventilateur centrifuge de 50 kW - EP-050-C\",\"isPartOf\":{\"@id\":\"https:\/\/www.metmann.com\/fr\/#website\"},\"primaryImageOfPage\":{\"@id\":\"https:\/\/www.metmann.com\/fr\/producto\/poele-a-bois-industriel-avec-ventilateur-centrifuge-de-50-kw-ep-050-c\/#primaryimage\"},\"image\":{\"@id\":\"https:\/\/www.metmann.com\/fr\/producto\/poele-a-bois-industriel-avec-ventilateur-centrifuge-de-50-kw-ep-050-c\/#primaryimage\"},\"thumbnailUrl\":\"https:\/\/www.metmann.com\/wp-content\/uploads\/2021\/11\/EP-050-C-2026.png\",\"datePublished\":\"2021-11-03T14:54:37+00:00\",\"dateModified\":\"2026-03-12T11:22:33+00:00\",\"description\":\"Po\u00eale \u00e0 bois industriel avec ventilateur centrifuge de 50 kW de puissance thermique. Son utilisation convient \u00e0 tous les types de locaux non domestiques o\u00f9 le combustible \u00e0 utiliser est du bois de chauffage, des restes de palettes en bois, des coquilles, etc ...\",\"breadcrumb\":{\"@id\":\"https:\/\/www.metmann.com\/fr\/producto\/poele-a-bois-industriel-avec-ventilateur-centrifuge-de-50-kw-ep-050-c\/#breadcrumb\"},\"inLanguage\":\"fr-FR\",\"potentialAction\":[{\"@type\":\"ReadAction\",\"target\":[\"https:\/\/www.metmann.com\/fr\/producto\/poele-a-bois-industriel-avec-ventilateur-centrifuge-de-50-kw-ep-050-c\/\"]}]},{\"@type\":\"ImageObject\",\"inLanguage\":\"fr-FR\",\"@id\":\"https:\/\/www.metmann.com\/fr\/producto\/poele-a-bois-industriel-avec-ventilateur-centrifuge-de-50-kw-ep-050-c\/#primaryimage\",\"url\":\"https:\/\/www.metmann.com\/wp-content\/uploads\/2021\/11\/EP-050-C-2026.png\",\"contentUrl\":\"https:\/\/www.metmann.com\/wp-content\/uploads\/2021\/11\/EP-050-C-2026.png\",\"width\":600,\"height\":600,\"caption\":\"Estufa le\u00f1a industrial EP 050 C MET MANN\"},{\"@type\":\"BreadcrumbList\",\"@id\":\"https:\/\/www.metmann.com\/fr\/producto\/poele-a-bois-industriel-avec-ventilateur-centrifuge-de-50-kw-ep-050-c\/#breadcrumb\",\"itemListElement\":[{\"@type\":\"ListItem\",\"position\":1,\"name\":\"Inicio\",\"item\":\"https:\/\/www.metmann.com\/fr\/\"},{\"@type\":\"ListItem\",\"position\":2,\"name\":\"Productos\",\"item\":\"https:\/\/www.metmann.com\/productos\/\"},{\"@type\":\"ListItem\",\"position\":3,\"name\":\"EP-050-C &#8211; Po\u00eale \u00e0 bois industriel avec ventilateur centrifuge de 50 kW\"}]},{\"@type\":\"WebSite\",\"@id\":\"https:\/\/www.metmann.com\/fr\/#website\",\"url\":\"https:\/\/www.metmann.com\/fr\/\",\"name\":\"MET MANN\",\"description\":\"Climatizaci\u00f3n industrial, Calefactores y Ventilaci\u00f3n para empresas\",\"publisher\":{\"@id\":\"https:\/\/www.metmann.com\/fr\/#organization\"},\"potentialAction\":[{\"@type\":\"SearchAction\",\"target\":{\"@type\":\"EntryPoint\",\"urlTemplate\":\"https:\/\/www.metmann.com\/fr\/?s={search_term_string}\"},\"query-input\":\"required name=search_term_string\"}],\"inLanguage\":\"fr-FR\"},{\"@type\":\"Organization\",\"@id\":\"https:\/\/www.metmann.com\/fr\/#organization\",\"name\":\"Met Mann\",\"url\":\"https:\/\/www.metmann.com\/fr\/\",\"logo\":{\"@type\":\"ImageObject\",\"inLanguage\":\"fr-FR\",\"@id\":\"https:\/\/www.metmann.com\/fr\/#\/schema\/logo\/image\/\",\"url\":\"https:\/\/www.metmann.com\/wp-content\/uploads\/2021\/12\/logo-color-met-mann-01.jpg\",\"contentUrl\":\"https:\/\/www.metmann.com\/wp-content\/uploads\/2021\/12\/logo-color-met-mann-01.jpg\",\"width\":351,\"height\":133,\"caption\":\"Met Mann\"},\"image\":{\"@id\":\"https:\/\/www.metmann.com\/fr\/#\/schema\/logo\/image\/\"}}]}<\/script>\r\n<!-- \/ Yoast SEO plugin. -->","yoast_head_json":{"title":"Po\u00eale \u00e0 bois industriel avec ventilateur centrifuge de 50 kW - EP-050-C","description":"Po\u00eale \u00e0 bois industriel avec ventilateur centrifuge de 50 kW de puissance thermique. Son utilisation convient \u00e0 tous les types de locaux non domestiques o\u00f9 le combustible \u00e0 utiliser est du bois de chauffage, des restes de palettes en bois, des coquilles, etc ...","robots":{"index":"index","follow":"follow","max-snippet":"max-snippet:-1","max-image-preview":"max-image-preview:large","max-video-preview":"max-video-preview:-1"},"canonical":"https:\/\/www.metmann.com\/fr\/producto\/poele-a-bois-industriel-avec-ventilateur-centrifuge-de-50-kw-ep-050-c\/","og_locale":"fr_FR","og_type":"article","og_title":"Po\u00eale \u00e0 bois industriel avec ventilateur centrifuge de 50 kW - EP-050-C","og_description":"Po\u00eale \u00e0 bois industriel avec ventilateur centrifuge de 50 kW de puissance thermique. Son utilisation convient \u00e0 tous les types de locaux non domestiques o\u00f9 le combustible \u00e0 utiliser est du bois de chauffage, des restes de palettes en bois, des coquilles, etc ...","og_url":"https:\/\/www.metmann.com\/fr\/producto\/poele-a-bois-industriel-avec-ventilateur-centrifuge-de-50-kw-ep-050-c\/","og_site_name":"MET MANN","article_modified_time":"2026-03-12T11:22:33+00:00","og_image":[{"url":"https:\/\/www.metmann.com\/wp-content\/uploads\/2021\/09\/1520423268_Lv2Z.jpg"}],"twitter_card":"summary_large_image","twitter_title":"Po\u00eale \u00e0 bois industriel avec ventilateur centrifuge de 50 kW - EP-050-C","twitter_description":"Po\u00eale \u00e0 bois industriel avec ventilateur centrifuge de 50 kW de puissance thermique. Son utilisation convient \u00e0 tous les types de locaux non domestiques o\u00f9 le combustible \u00e0 utiliser est du bois de chauffage, des restes de palettes en bois, des coquilles, etc ...","twitter_image":"https:\/\/www.metmann.com\/wp-content\/uploads\/2021\/09\/1520423268_Lv2Z.jpg","twitter_misc":{"Dur\u00e9e de lecture estim\u00e9e":"1 minute"},"schema":{"@context":"https:\/\/schema.org","@graph":[{"@type":"WebPage","@id":"https:\/\/www.metmann.com\/fr\/producto\/poele-a-bois-industriel-avec-ventilateur-centrifuge-de-50-kw-ep-050-c\/","url":"https:\/\/www.metmann.com\/fr\/producto\/poele-a-bois-industriel-avec-ventilateur-centrifuge-de-50-kw-ep-050-c\/","name":"Po\u00eale \u00e0 bois industriel avec ventilateur centrifuge de 50 kW - EP-050-C","isPartOf":{"@id":"https:\/\/www.metmann.com\/fr\/#website"},"primaryImageOfPage":{"@id":"https:\/\/www.metmann.com\/fr\/producto\/poele-a-bois-industriel-avec-ventilateur-centrifuge-de-50-kw-ep-050-c\/#primaryimage"},"image":{"@id":"https:\/\/www.metmann.com\/fr\/producto\/poele-a-bois-industriel-avec-ventilateur-centrifuge-de-50-kw-ep-050-c\/#primaryimage"},"thumbnailUrl":"https:\/\/www.metmann.com\/wp-content\/uploads\/2021\/11\/EP-050-C-2026.png","datePublished":"2021-11-03T14:54:37+00:00","dateModified":"2026-03-12T11:22:33+00:00","description":"Po\u00eale \u00e0 bois industriel avec ventilateur centrifuge de 50 kW de puissance thermique. Son utilisation convient \u00e0 tous les types de locaux non domestiques o\u00f9 le combustible \u00e0 utiliser est du bois de chauffage, des restes de palettes en bois, des coquilles, etc ...","breadcrumb":{"@id":"https:\/\/www.metmann.com\/fr\/producto\/poele-a-bois-industriel-avec-ventilateur-centrifuge-de-50-kw-ep-050-c\/#breadcrumb"},"inLanguage":"fr-FR","potentialAction":[{"@type":"ReadAction","target":["https:\/\/www.metmann.com\/fr\/producto\/poele-a-bois-industriel-avec-ventilateur-centrifuge-de-50-kw-ep-050-c\/"]}]},{"@type":"ImageObject","inLanguage":"fr-FR","@id":"https:\/\/www.metmann.com\/fr\/producto\/poele-a-bois-industriel-avec-ventilateur-centrifuge-de-50-kw-ep-050-c\/#primaryimage","url":"https:\/\/www.metmann.com\/wp-content\/uploads\/2021\/11\/EP-050-C-2026.png","contentUrl":"https:\/\/www.metmann.com\/wp-content\/uploads\/2021\/11\/EP-050-C-2026.png","width":600,"height":600,"caption":"Estufa le\u00f1a industrial EP 050 C MET MANN"},{"@type":"BreadcrumbList","@id":"https:\/\/www.metmann.com\/fr\/producto\/poele-a-bois-industriel-avec-ventilateur-centrifuge-de-50-kw-ep-050-c\/#breadcrumb","itemListElement":[{"@type":"ListItem","position":1,"name":"Inicio","item":"https:\/\/www.metmann.com\/fr\/"},{"@type":"ListItem","position":2,"name":"Productos","item":"https:\/\/www.metmann.com\/productos\/"},{"@type":"ListItem","position":3,"name":"EP-050-C &#8211; Po\u00eale \u00e0 bois industriel avec ventilateur centrifuge de 50 kW"}]},{"@type":"WebSite","@id":"https:\/\/www.metmann.com\/fr\/#website","url":"https:\/\/www.metmann.com\/fr\/","name":"MET MANN","description":"Climatizaci\u00f3n industrial, Calefactores y Ventilaci\u00f3n para empresas","publisher":{"@id":"https:\/\/www.metmann.com\/fr\/#organization"},"potentialAction":[{"@type":"SearchAction","target":{"@type":"EntryPoint","urlTemplate":"https:\/\/www.metmann.com\/fr\/?s={search_term_string}"},"query-input":"required name=search_term_string"}],"inLanguage":"fr-FR"},{"@type":"Organization","@id":"https:\/\/www.metmann.com\/fr\/#organization","name":"Met Mann","url":"https:\/\/www.metmann.com\/fr\/","logo":{"@type":"ImageObject","inLanguage":"fr-FR","@id":"https:\/\/www.metmann.com\/fr\/#\/schema\/logo\/image\/","url":"https:\/\/www.metmann.com\/wp-content\/uploads\/2021\/12\/logo-color-met-mann-01.jpg","contentUrl":"https:\/\/www.metmann.com\/wp-content\/uploads\/2021\/12\/logo-color-met-mann-01.jpg","width":351,"height":133,"caption":"Met Mann"},"image":{"@id":"https:\/\/www.metmann.com\/fr\/#\/schema\/logo\/image\/"}}]}},"_links":{"self":[{"href":"https:\/\/www.metmann.com\/fr\/wp-json\/wp\/v2\/product\/8846"}],"collection":[{"href":"https:\/\/www.metmann.com\/fr\/wp-json\/wp\/v2\/product"}],"about":[{"href":"https:\/\/www.metmann.com\/fr\/wp-json\/wp\/v2\/types\/product"}],"replies":[{"embeddable":true,"href":"https:\/\/www.metmann.com\/fr\/wp-json\/wp\/v2\/comments?post=8846"}],"wp:featuredmedia":[{"embeddable":true,"href":"https:\/\/www.metmann.com\/fr\/wp-json\/wp\/v2\/media\/34925"}],"wp:attachment":[{"href":"https:\/\/www.metmann.com\/fr\/wp-json\/wp\/v2\/media?parent=8846"}],"wp:term":[{"taxonomy":"product_cat","embeddable":true,"href":"https:\/\/www.metmann.com\/fr\/wp-json\/wp\/v2\/product_cat?post=8846"},{"taxonomy":"product_tag","embeddable":true,"href":"https:\/\/www.metmann.com\/fr\/wp-json\/wp\/v2\/product_tag?post=8846"}],"curies":[{"name":"wp","href":"https:\/\/api.w.org\/{rel}","templated":true}]}}