{"id":8856,"date":"2021-11-03T13:54:48","date_gmt":"2021-11-03T14:54:37","guid":{"rendered":"https:\/\/metmann.com.185-176-9-81.185-176-9-81.visualpublinet.com\/producto\/bain-dextraction-m1-100-n-c-2-vitesses-90-75-m3-h-deconnexion-retardee\/"},"modified":"2023-06-27T10:01:33","modified_gmt":"2023-06-27T08:01:33","slug":"bain-dextraction-m1-100-n-c-2-vitesses-90-75-m3-h-deconnexion-retardee","status":"publish","type":"product","link":"https:\/\/www.metmann.com\/fr\/producto\/bain-dextraction-m1-100-n-c-2-vitesses-90-75-m3-h-deconnexion-retardee\/","title":{"rendered":"M1-100-N\/C &#8211; Extracteur de salle de bain silencieux 90\/75 m3\/h &#8211; D\u00e9lai de d\u00e9connexion"},"content":{"rendered":"","protected":false},"excerpt":{"rendered":"","protected":false},"featured_media":17377,"comment_status":"closed","ping_status":"closed","template":"","meta":{"_acf_changed":false,"_et_pb_use_builder":"","_et_pb_old_content":"","_et_gb_content_width":"","_joinchat":[]},"product_cat":[228,242],"product_tag":[],"acf":[],"yoast_head":"<!-- This site is optimized with the Yoast SEO plugin v22.6 - https:\/\/yoast.com\/wordpress\/plugins\/seo\/ -->\r\n<title>Bain d&#8242;extraction M1\/100 N\/C - 2 vitesses 90\/75 m3\/h - D\u00e9connexion retard\u00e9e<\/title>\r\n<meta name=\"description\" content=\"Salle de bains avec ventilateur ultra silencieux Coupure retard\u00e9e de haute qualit\u00e9 et un design tr\u00e8s appr\u00e9ci\u00e9 par les designers d&#8242;int\u00e9rieur.\" \/>\r\n<meta name=\"robots\" content=\"index, follow, max-snippet:-1, max-image-preview:large, max-video-preview:-1\" \/>\r\n<link rel=\"canonical\" href=\"https:\/\/www.metmann.com\/fr\/producto\/bain-dextraction-m1-100-n-c-2-vitesses-90-75-m3-h-deconnexion-retardee\/\" \/>\r\n<meta property=\"og:locale\" content=\"fr_FR\" \/>\r\n<meta property=\"og:type\" content=\"article\" \/>\r\n<meta property=\"og:title\" content=\"Bain d&#8242;extraction M1\/100 N\/C - 2 vitesses 90\/75 m3\/h - D\u00e9connexion retard\u00e9e\" \/>\r\n<meta property=\"og:description\" content=\"Salle de bains avec ventilateur ultra silencieux Coupure retard\u00e9e de haute qualit\u00e9 et un design tr\u00e8s appr\u00e9ci\u00e9 par les designers d&#8242;int\u00e9rieur.\" \/>\r\n<meta property=\"og:url\" content=\"https:\/\/www.metmann.com\/fr\/producto\/bain-dextraction-m1-100-n-c-2-vitesses-90-75-m3-h-deconnexion-retardee\/\" \/>\r\n<meta property=\"og:site_name\" content=\"MET MANN\" \/>\r\n<meta property=\"article:modified_time\" content=\"2023-06-27T08:01:33+00:00\" \/>\r\n<meta property=\"og:image\" content=\"https:\/\/www.metmann.com\/wp-content\/uploads\/2021\/11\/1635502296_DUkV.jpg\" \/>\r\n<meta name=\"twitter:card\" content=\"summary_large_image\" \/>\r\n<meta name=\"twitter:title\" content=\"Bain d&#8242;extraction M1\/100 N\/C - 2 vitesses 90\/75 m3\/h - D\u00e9connexion retard\u00e9e\" \/>\r\n<meta name=\"twitter:description\" content=\"Salle de bains avec ventilateur ultra silencieux Coupure retard\u00e9e de haute qualit\u00e9 et un design tr\u00e8s appr\u00e9ci\u00e9 par les designers d&#8242;int\u00e9rieur.\" \/>\r\n<meta name=\"twitter:image\" content=\"https:\/\/www.metmann.com\/wp-content\/uploads\/2021\/11\/1635502296_DUkV.jpg\" \/>\r\n<script type=\"application\/ld+json\" class=\"yoast-schema-graph\">{\"@context\":\"https:\/\/schema.org\",\"@graph\":[{\"@type\":\"WebPage\",\"@id\":\"https:\/\/www.metmann.com\/fr\/producto\/bain-dextraction-m1-100-n-c-2-vitesses-90-75-m3-h-deconnexion-retardee\/\",\"url\":\"https:\/\/www.metmann.com\/fr\/producto\/bain-dextraction-m1-100-n-c-2-vitesses-90-75-m3-h-deconnexion-retardee\/\",\"name\":\"Bain d&#8242;extraction M1\/100 N\/C - 2 vitesses 90\/75 m3\/h - D\u00e9connexion retard\u00e9e\",\"isPartOf\":{\"@id\":\"https:\/\/www.metmann.com\/fr\/#website\"},\"primaryImageOfPage\":{\"@id\":\"https:\/\/www.metmann.com\/fr\/producto\/bain-dextraction-m1-100-n-c-2-vitesses-90-75-m3-h-deconnexion-retardee\/#primaryimage\"},\"image\":{\"@id\":\"https:\/\/www.metmann.com\/fr\/producto\/bain-dextraction-m1-100-n-c-2-vitesses-90-75-m3-h-deconnexion-retardee\/#primaryimage\"},\"thumbnailUrl\":\"https:\/\/www.metmann.com\/wp-content\/uploads\/2021\/11\/MINIVENT.png\",\"datePublished\":\"2021-11-03T14:54:37+00:00\",\"dateModified\":\"2023-06-27T08:01:33+00:00\",\"description\":\"Salle de bains avec ventilateur ultra silencieux Coupure retard\u00e9e de haute qualit\u00e9 et un design tr\u00e8s appr\u00e9ci\u00e9 par les designers d&#8242;int\u00e9rieur.\",\"breadcrumb\":{\"@id\":\"https:\/\/www.metmann.com\/fr\/producto\/bain-dextraction-m1-100-n-c-2-vitesses-90-75-m3-h-deconnexion-retardee\/#breadcrumb\"},\"inLanguage\":\"fr-FR\",\"potentialAction\":[{\"@type\":\"ReadAction\",\"target\":[\"https:\/\/www.metmann.com\/fr\/producto\/bain-dextraction-m1-100-n-c-2-vitesses-90-75-m3-h-deconnexion-retardee\/\"]}]},{\"@type\":\"ImageObject\",\"inLanguage\":\"fr-FR\",\"@id\":\"https:\/\/www.metmann.com\/fr\/producto\/bain-dextraction-m1-100-n-c-2-vitesses-90-75-m3-h-deconnexion-retardee\/#primaryimage\",\"url\":\"https:\/\/www.metmann.com\/wp-content\/uploads\/2021\/11\/MINIVENT.png\",\"contentUrl\":\"https:\/\/www.metmann.com\/wp-content\/uploads\/2021\/11\/MINIVENT.png\",\"width\":726,\"height\":726},{\"@type\":\"BreadcrumbList\",\"@id\":\"https:\/\/www.metmann.com\/fr\/producto\/bain-dextraction-m1-100-n-c-2-vitesses-90-75-m3-h-deconnexion-retardee\/#breadcrumb\",\"itemListElement\":[{\"@type\":\"ListItem\",\"position\":1,\"name\":\"Inicio\",\"item\":\"https:\/\/www.metmann.com\/fr\/\"},{\"@type\":\"ListItem\",\"position\":2,\"name\":\"Productos\",\"item\":\"https:\/\/www.metmann.com\/productos\/\"},{\"@type\":\"ListItem\",\"position\":3,\"name\":\"M1-100-N\/C &#8211; Extracteur de salle de bain silencieux 90\/75 m3\/h &#8211; D\u00e9lai de d\u00e9connexion\"}]},{\"@type\":\"WebSite\",\"@id\":\"https:\/\/www.metmann.com\/fr\/#website\",\"url\":\"https:\/\/www.metmann.com\/fr\/\",\"name\":\"MET MANN\",\"description\":\"Climatizaci\u00f3n industrial, Calefactores y Ventilaci\u00f3n para empresas\",\"publisher\":{\"@id\":\"https:\/\/www.metmann.com\/fr\/#organization\"},\"potentialAction\":[{\"@type\":\"SearchAction\",\"target\":{\"@type\":\"EntryPoint\",\"urlTemplate\":\"https:\/\/www.metmann.com\/fr\/?s={search_term_string}\"},\"query-input\":\"required name=search_term_string\"}],\"inLanguage\":\"fr-FR\"},{\"@type\":\"Organization\",\"@id\":\"https:\/\/www.metmann.com\/fr\/#organization\",\"name\":\"Met Mann\",\"url\":\"https:\/\/www.metmann.com\/fr\/\",\"logo\":{\"@type\":\"ImageObject\",\"inLanguage\":\"fr-FR\",\"@id\":\"https:\/\/www.metmann.com\/fr\/#\/schema\/logo\/image\/\",\"url\":\"https:\/\/www.metmann.com\/wp-content\/uploads\/2021\/12\/logo-color-met-mann-01.jpg\",\"contentUrl\":\"https:\/\/www.metmann.com\/wp-content\/uploads\/2021\/12\/logo-color-met-mann-01.jpg\",\"width\":351,\"height\":133,\"caption\":\"Met Mann\"},\"image\":{\"@id\":\"https:\/\/www.metmann.com\/fr\/#\/schema\/logo\/image\/\"}}]}<\/script>\r\n<!-- \/ Yoast SEO plugin. -->","yoast_head_json":{"title":"Bain d&#8242;extraction M1\/100 N\/C - 2 vitesses 90\/75 m3\/h - D\u00e9connexion retard\u00e9e","description":"Salle de bains avec ventilateur ultra silencieux Coupure retard\u00e9e de haute qualit\u00e9 et un design tr\u00e8s appr\u00e9ci\u00e9 par les designers d&#8242;int\u00e9rieur.","robots":{"index":"index","follow":"follow","max-snippet":"max-snippet:-1","max-image-preview":"max-image-preview:large","max-video-preview":"max-video-preview:-1"},"canonical":"https:\/\/www.metmann.com\/fr\/producto\/bain-dextraction-m1-100-n-c-2-vitesses-90-75-m3-h-deconnexion-retardee\/","og_locale":"fr_FR","og_type":"article","og_title":"Bain d&#8242;extraction M1\/100 N\/C - 2 vitesses 90\/75 m3\/h - D\u00e9connexion retard\u00e9e","og_description":"Salle de bains avec ventilateur ultra silencieux Coupure retard\u00e9e de haute qualit\u00e9 et un design tr\u00e8s appr\u00e9ci\u00e9 par les designers d&#8242;int\u00e9rieur.","og_url":"https:\/\/www.metmann.com\/fr\/producto\/bain-dextraction-m1-100-n-c-2-vitesses-90-75-m3-h-deconnexion-retardee\/","og_site_name":"MET MANN","article_modified_time":"2023-06-27T08:01:33+00:00","og_image":[{"url":"https:\/\/www.metmann.com\/wp-content\/uploads\/2021\/11\/1635502296_DUkV.jpg"}],"twitter_card":"summary_large_image","twitter_title":"Bain d&#8242;extraction M1\/100 N\/C - 2 vitesses 90\/75 m3\/h - D\u00e9connexion retard\u00e9e","twitter_description":"Salle de bains avec ventilateur ultra silencieux Coupure retard\u00e9e de haute qualit\u00e9 et un design tr\u00e8s appr\u00e9ci\u00e9 par les designers d&#8242;int\u00e9rieur.","twitter_image":"https:\/\/www.metmann.com\/wp-content\/uploads\/2021\/11\/1635502296_DUkV.jpg","schema":{"@context":"https:\/\/schema.org","@graph":[{"@type":"WebPage","@id":"https:\/\/www.metmann.com\/fr\/producto\/bain-dextraction-m1-100-n-c-2-vitesses-90-75-m3-h-deconnexion-retardee\/","url":"https:\/\/www.metmann.com\/fr\/producto\/bain-dextraction-m1-100-n-c-2-vitesses-90-75-m3-h-deconnexion-retardee\/","name":"Bain d&#8242;extraction M1\/100 N\/C - 2 vitesses 90\/75 m3\/h - D\u00e9connexion retard\u00e9e","isPartOf":{"@id":"https:\/\/www.metmann.com\/fr\/#website"},"primaryImageOfPage":{"@id":"https:\/\/www.metmann.com\/fr\/producto\/bain-dextraction-m1-100-n-c-2-vitesses-90-75-m3-h-deconnexion-retardee\/#primaryimage"},"image":{"@id":"https:\/\/www.metmann.com\/fr\/producto\/bain-dextraction-m1-100-n-c-2-vitesses-90-75-m3-h-deconnexion-retardee\/#primaryimage"},"thumbnailUrl":"https:\/\/www.metmann.com\/wp-content\/uploads\/2021\/11\/MINIVENT.png","datePublished":"2021-11-03T14:54:37+00:00","dateModified":"2023-06-27T08:01:33+00:00","description":"Salle de bains avec ventilateur ultra silencieux Coupure retard\u00e9e de haute qualit\u00e9 et un design tr\u00e8s appr\u00e9ci\u00e9 par les designers d&#8242;int\u00e9rieur.","breadcrumb":{"@id":"https:\/\/www.metmann.com\/fr\/producto\/bain-dextraction-m1-100-n-c-2-vitesses-90-75-m3-h-deconnexion-retardee\/#breadcrumb"},"inLanguage":"fr-FR","potentialAction":[{"@type":"ReadAction","target":["https:\/\/www.metmann.com\/fr\/producto\/bain-dextraction-m1-100-n-c-2-vitesses-90-75-m3-h-deconnexion-retardee\/"]}]},{"@type":"ImageObject","inLanguage":"fr-FR","@id":"https:\/\/www.metmann.com\/fr\/producto\/bain-dextraction-m1-100-n-c-2-vitesses-90-75-m3-h-deconnexion-retardee\/#primaryimage","url":"https:\/\/www.metmann.com\/wp-content\/uploads\/2021\/11\/MINIVENT.png","contentUrl":"https:\/\/www.metmann.com\/wp-content\/uploads\/2021\/11\/MINIVENT.png","width":726,"height":726},{"@type":"BreadcrumbList","@id":"https:\/\/www.metmann.com\/fr\/producto\/bain-dextraction-m1-100-n-c-2-vitesses-90-75-m3-h-deconnexion-retardee\/#breadcrumb","itemListElement":[{"@type":"ListItem","position":1,"name":"Inicio","item":"https:\/\/www.metmann.com\/fr\/"},{"@type":"ListItem","position":2,"name":"Productos","item":"https:\/\/www.metmann.com\/productos\/"},{"@type":"ListItem","position":3,"name":"M1-100-N\/C &#8211; Extracteur de salle de bain silencieux 90\/75 m3\/h &#8211; D\u00e9lai de d\u00e9connexion"}]},{"@type":"WebSite","@id":"https:\/\/www.metmann.com\/fr\/#website","url":"https:\/\/www.metmann.com\/fr\/","name":"MET MANN","description":"Climatizaci\u00f3n industrial, Calefactores y Ventilaci\u00f3n para empresas","publisher":{"@id":"https:\/\/www.metmann.com\/fr\/#organization"},"potentialAction":[{"@type":"SearchAction","target":{"@type":"EntryPoint","urlTemplate":"https:\/\/www.metmann.com\/fr\/?s={search_term_string}"},"query-input":"required name=search_term_string"}],"inLanguage":"fr-FR"},{"@type":"Organization","@id":"https:\/\/www.metmann.com\/fr\/#organization","name":"Met Mann","url":"https:\/\/www.metmann.com\/fr\/","logo":{"@type":"ImageObject","inLanguage":"fr-FR","@id":"https:\/\/www.metmann.com\/fr\/#\/schema\/logo\/image\/","url":"https:\/\/www.metmann.com\/wp-content\/uploads\/2021\/12\/logo-color-met-mann-01.jpg","contentUrl":"https:\/\/www.metmann.com\/wp-content\/uploads\/2021\/12\/logo-color-met-mann-01.jpg","width":351,"height":133,"caption":"Met Mann"},"image":{"@id":"https:\/\/www.metmann.com\/fr\/#\/schema\/logo\/image\/"}}]}},"_links":{"self":[{"href":"https:\/\/www.metmann.com\/fr\/wp-json\/wp\/v2\/product\/8856"}],"collection":[{"href":"https:\/\/www.metmann.com\/fr\/wp-json\/wp\/v2\/product"}],"about":[{"href":"https:\/\/www.metmann.com\/fr\/wp-json\/wp\/v2\/types\/product"}],"replies":[{"embeddable":true,"href":"https:\/\/www.metmann.com\/fr\/wp-json\/wp\/v2\/comments?post=8856"}],"wp:featuredmedia":[{"embeddable":true,"href":"https:\/\/www.metmann.com\/fr\/wp-json\/wp\/v2\/media\/17377"}],"wp:attachment":[{"href":"https:\/\/www.metmann.com\/fr\/wp-json\/wp\/v2\/media?parent=8856"}],"wp:term":[{"taxonomy":"product_cat","embeddable":true,"href":"https:\/\/www.metmann.com\/fr\/wp-json\/wp\/v2\/product_cat?post=8856"},{"taxonomy":"product_tag","embeddable":true,"href":"https:\/\/www.metmann.com\/fr\/wp-json\/wp\/v2\/product_tag?post=8856"}],"curies":[{"name":"wp","href":"https:\/\/api.w.org\/{rel}","templated":true}]}}