{"id":8889,"date":"2021-11-03T13:55:35","date_gmt":"2021-11-03T14:55:12","guid":{"rendered":"https:\/\/metmann.com.185-176-9-81.185-176-9-81.visualpublinet.com\/producto\/chauffage-electrique-a-panneaux-radiants-infra-mann-wifi\/"},"modified":"2023-05-25T09:24:57","modified_gmt":"2023-05-25T07:24:57","slug":"chauffage-electrique-a-panneaux-radiants-infra-mann-wifi","status":"publish","type":"product","link":"https:\/\/www.metmann.com\/fr\/producto\/chauffage-electrique-a-panneaux-radiants-infra-mann-wifi\/","title":{"rendered":"INFRA MANN WIFI &#8211; Chauffage \u00e9lectrique \u00e0 panneaux radiants"},"content":{"rendered":"<div>\u00a0<\/div>\n<p>&nbsp;<\/p>\n<div>\u00a0<\/div>\n<div>\n<h2>\u00a0<\/h2>\n<\/div>\n","protected":false},"excerpt":{"rendered":"<p>\u00a0 &nbsp; \u00a0 \u00a0<\/p>\n","protected":false},"featured_media":17000,"comment_status":"closed","ping_status":"closed","template":"","meta":{"_acf_changed":false,"_et_pb_use_builder":"","_et_pb_old_content":"","_et_gb_content_width":"","_joinchat":[]},"product_cat":[226,290],"product_tag":[],"acf":[],"yoast_head":"<!-- This site is optimized with the Yoast SEO plugin v22.6 - https:\/\/yoast.com\/wordpress\/plugins\/seo\/ -->\r\n<title>Chauffage \u00e9lectrique \u00e0 panneaux radiants - INFRA MANN WIFI<\/title>\r\n<meta name=\"description\" content=\"Chauffage \u00e9lectrique \u00e0 panneaux radiants | Chaleur rapide et efficace | Propre et silencieux | Contr\u00f4le avec WIFI | MET MANN\" \/>\r\n<meta name=\"robots\" content=\"index, follow, max-snippet:-1, max-image-preview:large, max-video-preview:-1\" \/>\r\n<link rel=\"canonical\" href=\"https:\/\/www.metmann.com\/fr\/producto\/chauffage-electrique-a-panneaux-radiants-infra-mann-wifi\/\" \/>\r\n<meta property=\"og:locale\" content=\"fr_FR\" \/>\r\n<meta property=\"og:type\" content=\"article\" \/>\r\n<meta property=\"og:title\" content=\"Chauffage \u00e9lectrique \u00e0 panneaux radiants - INFRA MANN WIFI\" \/>\r\n<meta property=\"og:description\" content=\"Chauffage \u00e9lectrique \u00e0 panneaux radiants | Chaleur rapide et efficace | Propre et silencieux | Contr\u00f4le avec WIFI | MET MANN\" \/>\r\n<meta property=\"og:url\" content=\"https:\/\/www.metmann.com\/fr\/producto\/chauffage-electrique-a-panneaux-radiants-infra-mann-wifi\/\" \/>\r\n<meta property=\"og:site_name\" content=\"MET MANN\" \/>\r\n<meta property=\"article:modified_time\" content=\"2023-05-25T07:24:57+00:00\" \/>\r\n<meta property=\"og:image\" content=\"https:\/\/www.metmann.com\/wp-content\/uploads\/2021\/09\/1571142880_R88g.jpg\" \/>\r\n<meta name=\"twitter:card\" content=\"summary_large_image\" \/>\r\n<meta name=\"twitter:title\" content=\"Chauffage \u00e9lectrique \u00e0 panneaux radiants - INFRA MANN WIFI\" \/>\r\n<meta name=\"twitter:description\" content=\"Chauffage \u00e9lectrique \u00e0 panneaux radiants | Chaleur rapide et efficace | Propre et silencieux | Contr\u00f4le avec WIFI | MET MANN\" \/>\r\n<meta name=\"twitter:image\" content=\"https:\/\/www.metmann.com\/wp-content\/uploads\/2021\/09\/1571142880_R88g.jpg\" \/>\r\n<script type=\"application\/ld+json\" class=\"yoast-schema-graph\">{\"@context\":\"https:\/\/schema.org\",\"@graph\":[{\"@type\":\"WebPage\",\"@id\":\"https:\/\/www.metmann.com\/fr\/producto\/chauffage-electrique-a-panneaux-radiants-infra-mann-wifi\/\",\"url\":\"https:\/\/www.metmann.com\/fr\/producto\/chauffage-electrique-a-panneaux-radiants-infra-mann-wifi\/\",\"name\":\"Chauffage \u00e9lectrique \u00e0 panneaux radiants - INFRA MANN WIFI\",\"isPartOf\":{\"@id\":\"https:\/\/www.metmann.com\/fr\/#website\"},\"primaryImageOfPage\":{\"@id\":\"https:\/\/www.metmann.com\/fr\/producto\/chauffage-electrique-a-panneaux-radiants-infra-mann-wifi\/#primaryimage\"},\"image\":{\"@id\":\"https:\/\/www.metmann.com\/fr\/producto\/chauffage-electrique-a-panneaux-radiants-infra-mann-wifi\/#primaryimage\"},\"thumbnailUrl\":\"https:\/\/www.metmann.com\/wp-content\/uploads\/2021\/11\/INFRAMANN-WIFI.png\",\"datePublished\":\"2021-11-03T14:55:12+00:00\",\"dateModified\":\"2023-05-25T07:24:57+00:00\",\"description\":\"Chauffage \u00e9lectrique \u00e0 panneaux radiants | Chaleur rapide et efficace | Propre et silencieux | Contr\u00f4le avec WIFI | MET MANN\",\"breadcrumb\":{\"@id\":\"https:\/\/www.metmann.com\/fr\/producto\/chauffage-electrique-a-panneaux-radiants-infra-mann-wifi\/#breadcrumb\"},\"inLanguage\":\"fr-FR\",\"potentialAction\":[{\"@type\":\"ReadAction\",\"target\":[\"https:\/\/www.metmann.com\/fr\/producto\/chauffage-electrique-a-panneaux-radiants-infra-mann-wifi\/\"]}]},{\"@type\":\"ImageObject\",\"inLanguage\":\"fr-FR\",\"@id\":\"https:\/\/www.metmann.com\/fr\/producto\/chauffage-electrique-a-panneaux-radiants-infra-mann-wifi\/#primaryimage\",\"url\":\"https:\/\/www.metmann.com\/wp-content\/uploads\/2021\/11\/INFRAMANN-WIFI.png\",\"contentUrl\":\"https:\/\/www.metmann.com\/wp-content\/uploads\/2021\/11\/INFRAMANN-WIFI.png\",\"width\":948,\"height\":948},{\"@type\":\"BreadcrumbList\",\"@id\":\"https:\/\/www.metmann.com\/fr\/producto\/chauffage-electrique-a-panneaux-radiants-infra-mann-wifi\/#breadcrumb\",\"itemListElement\":[{\"@type\":\"ListItem\",\"position\":1,\"name\":\"Inicio\",\"item\":\"https:\/\/www.metmann.com\/fr\/\"},{\"@type\":\"ListItem\",\"position\":2,\"name\":\"Productos\",\"item\":\"https:\/\/www.metmann.com\/productos\/\"},{\"@type\":\"ListItem\",\"position\":3,\"name\":\"INFRA MANN WIFI &#8211; Chauffage \u00e9lectrique \u00e0 panneaux radiants\"}]},{\"@type\":\"WebSite\",\"@id\":\"https:\/\/www.metmann.com\/fr\/#website\",\"url\":\"https:\/\/www.metmann.com\/fr\/\",\"name\":\"MET MANN\",\"description\":\"Climatizaci\u00f3n industrial, Calefactores y Ventilaci\u00f3n para empresas\",\"publisher\":{\"@id\":\"https:\/\/www.metmann.com\/fr\/#organization\"},\"potentialAction\":[{\"@type\":\"SearchAction\",\"target\":{\"@type\":\"EntryPoint\",\"urlTemplate\":\"https:\/\/www.metmann.com\/fr\/?s={search_term_string}\"},\"query-input\":\"required name=search_term_string\"}],\"inLanguage\":\"fr-FR\"},{\"@type\":\"Organization\",\"@id\":\"https:\/\/www.metmann.com\/fr\/#organization\",\"name\":\"Met Mann\",\"url\":\"https:\/\/www.metmann.com\/fr\/\",\"logo\":{\"@type\":\"ImageObject\",\"inLanguage\":\"fr-FR\",\"@id\":\"https:\/\/www.metmann.com\/fr\/#\/schema\/logo\/image\/\",\"url\":\"https:\/\/www.metmann.com\/wp-content\/uploads\/2021\/12\/logo-color-met-mann-01.jpg\",\"contentUrl\":\"https:\/\/www.metmann.com\/wp-content\/uploads\/2021\/12\/logo-color-met-mann-01.jpg\",\"width\":351,\"height\":133,\"caption\":\"Met Mann\"},\"image\":{\"@id\":\"https:\/\/www.metmann.com\/fr\/#\/schema\/logo\/image\/\"}}]}<\/script>\r\n<!-- \/ Yoast SEO plugin. -->","yoast_head_json":{"title":"Chauffage \u00e9lectrique \u00e0 panneaux radiants - INFRA MANN WIFI","description":"Chauffage \u00e9lectrique \u00e0 panneaux radiants | Chaleur rapide et efficace | Propre et silencieux | Contr\u00f4le avec WIFI | MET MANN","robots":{"index":"index","follow":"follow","max-snippet":"max-snippet:-1","max-image-preview":"max-image-preview:large","max-video-preview":"max-video-preview:-1"},"canonical":"https:\/\/www.metmann.com\/fr\/producto\/chauffage-electrique-a-panneaux-radiants-infra-mann-wifi\/","og_locale":"fr_FR","og_type":"article","og_title":"Chauffage \u00e9lectrique \u00e0 panneaux radiants - INFRA MANN WIFI","og_description":"Chauffage \u00e9lectrique \u00e0 panneaux radiants | Chaleur rapide et efficace | Propre et silencieux | Contr\u00f4le avec WIFI | MET MANN","og_url":"https:\/\/www.metmann.com\/fr\/producto\/chauffage-electrique-a-panneaux-radiants-infra-mann-wifi\/","og_site_name":"MET MANN","article_modified_time":"2023-05-25T07:24:57+00:00","og_image":[{"url":"https:\/\/www.metmann.com\/wp-content\/uploads\/2021\/09\/1571142880_R88g.jpg"}],"twitter_card":"summary_large_image","twitter_title":"Chauffage \u00e9lectrique \u00e0 panneaux radiants - INFRA MANN WIFI","twitter_description":"Chauffage \u00e9lectrique \u00e0 panneaux radiants | Chaleur rapide et efficace | Propre et silencieux | Contr\u00f4le avec WIFI | MET MANN","twitter_image":"https:\/\/www.metmann.com\/wp-content\/uploads\/2021\/09\/1571142880_R88g.jpg","schema":{"@context":"https:\/\/schema.org","@graph":[{"@type":"WebPage","@id":"https:\/\/www.metmann.com\/fr\/producto\/chauffage-electrique-a-panneaux-radiants-infra-mann-wifi\/","url":"https:\/\/www.metmann.com\/fr\/producto\/chauffage-electrique-a-panneaux-radiants-infra-mann-wifi\/","name":"Chauffage \u00e9lectrique \u00e0 panneaux radiants - INFRA MANN WIFI","isPartOf":{"@id":"https:\/\/www.metmann.com\/fr\/#website"},"primaryImageOfPage":{"@id":"https:\/\/www.metmann.com\/fr\/producto\/chauffage-electrique-a-panneaux-radiants-infra-mann-wifi\/#primaryimage"},"image":{"@id":"https:\/\/www.metmann.com\/fr\/producto\/chauffage-electrique-a-panneaux-radiants-infra-mann-wifi\/#primaryimage"},"thumbnailUrl":"https:\/\/www.metmann.com\/wp-content\/uploads\/2021\/11\/INFRAMANN-WIFI.png","datePublished":"2021-11-03T14:55:12+00:00","dateModified":"2023-05-25T07:24:57+00:00","description":"Chauffage \u00e9lectrique \u00e0 panneaux radiants | Chaleur rapide et efficace | Propre et silencieux | Contr\u00f4le avec WIFI | MET MANN","breadcrumb":{"@id":"https:\/\/www.metmann.com\/fr\/producto\/chauffage-electrique-a-panneaux-radiants-infra-mann-wifi\/#breadcrumb"},"inLanguage":"fr-FR","potentialAction":[{"@type":"ReadAction","target":["https:\/\/www.metmann.com\/fr\/producto\/chauffage-electrique-a-panneaux-radiants-infra-mann-wifi\/"]}]},{"@type":"ImageObject","inLanguage":"fr-FR","@id":"https:\/\/www.metmann.com\/fr\/producto\/chauffage-electrique-a-panneaux-radiants-infra-mann-wifi\/#primaryimage","url":"https:\/\/www.metmann.com\/wp-content\/uploads\/2021\/11\/INFRAMANN-WIFI.png","contentUrl":"https:\/\/www.metmann.com\/wp-content\/uploads\/2021\/11\/INFRAMANN-WIFI.png","width":948,"height":948},{"@type":"BreadcrumbList","@id":"https:\/\/www.metmann.com\/fr\/producto\/chauffage-electrique-a-panneaux-radiants-infra-mann-wifi\/#breadcrumb","itemListElement":[{"@type":"ListItem","position":1,"name":"Inicio","item":"https:\/\/www.metmann.com\/fr\/"},{"@type":"ListItem","position":2,"name":"Productos","item":"https:\/\/www.metmann.com\/productos\/"},{"@type":"ListItem","position":3,"name":"INFRA MANN WIFI &#8211; Chauffage \u00e9lectrique \u00e0 panneaux radiants"}]},{"@type":"WebSite","@id":"https:\/\/www.metmann.com\/fr\/#website","url":"https:\/\/www.metmann.com\/fr\/","name":"MET MANN","description":"Climatizaci\u00f3n industrial, Calefactores y Ventilaci\u00f3n para empresas","publisher":{"@id":"https:\/\/www.metmann.com\/fr\/#organization"},"potentialAction":[{"@type":"SearchAction","target":{"@type":"EntryPoint","urlTemplate":"https:\/\/www.metmann.com\/fr\/?s={search_term_string}"},"query-input":"required name=search_term_string"}],"inLanguage":"fr-FR"},{"@type":"Organization","@id":"https:\/\/www.metmann.com\/fr\/#organization","name":"Met Mann","url":"https:\/\/www.metmann.com\/fr\/","logo":{"@type":"ImageObject","inLanguage":"fr-FR","@id":"https:\/\/www.metmann.com\/fr\/#\/schema\/logo\/image\/","url":"https:\/\/www.metmann.com\/wp-content\/uploads\/2021\/12\/logo-color-met-mann-01.jpg","contentUrl":"https:\/\/www.metmann.com\/wp-content\/uploads\/2021\/12\/logo-color-met-mann-01.jpg","width":351,"height":133,"caption":"Met Mann"},"image":{"@id":"https:\/\/www.metmann.com\/fr\/#\/schema\/logo\/image\/"}}]}},"_links":{"self":[{"href":"https:\/\/www.metmann.com\/fr\/wp-json\/wp\/v2\/product\/8889"}],"collection":[{"href":"https:\/\/www.metmann.com\/fr\/wp-json\/wp\/v2\/product"}],"about":[{"href":"https:\/\/www.metmann.com\/fr\/wp-json\/wp\/v2\/types\/product"}],"replies":[{"embeddable":true,"href":"https:\/\/www.metmann.com\/fr\/wp-json\/wp\/v2\/comments?post=8889"}],"wp:featuredmedia":[{"embeddable":true,"href":"https:\/\/www.metmann.com\/fr\/wp-json\/wp\/v2\/media\/17000"}],"wp:attachment":[{"href":"https:\/\/www.metmann.com\/fr\/wp-json\/wp\/v2\/media?parent=8889"}],"wp:term":[{"taxonomy":"product_cat","embeddable":true,"href":"https:\/\/www.metmann.com\/fr\/wp-json\/wp\/v2\/product_cat?post=8889"},{"taxonomy":"product_tag","embeddable":true,"href":"https:\/\/www.metmann.com\/fr\/wp-json\/wp\/v2\/product_tag?post=8889"}],"curies":[{"name":"wp","href":"https:\/\/api.w.org\/{rel}","templated":true}]}}