{"id":8895,"date":"2021-11-03T13:55:35","date_gmt":"2021-11-03T14:55:12","guid":{"rendered":"https:\/\/metmann.com.185-176-9-81.185-176-9-81.visualpublinet.com\/producto\/generateur-de-granules-dair-chaud-de-43-kw-bm-050\/"},"modified":"2026-03-13T11:47:47","modified_gmt":"2026-03-13T10:47:47","slug":"generateur-de-granules-dair-chaud-de-43-kw-bm-050","status":"publish","type":"product","link":"https:\/\/www.metmann.com\/fr\/producto\/generateur-de-granules-dair-chaud-de-43-kw-bm-050\/","title":{"rendered":"BM-050 &#8211; G\u00e9n\u00e9rateur de granul\u00e9s d&#8242;air chaud de 43 kW"},"content":{"rendered":"","protected":false},"excerpt":{"rendered":"","protected":false},"featured_media":16722,"comment_status":"closed","ping_status":"closed","template":"","meta":{"_acf_changed":false,"_et_pb_use_builder":"","_et_pb_old_content":"","_et_gb_content_width":"","_joinchat":[]},"product_cat":[778,226,265],"product_tag":[],"acf":[],"yoast_head":"<!-- This site is optimized with the Yoast SEO plugin v22.6 - https:\/\/yoast.com\/wordpress\/plugins\/seo\/ -->\r\n<title>G\u00e9n\u00e9rateur de granul\u00e9s d&#8242;air chaud de 43 kW - BM-050<\/title>\r\n<meta name=\"description\" content=\"R\u00e9chauffeur industriel avec une puissance de chauffage de 43 kW. Ses applications principales sont le chauffage des b\u00e2timents industriels, des fermes, des serres et toutes sortes de locaux qui n\u00e9cessitent un syst\u00e8me de chauffage rapide et efficace.\" \/>\r\n<meta name=\"robots\" content=\"index, follow, max-snippet:-1, max-image-preview:large, max-video-preview:-1\" \/>\r\n<link rel=\"canonical\" href=\"https:\/\/www.metmann.com\/fr\/producto\/generateur-de-granules-dair-chaud-de-43-kw-bm-050\/\" \/>\r\n<meta property=\"og:locale\" content=\"fr_FR\" \/>\r\n<meta property=\"og:type\" content=\"article\" \/>\r\n<meta property=\"og:title\" content=\"G\u00e9n\u00e9rateur de granul\u00e9s d&#8242;air chaud de 43 kW - BM-050\" \/>\r\n<meta property=\"og:description\" content=\"R\u00e9chauffeur industriel avec une puissance de chauffage de 43 kW. Ses applications principales sont le chauffage des b\u00e2timents industriels, des fermes, des serres et toutes sortes de locaux qui n\u00e9cessitent un syst\u00e8me de chauffage rapide et efficace.\" \/>\r\n<meta property=\"og:url\" content=\"https:\/\/www.metmann.com\/fr\/producto\/generateur-de-granules-dair-chaud-de-43-kw-bm-050\/\" \/>\r\n<meta property=\"og:site_name\" content=\"MET MANN\" \/>\r\n<meta property=\"article:modified_time\" content=\"2026-03-13T10:47:47+00:00\" \/>\r\n<meta property=\"og:image\" content=\"https:\/\/www.metmann.com\/wp-content\/uploads\/2021\/09\/1551875788_9WIV.jpg\" \/>\r\n<meta name=\"twitter:card\" content=\"summary_large_image\" \/>\r\n<meta name=\"twitter:title\" content=\"G\u00e9n\u00e9rateur de granul\u00e9s d&#8242;air chaud de 43 kW - BM-050\" \/>\r\n<meta name=\"twitter:description\" content=\"R\u00e9chauffeur industriel avec une puissance de chauffage de 43 kW. Ses applications principales sont le chauffage des b\u00e2timents industriels, des fermes, des serres et toutes sortes de locaux qui n\u00e9cessitent un syst\u00e8me de chauffage rapide et efficace.\" \/>\r\n<meta name=\"twitter:image\" content=\"https:\/\/www.metmann.com\/wp-content\/uploads\/2021\/09\/1551875788_9WIV.jpg\" \/>\r\n<script type=\"application\/ld+json\" class=\"yoast-schema-graph\">{\"@context\":\"https:\/\/schema.org\",\"@graph\":[{\"@type\":\"WebPage\",\"@id\":\"https:\/\/www.metmann.com\/fr\/producto\/generateur-de-granules-dair-chaud-de-43-kw-bm-050\/\",\"url\":\"https:\/\/www.metmann.com\/fr\/producto\/generateur-de-granules-dair-chaud-de-43-kw-bm-050\/\",\"name\":\"G\u00e9n\u00e9rateur de granul\u00e9s d&#8242;air chaud de 43 kW - BM-050\",\"isPartOf\":{\"@id\":\"https:\/\/www.metmann.com\/fr\/#website\"},\"primaryImageOfPage\":{\"@id\":\"https:\/\/www.metmann.com\/fr\/producto\/generateur-de-granules-dair-chaud-de-43-kw-bm-050\/#primaryimage\"},\"image\":{\"@id\":\"https:\/\/www.metmann.com\/fr\/producto\/generateur-de-granules-dair-chaud-de-43-kw-bm-050\/#primaryimage\"},\"thumbnailUrl\":\"https:\/\/www.metmann.com\/wp-content\/uploads\/2021\/11\/BM-050DEPOSITO-SF.png\",\"datePublished\":\"2021-11-03T14:55:12+00:00\",\"dateModified\":\"2026-03-13T10:47:47+00:00\",\"description\":\"R\u00e9chauffeur industriel avec une puissance de chauffage de 43 kW. Ses applications principales sont le chauffage des b\u00e2timents industriels, des fermes, des serres et toutes sortes de locaux qui n\u00e9cessitent un syst\u00e8me de chauffage rapide et efficace.\",\"breadcrumb\":{\"@id\":\"https:\/\/www.metmann.com\/fr\/producto\/generateur-de-granules-dair-chaud-de-43-kw-bm-050\/#breadcrumb\"},\"inLanguage\":\"fr-FR\",\"potentialAction\":[{\"@type\":\"ReadAction\",\"target\":[\"https:\/\/www.metmann.com\/fr\/producto\/generateur-de-granules-dair-chaud-de-43-kw-bm-050\/\"]}]},{\"@type\":\"ImageObject\",\"inLanguage\":\"fr-FR\",\"@id\":\"https:\/\/www.metmann.com\/fr\/producto\/generateur-de-granules-dair-chaud-de-43-kw-bm-050\/#primaryimage\",\"url\":\"https:\/\/www.metmann.com\/wp-content\/uploads\/2021\/11\/BM-050DEPOSITO-SF.png\",\"contentUrl\":\"https:\/\/www.metmann.com\/wp-content\/uploads\/2021\/11\/BM-050DEPOSITO-SF.png\",\"width\":1200,\"height\":1200},{\"@type\":\"BreadcrumbList\",\"@id\":\"https:\/\/www.metmann.com\/fr\/producto\/generateur-de-granules-dair-chaud-de-43-kw-bm-050\/#breadcrumb\",\"itemListElement\":[{\"@type\":\"ListItem\",\"position\":1,\"name\":\"Inicio\",\"item\":\"https:\/\/www.metmann.com\/fr\/\"},{\"@type\":\"ListItem\",\"position\":2,\"name\":\"Productos\",\"item\":\"https:\/\/www.metmann.com\/productos\/\"},{\"@type\":\"ListItem\",\"position\":3,\"name\":\"BM-050 &#8211; G\u00e9n\u00e9rateur de granul\u00e9s d&#8242;air chaud de 43 kW\"}]},{\"@type\":\"WebSite\",\"@id\":\"https:\/\/www.metmann.com\/fr\/#website\",\"url\":\"https:\/\/www.metmann.com\/fr\/\",\"name\":\"MET MANN\",\"description\":\"Climatizaci\u00f3n industrial, Calefactores y Ventilaci\u00f3n para empresas\",\"publisher\":{\"@id\":\"https:\/\/www.metmann.com\/fr\/#organization\"},\"potentialAction\":[{\"@type\":\"SearchAction\",\"target\":{\"@type\":\"EntryPoint\",\"urlTemplate\":\"https:\/\/www.metmann.com\/fr\/?s={search_term_string}\"},\"query-input\":\"required name=search_term_string\"}],\"inLanguage\":\"fr-FR\"},{\"@type\":\"Organization\",\"@id\":\"https:\/\/www.metmann.com\/fr\/#organization\",\"name\":\"Met Mann\",\"url\":\"https:\/\/www.metmann.com\/fr\/\",\"logo\":{\"@type\":\"ImageObject\",\"inLanguage\":\"fr-FR\",\"@id\":\"https:\/\/www.metmann.com\/fr\/#\/schema\/logo\/image\/\",\"url\":\"https:\/\/www.metmann.com\/wp-content\/uploads\/2021\/12\/logo-color-met-mann-01.jpg\",\"contentUrl\":\"https:\/\/www.metmann.com\/wp-content\/uploads\/2021\/12\/logo-color-met-mann-01.jpg\",\"width\":351,\"height\":133,\"caption\":\"Met Mann\"},\"image\":{\"@id\":\"https:\/\/www.metmann.com\/fr\/#\/schema\/logo\/image\/\"}}]}<\/script>\r\n<!-- \/ Yoast SEO plugin. -->","yoast_head_json":{"title":"G\u00e9n\u00e9rateur de granul\u00e9s d&#8242;air chaud de 43 kW - BM-050","description":"R\u00e9chauffeur industriel avec une puissance de chauffage de 43 kW. Ses applications principales sont le chauffage des b\u00e2timents industriels, des fermes, des serres et toutes sortes de locaux qui n\u00e9cessitent un syst\u00e8me de chauffage rapide et efficace.","robots":{"index":"index","follow":"follow","max-snippet":"max-snippet:-1","max-image-preview":"max-image-preview:large","max-video-preview":"max-video-preview:-1"},"canonical":"https:\/\/www.metmann.com\/fr\/producto\/generateur-de-granules-dair-chaud-de-43-kw-bm-050\/","og_locale":"fr_FR","og_type":"article","og_title":"G\u00e9n\u00e9rateur de granul\u00e9s d&#8242;air chaud de 43 kW - BM-050","og_description":"R\u00e9chauffeur industriel avec une puissance de chauffage de 43 kW. Ses applications principales sont le chauffage des b\u00e2timents industriels, des fermes, des serres et toutes sortes de locaux qui n\u00e9cessitent un syst\u00e8me de chauffage rapide et efficace.","og_url":"https:\/\/www.metmann.com\/fr\/producto\/generateur-de-granules-dair-chaud-de-43-kw-bm-050\/","og_site_name":"MET MANN","article_modified_time":"2026-03-13T10:47:47+00:00","og_image":[{"url":"https:\/\/www.metmann.com\/wp-content\/uploads\/2021\/09\/1551875788_9WIV.jpg"}],"twitter_card":"summary_large_image","twitter_title":"G\u00e9n\u00e9rateur de granul\u00e9s d&#8242;air chaud de 43 kW - BM-050","twitter_description":"R\u00e9chauffeur industriel avec une puissance de chauffage de 43 kW. Ses applications principales sont le chauffage des b\u00e2timents industriels, des fermes, des serres et toutes sortes de locaux qui n\u00e9cessitent un syst\u00e8me de chauffage rapide et efficace.","twitter_image":"https:\/\/www.metmann.com\/wp-content\/uploads\/2021\/09\/1551875788_9WIV.jpg","schema":{"@context":"https:\/\/schema.org","@graph":[{"@type":"WebPage","@id":"https:\/\/www.metmann.com\/fr\/producto\/generateur-de-granules-dair-chaud-de-43-kw-bm-050\/","url":"https:\/\/www.metmann.com\/fr\/producto\/generateur-de-granules-dair-chaud-de-43-kw-bm-050\/","name":"G\u00e9n\u00e9rateur de granul\u00e9s d&#8242;air chaud de 43 kW - BM-050","isPartOf":{"@id":"https:\/\/www.metmann.com\/fr\/#website"},"primaryImageOfPage":{"@id":"https:\/\/www.metmann.com\/fr\/producto\/generateur-de-granules-dair-chaud-de-43-kw-bm-050\/#primaryimage"},"image":{"@id":"https:\/\/www.metmann.com\/fr\/producto\/generateur-de-granules-dair-chaud-de-43-kw-bm-050\/#primaryimage"},"thumbnailUrl":"https:\/\/www.metmann.com\/wp-content\/uploads\/2021\/11\/BM-050DEPOSITO-SF.png","datePublished":"2021-11-03T14:55:12+00:00","dateModified":"2026-03-13T10:47:47+00:00","description":"R\u00e9chauffeur industriel avec une puissance de chauffage de 43 kW. Ses applications principales sont le chauffage des b\u00e2timents industriels, des fermes, des serres et toutes sortes de locaux qui n\u00e9cessitent un syst\u00e8me de chauffage rapide et efficace.","breadcrumb":{"@id":"https:\/\/www.metmann.com\/fr\/producto\/generateur-de-granules-dair-chaud-de-43-kw-bm-050\/#breadcrumb"},"inLanguage":"fr-FR","potentialAction":[{"@type":"ReadAction","target":["https:\/\/www.metmann.com\/fr\/producto\/generateur-de-granules-dair-chaud-de-43-kw-bm-050\/"]}]},{"@type":"ImageObject","inLanguage":"fr-FR","@id":"https:\/\/www.metmann.com\/fr\/producto\/generateur-de-granules-dair-chaud-de-43-kw-bm-050\/#primaryimage","url":"https:\/\/www.metmann.com\/wp-content\/uploads\/2021\/11\/BM-050DEPOSITO-SF.png","contentUrl":"https:\/\/www.metmann.com\/wp-content\/uploads\/2021\/11\/BM-050DEPOSITO-SF.png","width":1200,"height":1200},{"@type":"BreadcrumbList","@id":"https:\/\/www.metmann.com\/fr\/producto\/generateur-de-granules-dair-chaud-de-43-kw-bm-050\/#breadcrumb","itemListElement":[{"@type":"ListItem","position":1,"name":"Inicio","item":"https:\/\/www.metmann.com\/fr\/"},{"@type":"ListItem","position":2,"name":"Productos","item":"https:\/\/www.metmann.com\/productos\/"},{"@type":"ListItem","position":3,"name":"BM-050 &#8211; G\u00e9n\u00e9rateur de granul\u00e9s d&#8242;air chaud de 43 kW"}]},{"@type":"WebSite","@id":"https:\/\/www.metmann.com\/fr\/#website","url":"https:\/\/www.metmann.com\/fr\/","name":"MET MANN","description":"Climatizaci\u00f3n industrial, Calefactores y Ventilaci\u00f3n para empresas","publisher":{"@id":"https:\/\/www.metmann.com\/fr\/#organization"},"potentialAction":[{"@type":"SearchAction","target":{"@type":"EntryPoint","urlTemplate":"https:\/\/www.metmann.com\/fr\/?s={search_term_string}"},"query-input":"required name=search_term_string"}],"inLanguage":"fr-FR"},{"@type":"Organization","@id":"https:\/\/www.metmann.com\/fr\/#organization","name":"Met Mann","url":"https:\/\/www.metmann.com\/fr\/","logo":{"@type":"ImageObject","inLanguage":"fr-FR","@id":"https:\/\/www.metmann.com\/fr\/#\/schema\/logo\/image\/","url":"https:\/\/www.metmann.com\/wp-content\/uploads\/2021\/12\/logo-color-met-mann-01.jpg","contentUrl":"https:\/\/www.metmann.com\/wp-content\/uploads\/2021\/12\/logo-color-met-mann-01.jpg","width":351,"height":133,"caption":"Met Mann"},"image":{"@id":"https:\/\/www.metmann.com\/fr\/#\/schema\/logo\/image\/"}}]}},"_links":{"self":[{"href":"https:\/\/www.metmann.com\/fr\/wp-json\/wp\/v2\/product\/8895"}],"collection":[{"href":"https:\/\/www.metmann.com\/fr\/wp-json\/wp\/v2\/product"}],"about":[{"href":"https:\/\/www.metmann.com\/fr\/wp-json\/wp\/v2\/types\/product"}],"replies":[{"embeddable":true,"href":"https:\/\/www.metmann.com\/fr\/wp-json\/wp\/v2\/comments?post=8895"}],"wp:featuredmedia":[{"embeddable":true,"href":"https:\/\/www.metmann.com\/fr\/wp-json\/wp\/v2\/media\/16722"}],"wp:attachment":[{"href":"https:\/\/www.metmann.com\/fr\/wp-json\/wp\/v2\/media?parent=8895"}],"wp:term":[{"taxonomy":"product_cat","embeddable":true,"href":"https:\/\/www.metmann.com\/fr\/wp-json\/wp\/v2\/product_cat?post=8895"},{"taxonomy":"product_tag","embeddable":true,"href":"https:\/\/www.metmann.com\/fr\/wp-json\/wp\/v2\/product_tag?post=8895"}],"curies":[{"name":"wp","href":"https:\/\/api.w.org\/{rel}","templated":true}]}}