{"id":19283,"date":"2022-01-04T09:16:15","date_gmt":"2022-01-04T09:16:15","guid":{"rendered":"https:\/\/metmann.com.185-176-9-81.185-176-9-81.visualpublinet.com\/instalaciones\/"},"modified":"2023-03-10T13:23:01","modified_gmt":"2023-03-10T12:23:01","slug":"instalaciones","status":"publish","type":"page","link":"https:\/\/www.metmann.com\/it\/instalaciones\/","title":{"rendered":"Le Nostre strutture"},"content":{"rendered":"<p>[et_pb_section fb_built=&#8221;1&#8243; admin_label=&#8221;Section&#8221; module_class=&#8221;cabecera-general&#8221; _builder_version=&#8221;4.16&#8243; _module_preset=&#8221;default&#8221; background_color=&#8221;#f4f4f4&#8243; use_background_color_gradient=&#8221;on&#8221; background_color_gradient_direction=&#8221;124deg&#8221; background_color_gradient_stops=&#8221;#e5e5e5 75%|#fbc201 75%&#8221; background_color_gradient_start=&#8221;#e5e5e5&#8243; background_color_gradient_start_position=&#8221;75%&#8221; background_color_gradient_end=&#8221;#fbc201&#8243; background_color_gradient_end_position=&#8221;75%&#8221; custom_margin=&#8221;0px||0px||false|false&#8221; custom_margin_tablet=&#8221;||50px||false|false&#8221; custom_margin_last_edited=&#8221;off|desktop&#8221; custom_padding=&#8221;2%||2%||true|false&#8221; animation_style=&#8221;slide&#8221; animation_direction=&#8221;top&#8221; da_disable_devices=&#8221;off|off|off&#8221; global_colors_info=&#8221;{}&#8221; da_is_popup=&#8221;off&#8221; da_exit_intent=&#8221;off&#8221; da_has_close=&#8221;on&#8221; da_alt_close=&#8221;off&#8221; da_dark_close=&#8221;off&#8221; da_not_modal=&#8221;on&#8221; da_is_singular=&#8221;off&#8221; da_with_loader=&#8221;off&#8221; da_has_shadow=&#8221;on&#8221;][et_pb_row _builder_version=&#8221;4.16&#8243; _module_preset=&#8221;default&#8221; width_tablet=&#8221;90%&#8221; width_phone=&#8221;&#8221; width_last_edited=&#8221;on|tablet&#8221; custom_margin=&#8221;0px||0px||false|false&#8221; custom_padding=&#8221;0px||0px||false|false&#8221; global_colors_info=&#8221;{}&#8221; width__hover_enabled=&#8221;off|desktop&#8221;][et_pb_column type=&#8221;4_4&#8243; _builder_version=&#8221;4.16&#8243; _module_preset=&#8221;default&#8221; global_colors_info=&#8221;{}&#8221;][et_pb_post_title meta=&#8221;off&#8221; featured_image=&#8221;off&#8221; _builder_version=&#8221;4.16&#8243; _module_preset=&#8221;default&#8221; title_font=&#8221;|700||on|||||&#8221; custom_margin=&#8221;0px||0px||false|false&#8221; custom_padding=&#8221;0px||0px||false|false&#8221; animation_style=&#8221;slide&#8221; animation_direction=&#8221;left&#8221; global_colors_info=&#8221;{}&#8221;][\/et_pb_post_title][et_pb_code _builder_version=&#8221;4.16&#8243; _module_preset=&#8221;default&#8221; animation_style=&#8221;slide&#8221; animation_direction=&#8221;left&#8221; global_colors_info=&#8221;{}&#8221;]<\/p>\n<div class=\"migas\"><!-- [et_pb_line_break_holder] --> <span><span><a href=\"https:\/\/www.metmann.com\/it\/\">Inicio<\/a><\/span><\/span><!-- [et_pb_line_break_holder] --><\/div>\n<p>[\/et_pb_code][\/et_pb_column][\/et_pb_row][\/et_pb_section][et_pb_section fb_built=&#8221;1&#8243; _builder_version=&#8221;4.16&#8243; _module_preset=&#8221;default&#8221; custom_margin=&#8221;0px||50px||false|false&#8221; custom_padding=&#8221;0px||0px||false|false&#8221; da_disable_devices=&#8221;off|off|off&#8221; global_colors_info=&#8221;{}&#8221; da_is_popup=&#8221;off&#8221; da_exit_intent=&#8221;off&#8221; da_has_close=&#8221;on&#8221; da_alt_close=&#8221;off&#8221; da_dark_close=&#8221;off&#8221; da_not_modal=&#8221;on&#8221; da_is_singular=&#8221;off&#8221; da_with_loader=&#8221;off&#8221; da_has_shadow=&#8221;on&#8221;][et_pb_row _builder_version=&#8221;4.16&#8243; _module_preset=&#8221;default&#8221; width=&#8221;100%&#8221; max_width=&#8221;100%&#8221; custom_margin=&#8221;0px||0px||false|false&#8221; custom_padding=&#8221;0px||0px||false|false&#8221; global_colors_info=&#8221;{}&#8221;][et_pb_column type=&#8221;4_4&#8243; _builder_version=&#8221;4.16&#8243; _module_preset=&#8221;default&#8221; global_colors_info=&#8221;{}&#8221;][et_pb_image src=&#8221;https:\/\/www.metmann.com\/wp-content\/uploads\/2022\/10\/metmann-metalurgica-instalaciones-01.jpg&#8221; alt=&#8221;Le Nostre strutture Met Mann&#8221; title_text=&#8221;Le Nostre strutture Met Mann&#8221; force_fullwidth=&#8221;on&#8221; _builder_version=&#8221;4.16&#8243; _module_preset=&#8221;default&#8221; global_colors_info=&#8221;{}&#8221;][\/et_pb_image][\/et_pb_column][\/et_pb_row][et_pb_row custom_padding_last_edited=&#8221;on|tablet&#8221; _builder_version=&#8221;4.16&#8243; _module_preset=&#8221;default&#8221; background_color=&#8221;#ededed&#8221; vertical_offset=&#8221;-55px&#8221; z_index=&#8221;9&#8243; vertical_offset_tablet=&#8221;0px&#8221; vertical_offset_phone=&#8221;&#8221; vertical_offset_last_edited=&#8221;on|tablet&#8221; max_width=&#8221;1150px&#8221; max_width_tablet=&#8221;90%&#8221; max_width_phone=&#8221;&#8221; max_width_last_edited=&#8221;on|tablet&#8221; custom_margin=&#8221;0px||0px||false|false&#8221; custom_margin_tablet=&#8221;40px||0px||false|false&#8221; custom_margin_phone=&#8221;&#8221; custom_margin_last_edited=&#8221;on|tablet&#8221; custom_padding=&#8221;50px|50px|50px|50px|false|false&#8221; custom_padding_tablet=&#8221;10px|10px|10px|10px|false|false&#8221; custom_padding_phone=&#8221;&#8221; animation_style=&#8221;slide&#8221; animation_direction=&#8221;top&#8221; border_radii=&#8221;on|12px|12px|12px|12px&#8221; global_colors_info=&#8221;{}&#8221;][et_pb_column type=&#8221;4_4&#8243; _builder_version=&#8221;4.16&#8243; _module_preset=&#8221;default&#8221; global_colors_info=&#8221;{}&#8221;][et_pb_text _builder_version=&#8221;4.16&#8243; _module_preset=&#8221;default&#8221; text_orientation=&#8221;center&#8221; global_colors_info=&#8221;{}&#8221;]<\/p>\n<p class=\"subtitle-h3\">MET MANN ha il suo stabilimento e la sua sede centrale nella citt\u00e0 di Manlleu, a circa 70 km da Barcellona, e dispone di strutture di 6.000 m2 dove si svolgono tutte le sue attivit\u00e0.<\/p>\n<p>[\/et_pb_text][\/et_pb_column][\/et_pb_row][\/et_pb_section][et_pb_section fb_built=&#8221;1&#8243; _builder_version=&#8221;4.16&#8243; _module_preset=&#8221;default&#8221; custom_margin=&#8221;0px||100px||false|false&#8221; custom_padding=&#8221;0px||0px||false|false&#8221; da_disable_devices=&#8221;off|off|off&#8221; global_colors_info=&#8221;{}&#8221; da_is_popup=&#8221;off&#8221; da_exit_intent=&#8221;off&#8221; da_has_close=&#8221;on&#8221; da_alt_close=&#8221;off&#8221; da_dark_close=&#8221;off&#8221; da_not_modal=&#8221;on&#8221; da_is_singular=&#8221;off&#8221; da_with_loader=&#8221;off&#8221; da_has_shadow=&#8221;on&#8221;][et_pb_row column_structure=&#8221;1_3,2_3&#8243; _builder_version=&#8221;4.16&#8243; _module_preset=&#8221;default&#8221; max_width=&#8221;1150px&#8221; max_width_tablet=&#8221;90%&#8221; max_width_phone=&#8221;&#8221; max_width_last_edited=&#8221;on|tablet&#8221; custom_margin=&#8221;0px|auto|0px|auto|false|false&#8221; custom_padding=&#8221;0px||0px||false|false&#8221; locked=&#8221;off&#8221; global_colors_info=&#8221;{}&#8221;][et_pb_column type=&#8221;1_3&#8243; _builder_version=&#8221;4.16&#8243; _module_preset=&#8221;default&#8221; global_colors_info=&#8221;{}&#8221;][et_pb_text _builder_version=&#8221;4.16&#8243; _module_preset=&#8221;default&#8221; header_3_font=&#8221;|600|||||||&#8221; background_color=&#8221;#FBC201&#8243; custom_margin=&#8221;0px||0px||false|false&#8221; custom_padding=&#8221;20px|20px|20px|20px|false|false&#8221; animation_direction=&#8221;left&#8221; custom_css_main_element=&#8221;  width: -moz-fit-content;||  width: fit-content;&#8221; global_colors_info=&#8221;{}&#8221;]<\/p>\n<h2 class=\"subtitle-h1\">Impianto di produzione<\/h2>\n<p>[\/et_pb_text][\/et_pb_column][et_pb_column type=&#8221;2_3&#8243; _builder_version=&#8221;4.16&#8243; _module_preset=&#8221;default&#8221; global_colors_info=&#8221;{}&#8221;][et_pb_text _builder_version=&#8221;4.16&#8243; _module_preset=&#8221;default&#8221; header_3_font=&#8221;|600|||||||&#8221; animation_direction=&#8221;left&#8221; global_colors_info=&#8221;{}&#8221;]<\/p>\n<p class=\"subtitle-h5\">MET MANN dispone di un reparto di produzione composto dai migliori professionisti del settore, la cui funzione \u00e8 quella di supervisionare tutti i processi di produzione, nonch\u00e9 di garantire il corretto funzionamento delle apparecchiature.<\/p>\n<p>[\/et_pb_text][\/et_pb_column][\/et_pb_row][\/et_pb_section][et_pb_section fb_built=&#8221;1&#8243; _builder_version=&#8221;4.16&#8243; _module_preset=&#8221;default&#8221; custom_margin=&#8221;0px||80px||false|false&#8221; custom_padding=&#8221;0px||0px||false|false&#8221; da_disable_devices=&#8221;off|off|off&#8221; global_colors_info=&#8221;{}&#8221; da_is_popup=&#8221;off&#8221; da_exit_intent=&#8221;off&#8221; da_has_close=&#8221;on&#8221; da_alt_close=&#8221;off&#8221; da_dark_close=&#8221;off&#8221; da_not_modal=&#8221;on&#8221; da_is_singular=&#8221;off&#8221; da_with_loader=&#8221;off&#8221; da_has_shadow=&#8221;on&#8221;][et_pb_row column_structure=&#8221;1_2,1_2&#8243; _builder_version=&#8221;4.16&#8243; _module_preset=&#8221;default&#8221; max_width=&#8221;1150px&#8221; max_width_tablet=&#8221;90%&#8221; max_width_phone=&#8221;&#8221; max_width_last_edited=&#8221;on|tablet&#8221; custom_margin=&#8221;0px||0px||false|false&#8221; custom_padding=&#8221;0px||0px||false|false&#8221; global_colors_info=&#8221;{}&#8221;][et_pb_column type=&#8221;1_2&#8243; _builder_version=&#8221;4.16&#8243; _module_preset=&#8221;default&#8221; global_colors_info=&#8221;{}&#8221;][et_pb_toggle title=&#8221;Sektion Fertigstellung&#8221; module_class=&#8221;toggle-instalacion&#8221; _builder_version=&#8221;4.16&#8243; _module_preset=&#8221;default&#8221; title_level=&#8221;h4&#8243; animation_style=&#8221;slide&#8221; animation_delay=&#8221;100ms&#8221; global_colors_info=&#8221;{}&#8221;]<\/p>\n<p class=\"subtitle-h6\"><img decoding=\"async\" class=\"alignright\" src=\"\/wp-content\/uploads\/2022\/01\/prod_acabados.jpg\" alt=\"Instalaciones Acabados\" width=\"auto\" height=\"auto\" \/>Finitura delle installazioniQuesta sezione \u00e8 responsabile dell&#8217;assemblaggio finale dell&#8217;apparecchiatura, eseguendo tutti i controlli di qualit\u00e0 stabiliti da MET MANN.<\/p>\n<p>[\/et_pb_toggle][et_pb_toggle title=&#8221;Sezione di punzonatura&#8221; module_class=&#8221;toggle-instalacion&#8221; _builder_version=&#8221;4.16&#8243; _module_preset=&#8221;default&#8221; title_level=&#8221;h4&#8243; animation_style=&#8221;slide&#8221; animation_delay=&#8221;300ms&#8221; global_colors_info=&#8221;{}&#8221;]<\/p>\n<p class=\"subtitle-h6\"><img decoding=\"async\" class=\"alignright\" src=\"\/wp-content\/uploads\/2022\/01\/prod_punzonadora.jpg\" alt=\"Instalaciones plegadora\" width=\"auto\" height=\"auto\" \/>PunzonatriciSezione responsabile della punzonatura di pezzi in lamiera in acciaio al carbonio, acciaio inox e alluminio con sistema di scarico automatico.<\/p>\n<p>[\/et_pb_toggle][et_pb_toggle title=&#8221;Ufficio t\u00e9cnico&#8221; module_class=&#8221;toggle-instalacion&#8221; _builder_version=&#8221;4.16&#8243; _module_preset=&#8221;default&#8221; title_level=&#8221;h4&#8243; animation_style=&#8221;slide&#8221; animation_delay=&#8221;700ms&#8221; global_colors_info=&#8221;{}&#8221;]<\/p>\n<p class=\"subtitle-h6\"><img decoding=\"async\" class=\"alignright\" src=\"\/wp-content\/uploads\/2022\/01\/prod_oficinatecnica.jpg\" alt=\"Oficina T\u00e9cnica\" width=\"auto\" height=\"auto\" \/><\/p>\n<p>Il reparto R&amp;S&amp;I dispone di programmi di disegno, calcolo e simulazione assistiti da computer all&#8217;avanguardia per assistere lo sviluppo di nuovi prodotti e l&#8217;applicazione di miglioramenti continui.<\/p>\n<p>Nel nostro laboratorio di prova vengono eseguiti i test pi\u00f9 impegnativi per convalidare i nuovi prodotti sviluppati.<\/p>\n<p>La politica del dipartimento R&amp;S&amp;I dell&#8217;azienda \u00e8 quella di lavorare giorno per giorno all&#8217;innovazione continua per offrire ai nostri clienti i prodotti migliori. L&#8217;efficiente lavoro di tutti i membri del nostro ufficio tecnico fa s\u00ec che la gamma di prodotti MET MANN sia la pi\u00f9 completa del mercato, offrendo soluzioni per tutti i tipi di impianti, indipendentemente dalla loro attivit\u00e0.<br \/>Dans notre laboratoire d&#8217;essai, les tests les plus exigeants sont effectu\u00e9s pour valider les nouveaux produits d\u00e9velopp\u00e9s.<\/p>\n<p>La politique du d\u00e9partement R&amp;D&amp;I de l&#8217;entreprise est de travailler jour apr\u00e8s jour \u00e0 l&#8217;innovation continue afin d&#8217;offrir \u00e0 nos clients les meilleurs produits. Le travail efficace de tous les membres de notre bureau technique permet \u00e0 la gamme de produits MET MANN d&#8217;\u00eatre la plus compl\u00e8te du march\u00e9, offrant des solutions pour tous les types d&#8217;installations, quelle que soit leur activit\u00e9.<\/p>\n<p>[\/et_pb_toggle][et_pb_toggle title=&#8221;Sezione pieghevole&#8221; module_class=&#8221;toggle-instalacion&#8221; _builder_version=&#8221;4.16&#8243; _module_preset=&#8221;default&#8221; title_level=&#8221;h4&#8243; animation_style=&#8221;slide&#8221; animation_delay=&#8221;200ms&#8221; global_colors_info=&#8221;{}&#8221;]<\/p>\n<p class=\"subtitle-h6\"><img decoding=\"async\" class=\"alignright\" src=\"\/wp-content\/uploads\/2022\/01\/prod_plegadora.jpg\" alt=\"Instalaciones plegadora\" width=\"auto\" height=\"auto\" \/>Sezione responsabile della piegatura dei pezzi. Si tratta di un robot che piega automaticamente i pezzi e li scarica in modo intelligente. Esistono piegatrici manuali, piegatubi, saldatrici a punti e saldatrici a fusione.<\/p>\n<p>[\/et_pb_toggle][\/et_pb_column][et_pb_column type=&#8221;1_2&#8243; _builder_version=&#8221;4.16&#8243; _module_preset=&#8221;default&#8221; global_colors_info=&#8221;{}&#8221;][et_pb_toggle title=&#8221;Sezione saldatura&#8221; module_class=&#8221;toggle-instalacion&#8221; _builder_version=&#8221;4.16&#8243; _module_preset=&#8221;default&#8221; title_level=&#8221;h4&#8243; animation_style=&#8221;slide&#8221; animation_delay=&#8221;400ms&#8221; global_colors_info=&#8221;{}&#8221;]<\/p>\n<p class=\"subtitle-h6\"><img decoding=\"async\" class=\"alignright\" src=\"\/wp-content\/uploads\/2022\/01\/prod_soldadura.jpg\" alt=\"Soldadura\" width=\"auto\" height=\"auto\" \/>Es la secci\u00f3n encargada de la soldadura de chasis, hornos de combusti\u00f3n, etc. Despu\u00e9s de cada trabajo se realiza una inspecci\u00f3n para asegurar la correcta soldadura de cada uno de los elementos.<\/p>\n<p>[\/et_pb_toggle][et_pb_toggle title=&#8221;Magazzino di ricezione e spedizione&#8221; module_class=&#8221;toggle-instalacion&#8221; _builder_version=&#8221;4.16&#8243; _module_preset=&#8221;default&#8221; title_level=&#8221;h4&#8243; animation_style=&#8221;slide&#8221; animation_delay=&#8221;600ms&#8221; global_colors_info=&#8221;{}&#8221;]<\/p>\n<p class=\"subtitle-h6\"><img decoding=\"async\" class=\"alignright\" src=\"\/wp-content\/uploads\/2022\/01\/prod_expediciones.jpg\" alt=\"Expediciones\" width=\"auto\" height=\"auto\" \/>Tutti i prodotti sono identificati e localizzati in modo che la logistica e la spedizione siano il pi\u00f9 possibile veloci.<\/p>\n<p>[\/et_pb_toggle][et_pb_toggle title=&#8221;Aula di formazione&#8221; module_class=&#8221;toggle-instalacion&#8221; _builder_version=&#8221;4.16&#8243; _module_preset=&#8221;default&#8221; title_level=&#8221;h4&#8243; animation_style=&#8221;slide&#8221; animation_delay=&#8221;800ms&#8221; global_colors_info=&#8221;{}&#8221;]<\/p>\n<p class=\"subtitle-h6\"><img decoding=\"async\" class=\"alignright\" src=\"\/wp-content\/uploads\/2022\/01\/prod_formacion.jpg\" alt=\"Aula formaci\u00f3n\" width=\"auto\" height=\"auto\" \/>Aula per incontri di lavoro e formazione sull&#8217;intera gamma di prodotti.<\/p>\n<p>[\/et_pb_toggle][\/et_pb_column][\/et_pb_row][\/et_pb_section][et_pb_section fb_built=&#8221;1&#8243; _builder_version=&#8221;4.16&#8243; _module_preset=&#8221;default&#8221; custom_margin=&#8221;0px||100px||false|false&#8221; custom_margin_tablet=&#8221;||75px||false|false&#8221; custom_margin_phone=&#8221;&#8221; custom_margin_last_edited=&#8221;on|tablet&#8221; custom_padding=&#8221;0px||0px||false|false&#8221; da_disable_devices=&#8221;off|off|off&#8221; global_colors_info=&#8221;{}&#8221; da_is_popup=&#8221;off&#8221; da_exit_intent=&#8221;off&#8221; da_has_close=&#8221;on&#8221; da_alt_close=&#8221;off&#8221; da_dark_close=&#8221;off&#8221; da_not_modal=&#8221;on&#8221; da_is_singular=&#8221;off&#8221; da_with_loader=&#8221;off&#8221; da_has_shadow=&#8221;on&#8221;][et_pb_row column_structure=&#8221;1_3,2_3&#8243; module_class=&#8221;row-depart-instalaciones&#8221; _builder_version=&#8221;4.16&#8243; _module_preset=&#8221;default&#8221; max_width=&#8221;1150px&#8221; max_width_tablet=&#8221;90%&#8221; max_width_phone=&#8221;&#8221; max_width_last_edited=&#8221;on|tablet&#8221; custom_margin=&#8221;0px||0px||false|false&#8221; custom_padding=&#8221;60px||0px||false|false&#8221; border_color_top=&#8221;#FBC201&#8243; global_colors_info=&#8221;{}&#8221;][et_pb_column type=&#8221;1_3&#8243; _builder_version=&#8221;4.16&#8243; _module_preset=&#8221;default&#8221; global_colors_info=&#8221;{}&#8221;][et_pb_text _builder_version=&#8221;4.16&#8243; _module_preset=&#8221;default&#8221; header_2_font=&#8221;|700|||||||&#8221; global_colors_info=&#8221;{}&#8221;]<\/p>\n<h2><span class=\"fondo-texto amarillo\">Dipartimenti<\/span><\/h2>\n<p>[\/et_pb_text][\/et_pb_column][et_pb_column type=&#8221;2_3&#8243; _builder_version=&#8221;4.16&#8243; _module_preset=&#8221;default&#8221; global_colors_info=&#8221;{}&#8221;][et_pb_text _builder_version=&#8221;4.16&#8243; _module_preset=&#8221;default&#8221; global_colors_info=&#8221;{}&#8221;]<\/p>\n<p class=\"subtitle-h5\">MET MANN controlla ogni singolo processo di produzione e commercializzazione delle apparecchiature di condizionamento, ventilazione e trattamento dell&#8217;aria.<\/p>\n<p class=\"subtitle-h5\">L&#8217;obiettivo \u00e8 quello di essere un fornitore integro e completamente efficiente, il che porta a un aumento del nostro livello di competitivit\u00e0.<\/p>\n<p class=\"subtitle-h5\">Per mantenere il controllo di ogni processo, i reparti del MET MANN sono suddivisi in:<\/p>\n<p>[\/et_pb_text][et_pb_text _builder_version=&#8221;4.16&#8243; _module_preset=&#8221;default&#8221; global_colors_info=&#8221;{}&#8221;]<\/p>\n<div class=\"grid-departamentos\">\n<div class=\"item-departamento\">\n<p class=\"subtitle-h5\">\u00b7 Reparto vendite nazionali. \u00b7 Dipartimento esportazioni \u00b7 Reparto contabilit\u00e0. \u00b7 Amministrazione.<\/p>\n<\/div>\n<div class=\"item-departamento\">\n<p class=\"subtitle-h5\">\u00b7 Ufficio acquisti. \u00b7 Reparto Qualit\u00e0. \u00b7 Servizio post-vendita \u00b7 Gestione<\/p>\n<\/div>\n<\/div>\n<p>[\/et_pb_text][\/et_pb_column][\/et_pb_row][\/et_pb_section]<\/p>\n","protected":false},"excerpt":{"rendered":"<p><span><span><a href=\"https:\/\/www.metmann.com\/it\/\">Inicio<\/a><\/span><\/span>MET MANN ha il suo stabilimento e la sua sede centrale nella citt\u00e0 di Manlleu, a circa 70 km da Barcellona, e dispone di strutture di 6.000 m2 dove si svolgono tutte le sue attivit\u00e0.Impianto di produzioneMET MANN dispone di un reparto di produzione composto dai migliori professionisti del settore, la cui funzione \u00e8 quella [&hellip;]<\/p>\n","protected":false},"author":1,"featured_media":0,"parent":0,"menu_order":0,"comment_status":"closed","ping_status":"closed","template":"","meta":{"_acf_changed":false,"_et_pb_use_builder":"on","_et_pb_old_content":"","_et_gb_content_width":"","_joinchat":[],"footnotes":""},"acf":[],"yoast_head":"<!-- This site is optimized with the Yoast SEO plugin v22.6 - https:\/\/yoast.com\/wordpress\/plugins\/seo\/ -->\r\n<title>Le Nostre strutture | MET MANN<\/title>\r\n<meta name=\"robots\" content=\"index, follow, max-snippet:-1, max-image-preview:large, max-video-preview:-1\" \/>\r\n<link rel=\"canonical\" href=\"https:\/\/www.metmann.com\/it\/instalaciones\/\" \/>\r\n<meta property=\"og:locale\" content=\"it_IT\" \/>\r\n<meta property=\"og:type\" content=\"article\" \/>\r\n<meta property=\"og:title\" content=\"Le Nostre strutture | MET MANN\" \/>\r\n<meta property=\"og:description\" content=\"MET MANN ha il suo stabilimento e la sua sede centrale nella citt\u00e0 di Manlleu, a circa 70 km da Barcellona, e dispone di strutture di 6.000 m2 dove si svolgono tutte le sue attivit\u00e0.Impianto di produzioneMET MANN dispone di un reparto di produzione composto dai migliori professionisti del settore, la cui funzione \u00e8 quella [&hellip;]\" \/>\r\n<meta property=\"og:url\" content=\"https:\/\/www.metmann.com\/it\/instalaciones\/\" \/>\r\n<meta property=\"og:site_name\" content=\"MET MANN\" \/>\r\n<meta property=\"article:modified_time\" content=\"2023-03-10T12:23:01+00:00\" \/>\r\n<meta name=\"twitter:card\" content=\"summary_large_image\" \/>\r\n<meta name=\"twitter:label1\" content=\"Tempo di lettura stimato\" \/>\n\t<meta name=\"twitter:data1\" content=\"9 minuti\" \/>\r\n<script type=\"application\/ld+json\" class=\"yoast-schema-graph\">{\"@context\":\"https:\/\/schema.org\",\"@graph\":[{\"@type\":\"WebPage\",\"@id\":\"https:\/\/www.metmann.com\/it\/instalaciones\/\",\"url\":\"https:\/\/www.metmann.com\/it\/instalaciones\/\",\"name\":\"Le Nostre strutture | MET MANN\",\"isPartOf\":{\"@id\":\"https:\/\/www.metmann.com\/it\/#website\"},\"datePublished\":\"2022-01-04T09:16:15+00:00\",\"dateModified\":\"2023-03-10T12:23:01+00:00\",\"breadcrumb\":{\"@id\":\"https:\/\/www.metmann.com\/it\/instalaciones\/#breadcrumb\"},\"inLanguage\":\"it-IT\",\"potentialAction\":[{\"@type\":\"ReadAction\",\"target\":[\"https:\/\/www.metmann.com\/it\/instalaciones\/\"]}]},{\"@type\":\"BreadcrumbList\",\"@id\":\"https:\/\/www.metmann.com\/it\/instalaciones\/#breadcrumb\",\"itemListElement\":[{\"@type\":\"ListItem\",\"position\":1,\"name\":\"Inicio\",\"item\":\"https:\/\/www.metmann.com\/it\/\"},{\"@type\":\"ListItem\",\"position\":2,\"name\":\"Le Nostre strutture\"}]},{\"@type\":\"WebSite\",\"@id\":\"https:\/\/www.metmann.com\/it\/#website\",\"url\":\"https:\/\/www.metmann.com\/it\/\",\"name\":\"MET MANN\",\"description\":\"Climatizaci\u00f3n industrial, Calefactores y Ventilaci\u00f3n para empresas\",\"publisher\":{\"@id\":\"https:\/\/www.metmann.com\/it\/#organization\"},\"potentialAction\":[{\"@type\":\"SearchAction\",\"target\":{\"@type\":\"EntryPoint\",\"urlTemplate\":\"https:\/\/www.metmann.com\/it\/?s={search_term_string}\"},\"query-input\":\"required name=search_term_string\"}],\"inLanguage\":\"it-IT\"},{\"@type\":\"Organization\",\"@id\":\"https:\/\/www.metmann.com\/it\/#organization\",\"name\":\"Met Mann\",\"url\":\"https:\/\/www.metmann.com\/it\/\",\"logo\":{\"@type\":\"ImageObject\",\"inLanguage\":\"it-IT\",\"@id\":\"https:\/\/www.metmann.com\/it\/#\/schema\/logo\/image\/\",\"url\":\"https:\/\/www.metmann.com\/wp-content\/uploads\/2021\/12\/logo-color-met-mann-01.jpg\",\"contentUrl\":\"https:\/\/www.metmann.com\/wp-content\/uploads\/2021\/12\/logo-color-met-mann-01.jpg\",\"width\":351,\"height\":133,\"caption\":\"Met Mann\"},\"image\":{\"@id\":\"https:\/\/www.metmann.com\/it\/#\/schema\/logo\/image\/\"}}]}<\/script>\r\n<!-- \/ Yoast SEO plugin. -->","yoast_head_json":{"title":"Le Nostre strutture | MET MANN","robots":{"index":"index","follow":"follow","max-snippet":"max-snippet:-1","max-image-preview":"max-image-preview:large","max-video-preview":"max-video-preview:-1"},"canonical":"https:\/\/www.metmann.com\/it\/instalaciones\/","og_locale":"it_IT","og_type":"article","og_title":"Le Nostre strutture | MET MANN","og_description":"MET MANN ha il suo stabilimento e la sua sede centrale nella citt\u00e0 di Manlleu, a circa 70 km da Barcellona, e dispone di strutture di 6.000 m2 dove si svolgono tutte le sue attivit\u00e0.Impianto di produzioneMET MANN dispone di un reparto di produzione composto dai migliori professionisti del settore, la cui funzione \u00e8 quella [&hellip;]","og_url":"https:\/\/www.metmann.com\/it\/instalaciones\/","og_site_name":"MET MANN","article_modified_time":"2023-03-10T12:23:01+00:00","twitter_card":"summary_large_image","twitter_misc":{"Tempo di lettura stimato":"9 minuti"},"schema":{"@context":"https:\/\/schema.org","@graph":[{"@type":"WebPage","@id":"https:\/\/www.metmann.com\/it\/instalaciones\/","url":"https:\/\/www.metmann.com\/it\/instalaciones\/","name":"Le Nostre strutture | MET MANN","isPartOf":{"@id":"https:\/\/www.metmann.com\/it\/#website"},"datePublished":"2022-01-04T09:16:15+00:00","dateModified":"2023-03-10T12:23:01+00:00","breadcrumb":{"@id":"https:\/\/www.metmann.com\/it\/instalaciones\/#breadcrumb"},"inLanguage":"it-IT","potentialAction":[{"@type":"ReadAction","target":["https:\/\/www.metmann.com\/it\/instalaciones\/"]}]},{"@type":"BreadcrumbList","@id":"https:\/\/www.metmann.com\/it\/instalaciones\/#breadcrumb","itemListElement":[{"@type":"ListItem","position":1,"name":"Inicio","item":"https:\/\/www.metmann.com\/it\/"},{"@type":"ListItem","position":2,"name":"Le Nostre strutture"}]},{"@type":"WebSite","@id":"https:\/\/www.metmann.com\/it\/#website","url":"https:\/\/www.metmann.com\/it\/","name":"MET MANN","description":"Climatizaci\u00f3n industrial, Calefactores y Ventilaci\u00f3n para empresas","publisher":{"@id":"https:\/\/www.metmann.com\/it\/#organization"},"potentialAction":[{"@type":"SearchAction","target":{"@type":"EntryPoint","urlTemplate":"https:\/\/www.metmann.com\/it\/?s={search_term_string}"},"query-input":"required name=search_term_string"}],"inLanguage":"it-IT"},{"@type":"Organization","@id":"https:\/\/www.metmann.com\/it\/#organization","name":"Met Mann","url":"https:\/\/www.metmann.com\/it\/","logo":{"@type":"ImageObject","inLanguage":"it-IT","@id":"https:\/\/www.metmann.com\/it\/#\/schema\/logo\/image\/","url":"https:\/\/www.metmann.com\/wp-content\/uploads\/2021\/12\/logo-color-met-mann-01.jpg","contentUrl":"https:\/\/www.metmann.com\/wp-content\/uploads\/2021\/12\/logo-color-met-mann-01.jpg","width":351,"height":133,"caption":"Met Mann"},"image":{"@id":"https:\/\/www.metmann.com\/it\/#\/schema\/logo\/image\/"}}]}},"_links":{"self":[{"href":"https:\/\/www.metmann.com\/it\/wp-json\/wp\/v2\/pages\/19283"}],"collection":[{"href":"https:\/\/www.metmann.com\/it\/wp-json\/wp\/v2\/pages"}],"about":[{"href":"https:\/\/www.metmann.com\/it\/wp-json\/wp\/v2\/types\/page"}],"author":[{"embeddable":true,"href":"https:\/\/www.metmann.com\/it\/wp-json\/wp\/v2\/users\/1"}],"replies":[{"embeddable":true,"href":"https:\/\/www.metmann.com\/it\/wp-json\/wp\/v2\/comments?post=19283"}],"version-history":[{"count":0,"href":"https:\/\/www.metmann.com\/it\/wp-json\/wp\/v2\/pages\/19283\/revisions"}],"wp:attachment":[{"href":"https:\/\/www.metmann.com\/it\/wp-json\/wp\/v2\/media?parent=19283"}],"curies":[{"name":"wp","href":"https:\/\/api.w.org\/{rel}","templated":true}]}}