{"id":19294,"date":"2020-02-17T09:27:38","date_gmt":"2020-02-17T09:27:38","guid":{"rendered":"https:\/\/metmann.com.185-176-9-81.185-176-9-81.visualpublinet.com\/politica-de-privacidad\/"},"modified":"2026-04-24T09:30:02","modified_gmt":"2026-04-24T07:30:02","slug":"politica-de-privacidad","status":"publish","type":"page","link":"https:\/\/www.metmann.com\/it\/politica-de-privacidad\/","title":{"rendered":"PRIVACY E PROTEZIONE DEI DATI"},"content":{"rendered":"<p>[et_pb_section fb_built=&#8221;1&#8243; admin_label=&#8221;Section&#8221; module_class=&#8221;cabecera-general&#8221; _builder_version=&#8221;4.16&#8243; _module_preset=&#8221;default&#8221; background_color=&#8221;#f4f4f4&#8243; use_background_color_gradient=&#8221;on&#8221; background_color_gradient_direction=&#8221;124deg&#8221; background_color_gradient_stops=&#8221;#e5e5e5 75%|#fbc201 75%&#8221; background_color_gradient_start=&#8221;#e5e5e5&#8243; background_color_gradient_start_position=&#8221;75%&#8221; background_color_gradient_end=&#8221;#fbc201&#8243; background_color_gradient_end_position=&#8221;75%&#8221; custom_margin=&#8221;0px||0px||false|false&#8221; custom_margin_tablet=&#8221;||50px||false|false&#8221; custom_margin_last_edited=&#8221;off|desktop&#8221; custom_padding=&#8221;2%||2%||true|false&#8221; animation_style=&#8221;slide&#8221; animation_direction=&#8221;top&#8221; da_disable_devices=&#8221;off|off|off&#8221; global_colors_info=&#8221;{}&#8221; global_module=&#8221;35354&#8243; theme_builder_area=&#8221;post_content&#8221; da_is_popup=&#8221;off&#8221; da_exit_intent=&#8221;off&#8221; da_has_close=&#8221;on&#8221; da_alt_close=&#8221;off&#8221; da_dark_close=&#8221;off&#8221; da_not_modal=&#8221;on&#8221; da_is_singular=&#8221;off&#8221; da_with_loader=&#8221;off&#8221; da_has_shadow=&#8221;on&#8221;][et_pb_row _builder_version=&#8221;4.16&#8243; _module_preset=&#8221;default&#8221; width_tablet=&#8221;90%&#8221; width_phone=&#8221;&#8221; width_last_edited=&#8221;on|tablet&#8221; custom_margin=&#8221;0px||0px||false|false&#8221; custom_padding=&#8221;0px||0px||false|false&#8221; global_colors_info=&#8221;{}&#8221; width__hover_enabled=&#8221;off|desktop&#8221; theme_builder_area=&#8221;post_content&#8221;][et_pb_column type=&#8221;4_4&#8243; _builder_version=&#8221;4.16&#8243; _module_preset=&#8221;default&#8221; global_colors_info=&#8221;{}&#8221; theme_builder_area=&#8221;post_content&#8221;][et_pb_code _builder_version=&#8221;4.25.1&#8243; _module_preset=&#8221;default&#8221; custom_margin=&#8221;||16px||false|false&#8221; animation_style=&#8221;slide&#8221; animation_direction=&#8221;left&#8221; global_colors_info=&#8221;{}&#8221; theme_builder_area=&#8221;post_content&#8221;]<\/p>\n<div class=\"migas\"><!-- [et_pb_line_break_holder] -->  <span><span><a href=\"https:\/\/www.metmann.com\/it\/\">Inicio<\/a><\/span><\/span><!-- [et_pb_line_break_holder] --><\/div>\n<p>[\/et_pb_code][et_pb_post_title meta=&#8221;off&#8221; featured_image=&#8221;off&#8221; _builder_version=&#8221;4.25.1&#8243; _module_preset=&#8221;default&#8221; global_colors_info=&#8221;{}&#8221; theme_builder_area=&#8221;post_content&#8221;][\/et_pb_post_title][\/et_pb_column][\/et_pb_row][\/et_pb_section][et_pb_section fb_built=&#8221;1&#8243; admin_label=&#8221;section&#8221; _builder_version=&#8221;4.16&#8243; custom_margin=&#8221;50px||50px||false|false&#8221; custom_padding=&#8221;0px||0px||false|false&#8221; da_disable_devices=&#8221;off|off|off&#8221; locked=&#8221;off&#8221; global_colors_info=&#8221;{}&#8221; da_is_popup=&#8221;off&#8221; da_exit_intent=&#8221;off&#8221; da_has_close=&#8221;on&#8221; da_alt_close=&#8221;off&#8221; da_dark_close=&#8221;off&#8221; da_not_modal=&#8221;on&#8221; da_is_singular=&#8221;off&#8221; da_with_loader=&#8221;off&#8221; da_has_shadow=&#8221;on&#8221;][et_pb_row admin_label=&#8221;row&#8221; _builder_version=&#8221;4.16&#8243; background_size=&#8221;initial&#8221; background_position=&#8221;top_left&#8221; background_repeat=&#8221;repeat&#8221; width_tablet=&#8221;90%&#8221; width_phone=&#8221;&#8221; width_last_edited=&#8221;on|tablet&#8221; global_colors_info=&#8221;{}&#8221;][et_pb_column type=&#8221;4_4&#8243; _builder_version=&#8221;4.16&#8243; custom_padding=&#8221;|||&#8221; global_colors_info=&#8221;{}&#8221; custom_padding__hover=&#8221;|||&#8221;][et_pb_text admin_label=&#8221;Text&#8221; _builder_version=&#8221;4.25.1&#8243; background_size=&#8221;initial&#8221; background_position=&#8221;top_left&#8221; background_repeat=&#8221;repeat&#8221; hover_enabled=&#8221;0&#8243; global_colors_info=&#8221;{}&#8221; sticky_enabled=&#8221;0&#8243;]<\/p>\n<p><b>1. POLITICA SULLA PRIVACY<\/b><\/p>\n<p>In conformit\u00e0 a quanto stabilito dal RGPD-UE-2016\/679, dalla Legge Organica 3\/2018 sulla Protezione dei Dati Personali e Garanzia dei Diritti Digitali, dalla Legge 34\/2002, aggiornata al 09\/05\/2023, sui Servizi della Societ\u00e0 dell\u2019Informazione e del Commercio Elettronico, e dalla Legge 11\/2022, Generale delle Telecomunicazioni, <b>METALURGICA MANLLEUENSE SA<\/b> informa gli utenti dei propri siti web che siamo obbligati a mantenere il segreto professionale sui dati personali raccolti dall\u2019entit\u00e0 tramite i moduli di registrazione o contatto presenti nelle sue pagine. Tale obbligo continuer\u00e0 anche dopo la cessazione del rapporto commerciale o contrattuale, e in nessun caso potremo rendere pubblici i dati personali dei visitatori e clienti del sito web senza il loro consenso.<\/p>\n<p><b>2. CONSENSO DELL\u2019INTERESSATO:<\/b><\/p>\n<p>Per poter effettuare il trattamento dei suoi dati personali, che saranno trattati con riservatezza e sicurezza, \u00e8 necessario il suo consenso in conformit\u00e0 al RGPD-UE-2016\/679, e secondo gli articoli 5, 6, 7 e 13, nonch\u00e9 alla Legge Organica 3\/2018, Titolo II, e alla Legge 1\/2019 sui segreti aziendali. Si informa che il responsabile del trattamento dei dati sar\u00e0 <b>METALURGICA MANLLEUENSE SA<\/b>, che tratter\u00e0 le informazioni in modo lecito, corretto e trasparente nei confronti dell\u2019interessato, per finalit\u00e0 determinate, esplicite e legittime. I dati e le informazioni saranno trattati in modo da garantire un\u2019adeguata sicurezza mediante l\u2019applicazione di misure tecniche o organizzative appropriate.<\/p>\n<p>I dati saranno comunicati solo per obbligo legale, e ha diritto a presentare reclamo all\u2019Autorit\u00e0 di Controllo competente.<\/p>\n<p>In caso di violazione della sicurezza dei dati personali, ai sensi dell\u2019art. 33 del RGPD, il responsabile del trattamento notificher\u00e0 l\u2019autorit\u00e0 di controllo competente, conformemente all\u2019articolo 55, senza ingiustificato ritardo e, se possibile, entro 72 ore dal momento in cui ne \u00e8 venuto a conoscenza.<\/p>\n<p>Contattando o registrandosi su questo sito web, fornisce i suoi dati personali o giuridici per la gestione dei suoi dati come utente, tramite una casella di selezione o un pulsante nel modulo di contatto, accettando i termini e le condizioni del trattamento dei suoi dati personali.<\/p>\n<p>L\u2019interessato ha il diritto di revocare il proprio consenso in qualsiasi momento. La revoca del consenso non pregiudica la liceit\u00e0 del trattamento basata sul consenso prima della revoca.<\/p>\n<p><b>2.1 CONSENSO DEL MINORE:<\/b><\/p>\n<p>L\u2019articolo 6, lettera f, del RGPD-UE-2016\/679, e la Legge Organica 3\/2018 sulla Protezione dei Dati Personali e Garanzia dei Diritti Digitali, nel suo articolo 84 (protezione dei minori su Internet), stabiliscono che i minori di 16 anni non possono prestare il proprio consenso affinch\u00e9 un commercio online raccolga i loro dati personali; saranno i loro rappresentanti legali (genitori o tutori) a farlo per loro, salvo quando il minore abbia almeno 16 anni compiuti, nel qual caso il suo consenso sar\u00e0 lecito.<\/p>\n<p>Questi dati saranno inseriti in un archivio automatizzato sotto la responsabilit\u00e0 dell\u2019amministratore del sito web di <b>METALURGICA MANLLEUENSE SA<\/b> al fine di facilitare, velocizzare e adempiere agli impegni stabiliti tra le parti.<\/p>\n<p>L\u2019invio dei suoi dati tramite i moduli del nostro sito web sar\u00e0 subordinato obbligatoriamente all\u2019aver letto e accettato l\u2019Informativa sulla Privacy, mediante una casella di selezione obbligatoria posta in fondo al modulo di registrazione o contatto.<\/p>\n<p><b>3. POLITICA DEI LINK ED ESCLUSIONE DI RESPONSABILIT\u00c0<\/b><\/p>\n<p><b>METALURGICA MANLLEUENSE SA<\/b> non \u00e8 responsabile del contenuto delle pagine web a cui l\u2019utente pu\u00f2 accedere tramite i link presenti nei suoi siti web e dichiara che in nessun caso esaminer\u00e0 o eserciter\u00e0 alcun tipo di controllo sul contenuto di altre pagine della rete.<\/p>\n<p>Allo stesso modo, non garantisce la disponibilit\u00e0 tecnica, l\u2019esattezza, la veridicit\u00e0, la validit\u00e0 o la legalit\u00e0 di pagine esterne alla propria propriet\u00e0 a cui si possa accedere tramite i link di questo sito web.<\/p>\n<p><b>METALURGICA MANLLEUENSE SA<\/b> dichiara di aver adottato tutte le misure necessarie per evitare qualsiasi danno che possa derivare dalla navigazione nel proprio sito web. Di conseguenza, <b>METALURGICA MANLLEUENSE SA<\/b> non sar\u00e0 responsabile, in nessun caso, di eventuali danni che l\u2019utente possa subire a causa della navigazione su Internet.<\/p>\n<p><b>METALURGICA MANLLEUENSE SA<\/b> non \u00e8 responsabile per danni o pregiudizi di qualsiasi tipo causati all\u2019utente derivanti da guasti o disconnessioni nelle reti di telecomunicazioni che provochino la sospensione, cancellazione, installazione o interruzione del servizio del sito web durante la sua erogazione o prima di essa.<\/p>\n<p>L\u2019accesso al sito web non implica l\u2019obbligo da parte dell\u2019entit\u00e0 di controllare l\u2019assenza di virus o qualsiasi altro elemento informatico dannoso. \u00c8 responsabilit\u00e0 dell\u2019utente, in ogni caso, disporre di strumenti adeguati per la rilevazione, la disinfezione e la protezione da programmi informatici dannosi.<\/p>\n<p><b>METALURGICA MANLLEUENSE SA<\/b> non \u00e8 responsabile dei danni causati alle apparecchiature informatiche, ai documenti e\/o ai file degli utenti o di terzi durante la fornitura del servizio su questo portale web.<\/p>\n<p><b>4. PUBBLICIT\u00c0<\/b><\/p>\n<p>Il sito web pu\u00f2 ospitare contenuti pubblicitari o sponsorizzati. Gli inserzionisti o sponsor sono gli unici responsabili di garantire che il materiale inviato per l\u2019inclusione nel sito web sia conforme alle leggi applicabili in ciascun caso.<\/p>\n<p><b>METALURGICA MANLLEUENSE SA<\/b> non sar\u00e0 responsabile per eventuali errori, inesattezze o irregolarit\u00e0 che possano essere contenute nei contenuti pubblicitari o sponsorizzati di questo sito web.<\/p>\n<p><b>5. NEWSLETTER:<\/b><\/p>\n<p>In conformit\u00e0 con la normativa vigente in materia di protezione dei dati personali, la informiamo che l\u2019indirizzo e-mail da lei fornito sar\u00e0 inserito in un archivio sotto la responsabilit\u00e0 di <b>METALURGICA MANLLEUENSE SA<\/b>, con la finalit\u00e0 di gestire la sua richiesta di iscrizione e inviarle periodicamente la nostra Newsletter.<\/p>\n<p>Inoltre, la informiamo che potr\u00e0 revocare in qualsiasi momento il consenso prestato, annullando l\u2019iscrizione alla Newsletter, inviando un\u2019e-mail all\u2019indirizzo <a href=\"mailto:acosta@metmann.com\">acosta@metmann.com<\/a>. La conferma dell\u2019iscrizione implica l\u2019accettazione di questa clausola.<\/p>\n<p><b>6. MODIFICHE<\/b><\/p>\n<p><b>METALURGICA MANLLEUENSE SA<\/b> si riserva il diritto di apportare le modifiche che ritenga opportune, senza preavviso, al contenuto del proprio sito web, sia per quanto riguarda i contenuti sia per le condizioni d\u2019uso o le condizioni generali di contratto. Tali modifiche potranno essere effettuate attraverso i suoi siti web con qualsiasi mezzo ammesso dal diritto e saranno vincolanti per il tempo in cui resteranno pubblicate sul sito e fino a quando non saranno sostituite da altre successive.<\/p>\n<p><b>7. PROPRIET\u00c0 INTELLETTUALE<\/b><\/p>\n<p>I diritti di propriet\u00e0 intellettuale e industriale derivanti da tutti i testi, immagini, nonch\u00e9 dai mezzi e dalle forme di presentazione e composizione delle pagine appartengono, direttamente o come cessionaria, a <b>METALURGICA MANLLEUENSE SA<\/b>.<\/p>\n<p>Si tratta pertanto di opere protette dalla normativa spagnola sulla propriet\u00e0 intellettuale, e si applicano sia le normative spagnole e comunitarie in materia sia i trattati internazionali sottoscritti dalla Spagna, Regio Decreto Legislativo 1\/1996, ultimo aggiornamento 30\/03\/2023.<\/p>\n<p>Direttiva (UE) 2019\/790 del Parlamento europeo e del Consiglio del 17 aprile 2019 sul diritto d\u2019autore e sui diritti connessi nel mercato unico digitale.<\/p>\n<p>Tutti i diritti riservati. In conformit\u00e0 alla Legge sulla Propriet\u00e0 Intellettuale \u00e8 espressamente vietata la riproduzione, distribuzione, comunicazione pubblica e utilizzo totale o parziale dei contenuti delle sue pagine web senza il consenso esplicito di <b>METALURGICA MANLLEUENSE SA<\/b>.<\/p>\n<p>Allo stesso modo, <b>METALURGICA MANLLEUENSE SA<\/b> si riserva la facolt\u00e0 di intraprendere azioni civili o penali che ritenga opportune per l\u2019uso improprio delle sue pagine web e contenuti o per la violazione delle presenti condizioni.<\/p>\n<p><b>8. AZIONI LEGALI, LEGISLAZIONE APPLICABILE E GIURISDIZIONE<\/b><\/p>\n<p>Il rapporto tra gli utenti e <b>METALURGICA MANLLEUENSE SA<\/b> sar\u00e0 regolato dalla normativa spagnola vigente e saranno competenti a decidere su qualsiasi controversia che possa sorgere tra l\u2019utente e <b>METALURGICA MANLLEUENSE SA<\/b> i tribunali del distretto giudiziario di VIC.<\/p>\n<p><b>9. RISERVA SUI COOKIE<\/b><\/p>\n<p><b>METALURGICA MANLLEUENSE SA<\/b> utilizza cookie e altre tecnologie simili che memorizzano e recuperano informazioni durante la navigazione. Queste tecnologie possono essere utilizzate per diverse finalit\u00e0, come riconoscere un utente e ottenere informazioni sulle sue abitudini di navigazione. Gli usi specifici di queste tecnologie sono descritti nella Politica sui Cookie. In linea con la politica di protezione dei dati dell\u2019entit\u00e0, <b>METALURGICA MANLLEUENSE SA<\/b> informa che i cookie sono associati a un utente anonimo e al suo dispositivo e non forniscono di per s\u00e9 dati personali.<\/p>\n<p>Le informazioni della nostra \u201cpolitica sui cookie\u201d informano l\u2019utente sul tempo durante il quale tali cookie rimarranno attivi sul dispositivo e sulla possibilit\u00e0 che terze parti possano accedere alle informazioni che memorizzano. Per questo motivo \u00e8 stato modificato l\u2019articolo 5, paragrafo 3, della Direttiva 2002\/58 dalla Direttiva 2009\/136, e successivamente dalle linee guida dell\u2019AEPD.<\/p>\n<p>Le ultime linee guida dell\u2019AEPD di luglio 2023, che incorporano i criteri del Comitato Europeo per la Protezione dei Dati (EDPB), stabiliscono che le azioni di accettazione o rifiuto dei cookie devono essere presentate allo stesso livello, senza rendere pi\u00f9 difficile rifiutarli rispetto ad accettarli. L\u2019utente ha la possibilit\u00e0 di accettare o rifiutare esplicitamente l\u2019uso dei cookie e di ricevere ulteriori informazioni. Inoltre, l\u2019utente pu\u00f2 configurare il proprio browser in modo da essere informato della ricezione dei cookie, con la possibilit\u00e0, se lo desidera, di impedirne l\u2019installazione sul proprio disco rigido.<\/p>\n<p><b>10. ESERCIZIO DEI DIRITTI:<\/b><\/p>\n<p>Questi dati saranno inseriti in un archivio automatizzato sotto la responsabilit\u00e0 dell\u2019amministratore del sito web di <b>METALURGICA MANLLEUENSE SA<\/b> al fine di facilitare, velocizzare e adempiere agli impegni stabiliti tra le parti. Inoltre, <b>METALURGICA MANLLEUENSE SA<\/b> informa della possibilit\u00e0 di esercitare i diritti di accesso, che consentono all\u2019utente di conoscere quali dati personali sono detenuti dall\u2019amministratore del sito e, se del caso, ricevere risposta entro 30 giorni; rettifica, che consente di correggere errori nei dati personali; opposizione, che consente di richiedere che il trattamento non venga effettuato; cancellazione, che consente di eliminare dati inadeguati o eccessivi; limitazione, che consente di limitare il trattamento dopo aver esercitato il diritto di rettifica; e portabilit\u00e0, per ottenere una copia dei dati forniti e trasferirli ad altri servizi. Tali diritti possono essere esercitati con qualsiasi mezzo che consenta di dimostrare l\u2019invio e la ricezione, all\u2019indirizzo dell\u2019amministratore del sito web o all\u2019e-mail <a href=\"mailto:acosta@metmann.com\">acosta@metmann.com<\/a>, con prova della propria identit\u00e0. Gli interessati possono presentare reclamo presso le Autorit\u00e0 di Controllo AEPD, ACPD e AVPD.<\/p>\n<p>Queste clausole sono state elaborate da <b>GRUP QUALIA<\/b>, pertanto viene rilasciato un certificato in formato immagine digitale da esporre sul sito web.<\/p>\n<p>Aggiornata: 15\/04\/2026.<\/p>\n<p>[\/et_pb_text][et_pb_image src=&#8221;https:\/\/www.metmann.com\/wp-content\/uploads\/2025\/06\/12-sellolssi.png&#8221; title_text=&#8221;12-sellolssi&#8221; _builder_version=&#8221;4.25.1&#8243; _module_preset=&#8221;default&#8221; global_colors_info=&#8221;{}&#8221;][\/et_pb_image][\/et_pb_column][\/et_pb_row][\/et_pb_section]<\/p>\n","protected":false},"excerpt":{"rendered":"<p><span><span><a href=\"https:\/\/www.metmann.com\/it\/\">Inicio<\/a><\/span><\/span>1. POLITICA SULLA PRIVACY In conformit\u00e0 a quanto stabilito dal RGPD-UE-2016\/679, dalla Legge Organica 3\/2018 sulla Protezione dei Dati Personali e Garanzia dei Diritti Digitali, dalla Legge 34\/2002, aggiornata al 09\/05\/2023, sui Servizi della Societ\u00e0 dell\u2019Informazione e del Commercio Elettronico, e dalla Legge 11\/2022, Generale delle Telecomunicazioni, METALURGICA MANLLEUENSE SA informa gli utenti dei propri [&hellip;]<\/p>\n","protected":false},"author":1,"featured_media":0,"parent":0,"menu_order":0,"comment_status":"closed","ping_status":"closed","template":"","meta":{"_acf_changed":false,"_et_pb_use_builder":"on","_et_pb_old_content":"","_et_gb_content_width":"","_joinchat":[],"footnotes":""},"acf":[],"yoast_head":"<!-- This site is optimized with the Yoast SEO plugin v22.6 - https:\/\/yoast.com\/wordpress\/plugins\/seo\/ -->\r\n<title>PRIVACY E PROTEZIONE DEI DATI | MET MANN<\/title>\r\n<meta name=\"robots\" content=\"index, follow, max-snippet:-1, max-image-preview:large, max-video-preview:-1\" \/>\r\n<link rel=\"canonical\" href=\"https:\/\/www.metmann.com\/it\/politica-de-privacidad\/\" \/>\r\n<meta property=\"og:locale\" content=\"it_IT\" \/>\r\n<meta property=\"og:type\" content=\"article\" \/>\r\n<meta property=\"og:title\" content=\"PRIVACY E PROTEZIONE DEI DATI | MET MANN\" \/>\r\n<meta property=\"og:description\" content=\"1. POLITICA SULLA PRIVACY In conformit\u00e0 a quanto stabilito dal RGPD-UE-2016\/679, dalla Legge Organica 3\/2018 sulla Protezione dei Dati Personali e Garanzia dei Diritti Digitali, dalla Legge 34\/2002, aggiornata al 09\/05\/2023, sui Servizi della Societ\u00e0 dell\u2019Informazione e del Commercio Elettronico, e dalla Legge 11\/2022, Generale delle Telecomunicazioni, METALURGICA MANLLEUENSE SA informa gli utenti dei propri [&hellip;]\" \/>\r\n<meta property=\"og:url\" content=\"https:\/\/www.metmann.com\/it\/politica-de-privacidad\/\" \/>\r\n<meta property=\"og:site_name\" content=\"MET MANN\" \/>\r\n<meta property=\"article:modified_time\" content=\"2026-04-24T07:30:02+00:00\" \/>\r\n<meta name=\"twitter:card\" content=\"summary_large_image\" \/>\r\n<meta name=\"twitter:label1\" content=\"Tempo di lettura stimato\" \/>\n\t<meta name=\"twitter:data1\" content=\"8 minuti\" \/>\r\n<script type=\"application\/ld+json\" class=\"yoast-schema-graph\">{\"@context\":\"https:\/\/schema.org\",\"@graph\":[{\"@type\":\"WebPage\",\"@id\":\"https:\/\/www.metmann.com\/it\/politica-de-privacidad\/\",\"url\":\"https:\/\/www.metmann.com\/it\/politica-de-privacidad\/\",\"name\":\"PRIVACY E PROTEZIONE DEI DATI | MET MANN\",\"isPartOf\":{\"@id\":\"https:\/\/www.metmann.com\/it\/#website\"},\"datePublished\":\"2020-02-17T09:27:38+00:00\",\"dateModified\":\"2026-04-24T07:30:02+00:00\",\"breadcrumb\":{\"@id\":\"https:\/\/www.metmann.com\/it\/politica-de-privacidad\/#breadcrumb\"},\"inLanguage\":\"it-IT\",\"potentialAction\":[{\"@type\":\"ReadAction\",\"target\":[\"https:\/\/www.metmann.com\/it\/politica-de-privacidad\/\"]}]},{\"@type\":\"BreadcrumbList\",\"@id\":\"https:\/\/www.metmann.com\/it\/politica-de-privacidad\/#breadcrumb\",\"itemListElement\":[{\"@type\":\"ListItem\",\"position\":1,\"name\":\"Inicio\",\"item\":\"https:\/\/www.metmann.com\/it\/\"},{\"@type\":\"ListItem\",\"position\":2,\"name\":\"PRIVACY E PROTEZIONE DEI DATI\"}]},{\"@type\":\"WebSite\",\"@id\":\"https:\/\/www.metmann.com\/it\/#website\",\"url\":\"https:\/\/www.metmann.com\/it\/\",\"name\":\"MET MANN\",\"description\":\"Climatizaci\u00f3n industrial, Calefactores y Ventilaci\u00f3n para empresas\",\"publisher\":{\"@id\":\"https:\/\/www.metmann.com\/it\/#organization\"},\"potentialAction\":[{\"@type\":\"SearchAction\",\"target\":{\"@type\":\"EntryPoint\",\"urlTemplate\":\"https:\/\/www.metmann.com\/it\/?s={search_term_string}\"},\"query-input\":\"required name=search_term_string\"}],\"inLanguage\":\"it-IT\"},{\"@type\":\"Organization\",\"@id\":\"https:\/\/www.metmann.com\/it\/#organization\",\"name\":\"Met Mann\",\"url\":\"https:\/\/www.metmann.com\/it\/\",\"logo\":{\"@type\":\"ImageObject\",\"inLanguage\":\"it-IT\",\"@id\":\"https:\/\/www.metmann.com\/it\/#\/schema\/logo\/image\/\",\"url\":\"https:\/\/www.metmann.com\/wp-content\/uploads\/2021\/12\/logo-color-met-mann-01.jpg\",\"contentUrl\":\"https:\/\/www.metmann.com\/wp-content\/uploads\/2021\/12\/logo-color-met-mann-01.jpg\",\"width\":351,\"height\":133,\"caption\":\"Met Mann\"},\"image\":{\"@id\":\"https:\/\/www.metmann.com\/it\/#\/schema\/logo\/image\/\"}}]}<\/script>\r\n<!-- \/ Yoast SEO plugin. -->","yoast_head_json":{"title":"PRIVACY E PROTEZIONE DEI DATI | MET MANN","robots":{"index":"index","follow":"follow","max-snippet":"max-snippet:-1","max-image-preview":"max-image-preview:large","max-video-preview":"max-video-preview:-1"},"canonical":"https:\/\/www.metmann.com\/it\/politica-de-privacidad\/","og_locale":"it_IT","og_type":"article","og_title":"PRIVACY E PROTEZIONE DEI DATI | MET MANN","og_description":"1. POLITICA SULLA PRIVACY In conformit\u00e0 a quanto stabilito dal RGPD-UE-2016\/679, dalla Legge Organica 3\/2018 sulla Protezione dei Dati Personali e Garanzia dei Diritti Digitali, dalla Legge 34\/2002, aggiornata al 09\/05\/2023, sui Servizi della Societ\u00e0 dell\u2019Informazione e del Commercio Elettronico, e dalla Legge 11\/2022, Generale delle Telecomunicazioni, METALURGICA MANLLEUENSE SA informa gli utenti dei propri [&hellip;]","og_url":"https:\/\/www.metmann.com\/it\/politica-de-privacidad\/","og_site_name":"MET MANN","article_modified_time":"2026-04-24T07:30:02+00:00","twitter_card":"summary_large_image","twitter_misc":{"Tempo di lettura stimato":"8 minuti"},"schema":{"@context":"https:\/\/schema.org","@graph":[{"@type":"WebPage","@id":"https:\/\/www.metmann.com\/it\/politica-de-privacidad\/","url":"https:\/\/www.metmann.com\/it\/politica-de-privacidad\/","name":"PRIVACY E PROTEZIONE DEI DATI | MET MANN","isPartOf":{"@id":"https:\/\/www.metmann.com\/it\/#website"},"datePublished":"2020-02-17T09:27:38+00:00","dateModified":"2026-04-24T07:30:02+00:00","breadcrumb":{"@id":"https:\/\/www.metmann.com\/it\/politica-de-privacidad\/#breadcrumb"},"inLanguage":"it-IT","potentialAction":[{"@type":"ReadAction","target":["https:\/\/www.metmann.com\/it\/politica-de-privacidad\/"]}]},{"@type":"BreadcrumbList","@id":"https:\/\/www.metmann.com\/it\/politica-de-privacidad\/#breadcrumb","itemListElement":[{"@type":"ListItem","position":1,"name":"Inicio","item":"https:\/\/www.metmann.com\/it\/"},{"@type":"ListItem","position":2,"name":"PRIVACY E PROTEZIONE DEI DATI"}]},{"@type":"WebSite","@id":"https:\/\/www.metmann.com\/it\/#website","url":"https:\/\/www.metmann.com\/it\/","name":"MET MANN","description":"Climatizaci\u00f3n industrial, Calefactores y Ventilaci\u00f3n para empresas","publisher":{"@id":"https:\/\/www.metmann.com\/it\/#organization"},"potentialAction":[{"@type":"SearchAction","target":{"@type":"EntryPoint","urlTemplate":"https:\/\/www.metmann.com\/it\/?s={search_term_string}"},"query-input":"required name=search_term_string"}],"inLanguage":"it-IT"},{"@type":"Organization","@id":"https:\/\/www.metmann.com\/it\/#organization","name":"Met Mann","url":"https:\/\/www.metmann.com\/it\/","logo":{"@type":"ImageObject","inLanguage":"it-IT","@id":"https:\/\/www.metmann.com\/it\/#\/schema\/logo\/image\/","url":"https:\/\/www.metmann.com\/wp-content\/uploads\/2021\/12\/logo-color-met-mann-01.jpg","contentUrl":"https:\/\/www.metmann.com\/wp-content\/uploads\/2021\/12\/logo-color-met-mann-01.jpg","width":351,"height":133,"caption":"Met Mann"},"image":{"@id":"https:\/\/www.metmann.com\/it\/#\/schema\/logo\/image\/"}}]}},"_links":{"self":[{"href":"https:\/\/www.metmann.com\/it\/wp-json\/wp\/v2\/pages\/19294"}],"collection":[{"href":"https:\/\/www.metmann.com\/it\/wp-json\/wp\/v2\/pages"}],"about":[{"href":"https:\/\/www.metmann.com\/it\/wp-json\/wp\/v2\/types\/page"}],"author":[{"embeddable":true,"href":"https:\/\/www.metmann.com\/it\/wp-json\/wp\/v2\/users\/1"}],"replies":[{"embeddable":true,"href":"https:\/\/www.metmann.com\/it\/wp-json\/wp\/v2\/comments?post=19294"}],"version-history":[{"count":2,"href":"https:\/\/www.metmann.com\/it\/wp-json\/wp\/v2\/pages\/19294\/revisions"}],"predecessor-version":[{"id":35372,"href":"https:\/\/www.metmann.com\/it\/wp-json\/wp\/v2\/pages\/19294\/revisions\/35372"}],"wp:attachment":[{"href":"https:\/\/www.metmann.com\/it\/wp-json\/wp\/v2\/media?parent=19294"}],"curies":[{"name":"wp","href":"https:\/\/api.w.org\/{rel}","templated":true}]}}