{"id":10394,"date":"2021-11-03T13:54:48","date_gmt":"2021-11-04T13:07:28","guid":{"rendered":"https:\/\/metmann.com.185-176-9-81.185-176-9-81.visualpublinet.com\/producto\/extractor-de-bano-m1-100-n-c-2-velocidades-90-75-m3-h-retardo-desconexion-it\/"},"modified":"2023-06-27T10:23:40","modified_gmt":"2023-06-27T08:23:40","slug":"extractor-de-bano-m1-100-n-c-2-velocidades-90-75-m3-h-retardo-desconexion","status":"publish","type":"product","link":"https:\/\/www.metmann.com\/it\/producto\/extractor-de-bano-m1-100-n-c-2-velocidades-90-75-m3-h-retardo-desconexion\/","title":{"rendered":"M1-100-N\/C &#8211; Aspiratore bagno silenzioso 90\/75 m3\/h &#8211; Ritardo disconnessione"},"content":{"rendered":"<div>\n<h2><\/h2>\n<\/div>\n<p>&nbsp;<\/p>\n<div><\/div>\n","protected":false},"excerpt":{"rendered":"<p>&nbsp;<\/p>\n","protected":false},"featured_media":17379,"comment_status":"closed","ping_status":"closed","template":"","meta":{"_acf_changed":false,"_et_pb_use_builder":"","_et_pb_old_content":"","_et_gb_content_width":"","_joinchat":[]},"product_cat":[524,538],"product_tag":[],"acf":[],"yoast_head":"<!-- This site is optimized with the Yoast SEO plugin v22.6 - https:\/\/yoast.com\/wordpress\/plugins\/seo\/ -->\r\n<title>M1\/100 N\/C - Extractor de ba\u00f1o ultrasilencioso de 90\/75 m3\/h - Retraso desconexi\u00f3n<\/title>\r\n<meta name=\"description\" content=\"Extractor de ba\u00f1o con retardo en la desconexi\u00f3n Ultra Silencioso de alta calidad y con un dise\u00f1o muy apreciado por dise\u00f1adores de interiores.\" \/>\r\n<meta name=\"robots\" content=\"index, follow, max-snippet:-1, max-image-preview:large, max-video-preview:-1\" \/>\r\n<link rel=\"canonical\" href=\"https:\/\/www.metmann.com\/it\/producto\/extractor-de-bano-m1-100-n-c-2-velocidades-90-75-m3-h-retardo-desconexion\/\" \/>\r\n<meta property=\"og:locale\" content=\"it_IT\" \/>\r\n<meta property=\"og:type\" content=\"article\" \/>\r\n<meta property=\"og:title\" content=\"Extractor de ba\u00f1o M1\/100 N\/C- 2 velocidades 90\/75 m3\/h - Retraso desconexi\u00f3n\" \/>\r\n<meta property=\"og:description\" content=\"Extractor de ba\u00f1o con retardo en la desconexi\u00f3n Ultra Silencioso de alta calidad y con un dise\u00f1o muy apreciado por dise\u00f1adores de interiores.\" \/>\r\n<meta property=\"og:url\" content=\"https:\/\/www.metmann.com\/it\/producto\/extractor-de-bano-m1-100-n-c-2-velocidades-90-75-m3-h-retardo-desconexion\/\" \/>\r\n<meta property=\"og:site_name\" content=\"MET MANN\" \/>\r\n<meta property=\"article:modified_time\" content=\"2023-06-27T08:23:40+00:00\" \/>\r\n<meta property=\"og:image\" content=\"https:\/\/www.metmann.com\/wp-content\/uploads\/2021\/11\/1635502296_DUkV.jpg\" \/>\r\n<meta name=\"twitter:card\" content=\"summary_large_image\" \/>\r\n<meta name=\"twitter:title\" content=\"Extractor de ba\u00f1o M1\/100 N\/C- 2 velocidades 90\/75 m3\/h - Retraso desconexi\u00f3n\" \/>\r\n<meta name=\"twitter:description\" content=\"Extractor de ba\u00f1o con retardo en la desconexi\u00f3n Ultra Silencioso de alta calidad y con un dise\u00f1o muy apreciado por dise\u00f1adores de interiores.\" \/>\r\n<meta name=\"twitter:image\" content=\"https:\/\/www.metmann.com\/wp-content\/uploads\/2021\/11\/1635502296_DUkV.jpg\" \/>\r\n<script type=\"application\/ld+json\" class=\"yoast-schema-graph\">{\"@context\":\"https:\/\/schema.org\",\"@graph\":[{\"@type\":\"WebPage\",\"@id\":\"https:\/\/www.metmann.com\/it\/producto\/extractor-de-bano-m1-100-n-c-2-velocidades-90-75-m3-h-retardo-desconexion\/\",\"url\":\"https:\/\/www.metmann.com\/it\/producto\/extractor-de-bano-m1-100-n-c-2-velocidades-90-75-m3-h-retardo-desconexion\/\",\"name\":\"M1\/100 N\/C - Extractor de ba\u00f1o ultrasilencioso de 90\/75 m3\/h - Retraso desconexi\u00f3n\",\"isPartOf\":{\"@id\":\"https:\/\/www.metmann.com\/it\/#website\"},\"primaryImageOfPage\":{\"@id\":\"https:\/\/www.metmann.com\/it\/producto\/extractor-de-bano-m1-100-n-c-2-velocidades-90-75-m3-h-retardo-desconexion\/#primaryimage\"},\"image\":{\"@id\":\"https:\/\/www.metmann.com\/it\/producto\/extractor-de-bano-m1-100-n-c-2-velocidades-90-75-m3-h-retardo-desconexion\/#primaryimage\"},\"thumbnailUrl\":\"https:\/\/www.metmann.com\/wp-content\/uploads\/2021\/11\/MINIVENT.png\",\"datePublished\":\"2021-11-04T13:07:28+00:00\",\"dateModified\":\"2023-06-27T08:23:40+00:00\",\"description\":\"Extractor de ba\u00f1o con retardo en la desconexi\u00f3n Ultra Silencioso de alta calidad y con un dise\u00f1o muy apreciado por dise\u00f1adores de interiores.\",\"breadcrumb\":{\"@id\":\"https:\/\/www.metmann.com\/it\/producto\/extractor-de-bano-m1-100-n-c-2-velocidades-90-75-m3-h-retardo-desconexion\/#breadcrumb\"},\"inLanguage\":\"it-IT\",\"potentialAction\":[{\"@type\":\"ReadAction\",\"target\":[\"https:\/\/www.metmann.com\/it\/producto\/extractor-de-bano-m1-100-n-c-2-velocidades-90-75-m3-h-retardo-desconexion\/\"]}]},{\"@type\":\"ImageObject\",\"inLanguage\":\"it-IT\",\"@id\":\"https:\/\/www.metmann.com\/it\/producto\/extractor-de-bano-m1-100-n-c-2-velocidades-90-75-m3-h-retardo-desconexion\/#primaryimage\",\"url\":\"https:\/\/www.metmann.com\/wp-content\/uploads\/2021\/11\/MINIVENT.png\",\"contentUrl\":\"https:\/\/www.metmann.com\/wp-content\/uploads\/2021\/11\/MINIVENT.png\",\"width\":726,\"height\":726},{\"@type\":\"BreadcrumbList\",\"@id\":\"https:\/\/www.metmann.com\/it\/producto\/extractor-de-bano-m1-100-n-c-2-velocidades-90-75-m3-h-retardo-desconexion\/#breadcrumb\",\"itemListElement\":[{\"@type\":\"ListItem\",\"position\":1,\"name\":\"Inicio\",\"item\":\"https:\/\/www.metmann.com\/it\/\"},{\"@type\":\"ListItem\",\"position\":2,\"name\":\"Productos\",\"item\":\"https:\/\/www.metmann.com\/productos\/\"},{\"@type\":\"ListItem\",\"position\":3,\"name\":\"M1-100-N\/C &#8211; Aspiratore bagno silenzioso 90\/75 m3\/h &#8211; Ritardo disconnessione\"}]},{\"@type\":\"WebSite\",\"@id\":\"https:\/\/www.metmann.com\/it\/#website\",\"url\":\"https:\/\/www.metmann.com\/it\/\",\"name\":\"MET MANN\",\"description\":\"Climatizaci\u00f3n industrial, Calefactores y Ventilaci\u00f3n para empresas\",\"publisher\":{\"@id\":\"https:\/\/www.metmann.com\/it\/#organization\"},\"potentialAction\":[{\"@type\":\"SearchAction\",\"target\":{\"@type\":\"EntryPoint\",\"urlTemplate\":\"https:\/\/www.metmann.com\/it\/?s={search_term_string}\"},\"query-input\":\"required name=search_term_string\"}],\"inLanguage\":\"it-IT\"},{\"@type\":\"Organization\",\"@id\":\"https:\/\/www.metmann.com\/it\/#organization\",\"name\":\"Met Mann\",\"url\":\"https:\/\/www.metmann.com\/it\/\",\"logo\":{\"@type\":\"ImageObject\",\"inLanguage\":\"it-IT\",\"@id\":\"https:\/\/www.metmann.com\/it\/#\/schema\/logo\/image\/\",\"url\":\"https:\/\/www.metmann.com\/wp-content\/uploads\/2021\/12\/logo-color-met-mann-01.jpg\",\"contentUrl\":\"https:\/\/www.metmann.com\/wp-content\/uploads\/2021\/12\/logo-color-met-mann-01.jpg\",\"width\":351,\"height\":133,\"caption\":\"Met Mann\"},\"image\":{\"@id\":\"https:\/\/www.metmann.com\/it\/#\/schema\/logo\/image\/\"}}]}<\/script>\r\n<!-- \/ Yoast SEO plugin. -->","yoast_head_json":{"title":"M1\/100 N\/C - Extractor de ba\u00f1o ultrasilencioso de 90\/75 m3\/h - Retraso desconexi\u00f3n","description":"Extractor de ba\u00f1o con retardo en la desconexi\u00f3n Ultra Silencioso de alta calidad y con un dise\u00f1o muy apreciado por dise\u00f1adores de interiores.","robots":{"index":"index","follow":"follow","max-snippet":"max-snippet:-1","max-image-preview":"max-image-preview:large","max-video-preview":"max-video-preview:-1"},"canonical":"https:\/\/www.metmann.com\/it\/producto\/extractor-de-bano-m1-100-n-c-2-velocidades-90-75-m3-h-retardo-desconexion\/","og_locale":"it_IT","og_type":"article","og_title":"Extractor de ba\u00f1o M1\/100 N\/C- 2 velocidades 90\/75 m3\/h - Retraso desconexi\u00f3n","og_description":"Extractor de ba\u00f1o con retardo en la desconexi\u00f3n Ultra Silencioso de alta calidad y con un dise\u00f1o muy apreciado por dise\u00f1adores de interiores.","og_url":"https:\/\/www.metmann.com\/it\/producto\/extractor-de-bano-m1-100-n-c-2-velocidades-90-75-m3-h-retardo-desconexion\/","og_site_name":"MET MANN","article_modified_time":"2023-06-27T08:23:40+00:00","og_image":[{"url":"https:\/\/www.metmann.com\/wp-content\/uploads\/2021\/11\/1635502296_DUkV.jpg"}],"twitter_card":"summary_large_image","twitter_title":"Extractor de ba\u00f1o M1\/100 N\/C- 2 velocidades 90\/75 m3\/h - Retraso desconexi\u00f3n","twitter_description":"Extractor de ba\u00f1o con retardo en la desconexi\u00f3n Ultra Silencioso de alta calidad y con un dise\u00f1o muy apreciado por dise\u00f1adores de interiores.","twitter_image":"https:\/\/www.metmann.com\/wp-content\/uploads\/2021\/11\/1635502296_DUkV.jpg","schema":{"@context":"https:\/\/schema.org","@graph":[{"@type":"WebPage","@id":"https:\/\/www.metmann.com\/it\/producto\/extractor-de-bano-m1-100-n-c-2-velocidades-90-75-m3-h-retardo-desconexion\/","url":"https:\/\/www.metmann.com\/it\/producto\/extractor-de-bano-m1-100-n-c-2-velocidades-90-75-m3-h-retardo-desconexion\/","name":"M1\/100 N\/C - Extractor de ba\u00f1o ultrasilencioso de 90\/75 m3\/h - Retraso desconexi\u00f3n","isPartOf":{"@id":"https:\/\/www.metmann.com\/it\/#website"},"primaryImageOfPage":{"@id":"https:\/\/www.metmann.com\/it\/producto\/extractor-de-bano-m1-100-n-c-2-velocidades-90-75-m3-h-retardo-desconexion\/#primaryimage"},"image":{"@id":"https:\/\/www.metmann.com\/it\/producto\/extractor-de-bano-m1-100-n-c-2-velocidades-90-75-m3-h-retardo-desconexion\/#primaryimage"},"thumbnailUrl":"https:\/\/www.metmann.com\/wp-content\/uploads\/2021\/11\/MINIVENT.png","datePublished":"2021-11-04T13:07:28+00:00","dateModified":"2023-06-27T08:23:40+00:00","description":"Extractor de ba\u00f1o con retardo en la desconexi\u00f3n Ultra Silencioso de alta calidad y con un dise\u00f1o muy apreciado por dise\u00f1adores de interiores.","breadcrumb":{"@id":"https:\/\/www.metmann.com\/it\/producto\/extractor-de-bano-m1-100-n-c-2-velocidades-90-75-m3-h-retardo-desconexion\/#breadcrumb"},"inLanguage":"it-IT","potentialAction":[{"@type":"ReadAction","target":["https:\/\/www.metmann.com\/it\/producto\/extractor-de-bano-m1-100-n-c-2-velocidades-90-75-m3-h-retardo-desconexion\/"]}]},{"@type":"ImageObject","inLanguage":"it-IT","@id":"https:\/\/www.metmann.com\/it\/producto\/extractor-de-bano-m1-100-n-c-2-velocidades-90-75-m3-h-retardo-desconexion\/#primaryimage","url":"https:\/\/www.metmann.com\/wp-content\/uploads\/2021\/11\/MINIVENT.png","contentUrl":"https:\/\/www.metmann.com\/wp-content\/uploads\/2021\/11\/MINIVENT.png","width":726,"height":726},{"@type":"BreadcrumbList","@id":"https:\/\/www.metmann.com\/it\/producto\/extractor-de-bano-m1-100-n-c-2-velocidades-90-75-m3-h-retardo-desconexion\/#breadcrumb","itemListElement":[{"@type":"ListItem","position":1,"name":"Inicio","item":"https:\/\/www.metmann.com\/it\/"},{"@type":"ListItem","position":2,"name":"Productos","item":"https:\/\/www.metmann.com\/productos\/"},{"@type":"ListItem","position":3,"name":"M1-100-N\/C &#8211; Aspiratore bagno silenzioso 90\/75 m3\/h &#8211; Ritardo disconnessione"}]},{"@type":"WebSite","@id":"https:\/\/www.metmann.com\/it\/#website","url":"https:\/\/www.metmann.com\/it\/","name":"MET MANN","description":"Climatizaci\u00f3n industrial, Calefactores y Ventilaci\u00f3n para empresas","publisher":{"@id":"https:\/\/www.metmann.com\/it\/#organization"},"potentialAction":[{"@type":"SearchAction","target":{"@type":"EntryPoint","urlTemplate":"https:\/\/www.metmann.com\/it\/?s={search_term_string}"},"query-input":"required name=search_term_string"}],"inLanguage":"it-IT"},{"@type":"Organization","@id":"https:\/\/www.metmann.com\/it\/#organization","name":"Met Mann","url":"https:\/\/www.metmann.com\/it\/","logo":{"@type":"ImageObject","inLanguage":"it-IT","@id":"https:\/\/www.metmann.com\/it\/#\/schema\/logo\/image\/","url":"https:\/\/www.metmann.com\/wp-content\/uploads\/2021\/12\/logo-color-met-mann-01.jpg","contentUrl":"https:\/\/www.metmann.com\/wp-content\/uploads\/2021\/12\/logo-color-met-mann-01.jpg","width":351,"height":133,"caption":"Met Mann"},"image":{"@id":"https:\/\/www.metmann.com\/it\/#\/schema\/logo\/image\/"}}]}},"_links":{"self":[{"href":"https:\/\/www.metmann.com\/it\/wp-json\/wp\/v2\/product\/10394"}],"collection":[{"href":"https:\/\/www.metmann.com\/it\/wp-json\/wp\/v2\/product"}],"about":[{"href":"https:\/\/www.metmann.com\/it\/wp-json\/wp\/v2\/types\/product"}],"replies":[{"embeddable":true,"href":"https:\/\/www.metmann.com\/it\/wp-json\/wp\/v2\/comments?post=10394"}],"wp:featuredmedia":[{"embeddable":true,"href":"https:\/\/www.metmann.com\/it\/wp-json\/wp\/v2\/media\/17379"}],"wp:attachment":[{"href":"https:\/\/www.metmann.com\/it\/wp-json\/wp\/v2\/media?parent=10394"}],"wp:term":[{"taxonomy":"product_cat","embeddable":true,"href":"https:\/\/www.metmann.com\/it\/wp-json\/wp\/v2\/product_cat?post=10394"},{"taxonomy":"product_tag","embeddable":true,"href":"https:\/\/www.metmann.com\/it\/wp-json\/wp\/v2\/product_tag?post=10394"}],"curies":[{"name":"wp","href":"https:\/\/api.w.org\/{rel}","templated":true}]}}