{"id":19234,"date":"2020-02-17T09:27:38","date_gmt":"2020-02-17T09:27:38","guid":{"rendered":"https:\/\/metmann.com.185-176-9-81.185-176-9-81.visualpublinet.com\/aviso-legal\/"},"modified":"2025-06-03T09:27:37","modified_gmt":"2025-06-03T07:27:37","slug":"aviso-legal","status":"publish","type":"page","link":"https:\/\/www.metmann.com\/pt-pt\/aviso-legal\/","title":{"rendered":"Aviso Legal"},"content":{"rendered":"<p>[et_pb_section fb_built=&#8221;1&#8243; admin_label=&#8221;Section&#8221; module_class=&#8221;cabecera-general&#8221; _builder_version=&#8221;4.16&#8243; _module_preset=&#8221;default&#8221; background_color=&#8221;#f4f4f4&#8243; use_background_color_gradient=&#8221;on&#8221; background_color_gradient_direction=&#8221;124deg&#8221; background_color_gradient_stops=&#8221;#e5e5e5 75%|#fbc201 75%&#8221; background_color_gradient_start=&#8221;#e5e5e5&#8243; background_color_gradient_start_position=&#8221;75%&#8221; background_color_gradient_end=&#8221;#fbc201&#8243; background_color_gradient_end_position=&#8221;75%&#8221; custom_margin=&#8221;0px||0px||false|false&#8221; custom_margin_tablet=&#8221;||50px||false|false&#8221; custom_margin_last_edited=&#8221;off|desktop&#8221; custom_padding=&#8221;2%||2%||true|false&#8221; animation_style=&#8221;slide&#8221; animation_direction=&#8221;top&#8221; da_disable_devices=&#8221;off|off|off&#8221; global_colors_info=&#8221;{}&#8221; da_is_popup=&#8221;off&#8221; da_exit_intent=&#8221;off&#8221; da_has_close=&#8221;on&#8221; da_alt_close=&#8221;off&#8221; da_dark_close=&#8221;off&#8221; da_not_modal=&#8221;on&#8221; da_is_singular=&#8221;off&#8221; da_with_loader=&#8221;off&#8221; da_has_shadow=&#8221;on&#8221;][et_pb_row _builder_version=&#8221;4.16&#8243; _module_preset=&#8221;default&#8221; width_tablet=&#8221;90%&#8221; width_phone=&#8221;&#8221; width_last_edited=&#8221;on|tablet&#8221; custom_margin=&#8221;0px||0px||false|false&#8221; custom_padding=&#8221;0px||0px||false|false&#8221; global_colors_info=&#8221;{}&#8221; width__hover_enabled=&#8221;off|desktop&#8221;][et_pb_column type=&#8221;4_4&#8243; _builder_version=&#8221;4.16&#8243; _module_preset=&#8221;default&#8221; global_colors_info=&#8221;{}&#8221;][et_pb_post_title meta=&#8221;off&#8221; featured_image=&#8221;off&#8221; _builder_version=&#8221;4.16&#8243; _module_preset=&#8221;default&#8221; title_font=&#8221;|700||on|||||&#8221; custom_margin=&#8221;0px||0px||false|false&#8221; custom_padding=&#8221;0px||0px||false|false&#8221; animation_style=&#8221;slide&#8221; animation_direction=&#8221;left&#8221; global_colors_info=&#8221;{}&#8221;][\/et_pb_post_title][et_pb_code _builder_version=&#8221;4.16&#8243; _module_preset=&#8221;default&#8221; animation_style=&#8221;slide&#8221; animation_direction=&#8221;left&#8221; global_colors_info=&#8221;{}&#8221;]<\/p>\n<div class=\"migas\"><!-- [et_pb_line_break_holder] --> <span><span><a href=\"https:\/\/www.metmann.com\/pt-pt\/\">Inicio<\/a><\/span><\/span><!-- [et_pb_line_break_holder] --><\/div>\n<p>[\/et_pb_code][\/et_pb_column][\/et_pb_row][\/et_pb_section][et_pb_section fb_built=&#8221;1&#8243; _builder_version=&#8221;4.16&#8243; custom_margin=&#8221;50px||50px||false|false&#8221; custom_padding=&#8221;0px||0px||false|false&#8221; da_disable_devices=&#8221;off|off|off&#8221; global_colors_info=&#8221;{}&#8221; locked=&#8221;off&#8221; da_is_popup=&#8221;off&#8221; da_exit_intent=&#8221;off&#8221; da_has_close=&#8221;on&#8221; da_alt_close=&#8221;off&#8221; da_dark_close=&#8221;off&#8221; da_not_modal=&#8221;on&#8221; da_is_singular=&#8221;off&#8221; da_with_loader=&#8221;off&#8221; da_has_shadow=&#8221;on&#8221;][et_pb_row _builder_version=&#8221;4.16&#8243; background_size=&#8221;initial&#8221; background_position=&#8221;top_left&#8221; background_repeat=&#8221;repeat&#8221; width_tablet=&#8221;90%&#8221; width_phone=&#8221;&#8221; width_last_edited=&#8221;on|phone&#8221; global_colors_info=&#8221;{}&#8221;][et_pb_column type=&#8221;4_4&#8243; _builder_version=&#8221;4.16&#8243; custom_padding=&#8221;|||&#8221; global_colors_info=&#8221;{}&#8221; custom_padding__hover=&#8221;|||&#8221;][et_pb_text _builder_version=&#8221;4.25.1&#8243; _module_preset=&#8221;default&#8221; hover_enabled=&#8221;0&#8243; global_colors_info=&#8221;{}&#8221; sticky_enabled=&#8221;0&#8243;]<\/p>\n<p>Em conformidade com a Lei 34\/2002, atualizada em 09\/05\/2023, sobre Servi\u00e7os da Sociedade da Informa\u00e7\u00e3o e Com\u00e9rcio Eletr\u00f4nico, informa-se que <strong>METAL\u00daRGICA MANLLEUENSE SA<\/strong> \u00e9 o titular do site <a href=\"https:\/\/www.metmann.com\" target=\"_blank\" rel=\"noopener\">https:\/\/www.metmann.com<\/a>. Em cumprimento ao artigo 10 da referida lei, s\u00e3o fornecidos os seguintes dados: NIF\/CIF: <strong>A08316028<\/strong>, inscrita no Registro Mercantil de <strong>BARCELONA<\/strong>, Tomo: <strong>33726<\/strong>, Folha: <strong>38<\/strong>, Se\u00e7\u00e3o: <strong>8<\/strong>, P\u00e1gina: <strong>B-68874<\/strong>, com sede em <strong>FONTCUBERTA, 32-36 (POL. IND. LA COROMINA), 08560 MANLLEU (BARCELONA)<\/strong>. O e-mail de contato da empresa \u00e9: <a href=\"mailto:metmann@metmann.com\">metmann@metmann.com<\/a>.<\/p>\n<h2>1. USU\u00c1RIOS E REGIME DE RESPONSABILIDADE<\/h2>\n<p>A navega\u00e7\u00e3o, acesso e uso do site e de todos os subdom\u00ednios e diret\u00f3rios inclu\u00eddos dentro do mesmo dom\u00ednio, bem como dos servi\u00e7os ou conte\u00fados que por meio dele possam ser obtidos, conferem a condi\u00e7\u00e3o de <strong>Usu\u00e1rio<\/strong>, aceitando, ao navegar pelo site da <strong>METAL\u00daRGICA MANLLEUENSE SA<\/strong>, todas as condi\u00e7\u00f5es de uso aqui estabelecidas sem preju\u00edzo da aplica\u00e7\u00e3o das correspondentes normas de cumprimento obrigat\u00f3rio legal.<\/p>\n<p>Caso o Usu\u00e1rio n\u00e3o concorde com qualquer uma das condi\u00e7\u00f5es aqui estabelecidas, recomenda-se que n\u00e3o continue utilizando o portal, pois qualquer uso do mesmo ou de seus servi\u00e7os e conte\u00fados implica a aceita\u00e7\u00e3o das condi\u00e7\u00f5es legais contidas neste texto.<\/p>\n<p>O site da <strong>METAL\u00daRGICA MANLLEUENSE SA<\/strong> fornece uma grande variedade de informa\u00e7\u00f5es, servi\u00e7os e dados. O Usu\u00e1rio assume a responsabilidade pelo uso correto do site. Essa responsabilidade se estende \u00e0 veracidade e legalidade das informa\u00e7\u00f5es fornecidas pelo Usu\u00e1rio nos formul\u00e1rios fornecidos pela <strong>METAL\u00daRGICA MANLLEUENSE SA<\/strong> para acesso a determinados conte\u00fados ou servi\u00e7os oferecidos pelo site.<\/p>\n<p>O Usu\u00e1rio compromete-se a utilizar as informa\u00e7\u00f5es, servi\u00e7os e dados oferecidos pela <strong>METAL\u00daRGICA MANLLEUENSE SA<\/strong> em conformidade com as presentes cl\u00e1usulas, com a lei, a moral, os bons costumes e a ordem p\u00fablica, e a n\u00e3o prejudicar os direitos de terceiros nem o funcionamento do pr\u00f3prio site. Em particular, o Usu\u00e1rio compromete-se a n\u00e3o utilizar os conte\u00fados do site para fins il\u00edcitos ou proibidos por este texto, que possam afetar os direitos e interesses de terceiros ou que de qualquer forma possam danificar, inutilizar, sobrecarregar ou impedir o uso normal dos conte\u00fados por parte de outros usu\u00e1rios ou de qualquer outro usu\u00e1rio da Internet (hardware e software).<\/p>\n<p>Os usu\u00e1rios ser\u00e3o respons\u00e1veis por quaisquer danos e preju\u00edzos de qualquer natureza que o titular do site possa sofrer, direta ou indiretamente, como consequ\u00eancia do descumprimento de qualquer uma das obriga\u00e7\u00f5es derivadas do uso do site e desta pol\u00edtica de privacidade.<\/p>\n<p>Em particular, o Usu\u00e1rio compromete-se \u2013 a t\u00edtulo meramente exemplificativo e n\u00e3o exaustivo \u2013 a n\u00e3o transmitir, difundir ou disponibilizar a terceiros informa\u00e7\u00f5es, dados, conte\u00fados, mensagens, gr\u00e1ficos, desenhos, arquivos de som e\/ou imagens ou fotografias provenientes deste site.<\/p>\n<p>[\/et_pb_text][et_pb_image src=&#8221;https:\/\/www.metmann.com\/wp-content\/uploads\/2025\/06\/12-sellolssi.png&#8221; title_text=&#8221;12-sellolssi&#8221; _builder_version=&#8221;4.25.1&#8243; _module_preset=&#8221;default&#8221; global_colors_info=&#8221;{}&#8221;][\/et_pb_image][\/et_pb_column][\/et_pb_row][\/et_pb_section]<\/p>\n","protected":false},"excerpt":{"rendered":"<p><span><span><a href=\"https:\/\/www.metmann.com\/pt-pt\/\">Inicio<\/a><\/span><\/span>Em conformidade com a Lei 34\/2002, atualizada em 09\/05\/2023, sobre Servi\u00e7os da Sociedade da Informa\u00e7\u00e3o e Com\u00e9rcio Eletr\u00f4nico, informa-se que METAL\u00daRGICA MANLLEUENSE SA \u00e9 o titular do site https:\/\/www.metmann.com. Em cumprimento ao artigo 10 da referida lei, s\u00e3o fornecidos os seguintes dados: NIF\/CIF: A08316028, inscrita no Registro Mercantil de BARCELONA, Tomo: 33726, Folha: 38, Se\u00e7\u00e3o: [&hellip;]<\/p>\n","protected":false},"author":1,"featured_media":0,"parent":0,"menu_order":0,"comment_status":"closed","ping_status":"closed","template":"","meta":{"_acf_changed":false,"_et_pb_use_builder":"on","_et_pb_old_content":"","_et_gb_content_width":"","_joinchat":[],"footnotes":""},"acf":[],"yoast_head":"<!-- This site is optimized with the Yoast SEO plugin v22.6 - https:\/\/yoast.com\/wordpress\/plugins\/seo\/ -->\r\n<title>Aviso Legal | MET MANN<\/title>\r\n<meta name=\"robots\" content=\"index, follow, max-snippet:-1, max-image-preview:large, max-video-preview:-1\" \/>\r\n<link rel=\"canonical\" href=\"https:\/\/www.metmann.com\/pt-pt\/aviso-legal\/\" \/>\r\n<meta property=\"og:locale\" content=\"pt_PT\" \/>\r\n<meta property=\"og:type\" content=\"article\" \/>\r\n<meta property=\"og:title\" content=\"Aviso Legal | MET MANN\" \/>\r\n<meta property=\"og:description\" content=\"Em conformidade com a Lei 34\/2002, atualizada em 09\/05\/2023, sobre Servi\u00e7os da Sociedade da Informa\u00e7\u00e3o e Com\u00e9rcio Eletr\u00f4nico, informa-se que METAL\u00daRGICA MANLLEUENSE SA \u00e9 o titular do site https:\/\/www.metmann.com. Em cumprimento ao artigo 10 da referida lei, s\u00e3o fornecidos os seguintes dados: NIF\/CIF: A08316028, inscrita no Registro Mercantil de BARCELONA, Tomo: 33726, Folha: 38, Se\u00e7\u00e3o: [&hellip;]\" \/>\r\n<meta property=\"og:url\" content=\"https:\/\/www.metmann.com\/pt-pt\/aviso-legal\/\" \/>\r\n<meta property=\"og:site_name\" content=\"MET MANN\" \/>\r\n<meta property=\"article:modified_time\" content=\"2025-06-03T07:27:37+00:00\" \/>\r\n<meta name=\"twitter:card\" content=\"summary_large_image\" \/>\r\n<meta name=\"twitter:label1\" content=\"Tempo estimado de leitura\" \/>\n\t<meta name=\"twitter:data1\" content=\"3 minutos\" \/>\r\n<script type=\"application\/ld+json\" class=\"yoast-schema-graph\">{\"@context\":\"https:\/\/schema.org\",\"@graph\":[{\"@type\":\"WebPage\",\"@id\":\"https:\/\/www.metmann.com\/pt-pt\/aviso-legal\/\",\"url\":\"https:\/\/www.metmann.com\/pt-pt\/aviso-legal\/\",\"name\":\"Aviso Legal | MET MANN\",\"isPartOf\":{\"@id\":\"https:\/\/www.metmann.com\/pt-pt\/#website\"},\"datePublished\":\"2020-02-17T09:27:38+00:00\",\"dateModified\":\"2025-06-03T07:27:37+00:00\",\"breadcrumb\":{\"@id\":\"https:\/\/www.metmann.com\/pt-pt\/aviso-legal\/#breadcrumb\"},\"inLanguage\":\"pt-PT\",\"potentialAction\":[{\"@type\":\"ReadAction\",\"target\":[\"https:\/\/www.metmann.com\/pt-pt\/aviso-legal\/\"]}]},{\"@type\":\"BreadcrumbList\",\"@id\":\"https:\/\/www.metmann.com\/pt-pt\/aviso-legal\/#breadcrumb\",\"itemListElement\":[{\"@type\":\"ListItem\",\"position\":1,\"name\":\"Inicio\",\"item\":\"https:\/\/www.metmann.com\/pt-pt\/\"},{\"@type\":\"ListItem\",\"position\":2,\"name\":\"Aviso Legal\"}]},{\"@type\":\"WebSite\",\"@id\":\"https:\/\/www.metmann.com\/pt-pt\/#website\",\"url\":\"https:\/\/www.metmann.com\/pt-pt\/\",\"name\":\"MET MANN\",\"description\":\"Climatizaci\u00f3n industrial, Calefactores y Ventilaci\u00f3n para empresas\",\"publisher\":{\"@id\":\"https:\/\/www.metmann.com\/pt-pt\/#organization\"},\"potentialAction\":[{\"@type\":\"SearchAction\",\"target\":{\"@type\":\"EntryPoint\",\"urlTemplate\":\"https:\/\/www.metmann.com\/pt-pt\/?s={search_term_string}\"},\"query-input\":\"required name=search_term_string\"}],\"inLanguage\":\"pt-PT\"},{\"@type\":\"Organization\",\"@id\":\"https:\/\/www.metmann.com\/pt-pt\/#organization\",\"name\":\"Met Mann\",\"url\":\"https:\/\/www.metmann.com\/pt-pt\/\",\"logo\":{\"@type\":\"ImageObject\",\"inLanguage\":\"pt-PT\",\"@id\":\"https:\/\/www.metmann.com\/pt-pt\/#\/schema\/logo\/image\/\",\"url\":\"https:\/\/www.metmann.com\/wp-content\/uploads\/2021\/12\/logo-color-met-mann-01.jpg\",\"contentUrl\":\"https:\/\/www.metmann.com\/wp-content\/uploads\/2021\/12\/logo-color-met-mann-01.jpg\",\"width\":351,\"height\":133,\"caption\":\"Met Mann\"},\"image\":{\"@id\":\"https:\/\/www.metmann.com\/pt-pt\/#\/schema\/logo\/image\/\"}}]}<\/script>\r\n<!-- \/ Yoast SEO plugin. -->","yoast_head_json":{"title":"Aviso Legal | MET MANN","robots":{"index":"index","follow":"follow","max-snippet":"max-snippet:-1","max-image-preview":"max-image-preview:large","max-video-preview":"max-video-preview:-1"},"canonical":"https:\/\/www.metmann.com\/pt-pt\/aviso-legal\/","og_locale":"pt_PT","og_type":"article","og_title":"Aviso Legal | MET MANN","og_description":"Em conformidade com a Lei 34\/2002, atualizada em 09\/05\/2023, sobre Servi\u00e7os da Sociedade da Informa\u00e7\u00e3o e Com\u00e9rcio Eletr\u00f4nico, informa-se que METAL\u00daRGICA MANLLEUENSE SA \u00e9 o titular do site https:\/\/www.metmann.com. Em cumprimento ao artigo 10 da referida lei, s\u00e3o fornecidos os seguintes dados: NIF\/CIF: A08316028, inscrita no Registro Mercantil de BARCELONA, Tomo: 33726, Folha: 38, Se\u00e7\u00e3o: [&hellip;]","og_url":"https:\/\/www.metmann.com\/pt-pt\/aviso-legal\/","og_site_name":"MET MANN","article_modified_time":"2025-06-03T07:27:37+00:00","twitter_card":"summary_large_image","twitter_misc":{"Tempo estimado de leitura":"3 minutos"},"schema":{"@context":"https:\/\/schema.org","@graph":[{"@type":"WebPage","@id":"https:\/\/www.metmann.com\/pt-pt\/aviso-legal\/","url":"https:\/\/www.metmann.com\/pt-pt\/aviso-legal\/","name":"Aviso Legal | MET MANN","isPartOf":{"@id":"https:\/\/www.metmann.com\/pt-pt\/#website"},"datePublished":"2020-02-17T09:27:38+00:00","dateModified":"2025-06-03T07:27:37+00:00","breadcrumb":{"@id":"https:\/\/www.metmann.com\/pt-pt\/aviso-legal\/#breadcrumb"},"inLanguage":"pt-PT","potentialAction":[{"@type":"ReadAction","target":["https:\/\/www.metmann.com\/pt-pt\/aviso-legal\/"]}]},{"@type":"BreadcrumbList","@id":"https:\/\/www.metmann.com\/pt-pt\/aviso-legal\/#breadcrumb","itemListElement":[{"@type":"ListItem","position":1,"name":"Inicio","item":"https:\/\/www.metmann.com\/pt-pt\/"},{"@type":"ListItem","position":2,"name":"Aviso Legal"}]},{"@type":"WebSite","@id":"https:\/\/www.metmann.com\/pt-pt\/#website","url":"https:\/\/www.metmann.com\/pt-pt\/","name":"MET MANN","description":"Climatizaci\u00f3n industrial, Calefactores y Ventilaci\u00f3n para empresas","publisher":{"@id":"https:\/\/www.metmann.com\/pt-pt\/#organization"},"potentialAction":[{"@type":"SearchAction","target":{"@type":"EntryPoint","urlTemplate":"https:\/\/www.metmann.com\/pt-pt\/?s={search_term_string}"},"query-input":"required name=search_term_string"}],"inLanguage":"pt-PT"},{"@type":"Organization","@id":"https:\/\/www.metmann.com\/pt-pt\/#organization","name":"Met Mann","url":"https:\/\/www.metmann.com\/pt-pt\/","logo":{"@type":"ImageObject","inLanguage":"pt-PT","@id":"https:\/\/www.metmann.com\/pt-pt\/#\/schema\/logo\/image\/","url":"https:\/\/www.metmann.com\/wp-content\/uploads\/2021\/12\/logo-color-met-mann-01.jpg","contentUrl":"https:\/\/www.metmann.com\/wp-content\/uploads\/2021\/12\/logo-color-met-mann-01.jpg","width":351,"height":133,"caption":"Met Mann"},"image":{"@id":"https:\/\/www.metmann.com\/pt-pt\/#\/schema\/logo\/image\/"}}]}},"_links":{"self":[{"href":"https:\/\/www.metmann.com\/pt-pt\/wp-json\/wp\/v2\/pages\/19234"}],"collection":[{"href":"https:\/\/www.metmann.com\/pt-pt\/wp-json\/wp\/v2\/pages"}],"about":[{"href":"https:\/\/www.metmann.com\/pt-pt\/wp-json\/wp\/v2\/types\/page"}],"author":[{"embeddable":true,"href":"https:\/\/www.metmann.com\/pt-pt\/wp-json\/wp\/v2\/users\/1"}],"replies":[{"embeddable":true,"href":"https:\/\/www.metmann.com\/pt-pt\/wp-json\/wp\/v2\/comments?post=19234"}],"version-history":[{"count":1,"href":"https:\/\/www.metmann.com\/pt-pt\/wp-json\/wp\/v2\/pages\/19234\/revisions"}],"predecessor-version":[{"id":33339,"href":"https:\/\/www.metmann.com\/pt-pt\/wp-json\/wp\/v2\/pages\/19234\/revisions\/33339"}],"wp:attachment":[{"href":"https:\/\/www.metmann.com\/pt-pt\/wp-json\/wp\/v2\/media?parent=19234"}],"curies":[{"name":"wp","href":"https:\/\/api.w.org\/{rel}","templated":true}]}}