{"id":19284,"date":"2022-01-04T09:16:15","date_gmt":"2022-01-04T09:16:15","guid":{"rendered":"https:\/\/metmann.com.185-176-9-81.185-176-9-81.visualpublinet.com\/instalaciones\/"},"modified":"2023-03-10T13:24:40","modified_gmt":"2023-03-10T12:24:40","slug":"instalaciones","status":"publish","type":"page","link":"https:\/\/www.metmann.com\/pt-pt\/instalaciones\/","title":{"rendered":"Nossas facilidades"},"content":{"rendered":"<p>[et_pb_section fb_built=&#8221;1&#8243; admin_label=&#8221;Section&#8221; module_class=&#8221;cabecera-general&#8221; _builder_version=&#8221;4.16&#8243; _module_preset=&#8221;default&#8221; background_color=&#8221;#f4f4f4&#8243; use_background_color_gradient=&#8221;on&#8221; background_color_gradient_direction=&#8221;124deg&#8221; background_color_gradient_stops=&#8221;#e5e5e5 75%|#fbc201 75%&#8221; background_color_gradient_start=&#8221;#e5e5e5&#8243; background_color_gradient_start_position=&#8221;75%&#8221; background_color_gradient_end=&#8221;#fbc201&#8243; background_color_gradient_end_position=&#8221;75%&#8221; custom_margin=&#8221;0px||0px||false|false&#8221; custom_margin_tablet=&#8221;||50px||false|false&#8221; custom_margin_last_edited=&#8221;off|desktop&#8221; custom_padding=&#8221;2%||2%||true|false&#8221; animation_style=&#8221;slide&#8221; animation_direction=&#8221;top&#8221; da_disable_devices=&#8221;off|off|off&#8221; global_colors_info=&#8221;{}&#8221; da_is_popup=&#8221;off&#8221; da_exit_intent=&#8221;off&#8221; da_has_close=&#8221;on&#8221; da_alt_close=&#8221;off&#8221; da_dark_close=&#8221;off&#8221; da_not_modal=&#8221;on&#8221; da_is_singular=&#8221;off&#8221; da_with_loader=&#8221;off&#8221; da_has_shadow=&#8221;on&#8221;][et_pb_row _builder_version=&#8221;4.16&#8243; _module_preset=&#8221;default&#8221; width_tablet=&#8221;90%&#8221; width_phone=&#8221;&#8221; width_last_edited=&#8221;on|tablet&#8221; custom_margin=&#8221;0px||0px||false|false&#8221; custom_padding=&#8221;0px||0px||false|false&#8221; global_colors_info=&#8221;{}&#8221; width__hover_enabled=&#8221;off|desktop&#8221;][et_pb_column type=&#8221;4_4&#8243; _builder_version=&#8221;4.16&#8243; _module_preset=&#8221;default&#8221; global_colors_info=&#8221;{}&#8221;][et_pb_post_title meta=&#8221;off&#8221; featured_image=&#8221;off&#8221; _builder_version=&#8221;4.16&#8243; _module_preset=&#8221;default&#8221; title_font=&#8221;|700||on|||||&#8221; custom_margin=&#8221;0px||0px||false|false&#8221; custom_padding=&#8221;0px||0px||false|false&#8221; animation_style=&#8221;slide&#8221; animation_direction=&#8221;left&#8221; global_colors_info=&#8221;{}&#8221;][\/et_pb_post_title][et_pb_code _builder_version=&#8221;4.16&#8243; _module_preset=&#8221;default&#8221; animation_style=&#8221;slide&#8221; animation_direction=&#8221;left&#8221; global_colors_info=&#8221;{}&#8221;]<\/p>\n<div class=\"migas\"><!-- [et_pb_line_break_holder] --> <span><span><a href=\"https:\/\/www.metmann.com\/pt-pt\/\">Inicio<\/a><\/span><\/span><!-- [et_pb_line_break_holder] --><\/div>\n<p>[\/et_pb_code][\/et_pb_column][\/et_pb_row][\/et_pb_section][et_pb_section fb_built=&#8221;1&#8243; _builder_version=&#8221;4.16&#8243; _module_preset=&#8221;default&#8221; custom_margin=&#8221;0px||50px||false|false&#8221; custom_padding=&#8221;0px||0px||false|false&#8221; da_disable_devices=&#8221;off|off|off&#8221; global_colors_info=&#8221;{}&#8221; da_is_popup=&#8221;off&#8221; da_exit_intent=&#8221;off&#8221; da_has_close=&#8221;on&#8221; da_alt_close=&#8221;off&#8221; da_dark_close=&#8221;off&#8221; da_not_modal=&#8221;on&#8221; da_is_singular=&#8221;off&#8221; da_with_loader=&#8221;off&#8221; da_has_shadow=&#8221;on&#8221;][et_pb_row _builder_version=&#8221;4.16&#8243; _module_preset=&#8221;default&#8221; width=&#8221;100%&#8221; max_width=&#8221;100%&#8221; custom_margin=&#8221;0px||0px||false|false&#8221; custom_padding=&#8221;0px||0px||false|false&#8221; global_colors_info=&#8221;{}&#8221;][et_pb_column type=&#8221;4_4&#8243; _builder_version=&#8221;4.16&#8243; _module_preset=&#8221;default&#8221; global_colors_info=&#8221;{}&#8221;][et_pb_image src=&#8221;https:\/\/www.metmann.com\/wp-content\/uploads\/2022\/10\/metmann-metalurgica-instalaciones-01.jpg&#8221; alt=&#8221;Nossas facilidades Met Mann&#8221; title_text=&#8221;Nossas facilidades Met Mann&#8221; force_fullwidth=&#8221;on&#8221; _builder_version=&#8221;4.16&#8243; _module_preset=&#8221;default&#8221; global_colors_info=&#8221;{}&#8221;][\/et_pb_image][\/et_pb_column][\/et_pb_row][et_pb_row custom_padding_last_edited=&#8221;on|tablet&#8221; _builder_version=&#8221;4.16&#8243; _module_preset=&#8221;default&#8221; background_color=&#8221;#ededed&#8221; vertical_offset=&#8221;-55px&#8221; z_index=&#8221;9&#8243; vertical_offset_tablet=&#8221;0px&#8221; vertical_offset_phone=&#8221;&#8221; vertical_offset_last_edited=&#8221;on|tablet&#8221; max_width=&#8221;1150px&#8221; max_width_tablet=&#8221;90%&#8221; max_width_phone=&#8221;&#8221; max_width_last_edited=&#8221;on|tablet&#8221; custom_margin=&#8221;0px||0px||false|false&#8221; custom_margin_tablet=&#8221;40px||0px||false|false&#8221; custom_margin_phone=&#8221;&#8221; custom_margin_last_edited=&#8221;on|tablet&#8221; custom_padding=&#8221;50px|50px|50px|50px|false|false&#8221; custom_padding_tablet=&#8221;10px|10px|10px|10px|false|false&#8221; custom_padding_phone=&#8221;&#8221; animation_style=&#8221;slide&#8221; animation_direction=&#8221;top&#8221; border_radii=&#8221;on|12px|12px|12px|12px&#8221; global_colors_info=&#8221;{}&#8221;][et_pb_column type=&#8221;4_4&#8243; _builder_version=&#8221;4.16&#8243; _module_preset=&#8221;default&#8221; global_colors_info=&#8221;{}&#8221;][et_pb_text _builder_version=&#8221;4.16&#8243; _module_preset=&#8221;default&#8221; text_orientation=&#8221;center&#8221; global_colors_info=&#8221;{}&#8221;]<\/p>\n<p class=\"subtitle-h3\">MET MANN tem a sua f\u00e1brica e sede na cidade de Manlleu, a cerca de 70 km de Barcelona, e disp\u00f5e de instala\u00e7\u00f5es de 6.000 m2 onde todas as suas actividades s\u00e3o levadas a cabo.<\/p>\n<p>[\/et_pb_text][\/et_pb_column][\/et_pb_row][\/et_pb_section][et_pb_section fb_built=&#8221;1&#8243; _builder_version=&#8221;4.16&#8243; _module_preset=&#8221;default&#8221; custom_margin=&#8221;0px||100px||false|false&#8221; custom_padding=&#8221;0px||0px||false|false&#8221; da_disable_devices=&#8221;off|off|off&#8221; global_colors_info=&#8221;{}&#8221; da_is_popup=&#8221;off&#8221; da_exit_intent=&#8221;off&#8221; da_has_close=&#8221;on&#8221; da_alt_close=&#8221;off&#8221; da_dark_close=&#8221;off&#8221; da_not_modal=&#8221;on&#8221; da_is_singular=&#8221;off&#8221; da_with_loader=&#8221;off&#8221; da_has_shadow=&#8221;on&#8221;][et_pb_row column_structure=&#8221;1_3,2_3&#8243; _builder_version=&#8221;4.16&#8243; _module_preset=&#8221;default&#8221; max_width=&#8221;1150px&#8221; max_width_tablet=&#8221;90%&#8221; max_width_phone=&#8221;&#8221; max_width_last_edited=&#8221;on|tablet&#8221; custom_margin=&#8221;0px|auto|0px|auto|false|false&#8221; custom_padding=&#8221;0px||0px||false|false&#8221; locked=&#8221;off&#8221; global_colors_info=&#8221;{}&#8221;][et_pb_column type=&#8221;1_3&#8243; _builder_version=&#8221;4.16&#8243; _module_preset=&#8221;default&#8221; global_colors_info=&#8221;{}&#8221;][et_pb_text _builder_version=&#8221;4.16&#8243; _module_preset=&#8221;default&#8221; header_3_font=&#8221;|600|||||||&#8221; background_color=&#8221;#FBC201&#8243; custom_margin=&#8221;0px||0px||false|false&#8221; custom_padding=&#8221;20px|20px|20px|20px|false|false&#8221; animation_direction=&#8221;left&#8221; custom_css_main_element=&#8221;  width: -moz-fit-content;||  width: fit-content;&#8221; global_colors_info=&#8221;{}&#8221;]<\/p>\n<h2 class=\"subtitle-h1\">F\u00e1brica de produ\u00e7\u00e3o<\/h2>\n<p>[\/et_pb_text][\/et_pb_column][et_pb_column type=&#8221;2_3&#8243; _builder_version=&#8221;4.16&#8243; _module_preset=&#8221;default&#8221; global_colors_info=&#8221;{}&#8221;][et_pb_text _builder_version=&#8221;4.16&#8243; _module_preset=&#8221;default&#8221; header_3_font=&#8221;|600|||||||&#8221; animation_direction=&#8221;left&#8221; global_colors_info=&#8221;{}&#8221;]<\/p>\n<p class=\"subtitle-h5\">A MET MANN tem um departamento de produ\u00e7\u00e3o composto pelos melhores profissionais do sector, cuja fun\u00e7\u00e3o \u00e9 supervisionar todos os processos de fabrico, bem como garantir o correcto funcionamento do equipamento.<\/p>\n<p>[\/et_pb_text][\/et_pb_column][\/et_pb_row][\/et_pb_section][et_pb_section fb_built=&#8221;1&#8243; _builder_version=&#8221;4.16&#8243; _module_preset=&#8221;default&#8221; custom_margin=&#8221;0px||80px||false|false&#8221; custom_padding=&#8221;0px||0px||false|false&#8221; da_disable_devices=&#8221;off|off|off&#8221; global_colors_info=&#8221;{}&#8221; da_is_popup=&#8221;off&#8221; da_exit_intent=&#8221;off&#8221; da_has_close=&#8221;on&#8221; da_alt_close=&#8221;off&#8221; da_dark_close=&#8221;off&#8221; da_not_modal=&#8221;on&#8221; da_is_singular=&#8221;off&#8221; da_with_loader=&#8221;off&#8221; da_has_shadow=&#8221;on&#8221;][et_pb_row column_structure=&#8221;1_2,1_2&#8243; _builder_version=&#8221;4.16&#8243; _module_preset=&#8221;default&#8221; max_width=&#8221;1150px&#8221; max_width_tablet=&#8221;90%&#8221; max_width_phone=&#8221;&#8221; max_width_last_edited=&#8221;on|tablet&#8221; custom_margin=&#8221;0px||0px||false|false&#8221; custom_padding=&#8221;0px||0px||false|false&#8221; global_colors_info=&#8221;{}&#8221;][et_pb_column type=&#8221;1_2&#8243; _builder_version=&#8221;4.16&#8243; _module_preset=&#8221;default&#8221; global_colors_info=&#8221;{}&#8221;][et_pb_toggle title=&#8221;Sec\u00e7\u00e3o de Acabamentos&#8221; module_class=&#8221;toggle-instalacion&#8221; _builder_version=&#8221;4.16&#8243; _module_preset=&#8221;default&#8221; title_level=&#8221;h4&#8243; animation_style=&#8221;slide&#8221; animation_delay=&#8221;100ms&#8221; global_colors_info=&#8221;{}&#8221;]<\/p>\n<p class=\"subtitle-h6\"><img decoding=\"async\" class=\"alignright\" src=\"\/wp-content\/uploads\/2022\/01\/prod_acabados.jpg\" alt=\"Instalaciones Acabados\" width=\"auto\" height=\"auto\" \/>\u00c9sta secci\u00f3n se encarga del montaje final de los equipos, realizando todos los controles de calidad determinados por MET MANN. \u00c9sta secci\u00f3n se encarga del montaje final de los equipos, realizando todos los controles de calidad determinados por MET MANN<\/p>\n<p>[\/et_pb_toggle][et_pb_toggle title=&#8221;Sec\u00e7\u00e3o de Perfura\u00e7\u00e3o&#8221; module_class=&#8221;toggle-instalacion&#8221; _builder_version=&#8221;4.16&#8243; _module_preset=&#8221;default&#8221; title_level=&#8221;h4&#8243; animation_style=&#8221;slide&#8221; animation_delay=&#8221;300ms&#8221; global_colors_info=&#8221;{}&#8221;]<\/p>\n<p class=\"subtitle-h6\"><img decoding=\"async\" class=\"alignright\" src=\"\/wp-content\/uploads\/2022\/01\/prod_punzonadora.jpg\" alt=\"Instalaciones plegadora\" width=\"auto\" height=\"auto\" \/>Secci\u00f3n encargada del punzonado de piezas met\u00e1licas en chapa de acero al carbono, acero inoxidable y aluminio con sistema de descarga autom\u00e1tica.<\/p>\n<p>[\/et_pb_toggle][et_pb_toggle title=&#8221;Gabinete T\u00e9cnico&#8221; module_class=&#8221;toggle-instalacion&#8221; _builder_version=&#8221;4.16&#8243; _module_preset=&#8221;default&#8221; title_level=&#8221;h4&#8243; animation_style=&#8221;slide&#8221; animation_delay=&#8221;700ms&#8221; global_colors_info=&#8221;{}&#8221;]<\/p>\n<p class=\"subtitle-h6\"><img decoding=\"async\" class=\"alignright\" src=\"\/wp-content\/uploads\/2022\/01\/prod_oficinatecnica.jpg\" alt=\"Oficina T\u00e9cnica\" width=\"auto\" height=\"auto\" \/>El departamento de I+D+i dispone de programas de \u00faltima generaci\u00f3n en dibujo asistido por ordenador, programas de c\u00e1lculo y simulaciones, para ayudar al desarrollo de nuevos productos y a la aplicaci\u00f3n de mejoras continuas.<\/p>\n<p class=\"subtitle-h6\">En nuestro laboratorio de ensayos se realizan las pruebas m\u00e1s exigentes para dar validez a los nuevos productos desarrollados.<\/p>\n<p class=\"subtitle-h6\">La pol\u00edtica del departamento de I+D+i de la empresa, es trabajar d\u00eda a d\u00eda en la innovaci\u00f3n continua, para ofrecer a nuestros clientes los mejores productos. El eficaz trabajo de todos los integrantes de nuestra oficina t\u00e9cnica, hace posible que la gama de productos MET MANN sea la m\u00e1s completa del mercado, ofreciendo soluciones para todo tipo de instalaciones, sea cual sea su actividad.<\/p>\n<p>[\/et_pb_toggle][et_pb_toggle title=&#8221;Sec\u00e7\u00e3o dobr\u00e1vel&#8221; module_class=&#8221;toggle-instalacion&#8221; _builder_version=&#8221;4.16&#8243; _module_preset=&#8221;default&#8221; title_level=&#8221;h4&#8243; animation_style=&#8221;slide&#8221; animation_delay=&#8221;200ms&#8221; global_colors_info=&#8221;{}&#8221;]<\/p>\n<p class=\"subtitle-h6\"><img decoding=\"async\" class=\"alignright\" src=\"\/wp-content\/uploads\/2022\/01\/prod_plegadora.jpg\" alt=\"Instalaciones plegadora\" width=\"auto\" height=\"auto\" \/>Secci\u00f3n encargada del plegado de las piezas. Consta de un robot que dobla las piezas autom\u00e1ticamente y las descarga de forma inteligente. Existen plegadoras manuales, enrolla tubos, m\u00e1quinas de soldadura por puntos y m\u00e1quinas de soldadura por fusi\u00f3n.<\/p>\n<p>[\/et_pb_toggle][\/et_pb_column][et_pb_column type=&#8221;1_2&#8243; _builder_version=&#8221;4.16&#8243; _module_preset=&#8221;default&#8221; global_colors_info=&#8221;{}&#8221;][et_pb_toggle title=&#8221;Sec\u00e7\u00e3o de Soldadura&#8221; module_class=&#8221;toggle-instalacion&#8221; _builder_version=&#8221;4.16&#8243; _module_preset=&#8221;default&#8221; title_level=&#8221;h4&#8243; animation_style=&#8221;slide&#8221; animation_delay=&#8221;400ms&#8221; global_colors_info=&#8221;{}&#8221;]<\/p>\n<p class=\"subtitle-h6\"><img decoding=\"async\" class=\"alignright\" src=\"\/wp-content\/uploads\/2022\/01\/prod_soldadura.jpg\" alt=\"Soldadura\" width=\"auto\" height=\"auto\" \/>Es la secci\u00f3n encargada de la soldadura de chasis, hornos de combusti\u00f3n, etc. Despu\u00e9s de cada trabajo se realiza una inspecci\u00f3n para asegurar la correcta soldadura de cada uno de los elementos.<\/p>\n<p>[\/et_pb_toggle][et_pb_toggle title=&#8221;Armaz\u00e9m de recep\u00e7\u00e3o e expedi\u00e7\u00e3o&#8221; module_class=&#8221;toggle-instalacion&#8221; _builder_version=&#8221;4.16&#8243; _module_preset=&#8221;default&#8221; title_level=&#8221;h4&#8243; animation_style=&#8221;slide&#8221; animation_delay=&#8221;600ms&#8221; global_colors_info=&#8221;{}&#8221;]<\/p>\n<p class=\"subtitle-h6\"><img decoding=\"async\" class=\"alignright\" src=\"\/wp-content\/uploads\/2022\/01\/prod_expediciones.jpg\" alt=\"Expediciones\" width=\"auto\" height=\"auto\" \/>Todos los productos est\u00e1n identificados y ubicados para que la log\u00edstica y su expedici\u00f3n sea lo m\u00e1s r\u00e1pida posible.<\/p>\n<p>[\/et_pb_toggle][et_pb_toggle title=&#8221;Sala de forma\u00e7\u00e3o&#8221; module_class=&#8221;toggle-instalacion&#8221; _builder_version=&#8221;4.16&#8243; _module_preset=&#8221;default&#8221; title_level=&#8221;h4&#8243; animation_style=&#8221;slide&#8221; animation_delay=&#8221;800ms&#8221; global_colors_info=&#8221;{}&#8221;]<\/p>\n<p class=\"subtitle-h6\"><img decoding=\"async\" class=\"alignright\" src=\"\/wp-content\/uploads\/2022\/01\/prod_formacion.jpg\" alt=\"Aula formaci\u00f3n\" width=\"auto\" height=\"auto\" \/>Aula destinada a las reuniones comerciales y a la formaci\u00f3n de toda nuestra gama de productos<\/p>\n<p>[\/et_pb_toggle][\/et_pb_column][\/et_pb_row][\/et_pb_section][et_pb_section fb_built=&#8221;1&#8243; _builder_version=&#8221;4.16&#8243; _module_preset=&#8221;default&#8221; custom_margin=&#8221;0px||100px||false|false&#8221; custom_margin_tablet=&#8221;||75px||false|false&#8221; custom_margin_phone=&#8221;&#8221; custom_margin_last_edited=&#8221;on|tablet&#8221; custom_padding=&#8221;0px||0px||false|false&#8221; da_disable_devices=&#8221;off|off|off&#8221; global_colors_info=&#8221;{}&#8221; da_is_popup=&#8221;off&#8221; da_exit_intent=&#8221;off&#8221; da_has_close=&#8221;on&#8221; da_alt_close=&#8221;off&#8221; da_dark_close=&#8221;off&#8221; da_not_modal=&#8221;on&#8221; da_is_singular=&#8221;off&#8221; da_with_loader=&#8221;off&#8221; da_has_shadow=&#8221;on&#8221;][et_pb_row column_structure=&#8221;1_3,2_3&#8243; module_class=&#8221;row-depart-instalaciones&#8221; _builder_version=&#8221;4.16&#8243; _module_preset=&#8221;default&#8221; max_width=&#8221;1150px&#8221; max_width_tablet=&#8221;90%&#8221; max_width_phone=&#8221;&#8221; max_width_last_edited=&#8221;on|tablet&#8221; custom_margin=&#8221;0px||0px||false|false&#8221; custom_padding=&#8221;60px||0px||false|false&#8221; border_color_top=&#8221;#FBC201&#8243; global_colors_info=&#8221;{}&#8221;][et_pb_column type=&#8221;1_3&#8243; _builder_version=&#8221;4.16&#8243; _module_preset=&#8221;default&#8221; global_colors_info=&#8221;{}&#8221;][et_pb_text _builder_version=&#8221;4.16&#8243; _module_preset=&#8221;default&#8221; header_2_font=&#8221;|700|||||||&#8221; global_colors_info=&#8221;{}&#8221;]<\/p>\n<h2><span class=\"fondo-texto amarillo\">Departamentos<\/span><\/h2>\n<p>[\/et_pb_text][\/et_pb_column][et_pb_column type=&#8221;2_3&#8243; _builder_version=&#8221;4.16&#8243; _module_preset=&#8221;default&#8221; global_colors_info=&#8221;{}&#8221;][et_pb_text _builder_version=&#8221;4.16&#8243; _module_preset=&#8221;default&#8221; global_colors_info=&#8221;{}&#8221;]<\/p>\n<p class=\"subtitle-h5\">A MET MANN controla todos e cada um dos processos envolvidos no fabrico e comercializa\u00e7\u00e3o de equipamento de ar condicionado, ventila\u00e7\u00e3o e tratamento do ar.<\/p>\n<p class=\"subtitle-h5\">O objectivo \u00e9 ser um fornecedor integral e completamente eficiente, o que leva a um aumento do nosso n\u00edvel de competitividade.<\/p>\n<p class=\"subtitle-h5\">A fim de manter o controlo em cada um dos processos, os departamentos da MET MANN est\u00e3o divididos em:<\/p>\n<p>[\/et_pb_text][et_pb_text _builder_version=&#8221;4.16&#8243; _module_preset=&#8221;default&#8221; global_colors_info=&#8221;{}&#8221;]<\/p>\n<div class=\"grid-departamentos\">\n<div class=\"item-departamento\">\n<p class=\"subtitle-h5\">\u00b7 Departamento de Vendas Dom\u00e9sticas \u00b7 Departamento de Exporta\u00e7\u00e3o \u00b7 Dep. de Contabilidade \u00b7 Dep. Administra\u00e7\u00e3o<\/p>\n<\/div>\n<div class=\"item-departamento\">\n<p class=\"subtitle-h5\">\u00b7 Dep. de Compras \u00b7 Departamento de Qualidade \u00b7 Servi\u00e7o p\u00f3s-venda \u00b7 Gest\u00e3o<\/p>\n<\/div>\n<\/div>\n<p>[\/et_pb_text][\/et_pb_column][\/et_pb_row][\/et_pb_section]<\/p>\n","protected":false},"excerpt":{"rendered":"<p><span><span><a href=\"https:\/\/www.metmann.com\/pt-pt\/\">Inicio<\/a><\/span><\/span>MET MANN tem a sua f\u00e1brica e sede na cidade de Manlleu, a cerca de 70 km de Barcelona, e disp\u00f5e de instala\u00e7\u00f5es de 6.000 m2 onde todas as suas actividades s\u00e3o levadas a cabo.F\u00e1brica de produ\u00e7\u00e3oA MET MANN tem um departamento de produ\u00e7\u00e3o composto pelos melhores profissionais do sector, cuja fun\u00e7\u00e3o \u00e9 supervisionar todos [&hellip;]<\/p>\n","protected":false},"author":1,"featured_media":0,"parent":0,"menu_order":0,"comment_status":"closed","ping_status":"closed","template":"","meta":{"_acf_changed":false,"_et_pb_use_builder":"on","_et_pb_old_content":"","_et_gb_content_width":"","_joinchat":[],"footnotes":""},"acf":[],"yoast_head":"<!-- This site is optimized with the Yoast SEO plugin v22.6 - https:\/\/yoast.com\/wordpress\/plugins\/seo\/ -->\r\n<title>Nossas facilidades | MET MANN<\/title>\r\n<meta name=\"robots\" content=\"index, follow, max-snippet:-1, max-image-preview:large, max-video-preview:-1\" \/>\r\n<link rel=\"canonical\" href=\"https:\/\/www.metmann.com\/pt-pt\/instalaciones\/\" \/>\r\n<meta property=\"og:locale\" content=\"pt_PT\" \/>\r\n<meta property=\"og:type\" content=\"article\" \/>\r\n<meta property=\"og:title\" content=\"Nossas facilidades | MET MANN\" \/>\r\n<meta property=\"og:description\" content=\"MET MANN tem a sua f\u00e1brica e sede na cidade de Manlleu, a cerca de 70 km de Barcelona, e disp\u00f5e de instala\u00e7\u00f5es de 6.000 m2 onde todas as suas actividades s\u00e3o levadas a cabo.F\u00e1brica de produ\u00e7\u00e3oA MET MANN tem um departamento de produ\u00e7\u00e3o composto pelos melhores profissionais do sector, cuja fun\u00e7\u00e3o \u00e9 supervisionar todos [&hellip;]\" \/>\r\n<meta property=\"og:url\" content=\"https:\/\/www.metmann.com\/pt-pt\/instalaciones\/\" \/>\r\n<meta property=\"og:site_name\" content=\"MET MANN\" \/>\r\n<meta property=\"article:modified_time\" content=\"2023-03-10T12:24:40+00:00\" \/>\r\n<meta name=\"twitter:card\" content=\"summary_large_image\" \/>\r\n<meta name=\"twitter:label1\" content=\"Tempo estimado de leitura\" \/>\n\t<meta name=\"twitter:data1\" content=\"9 minutos\" \/>\r\n<script type=\"application\/ld+json\" class=\"yoast-schema-graph\">{\"@context\":\"https:\/\/schema.org\",\"@graph\":[{\"@type\":\"WebPage\",\"@id\":\"https:\/\/www.metmann.com\/pt-pt\/instalaciones\/\",\"url\":\"https:\/\/www.metmann.com\/pt-pt\/instalaciones\/\",\"name\":\"Nossas facilidades | MET MANN\",\"isPartOf\":{\"@id\":\"https:\/\/www.metmann.com\/pt-pt\/#website\"},\"datePublished\":\"2022-01-04T09:16:15+00:00\",\"dateModified\":\"2023-03-10T12:24:40+00:00\",\"breadcrumb\":{\"@id\":\"https:\/\/www.metmann.com\/pt-pt\/instalaciones\/#breadcrumb\"},\"inLanguage\":\"pt-PT\",\"potentialAction\":[{\"@type\":\"ReadAction\",\"target\":[\"https:\/\/www.metmann.com\/pt-pt\/instalaciones\/\"]}]},{\"@type\":\"BreadcrumbList\",\"@id\":\"https:\/\/www.metmann.com\/pt-pt\/instalaciones\/#breadcrumb\",\"itemListElement\":[{\"@type\":\"ListItem\",\"position\":1,\"name\":\"Inicio\",\"item\":\"https:\/\/www.metmann.com\/pt-pt\/\"},{\"@type\":\"ListItem\",\"position\":2,\"name\":\"Nossas facilidades\"}]},{\"@type\":\"WebSite\",\"@id\":\"https:\/\/www.metmann.com\/pt-pt\/#website\",\"url\":\"https:\/\/www.metmann.com\/pt-pt\/\",\"name\":\"MET MANN\",\"description\":\"Climatizaci\u00f3n industrial, Calefactores y Ventilaci\u00f3n para empresas\",\"publisher\":{\"@id\":\"https:\/\/www.metmann.com\/pt-pt\/#organization\"},\"potentialAction\":[{\"@type\":\"SearchAction\",\"target\":{\"@type\":\"EntryPoint\",\"urlTemplate\":\"https:\/\/www.metmann.com\/pt-pt\/?s={search_term_string}\"},\"query-input\":\"required name=search_term_string\"}],\"inLanguage\":\"pt-PT\"},{\"@type\":\"Organization\",\"@id\":\"https:\/\/www.metmann.com\/pt-pt\/#organization\",\"name\":\"Met Mann\",\"url\":\"https:\/\/www.metmann.com\/pt-pt\/\",\"logo\":{\"@type\":\"ImageObject\",\"inLanguage\":\"pt-PT\",\"@id\":\"https:\/\/www.metmann.com\/pt-pt\/#\/schema\/logo\/image\/\",\"url\":\"https:\/\/www.metmann.com\/wp-content\/uploads\/2021\/12\/logo-color-met-mann-01.jpg\",\"contentUrl\":\"https:\/\/www.metmann.com\/wp-content\/uploads\/2021\/12\/logo-color-met-mann-01.jpg\",\"width\":351,\"height\":133,\"caption\":\"Met Mann\"},\"image\":{\"@id\":\"https:\/\/www.metmann.com\/pt-pt\/#\/schema\/logo\/image\/\"}}]}<\/script>\r\n<!-- \/ Yoast SEO plugin. -->","yoast_head_json":{"title":"Nossas facilidades | MET MANN","robots":{"index":"index","follow":"follow","max-snippet":"max-snippet:-1","max-image-preview":"max-image-preview:large","max-video-preview":"max-video-preview:-1"},"canonical":"https:\/\/www.metmann.com\/pt-pt\/instalaciones\/","og_locale":"pt_PT","og_type":"article","og_title":"Nossas facilidades | MET MANN","og_description":"MET MANN tem a sua f\u00e1brica e sede na cidade de Manlleu, a cerca de 70 km de Barcelona, e disp\u00f5e de instala\u00e7\u00f5es de 6.000 m2 onde todas as suas actividades s\u00e3o levadas a cabo.F\u00e1brica de produ\u00e7\u00e3oA MET MANN tem um departamento de produ\u00e7\u00e3o composto pelos melhores profissionais do sector, cuja fun\u00e7\u00e3o \u00e9 supervisionar todos [&hellip;]","og_url":"https:\/\/www.metmann.com\/pt-pt\/instalaciones\/","og_site_name":"MET MANN","article_modified_time":"2023-03-10T12:24:40+00:00","twitter_card":"summary_large_image","twitter_misc":{"Tempo estimado de leitura":"9 minutos"},"schema":{"@context":"https:\/\/schema.org","@graph":[{"@type":"WebPage","@id":"https:\/\/www.metmann.com\/pt-pt\/instalaciones\/","url":"https:\/\/www.metmann.com\/pt-pt\/instalaciones\/","name":"Nossas facilidades | MET MANN","isPartOf":{"@id":"https:\/\/www.metmann.com\/pt-pt\/#website"},"datePublished":"2022-01-04T09:16:15+00:00","dateModified":"2023-03-10T12:24:40+00:00","breadcrumb":{"@id":"https:\/\/www.metmann.com\/pt-pt\/instalaciones\/#breadcrumb"},"inLanguage":"pt-PT","potentialAction":[{"@type":"ReadAction","target":["https:\/\/www.metmann.com\/pt-pt\/instalaciones\/"]}]},{"@type":"BreadcrumbList","@id":"https:\/\/www.metmann.com\/pt-pt\/instalaciones\/#breadcrumb","itemListElement":[{"@type":"ListItem","position":1,"name":"Inicio","item":"https:\/\/www.metmann.com\/pt-pt\/"},{"@type":"ListItem","position":2,"name":"Nossas facilidades"}]},{"@type":"WebSite","@id":"https:\/\/www.metmann.com\/pt-pt\/#website","url":"https:\/\/www.metmann.com\/pt-pt\/","name":"MET MANN","description":"Climatizaci\u00f3n industrial, Calefactores y Ventilaci\u00f3n para empresas","publisher":{"@id":"https:\/\/www.metmann.com\/pt-pt\/#organization"},"potentialAction":[{"@type":"SearchAction","target":{"@type":"EntryPoint","urlTemplate":"https:\/\/www.metmann.com\/pt-pt\/?s={search_term_string}"},"query-input":"required name=search_term_string"}],"inLanguage":"pt-PT"},{"@type":"Organization","@id":"https:\/\/www.metmann.com\/pt-pt\/#organization","name":"Met Mann","url":"https:\/\/www.metmann.com\/pt-pt\/","logo":{"@type":"ImageObject","inLanguage":"pt-PT","@id":"https:\/\/www.metmann.com\/pt-pt\/#\/schema\/logo\/image\/","url":"https:\/\/www.metmann.com\/wp-content\/uploads\/2021\/12\/logo-color-met-mann-01.jpg","contentUrl":"https:\/\/www.metmann.com\/wp-content\/uploads\/2021\/12\/logo-color-met-mann-01.jpg","width":351,"height":133,"caption":"Met Mann"},"image":{"@id":"https:\/\/www.metmann.com\/pt-pt\/#\/schema\/logo\/image\/"}}]}},"_links":{"self":[{"href":"https:\/\/www.metmann.com\/pt-pt\/wp-json\/wp\/v2\/pages\/19284"}],"collection":[{"href":"https:\/\/www.metmann.com\/pt-pt\/wp-json\/wp\/v2\/pages"}],"about":[{"href":"https:\/\/www.metmann.com\/pt-pt\/wp-json\/wp\/v2\/types\/page"}],"author":[{"embeddable":true,"href":"https:\/\/www.metmann.com\/pt-pt\/wp-json\/wp\/v2\/users\/1"}],"replies":[{"embeddable":true,"href":"https:\/\/www.metmann.com\/pt-pt\/wp-json\/wp\/v2\/comments?post=19284"}],"version-history":[{"count":0,"href":"https:\/\/www.metmann.com\/pt-pt\/wp-json\/wp\/v2\/pages\/19284\/revisions"}],"wp:attachment":[{"href":"https:\/\/www.metmann.com\/pt-pt\/wp-json\/wp\/v2\/media?parent=19284"}],"curies":[{"name":"wp","href":"https:\/\/api.w.org\/{rel}","templated":true}]}}