{"id":21602,"date":"2023-06-27T13:14:00","date_gmt":"2023-06-27T11:14:02","guid":{"rendered":"https:\/\/metmann.com.185-176-9-81.185-176-9-81.visualpublinet.com\/?post_type=product&#038;p=21602"},"modified":"2023-06-27T13:29:35","modified_gmt":"2023-06-27T11:29:35","slug":"m1-150-10-v-extractor-de-bano-ultrasilencioso-de-260-50-m3-h-variable","status":"publish","type":"product","link":"https:\/\/www.metmann.com\/pt-pt\/producto\/m1-150-10-v-extractor-de-bano-ultrasilencioso-de-260-50-m3-h-variable\/","title":{"rendered":"M1-150-10-V &#8211; Extrator de banheiro ultra silencioso 260-50 m3\/h &#8211; Vari\u00e1vel"},"content":{"rendered":"<div>\n<h2><\/h2>\n<\/div>\n","protected":false},"excerpt":{"rendered":"","protected":false},"featured_media":17380,"comment_status":"closed","ping_status":"closed","template":"","meta":{"_acf_changed":false,"_et_pb_use_builder":"","_et_pb_old_content":"","_et_gb_content_width":"","_joinchat":[]},"product_cat":[302,316],"product_tag":[],"acf":[],"yoast_head":"<!-- This site is optimized with the Yoast SEO plugin v22.6 - https:\/\/yoast.com\/wordpress\/plugins\/seo\/ -->\r\n<title>M1\/150- 10 V - Extractor de ba\u00f1o ultrasilencioso de 260-50 m3\/h - Variable<\/title>\r\n<meta name=\"description\" content=\"Extractor de ba\u00f1o con sensor de humedad Ultra Silencioso de alta calidad y con un dise\u00f1o muy apreciado por dise\u00f1adores de interiores.\" \/>\r\n<meta name=\"robots\" content=\"index, follow, max-snippet:-1, max-image-preview:large, max-video-preview:-1\" \/>\r\n<link rel=\"canonical\" href=\"https:\/\/www.metmann.com\/pt-pt\/producto\/m1-150-10-v-extractor-de-bano-ultrasilencioso-de-260-50-m3-h-variable\/\" \/>\r\n<meta property=\"og:locale\" content=\"pt_PT\" \/>\r\n<meta property=\"og:type\" content=\"article\" \/>\r\n<meta property=\"og:title\" content=\"Extractor de ba\u00f1o M1\/150 F - 2 velocidades 260\/220 m3\/h - Con sensor de humedad\" \/>\r\n<meta property=\"og:description\" content=\"Extractor de ba\u00f1o con sensor de humedad Ultra Silencioso de alta calidad y con un dise\u00f1o muy apreciado por dise\u00f1adores de interiores.\" \/>\r\n<meta property=\"og:url\" content=\"https:\/\/www.metmann.com\/pt-pt\/producto\/m1-150-10-v-extractor-de-bano-ultrasilencioso-de-260-50-m3-h-variable\/\" \/>\r\n<meta property=\"og:site_name\" content=\"MET MANN\" \/>\r\n<meta property=\"article:modified_time\" content=\"2023-06-27T11:29:35+00:00\" \/>\r\n<meta property=\"og:image\" content=\"https:\/\/www.metmann.com\/wp-content\/uploads\/2021\/11\/1635502996_a8ct.jpg\" \/>\r\n<meta name=\"twitter:card\" content=\"summary_large_image\" \/>\r\n<meta name=\"twitter:title\" content=\"Extractor de ba\u00f1o M1\/150 F - 2 velocidades 260\/220 m3\/h - Con sensor de humedad\" \/>\r\n<meta name=\"twitter:description\" content=\"Extractor de ba\u00f1o con sensor de humedad Ultra Silencioso de alta calidad y con un dise\u00f1o muy apreciado por dise\u00f1adores de interiores.\" \/>\r\n<meta name=\"twitter:image\" content=\"https:\/\/www.metmann.com\/wp-content\/uploads\/2021\/11\/1635502996_a8ct.jpg\" \/>\r\n<script type=\"application\/ld+json\" class=\"yoast-schema-graph\">{\"@context\":\"https:\/\/schema.org\",\"@graph\":[{\"@type\":\"WebPage\",\"@id\":\"https:\/\/www.metmann.com\/pt-pt\/producto\/m1-150-10-v-extractor-de-bano-ultrasilencioso-de-260-50-m3-h-variable\/\",\"url\":\"https:\/\/www.metmann.com\/pt-pt\/producto\/m1-150-10-v-extractor-de-bano-ultrasilencioso-de-260-50-m3-h-variable\/\",\"name\":\"M1\/150- 10 V - Extractor de ba\u00f1o ultrasilencioso de 260-50 m3\/h - Variable\",\"isPartOf\":{\"@id\":\"https:\/\/www.metmann.com\/pt-pt\/#website\"},\"primaryImageOfPage\":{\"@id\":\"https:\/\/www.metmann.com\/pt-pt\/producto\/m1-150-10-v-extractor-de-bano-ultrasilencioso-de-260-50-m3-h-variable\/#primaryimage\"},\"image\":{\"@id\":\"https:\/\/www.metmann.com\/pt-pt\/producto\/m1-150-10-v-extractor-de-bano-ultrasilencioso-de-260-50-m3-h-variable\/#primaryimage\"},\"thumbnailUrl\":\"https:\/\/www.metmann.com\/wp-content\/uploads\/2021\/11\/MINIVENT.png\",\"datePublished\":\"2023-06-27T11:14:02+00:00\",\"dateModified\":\"2023-06-27T11:29:35+00:00\",\"description\":\"Extractor de ba\u00f1o con sensor de humedad Ultra Silencioso de alta calidad y con un dise\u00f1o muy apreciado por dise\u00f1adores de interiores.\",\"breadcrumb\":{\"@id\":\"https:\/\/www.metmann.com\/pt-pt\/producto\/m1-150-10-v-extractor-de-bano-ultrasilencioso-de-260-50-m3-h-variable\/#breadcrumb\"},\"inLanguage\":\"pt-PT\",\"potentialAction\":[{\"@type\":\"ReadAction\",\"target\":[\"https:\/\/www.metmann.com\/pt-pt\/producto\/m1-150-10-v-extractor-de-bano-ultrasilencioso-de-260-50-m3-h-variable\/\"]}]},{\"@type\":\"ImageObject\",\"inLanguage\":\"pt-PT\",\"@id\":\"https:\/\/www.metmann.com\/pt-pt\/producto\/m1-150-10-v-extractor-de-bano-ultrasilencioso-de-260-50-m3-h-variable\/#primaryimage\",\"url\":\"https:\/\/www.metmann.com\/wp-content\/uploads\/2021\/11\/MINIVENT.png\",\"contentUrl\":\"https:\/\/www.metmann.com\/wp-content\/uploads\/2021\/11\/MINIVENT.png\",\"width\":726,\"height\":726},{\"@type\":\"BreadcrumbList\",\"@id\":\"https:\/\/www.metmann.com\/pt-pt\/producto\/m1-150-10-v-extractor-de-bano-ultrasilencioso-de-260-50-m3-h-variable\/#breadcrumb\",\"itemListElement\":[{\"@type\":\"ListItem\",\"position\":1,\"name\":\"Inicio\",\"item\":\"https:\/\/www.metmann.com\/pt-pt\/\"},{\"@type\":\"ListItem\",\"position\":2,\"name\":\"Productos\",\"item\":\"https:\/\/www.metmann.com\/productos\/\"},{\"@type\":\"ListItem\",\"position\":3,\"name\":\"M1-150-10-V &#8211; Extrator de banheiro ultra silencioso 260-50 m3\/h &#8211; Vari\u00e1vel\"}]},{\"@type\":\"WebSite\",\"@id\":\"https:\/\/www.metmann.com\/pt-pt\/#website\",\"url\":\"https:\/\/www.metmann.com\/pt-pt\/\",\"name\":\"MET MANN\",\"description\":\"Climatizaci\u00f3n industrial, Calefactores y Ventilaci\u00f3n para empresas\",\"publisher\":{\"@id\":\"https:\/\/www.metmann.com\/pt-pt\/#organization\"},\"potentialAction\":[{\"@type\":\"SearchAction\",\"target\":{\"@type\":\"EntryPoint\",\"urlTemplate\":\"https:\/\/www.metmann.com\/pt-pt\/?s={search_term_string}\"},\"query-input\":\"required name=search_term_string\"}],\"inLanguage\":\"pt-PT\"},{\"@type\":\"Organization\",\"@id\":\"https:\/\/www.metmann.com\/pt-pt\/#organization\",\"name\":\"Met Mann\",\"url\":\"https:\/\/www.metmann.com\/pt-pt\/\",\"logo\":{\"@type\":\"ImageObject\",\"inLanguage\":\"pt-PT\",\"@id\":\"https:\/\/www.metmann.com\/pt-pt\/#\/schema\/logo\/image\/\",\"url\":\"https:\/\/www.metmann.com\/wp-content\/uploads\/2021\/12\/logo-color-met-mann-01.jpg\",\"contentUrl\":\"https:\/\/www.metmann.com\/wp-content\/uploads\/2021\/12\/logo-color-met-mann-01.jpg\",\"width\":351,\"height\":133,\"caption\":\"Met Mann\"},\"image\":{\"@id\":\"https:\/\/www.metmann.com\/pt-pt\/#\/schema\/logo\/image\/\"}}]}<\/script>\r\n<!-- \/ Yoast SEO plugin. -->","yoast_head_json":{"title":"M1\/150- 10 V - Extractor de ba\u00f1o ultrasilencioso de 260-50 m3\/h - Variable","description":"Extractor de ba\u00f1o con sensor de humedad Ultra Silencioso de alta calidad y con un dise\u00f1o muy apreciado por dise\u00f1adores de interiores.","robots":{"index":"index","follow":"follow","max-snippet":"max-snippet:-1","max-image-preview":"max-image-preview:large","max-video-preview":"max-video-preview:-1"},"canonical":"https:\/\/www.metmann.com\/pt-pt\/producto\/m1-150-10-v-extractor-de-bano-ultrasilencioso-de-260-50-m3-h-variable\/","og_locale":"pt_PT","og_type":"article","og_title":"Extractor de ba\u00f1o M1\/150 F - 2 velocidades 260\/220 m3\/h - Con sensor de humedad","og_description":"Extractor de ba\u00f1o con sensor de humedad Ultra Silencioso de alta calidad y con un dise\u00f1o muy apreciado por dise\u00f1adores de interiores.","og_url":"https:\/\/www.metmann.com\/pt-pt\/producto\/m1-150-10-v-extractor-de-bano-ultrasilencioso-de-260-50-m3-h-variable\/","og_site_name":"MET MANN","article_modified_time":"2023-06-27T11:29:35+00:00","og_image":[{"url":"https:\/\/www.metmann.com\/wp-content\/uploads\/2021\/11\/1635502996_a8ct.jpg"}],"twitter_card":"summary_large_image","twitter_title":"Extractor de ba\u00f1o M1\/150 F - 2 velocidades 260\/220 m3\/h - Con sensor de humedad","twitter_description":"Extractor de ba\u00f1o con sensor de humedad Ultra Silencioso de alta calidad y con un dise\u00f1o muy apreciado por dise\u00f1adores de interiores.","twitter_image":"https:\/\/www.metmann.com\/wp-content\/uploads\/2021\/11\/1635502996_a8ct.jpg","schema":{"@context":"https:\/\/schema.org","@graph":[{"@type":"WebPage","@id":"https:\/\/www.metmann.com\/pt-pt\/producto\/m1-150-10-v-extractor-de-bano-ultrasilencioso-de-260-50-m3-h-variable\/","url":"https:\/\/www.metmann.com\/pt-pt\/producto\/m1-150-10-v-extractor-de-bano-ultrasilencioso-de-260-50-m3-h-variable\/","name":"M1\/150- 10 V - Extractor de ba\u00f1o ultrasilencioso de 260-50 m3\/h - Variable","isPartOf":{"@id":"https:\/\/www.metmann.com\/pt-pt\/#website"},"primaryImageOfPage":{"@id":"https:\/\/www.metmann.com\/pt-pt\/producto\/m1-150-10-v-extractor-de-bano-ultrasilencioso-de-260-50-m3-h-variable\/#primaryimage"},"image":{"@id":"https:\/\/www.metmann.com\/pt-pt\/producto\/m1-150-10-v-extractor-de-bano-ultrasilencioso-de-260-50-m3-h-variable\/#primaryimage"},"thumbnailUrl":"https:\/\/www.metmann.com\/wp-content\/uploads\/2021\/11\/MINIVENT.png","datePublished":"2023-06-27T11:14:02+00:00","dateModified":"2023-06-27T11:29:35+00:00","description":"Extractor de ba\u00f1o con sensor de humedad Ultra Silencioso de alta calidad y con un dise\u00f1o muy apreciado por dise\u00f1adores de interiores.","breadcrumb":{"@id":"https:\/\/www.metmann.com\/pt-pt\/producto\/m1-150-10-v-extractor-de-bano-ultrasilencioso-de-260-50-m3-h-variable\/#breadcrumb"},"inLanguage":"pt-PT","potentialAction":[{"@type":"ReadAction","target":["https:\/\/www.metmann.com\/pt-pt\/producto\/m1-150-10-v-extractor-de-bano-ultrasilencioso-de-260-50-m3-h-variable\/"]}]},{"@type":"ImageObject","inLanguage":"pt-PT","@id":"https:\/\/www.metmann.com\/pt-pt\/producto\/m1-150-10-v-extractor-de-bano-ultrasilencioso-de-260-50-m3-h-variable\/#primaryimage","url":"https:\/\/www.metmann.com\/wp-content\/uploads\/2021\/11\/MINIVENT.png","contentUrl":"https:\/\/www.metmann.com\/wp-content\/uploads\/2021\/11\/MINIVENT.png","width":726,"height":726},{"@type":"BreadcrumbList","@id":"https:\/\/www.metmann.com\/pt-pt\/producto\/m1-150-10-v-extractor-de-bano-ultrasilencioso-de-260-50-m3-h-variable\/#breadcrumb","itemListElement":[{"@type":"ListItem","position":1,"name":"Inicio","item":"https:\/\/www.metmann.com\/pt-pt\/"},{"@type":"ListItem","position":2,"name":"Productos","item":"https:\/\/www.metmann.com\/productos\/"},{"@type":"ListItem","position":3,"name":"M1-150-10-V &#8211; Extrator de banheiro ultra silencioso 260-50 m3\/h &#8211; Vari\u00e1vel"}]},{"@type":"WebSite","@id":"https:\/\/www.metmann.com\/pt-pt\/#website","url":"https:\/\/www.metmann.com\/pt-pt\/","name":"MET MANN","description":"Climatizaci\u00f3n industrial, Calefactores y Ventilaci\u00f3n para empresas","publisher":{"@id":"https:\/\/www.metmann.com\/pt-pt\/#organization"},"potentialAction":[{"@type":"SearchAction","target":{"@type":"EntryPoint","urlTemplate":"https:\/\/www.metmann.com\/pt-pt\/?s={search_term_string}"},"query-input":"required name=search_term_string"}],"inLanguage":"pt-PT"},{"@type":"Organization","@id":"https:\/\/www.metmann.com\/pt-pt\/#organization","name":"Met Mann","url":"https:\/\/www.metmann.com\/pt-pt\/","logo":{"@type":"ImageObject","inLanguage":"pt-PT","@id":"https:\/\/www.metmann.com\/pt-pt\/#\/schema\/logo\/image\/","url":"https:\/\/www.metmann.com\/wp-content\/uploads\/2021\/12\/logo-color-met-mann-01.jpg","contentUrl":"https:\/\/www.metmann.com\/wp-content\/uploads\/2021\/12\/logo-color-met-mann-01.jpg","width":351,"height":133,"caption":"Met Mann"},"image":{"@id":"https:\/\/www.metmann.com\/pt-pt\/#\/schema\/logo\/image\/"}}]}},"_links":{"self":[{"href":"https:\/\/www.metmann.com\/pt-pt\/wp-json\/wp\/v2\/product\/21602"}],"collection":[{"href":"https:\/\/www.metmann.com\/pt-pt\/wp-json\/wp\/v2\/product"}],"about":[{"href":"https:\/\/www.metmann.com\/pt-pt\/wp-json\/wp\/v2\/types\/product"}],"replies":[{"embeddable":true,"href":"https:\/\/www.metmann.com\/pt-pt\/wp-json\/wp\/v2\/comments?post=21602"}],"wp:featuredmedia":[{"embeddable":true,"href":"https:\/\/www.metmann.com\/pt-pt\/wp-json\/wp\/v2\/media\/17380"}],"wp:attachment":[{"href":"https:\/\/www.metmann.com\/pt-pt\/wp-json\/wp\/v2\/media?parent=21602"}],"wp:term":[{"taxonomy":"product_cat","embeddable":true,"href":"https:\/\/www.metmann.com\/pt-pt\/wp-json\/wp\/v2\/product_cat?post=21602"},{"taxonomy":"product_tag","embeddable":true,"href":"https:\/\/www.metmann.com\/pt-pt\/wp-json\/wp\/v2\/product_tag?post=21602"}],"curies":[{"name":"wp","href":"https:\/\/api.w.org\/{rel}","templated":true}]}}