{"id":9146,"date":"2021-11-03T13:53:19","date_gmt":"2021-11-03T15:44:33","guid":{"rendered":"https:\/\/metmann.com.185-176-9-81.185-176-9-81.visualpublinet.com\/producto\/aquecedor-de-combustao-direta-a-diesel-portatil-1111-kw-mi-105\/"},"modified":"2023-05-24T11:58:11","modified_gmt":"2023-05-24T09:58:11","slug":"aquecedor-de-combustao-direta-a-diesel-portatil-1111-kw-mi-105","status":"publish","type":"product","link":"https:\/\/www.metmann.com\/pt-pt\/producto\/aquecedor-de-combustao-direta-a-diesel-portatil-1111-kw-mi-105\/","title":{"rendered":"MI-105 &#8211; Aquecedor de combust\u00e3o direta a diesel port\u00e1til 111,1 kW"},"content":{"rendered":"","protected":false},"excerpt":{"rendered":"","protected":false},"featured_media":16938,"comment_status":"closed","ping_status":"closed","template":"","meta":{"_acf_changed":false,"_et_pb_use_builder":"","_et_pb_old_content":"","_et_gb_content_width":"","_joinchat":[]},"product_cat":[300,355],"product_tag":[],"acf":[],"yoast_head":"<!-- This site is optimized with the Yoast SEO plugin v22.6 - https:\/\/yoast.com\/wordpress\/plugins\/seo\/ -->\r\n<title>Aquecedor de combust\u00e3o direta a diesel port\u00e1til 111,1 kW - MI-105<\/title>\r\n<meta name=\"description\" content=\"Aquecedor de ar quente com funcionamento a diesel e combust\u00e3o direta de 111,1 kW Equipamento especialmente indicado para o aquecimento r\u00e1pido e eficiente de ambientes abertos ou devidamente ventilados.\" \/>\r\n<meta name=\"robots\" content=\"index, follow, max-snippet:-1, max-image-preview:large, max-video-preview:-1\" \/>\r\n<link rel=\"canonical\" href=\"https:\/\/www.metmann.com\/pt-pt\/producto\/aquecedor-de-combustao-direta-a-diesel-portatil-1111-kw-mi-105\/\" \/>\r\n<meta property=\"og:locale\" content=\"pt_PT\" \/>\r\n<meta property=\"og:type\" content=\"article\" \/>\r\n<meta property=\"og:title\" content=\"Aquecedor de combust\u00e3o direta a diesel port\u00e1til 111,1 kW - MI-105\" \/>\r\n<meta property=\"og:description\" content=\"Aquecedor de ar quente com funcionamento a diesel e combust\u00e3o direta de 111,1 kW Equipamento especialmente indicado para o aquecimento r\u00e1pido e eficiente de ambientes abertos ou devidamente ventilados.\" \/>\r\n<meta property=\"og:url\" content=\"https:\/\/www.metmann.com\/pt-pt\/producto\/aquecedor-de-combustao-direta-a-diesel-portatil-1111-kw-mi-105\/\" \/>\r\n<meta property=\"og:site_name\" content=\"MET MANN\" \/>\r\n<meta property=\"article:modified_time\" content=\"2023-05-24T09:58:11+00:00\" \/>\r\n<meta property=\"og:image\" content=\"https:\/\/www.metmann.com\/wp-content\/uploads\/2021\/09\/1529494970_YD5e.png\" \/>\r\n<meta name=\"twitter:card\" content=\"summary_large_image\" \/>\r\n<meta name=\"twitter:title\" content=\"Aquecedor de combust\u00e3o direta a diesel port\u00e1til 111,1 kW - MI-105\" \/>\r\n<meta name=\"twitter:description\" content=\"Aquecedor de ar quente com funcionamento a diesel e combust\u00e3o direta de 111,1 kW Equipamento especialmente indicado para o aquecimento r\u00e1pido e eficiente de ambientes abertos ou devidamente ventilados.\" \/>\r\n<meta name=\"twitter:image\" content=\"https:\/\/www.metmann.com\/wp-content\/uploads\/2021\/09\/1529494970_YD5e.png\" \/>\r\n<script type=\"application\/ld+json\" class=\"yoast-schema-graph\">{\"@context\":\"https:\/\/schema.org\",\"@graph\":[{\"@type\":\"WebPage\",\"@id\":\"https:\/\/www.metmann.com\/pt-pt\/producto\/aquecedor-de-combustao-direta-a-diesel-portatil-1111-kw-mi-105\/\",\"url\":\"https:\/\/www.metmann.com\/pt-pt\/producto\/aquecedor-de-combustao-direta-a-diesel-portatil-1111-kw-mi-105\/\",\"name\":\"Aquecedor de combust\u00e3o direta a diesel port\u00e1til 111,1 kW - MI-105\",\"isPartOf\":{\"@id\":\"https:\/\/www.metmann.com\/pt-pt\/#website\"},\"primaryImageOfPage\":{\"@id\":\"https:\/\/www.metmann.com\/pt-pt\/producto\/aquecedor-de-combustao-direta-a-diesel-portatil-1111-kw-mi-105\/#primaryimage\"},\"image\":{\"@id\":\"https:\/\/www.metmann.com\/pt-pt\/producto\/aquecedor-de-combustao-direta-a-diesel-portatil-1111-kw-mi-105\/#primaryimage\"},\"thumbnailUrl\":\"https:\/\/www.metmann.com\/wp-content\/uploads\/2021\/11\/MI.png\",\"datePublished\":\"2021-11-03T15:44:33+00:00\",\"dateModified\":\"2023-05-24T09:58:11+00:00\",\"description\":\"Aquecedor de ar quente com funcionamento a diesel e combust\u00e3o direta de 111,1 kW Equipamento especialmente indicado para o aquecimento r\u00e1pido e eficiente de ambientes abertos ou devidamente ventilados.\",\"breadcrumb\":{\"@id\":\"https:\/\/www.metmann.com\/pt-pt\/producto\/aquecedor-de-combustao-direta-a-diesel-portatil-1111-kw-mi-105\/#breadcrumb\"},\"inLanguage\":\"pt-PT\",\"potentialAction\":[{\"@type\":\"ReadAction\",\"target\":[\"https:\/\/www.metmann.com\/pt-pt\/producto\/aquecedor-de-combustao-direta-a-diesel-portatil-1111-kw-mi-105\/\"]}]},{\"@type\":\"ImageObject\",\"inLanguage\":\"pt-PT\",\"@id\":\"https:\/\/www.metmann.com\/pt-pt\/producto\/aquecedor-de-combustao-direta-a-diesel-portatil-1111-kw-mi-105\/#primaryimage\",\"url\":\"https:\/\/www.metmann.com\/wp-content\/uploads\/2021\/11\/MI.png\",\"contentUrl\":\"https:\/\/www.metmann.com\/wp-content\/uploads\/2021\/11\/MI.png\",\"width\":470,\"height\":470},{\"@type\":\"BreadcrumbList\",\"@id\":\"https:\/\/www.metmann.com\/pt-pt\/producto\/aquecedor-de-combustao-direta-a-diesel-portatil-1111-kw-mi-105\/#breadcrumb\",\"itemListElement\":[{\"@type\":\"ListItem\",\"position\":1,\"name\":\"Inicio\",\"item\":\"https:\/\/www.metmann.com\/pt-pt\/\"},{\"@type\":\"ListItem\",\"position\":2,\"name\":\"Productos\",\"item\":\"https:\/\/www.metmann.com\/productos\/\"},{\"@type\":\"ListItem\",\"position\":3,\"name\":\"MI-105 &#8211; Aquecedor de combust\u00e3o direta a diesel port\u00e1til 111,1 kW\"}]},{\"@type\":\"WebSite\",\"@id\":\"https:\/\/www.metmann.com\/pt-pt\/#website\",\"url\":\"https:\/\/www.metmann.com\/pt-pt\/\",\"name\":\"MET MANN\",\"description\":\"Climatizaci\u00f3n industrial, Calefactores y Ventilaci\u00f3n para empresas\",\"publisher\":{\"@id\":\"https:\/\/www.metmann.com\/pt-pt\/#organization\"},\"potentialAction\":[{\"@type\":\"SearchAction\",\"target\":{\"@type\":\"EntryPoint\",\"urlTemplate\":\"https:\/\/www.metmann.com\/pt-pt\/?s={search_term_string}\"},\"query-input\":\"required name=search_term_string\"}],\"inLanguage\":\"pt-PT\"},{\"@type\":\"Organization\",\"@id\":\"https:\/\/www.metmann.com\/pt-pt\/#organization\",\"name\":\"Met Mann\",\"url\":\"https:\/\/www.metmann.com\/pt-pt\/\",\"logo\":{\"@type\":\"ImageObject\",\"inLanguage\":\"pt-PT\",\"@id\":\"https:\/\/www.metmann.com\/pt-pt\/#\/schema\/logo\/image\/\",\"url\":\"https:\/\/www.metmann.com\/wp-content\/uploads\/2021\/12\/logo-color-met-mann-01.jpg\",\"contentUrl\":\"https:\/\/www.metmann.com\/wp-content\/uploads\/2021\/12\/logo-color-met-mann-01.jpg\",\"width\":351,\"height\":133,\"caption\":\"Met Mann\"},\"image\":{\"@id\":\"https:\/\/www.metmann.com\/pt-pt\/#\/schema\/logo\/image\/\"}}]}<\/script>\r\n<!-- \/ Yoast SEO plugin. -->","yoast_head_json":{"title":"Aquecedor de combust\u00e3o direta a diesel port\u00e1til 111,1 kW - MI-105","description":"Aquecedor de ar quente com funcionamento a diesel e combust\u00e3o direta de 111,1 kW Equipamento especialmente indicado para o aquecimento r\u00e1pido e eficiente de ambientes abertos ou devidamente ventilados.","robots":{"index":"index","follow":"follow","max-snippet":"max-snippet:-1","max-image-preview":"max-image-preview:large","max-video-preview":"max-video-preview:-1"},"canonical":"https:\/\/www.metmann.com\/pt-pt\/producto\/aquecedor-de-combustao-direta-a-diesel-portatil-1111-kw-mi-105\/","og_locale":"pt_PT","og_type":"article","og_title":"Aquecedor de combust\u00e3o direta a diesel port\u00e1til 111,1 kW - MI-105","og_description":"Aquecedor de ar quente com funcionamento a diesel e combust\u00e3o direta de 111,1 kW Equipamento especialmente indicado para o aquecimento r\u00e1pido e eficiente de ambientes abertos ou devidamente ventilados.","og_url":"https:\/\/www.metmann.com\/pt-pt\/producto\/aquecedor-de-combustao-direta-a-diesel-portatil-1111-kw-mi-105\/","og_site_name":"MET MANN","article_modified_time":"2023-05-24T09:58:11+00:00","og_image":[{"url":"https:\/\/www.metmann.com\/wp-content\/uploads\/2021\/09\/1529494970_YD5e.png"}],"twitter_card":"summary_large_image","twitter_title":"Aquecedor de combust\u00e3o direta a diesel port\u00e1til 111,1 kW - MI-105","twitter_description":"Aquecedor de ar quente com funcionamento a diesel e combust\u00e3o direta de 111,1 kW Equipamento especialmente indicado para o aquecimento r\u00e1pido e eficiente de ambientes abertos ou devidamente ventilados.","twitter_image":"https:\/\/www.metmann.com\/wp-content\/uploads\/2021\/09\/1529494970_YD5e.png","schema":{"@context":"https:\/\/schema.org","@graph":[{"@type":"WebPage","@id":"https:\/\/www.metmann.com\/pt-pt\/producto\/aquecedor-de-combustao-direta-a-diesel-portatil-1111-kw-mi-105\/","url":"https:\/\/www.metmann.com\/pt-pt\/producto\/aquecedor-de-combustao-direta-a-diesel-portatil-1111-kw-mi-105\/","name":"Aquecedor de combust\u00e3o direta a diesel port\u00e1til 111,1 kW - MI-105","isPartOf":{"@id":"https:\/\/www.metmann.com\/pt-pt\/#website"},"primaryImageOfPage":{"@id":"https:\/\/www.metmann.com\/pt-pt\/producto\/aquecedor-de-combustao-direta-a-diesel-portatil-1111-kw-mi-105\/#primaryimage"},"image":{"@id":"https:\/\/www.metmann.com\/pt-pt\/producto\/aquecedor-de-combustao-direta-a-diesel-portatil-1111-kw-mi-105\/#primaryimage"},"thumbnailUrl":"https:\/\/www.metmann.com\/wp-content\/uploads\/2021\/11\/MI.png","datePublished":"2021-11-03T15:44:33+00:00","dateModified":"2023-05-24T09:58:11+00:00","description":"Aquecedor de ar quente com funcionamento a diesel e combust\u00e3o direta de 111,1 kW Equipamento especialmente indicado para o aquecimento r\u00e1pido e eficiente de ambientes abertos ou devidamente ventilados.","breadcrumb":{"@id":"https:\/\/www.metmann.com\/pt-pt\/producto\/aquecedor-de-combustao-direta-a-diesel-portatil-1111-kw-mi-105\/#breadcrumb"},"inLanguage":"pt-PT","potentialAction":[{"@type":"ReadAction","target":["https:\/\/www.metmann.com\/pt-pt\/producto\/aquecedor-de-combustao-direta-a-diesel-portatil-1111-kw-mi-105\/"]}]},{"@type":"ImageObject","inLanguage":"pt-PT","@id":"https:\/\/www.metmann.com\/pt-pt\/producto\/aquecedor-de-combustao-direta-a-diesel-portatil-1111-kw-mi-105\/#primaryimage","url":"https:\/\/www.metmann.com\/wp-content\/uploads\/2021\/11\/MI.png","contentUrl":"https:\/\/www.metmann.com\/wp-content\/uploads\/2021\/11\/MI.png","width":470,"height":470},{"@type":"BreadcrumbList","@id":"https:\/\/www.metmann.com\/pt-pt\/producto\/aquecedor-de-combustao-direta-a-diesel-portatil-1111-kw-mi-105\/#breadcrumb","itemListElement":[{"@type":"ListItem","position":1,"name":"Inicio","item":"https:\/\/www.metmann.com\/pt-pt\/"},{"@type":"ListItem","position":2,"name":"Productos","item":"https:\/\/www.metmann.com\/productos\/"},{"@type":"ListItem","position":3,"name":"MI-105 &#8211; Aquecedor de combust\u00e3o direta a diesel port\u00e1til 111,1 kW"}]},{"@type":"WebSite","@id":"https:\/\/www.metmann.com\/pt-pt\/#website","url":"https:\/\/www.metmann.com\/pt-pt\/","name":"MET MANN","description":"Climatizaci\u00f3n industrial, Calefactores y Ventilaci\u00f3n para empresas","publisher":{"@id":"https:\/\/www.metmann.com\/pt-pt\/#organization"},"potentialAction":[{"@type":"SearchAction","target":{"@type":"EntryPoint","urlTemplate":"https:\/\/www.metmann.com\/pt-pt\/?s={search_term_string}"},"query-input":"required name=search_term_string"}],"inLanguage":"pt-PT"},{"@type":"Organization","@id":"https:\/\/www.metmann.com\/pt-pt\/#organization","name":"Met Mann","url":"https:\/\/www.metmann.com\/pt-pt\/","logo":{"@type":"ImageObject","inLanguage":"pt-PT","@id":"https:\/\/www.metmann.com\/pt-pt\/#\/schema\/logo\/image\/","url":"https:\/\/www.metmann.com\/wp-content\/uploads\/2021\/12\/logo-color-met-mann-01.jpg","contentUrl":"https:\/\/www.metmann.com\/wp-content\/uploads\/2021\/12\/logo-color-met-mann-01.jpg","width":351,"height":133,"caption":"Met Mann"},"image":{"@id":"https:\/\/www.metmann.com\/pt-pt\/#\/schema\/logo\/image\/"}}]}},"_links":{"self":[{"href":"https:\/\/www.metmann.com\/pt-pt\/wp-json\/wp\/v2\/product\/9146"}],"collection":[{"href":"https:\/\/www.metmann.com\/pt-pt\/wp-json\/wp\/v2\/product"}],"about":[{"href":"https:\/\/www.metmann.com\/pt-pt\/wp-json\/wp\/v2\/types\/product"}],"replies":[{"embeddable":true,"href":"https:\/\/www.metmann.com\/pt-pt\/wp-json\/wp\/v2\/comments?post=9146"}],"wp:featuredmedia":[{"embeddable":true,"href":"https:\/\/www.metmann.com\/pt-pt\/wp-json\/wp\/v2\/media\/16938"}],"wp:attachment":[{"href":"https:\/\/www.metmann.com\/pt-pt\/wp-json\/wp\/v2\/media?parent=9146"}],"wp:term":[{"taxonomy":"product_cat","embeddable":true,"href":"https:\/\/www.metmann.com\/pt-pt\/wp-json\/wp\/v2\/product_cat?post=9146"},{"taxonomy":"product_tag","embeddable":true,"href":"https:\/\/www.metmann.com\/pt-pt\/wp-json\/wp\/v2\/product_tag?post=9146"}],"curies":[{"name":"wp","href":"https:\/\/api.w.org\/{rel}","templated":true}]}}