{"id":9187,"date":"2021-11-03T13:54:04","date_gmt":"2021-11-03T15:45:30","guid":{"rendered":"https:\/\/metmann.com.185-176-9-81.185-176-9-81.visualpublinet.com\/producto\/aquecedor-portatil-com-gas-butano-ou-propano-de-48-a-108-kw-ka-105-a\/"},"modified":"2023-05-25T08:15:13","modified_gmt":"2023-05-25T06:15:13","slug":"aquecedor-portatil-com-gas-butano-ou-propano-de-48-a-108-kw-ka-105-a","status":"publish","type":"product","link":"https:\/\/www.metmann.com\/pt-pt\/producto\/aquecedor-portatil-com-gas-butano-ou-propano-de-48-a-108-kw-ka-105-a\/","title":{"rendered":"KA-105-A &#8211; Aquecedor port\u00e1til com g\u00e1s butano ou propano de 48 a 108 kW"},"content":{"rendered":"<p><span id=\"result_box\" class=\"\" lang=\"pt\" tabindex=\"-1\"><span title=\"- Peso: 10 kg \">\u00a0<br \/><\/span><\/span><\/p>\n<h2>\u00a0<\/h2>\n","protected":false},"excerpt":{"rendered":"<p>\u00a0 \u00a0<\/p>\n","protected":false},"featured_media":16959,"comment_status":"closed","ping_status":"closed","template":"","meta":{"_acf_changed":false,"_et_pb_use_builder":"","_et_pb_old_content":"","_et_gb_content_width":"","_joinchat":[]},"product_cat":[300,359],"product_tag":[],"acf":[],"yoast_head":"<!-- This site is optimized with the Yoast SEO plugin v22.6 - https:\/\/yoast.com\/wordpress\/plugins\/seo\/ -->\r\n<title>Aquecedor port\u00e1til com g\u00e1s butano ou propano de 48 a 108 kW - KA-105-A<\/title>\r\n<meta name=\"description\" content=\"Aquecedor port\u00e1til de ar quente com opera\u00e7\u00e3o a g\u00e1s butano ou propano de 48 a 108 kW. Equipamento especialmente indicado para o aquecimento r\u00e1pido e eficiente de instala\u00e7\u00f5es industriais ou agr\u00edcolas.\" \/>\r\n<meta name=\"robots\" content=\"index, follow, max-snippet:-1, max-image-preview:large, max-video-preview:-1\" \/>\r\n<link rel=\"canonical\" href=\"https:\/\/www.metmann.com\/pt-pt\/producto\/aquecedor-portatil-com-gas-butano-ou-propano-de-48-a-108-kw-ka-105-a\/\" \/>\r\n<meta property=\"og:locale\" content=\"pt_PT\" \/>\r\n<meta property=\"og:type\" content=\"article\" \/>\r\n<meta property=\"og:title\" content=\"Aquecedor port\u00e1til com g\u00e1s butano ou propano de 48 a 108 kW - KA-105-A\" \/>\r\n<meta property=\"og:description\" content=\"Aquecedor port\u00e1til de ar quente com opera\u00e7\u00e3o a g\u00e1s butano ou propano de 48 a 108 kW. Equipamento especialmente indicado para o aquecimento r\u00e1pido e eficiente de instala\u00e7\u00f5es industriais ou agr\u00edcolas.\" \/>\r\n<meta property=\"og:url\" content=\"https:\/\/www.metmann.com\/pt-pt\/producto\/aquecedor-portatil-com-gas-butano-ou-propano-de-48-a-108-kw-ka-105-a\/\" \/>\r\n<meta property=\"og:site_name\" content=\"MET MANN\" \/>\r\n<meta property=\"article:modified_time\" content=\"2023-05-25T06:15:13+00:00\" \/>\r\n<meta property=\"og:image\" content=\"https:\/\/www.metmann.com\/wp-content\/uploads\/2021\/09\/1531742358_PvyX.jpg\" \/>\r\n<meta name=\"twitter:card\" content=\"summary_large_image\" \/>\r\n<meta name=\"twitter:title\" content=\"Aquecedor port\u00e1til com g\u00e1s butano ou propano de 48 a 108 kW - KA-105-A\" \/>\r\n<meta name=\"twitter:description\" content=\"Aquecedor port\u00e1til de ar quente com opera\u00e7\u00e3o a g\u00e1s butano ou propano de 48 a 108 kW. Equipamento especialmente indicado para o aquecimento r\u00e1pido e eficiente de instala\u00e7\u00f5es industriais ou agr\u00edcolas.\" \/>\r\n<meta name=\"twitter:image\" content=\"https:\/\/www.metmann.com\/wp-content\/uploads\/2021\/09\/1531742358_PvyX.jpg\" \/>\r\n<script type=\"application\/ld+json\" class=\"yoast-schema-graph\">{\"@context\":\"https:\/\/schema.org\",\"@graph\":[{\"@type\":\"WebPage\",\"@id\":\"https:\/\/www.metmann.com\/pt-pt\/producto\/aquecedor-portatil-com-gas-butano-ou-propano-de-48-a-108-kw-ka-105-a\/\",\"url\":\"https:\/\/www.metmann.com\/pt-pt\/producto\/aquecedor-portatil-com-gas-butano-ou-propano-de-48-a-108-kw-ka-105-a\/\",\"name\":\"Aquecedor port\u00e1til com g\u00e1s butano ou propano de 48 a 108 kW - KA-105-A\",\"isPartOf\":{\"@id\":\"https:\/\/www.metmann.com\/pt-pt\/#website\"},\"primaryImageOfPage\":{\"@id\":\"https:\/\/www.metmann.com\/pt-pt\/producto\/aquecedor-portatil-com-gas-butano-ou-propano-de-48-a-108-kw-ka-105-a\/#primaryimage\"},\"image\":{\"@id\":\"https:\/\/www.metmann.com\/pt-pt\/producto\/aquecedor-portatil-com-gas-butano-ou-propano-de-48-a-108-kw-ka-105-a\/#primaryimage\"},\"thumbnailUrl\":\"https:\/\/www.metmann.com\/wp-content\/uploads\/2021\/11\/KA.png\",\"datePublished\":\"2021-11-03T15:45:30+00:00\",\"dateModified\":\"2023-05-25T06:15:13+00:00\",\"description\":\"Aquecedor port\u00e1til de ar quente com opera\u00e7\u00e3o a g\u00e1s butano ou propano de 48 a 108 kW. Equipamento especialmente indicado para o aquecimento r\u00e1pido e eficiente de instala\u00e7\u00f5es industriais ou agr\u00edcolas.\",\"breadcrumb\":{\"@id\":\"https:\/\/www.metmann.com\/pt-pt\/producto\/aquecedor-portatil-com-gas-butano-ou-propano-de-48-a-108-kw-ka-105-a\/#breadcrumb\"},\"inLanguage\":\"pt-PT\",\"potentialAction\":[{\"@type\":\"ReadAction\",\"target\":[\"https:\/\/www.metmann.com\/pt-pt\/producto\/aquecedor-portatil-com-gas-butano-ou-propano-de-48-a-108-kw-ka-105-a\/\"]}]},{\"@type\":\"ImageObject\",\"inLanguage\":\"pt-PT\",\"@id\":\"https:\/\/www.metmann.com\/pt-pt\/producto\/aquecedor-portatil-com-gas-butano-ou-propano-de-48-a-108-kw-ka-105-a\/#primaryimage\",\"url\":\"https:\/\/www.metmann.com\/wp-content\/uploads\/2021\/11\/KA.png\",\"contentUrl\":\"https:\/\/www.metmann.com\/wp-content\/uploads\/2021\/11\/KA.png\",\"width\":310,\"height\":310},{\"@type\":\"BreadcrumbList\",\"@id\":\"https:\/\/www.metmann.com\/pt-pt\/producto\/aquecedor-portatil-com-gas-butano-ou-propano-de-48-a-108-kw-ka-105-a\/#breadcrumb\",\"itemListElement\":[{\"@type\":\"ListItem\",\"position\":1,\"name\":\"Inicio\",\"item\":\"https:\/\/www.metmann.com\/pt-pt\/\"},{\"@type\":\"ListItem\",\"position\":2,\"name\":\"Productos\",\"item\":\"https:\/\/www.metmann.com\/productos\/\"},{\"@type\":\"ListItem\",\"position\":3,\"name\":\"KA-105-A &#8211; Aquecedor port\u00e1til com g\u00e1s butano ou propano de 48 a 108 kW\"}]},{\"@type\":\"WebSite\",\"@id\":\"https:\/\/www.metmann.com\/pt-pt\/#website\",\"url\":\"https:\/\/www.metmann.com\/pt-pt\/\",\"name\":\"MET MANN\",\"description\":\"Climatizaci\u00f3n industrial, Calefactores y Ventilaci\u00f3n para empresas\",\"publisher\":{\"@id\":\"https:\/\/www.metmann.com\/pt-pt\/#organization\"},\"potentialAction\":[{\"@type\":\"SearchAction\",\"target\":{\"@type\":\"EntryPoint\",\"urlTemplate\":\"https:\/\/www.metmann.com\/pt-pt\/?s={search_term_string}\"},\"query-input\":\"required name=search_term_string\"}],\"inLanguage\":\"pt-PT\"},{\"@type\":\"Organization\",\"@id\":\"https:\/\/www.metmann.com\/pt-pt\/#organization\",\"name\":\"Met Mann\",\"url\":\"https:\/\/www.metmann.com\/pt-pt\/\",\"logo\":{\"@type\":\"ImageObject\",\"inLanguage\":\"pt-PT\",\"@id\":\"https:\/\/www.metmann.com\/pt-pt\/#\/schema\/logo\/image\/\",\"url\":\"https:\/\/www.metmann.com\/wp-content\/uploads\/2021\/12\/logo-color-met-mann-01.jpg\",\"contentUrl\":\"https:\/\/www.metmann.com\/wp-content\/uploads\/2021\/12\/logo-color-met-mann-01.jpg\",\"width\":351,\"height\":133,\"caption\":\"Met Mann\"},\"image\":{\"@id\":\"https:\/\/www.metmann.com\/pt-pt\/#\/schema\/logo\/image\/\"}}]}<\/script>\r\n<!-- \/ Yoast SEO plugin. -->","yoast_head_json":{"title":"Aquecedor port\u00e1til com g\u00e1s butano ou propano de 48 a 108 kW - KA-105-A","description":"Aquecedor port\u00e1til de ar quente com opera\u00e7\u00e3o a g\u00e1s butano ou propano de 48 a 108 kW. Equipamento especialmente indicado para o aquecimento r\u00e1pido e eficiente de instala\u00e7\u00f5es industriais ou agr\u00edcolas.","robots":{"index":"index","follow":"follow","max-snippet":"max-snippet:-1","max-image-preview":"max-image-preview:large","max-video-preview":"max-video-preview:-1"},"canonical":"https:\/\/www.metmann.com\/pt-pt\/producto\/aquecedor-portatil-com-gas-butano-ou-propano-de-48-a-108-kw-ka-105-a\/","og_locale":"pt_PT","og_type":"article","og_title":"Aquecedor port\u00e1til com g\u00e1s butano ou propano de 48 a 108 kW - KA-105-A","og_description":"Aquecedor port\u00e1til de ar quente com opera\u00e7\u00e3o a g\u00e1s butano ou propano de 48 a 108 kW. Equipamento especialmente indicado para o aquecimento r\u00e1pido e eficiente de instala\u00e7\u00f5es industriais ou agr\u00edcolas.","og_url":"https:\/\/www.metmann.com\/pt-pt\/producto\/aquecedor-portatil-com-gas-butano-ou-propano-de-48-a-108-kw-ka-105-a\/","og_site_name":"MET MANN","article_modified_time":"2023-05-25T06:15:13+00:00","og_image":[{"url":"https:\/\/www.metmann.com\/wp-content\/uploads\/2021\/09\/1531742358_PvyX.jpg"}],"twitter_card":"summary_large_image","twitter_title":"Aquecedor port\u00e1til com g\u00e1s butano ou propano de 48 a 108 kW - KA-105-A","twitter_description":"Aquecedor port\u00e1til de ar quente com opera\u00e7\u00e3o a g\u00e1s butano ou propano de 48 a 108 kW. Equipamento especialmente indicado para o aquecimento r\u00e1pido e eficiente de instala\u00e7\u00f5es industriais ou agr\u00edcolas.","twitter_image":"https:\/\/www.metmann.com\/wp-content\/uploads\/2021\/09\/1531742358_PvyX.jpg","schema":{"@context":"https:\/\/schema.org","@graph":[{"@type":"WebPage","@id":"https:\/\/www.metmann.com\/pt-pt\/producto\/aquecedor-portatil-com-gas-butano-ou-propano-de-48-a-108-kw-ka-105-a\/","url":"https:\/\/www.metmann.com\/pt-pt\/producto\/aquecedor-portatil-com-gas-butano-ou-propano-de-48-a-108-kw-ka-105-a\/","name":"Aquecedor port\u00e1til com g\u00e1s butano ou propano de 48 a 108 kW - KA-105-A","isPartOf":{"@id":"https:\/\/www.metmann.com\/pt-pt\/#website"},"primaryImageOfPage":{"@id":"https:\/\/www.metmann.com\/pt-pt\/producto\/aquecedor-portatil-com-gas-butano-ou-propano-de-48-a-108-kw-ka-105-a\/#primaryimage"},"image":{"@id":"https:\/\/www.metmann.com\/pt-pt\/producto\/aquecedor-portatil-com-gas-butano-ou-propano-de-48-a-108-kw-ka-105-a\/#primaryimage"},"thumbnailUrl":"https:\/\/www.metmann.com\/wp-content\/uploads\/2021\/11\/KA.png","datePublished":"2021-11-03T15:45:30+00:00","dateModified":"2023-05-25T06:15:13+00:00","description":"Aquecedor port\u00e1til de ar quente com opera\u00e7\u00e3o a g\u00e1s butano ou propano de 48 a 108 kW. Equipamento especialmente indicado para o aquecimento r\u00e1pido e eficiente de instala\u00e7\u00f5es industriais ou agr\u00edcolas.","breadcrumb":{"@id":"https:\/\/www.metmann.com\/pt-pt\/producto\/aquecedor-portatil-com-gas-butano-ou-propano-de-48-a-108-kw-ka-105-a\/#breadcrumb"},"inLanguage":"pt-PT","potentialAction":[{"@type":"ReadAction","target":["https:\/\/www.metmann.com\/pt-pt\/producto\/aquecedor-portatil-com-gas-butano-ou-propano-de-48-a-108-kw-ka-105-a\/"]}]},{"@type":"ImageObject","inLanguage":"pt-PT","@id":"https:\/\/www.metmann.com\/pt-pt\/producto\/aquecedor-portatil-com-gas-butano-ou-propano-de-48-a-108-kw-ka-105-a\/#primaryimage","url":"https:\/\/www.metmann.com\/wp-content\/uploads\/2021\/11\/KA.png","contentUrl":"https:\/\/www.metmann.com\/wp-content\/uploads\/2021\/11\/KA.png","width":310,"height":310},{"@type":"BreadcrumbList","@id":"https:\/\/www.metmann.com\/pt-pt\/producto\/aquecedor-portatil-com-gas-butano-ou-propano-de-48-a-108-kw-ka-105-a\/#breadcrumb","itemListElement":[{"@type":"ListItem","position":1,"name":"Inicio","item":"https:\/\/www.metmann.com\/pt-pt\/"},{"@type":"ListItem","position":2,"name":"Productos","item":"https:\/\/www.metmann.com\/productos\/"},{"@type":"ListItem","position":3,"name":"KA-105-A &#8211; Aquecedor port\u00e1til com g\u00e1s butano ou propano de 48 a 108 kW"}]},{"@type":"WebSite","@id":"https:\/\/www.metmann.com\/pt-pt\/#website","url":"https:\/\/www.metmann.com\/pt-pt\/","name":"MET MANN","description":"Climatizaci\u00f3n industrial, Calefactores y Ventilaci\u00f3n para empresas","publisher":{"@id":"https:\/\/www.metmann.com\/pt-pt\/#organization"},"potentialAction":[{"@type":"SearchAction","target":{"@type":"EntryPoint","urlTemplate":"https:\/\/www.metmann.com\/pt-pt\/?s={search_term_string}"},"query-input":"required name=search_term_string"}],"inLanguage":"pt-PT"},{"@type":"Organization","@id":"https:\/\/www.metmann.com\/pt-pt\/#organization","name":"Met Mann","url":"https:\/\/www.metmann.com\/pt-pt\/","logo":{"@type":"ImageObject","inLanguage":"pt-PT","@id":"https:\/\/www.metmann.com\/pt-pt\/#\/schema\/logo\/image\/","url":"https:\/\/www.metmann.com\/wp-content\/uploads\/2021\/12\/logo-color-met-mann-01.jpg","contentUrl":"https:\/\/www.metmann.com\/wp-content\/uploads\/2021\/12\/logo-color-met-mann-01.jpg","width":351,"height":133,"caption":"Met Mann"},"image":{"@id":"https:\/\/www.metmann.com\/pt-pt\/#\/schema\/logo\/image\/"}}]}},"_links":{"self":[{"href":"https:\/\/www.metmann.com\/pt-pt\/wp-json\/wp\/v2\/product\/9187"}],"collection":[{"href":"https:\/\/www.metmann.com\/pt-pt\/wp-json\/wp\/v2\/product"}],"about":[{"href":"https:\/\/www.metmann.com\/pt-pt\/wp-json\/wp\/v2\/types\/product"}],"replies":[{"embeddable":true,"href":"https:\/\/www.metmann.com\/pt-pt\/wp-json\/wp\/v2\/comments?post=9187"}],"wp:featuredmedia":[{"embeddable":true,"href":"https:\/\/www.metmann.com\/pt-pt\/wp-json\/wp\/v2\/media\/16959"}],"wp:attachment":[{"href":"https:\/\/www.metmann.com\/pt-pt\/wp-json\/wp\/v2\/media?parent=9187"}],"wp:term":[{"taxonomy":"product_cat","embeddable":true,"href":"https:\/\/www.metmann.com\/pt-pt\/wp-json\/wp\/v2\/product_cat?post=9187"},{"taxonomy":"product_tag","embeddable":true,"href":"https:\/\/www.metmann.com\/pt-pt\/wp-json\/wp\/v2\/product_tag?post=9187"}],"curies":[{"name":"wp","href":"https:\/\/api.w.org\/{rel}","templated":true}]}}