{"id":9266,"date":"2021-11-03T13:55:13","date_gmt":"2021-11-03T15:46:24","guid":{"rendered":"https:\/\/metmann.com.185-176-9-81.185-176-9-81.visualpublinet.com\/producto\/aquecedor-a-gas-para-espacos-abertos-15-31-kw-gw\/"},"modified":"2021-11-03T15:46:41","modified_gmt":"2021-11-03T15:46:41","slug":"aquecedor-a-gas-para-espacos-abertos-15-31-kw-gw","status":"publish","type":"product","link":"https:\/\/www.metmann.com\/pt-pt\/producto\/aquecedor-a-gas-para-espacos-abertos-15-31-kw-gw\/","title":{"rendered":"Aquecedor a g\u00e1s para espa\u00e7os abertos 15-31 kW | GW"},"content":{"rendered":"<h2>Aquecedor a g\u00e1s butano ou propano, para aquecimento de espa\u00e7os abertos onde a eletricidade n\u00e3o est\u00e1 dispon\u00edvel<\/h2>\n<p>&nbsp;<br \/> Seu uso &eacute; especialmente recomendado em espa\u00e7os abertos, como mercados de rua, constru\u00e7\u00e3o em geral, etc.<br \/> &nbsp;<br \/> Seu uso n\u00e3o &eacute; adequado em espa\u00e7os fechados ou onde as crian\u00e7as frequentam.<br \/> &nbsp;  <\/p>\n<h3><span style=\"font-weight: bold;\">Caracteristicas:<\/span><\/h3>\n<p>&nbsp;<br \/> &#8211; Queimador a g\u00e1s integrado<br \/> &#8211; Controle de igni\u00e7\u00e3o manual<br \/> &#8211; kit de tubo de conex\u00e3o de g\u00e1s de 5m<br \/> &#8211; Redutor de press\u00e3o<br \/> &#8211; V\u00e1lvula de seguran\u00e7a<br \/> &#8211; Redutor de press\u00e3o ajust\u00e1vel<br \/> &#8211; Pernas de apoio<br \/> &#8211; Dispositivo de seguran\u00e7a antiqueda<br \/> &nbsp;  <\/p>\n<h3><span style=\"font-weight: bold;\">Dados t&eacute;cnicos<\/span><\/h3>\n<p>Pot\u00eancia de aquecimento: 15 a 31 kW<br \/> Rendimento: 100%<br \/> Consumo: 1-2,1 kg \/ h<br \/> Press\u00e3o do g\u00e1s: 0,4 a 1,5 bar<br \/> Dimens\u00f5es: 528x528x676mm<br \/> Peso: 17 kg<br \/> &nbsp;  <\/p>\n<h2><span style=\"font-weight: bold;\">Para mais informa\u00e7\u00f5es, ligue para Tel. +34 93 851 15 99<\/span><\/h2>\n","protected":false},"excerpt":{"rendered":"<p>Aquecedor a g\u00e1s butano ou propano, para aquecimento de espa\u00e7os abertos onde a eletricidade n\u00e3o est\u00e1 dispon\u00edvel &nbsp; Seu uso &eacute; especialmente recomendado em espa\u00e7os abertos, como mercados de rua, constru\u00e7\u00e3o em geral, etc. &nbsp; Seu uso n\u00e3o &eacute; adequado em espa\u00e7os fechados ou onde as crian\u00e7as frequentam. &nbsp; Caracteristicas: &nbsp; &#8211; Queimador a g\u00e1s [&hellip;]<\/p>\n","protected":false},"featured_media":16969,"comment_status":"closed","ping_status":"closed","template":"","meta":{"_acf_changed":false,"_et_pb_use_builder":"","_et_pb_old_content":"","_et_gb_content_width":"","_joinchat":[]},"product_cat":[300],"product_tag":[],"acf":[],"yoast_head":"<!-- This site is optimized with the Yoast SEO plugin v22.6 - https:\/\/yoast.com\/wordpress\/plugins\/seo\/ -->\r\n<title>Aquecedor a g\u00e1s para espa\u00e7os abertos 15-31 kW | GW<\/title>\r\n<meta name=\"description\" content=\"Aquecimento de \u00e1reas abertas | Aquecedor a g\u00e1s | sem eletricidade | MET MANN\" \/>\r\n<meta name=\"robots\" content=\"index, follow, max-snippet:-1, max-image-preview:large, max-video-preview:-1\" \/>\r\n<link rel=\"canonical\" href=\"https:\/\/www.metmann.com\/pt-pt\/producto\/aquecedor-a-gas-para-espacos-abertos-15-31-kw-gw\/\" \/>\r\n<meta property=\"og:locale\" content=\"pt_PT\" \/>\r\n<meta property=\"og:type\" content=\"article\" \/>\r\n<meta property=\"og:title\" content=\"Aquecedor a g\u00e1s para espa\u00e7os abertos 15-31 kW | GW\" \/>\r\n<meta property=\"og:description\" content=\"Aquecimento de \u00e1reas abertas | Aquecedor a g\u00e1s | sem eletricidade | MET MANN\" \/>\r\n<meta property=\"og:url\" content=\"https:\/\/www.metmann.com\/pt-pt\/producto\/aquecedor-a-gas-para-espacos-abertos-15-31-kw-gw\/\" \/>\r\n<meta property=\"og:site_name\" content=\"MET MANN\" \/>\r\n<meta property=\"article:modified_time\" content=\"2021-11-03T15:46:41+00:00\" \/>\r\n<meta property=\"og:image\" content=\"https:\/\/www.metmann.com\/wp-content\/uploads\/2021\/09\/1579686616_Fq8t.jpg\" \/>\r\n<meta name=\"twitter:card\" content=\"summary_large_image\" \/>\r\n<meta name=\"twitter:title\" content=\"Aquecedor a g\u00e1s para espa\u00e7os abertos 15-31 kW | GW\" \/>\r\n<meta name=\"twitter:description\" content=\"Aquecimento de \u00e1reas abertas | Aquecedor a g\u00e1s | sem eletricidade | MET MANN\" \/>\r\n<meta name=\"twitter:image\" content=\"https:\/\/www.metmann.com\/wp-content\/uploads\/2021\/09\/1579686616_Fq8t.jpg\" \/>\r\n<meta name=\"twitter:label1\" content=\"Tempo estimado de leitura\" \/>\n\t<meta name=\"twitter:data1\" content=\"1 minuto\" \/>\r\n<script type=\"application\/ld+json\" class=\"yoast-schema-graph\">{\"@context\":\"https:\/\/schema.org\",\"@graph\":[{\"@type\":\"WebPage\",\"@id\":\"https:\/\/www.metmann.com\/pt-pt\/producto\/aquecedor-a-gas-para-espacos-abertos-15-31-kw-gw\/\",\"url\":\"https:\/\/www.metmann.com\/pt-pt\/producto\/aquecedor-a-gas-para-espacos-abertos-15-31-kw-gw\/\",\"name\":\"Aquecedor a g\u00e1s para espa\u00e7os abertos 15-31 kW | GW\",\"isPartOf\":{\"@id\":\"https:\/\/www.metmann.com\/pt-pt\/#website\"},\"primaryImageOfPage\":{\"@id\":\"https:\/\/www.metmann.com\/pt-pt\/producto\/aquecedor-a-gas-para-espacos-abertos-15-31-kw-gw\/#primaryimage\"},\"image\":{\"@id\":\"https:\/\/www.metmann.com\/pt-pt\/producto\/aquecedor-a-gas-para-espacos-abertos-15-31-kw-gw\/#primaryimage\"},\"thumbnailUrl\":\"https:\/\/www.metmann.com\/wp-content\/uploads\/2021\/11\/GW.png\",\"datePublished\":\"2021-11-03T15:46:24+00:00\",\"dateModified\":\"2021-11-03T15:46:41+00:00\",\"description\":\"Aquecimento de \u00e1reas abertas | Aquecedor a g\u00e1s | sem eletricidade | MET MANN\",\"breadcrumb\":{\"@id\":\"https:\/\/www.metmann.com\/pt-pt\/producto\/aquecedor-a-gas-para-espacos-abertos-15-31-kw-gw\/#breadcrumb\"},\"inLanguage\":\"pt-PT\",\"potentialAction\":[{\"@type\":\"ReadAction\",\"target\":[\"https:\/\/www.metmann.com\/pt-pt\/producto\/aquecedor-a-gas-para-espacos-abertos-15-31-kw-gw\/\"]}]},{\"@type\":\"ImageObject\",\"inLanguage\":\"pt-PT\",\"@id\":\"https:\/\/www.metmann.com\/pt-pt\/producto\/aquecedor-a-gas-para-espacos-abertos-15-31-kw-gw\/#primaryimage\",\"url\":\"https:\/\/www.metmann.com\/wp-content\/uploads\/2021\/11\/GW.png\",\"contentUrl\":\"https:\/\/www.metmann.com\/wp-content\/uploads\/2021\/11\/GW.png\",\"width\":627,\"height\":627},{\"@type\":\"BreadcrumbList\",\"@id\":\"https:\/\/www.metmann.com\/pt-pt\/producto\/aquecedor-a-gas-para-espacos-abertos-15-31-kw-gw\/#breadcrumb\",\"itemListElement\":[{\"@type\":\"ListItem\",\"position\":1,\"name\":\"Inicio\",\"item\":\"https:\/\/www.metmann.com\/pt-pt\/\"},{\"@type\":\"ListItem\",\"position\":2,\"name\":\"Productos\",\"item\":\"https:\/\/www.metmann.com\/productos\/\"},{\"@type\":\"ListItem\",\"position\":3,\"name\":\"Aquecedor a g\u00e1s para espa\u00e7os abertos 15-31 kW | GW\"}]},{\"@type\":\"WebSite\",\"@id\":\"https:\/\/www.metmann.com\/pt-pt\/#website\",\"url\":\"https:\/\/www.metmann.com\/pt-pt\/\",\"name\":\"MET MANN\",\"description\":\"Climatizaci\u00f3n industrial, Calefactores y Ventilaci\u00f3n para empresas\",\"publisher\":{\"@id\":\"https:\/\/www.metmann.com\/pt-pt\/#organization\"},\"potentialAction\":[{\"@type\":\"SearchAction\",\"target\":{\"@type\":\"EntryPoint\",\"urlTemplate\":\"https:\/\/www.metmann.com\/pt-pt\/?s={search_term_string}\"},\"query-input\":\"required name=search_term_string\"}],\"inLanguage\":\"pt-PT\"},{\"@type\":\"Organization\",\"@id\":\"https:\/\/www.metmann.com\/pt-pt\/#organization\",\"name\":\"Met Mann\",\"url\":\"https:\/\/www.metmann.com\/pt-pt\/\",\"logo\":{\"@type\":\"ImageObject\",\"inLanguage\":\"pt-PT\",\"@id\":\"https:\/\/www.metmann.com\/pt-pt\/#\/schema\/logo\/image\/\",\"url\":\"https:\/\/www.metmann.com\/wp-content\/uploads\/2021\/12\/logo-color-met-mann-01.jpg\",\"contentUrl\":\"https:\/\/www.metmann.com\/wp-content\/uploads\/2021\/12\/logo-color-met-mann-01.jpg\",\"width\":351,\"height\":133,\"caption\":\"Met Mann\"},\"image\":{\"@id\":\"https:\/\/www.metmann.com\/pt-pt\/#\/schema\/logo\/image\/\"}}]}<\/script>\r\n<!-- \/ Yoast SEO plugin. -->","yoast_head_json":{"title":"Aquecedor a g\u00e1s para espa\u00e7os abertos 15-31 kW | GW","description":"Aquecimento de \u00e1reas abertas | Aquecedor a g\u00e1s | sem eletricidade | MET MANN","robots":{"index":"index","follow":"follow","max-snippet":"max-snippet:-1","max-image-preview":"max-image-preview:large","max-video-preview":"max-video-preview:-1"},"canonical":"https:\/\/www.metmann.com\/pt-pt\/producto\/aquecedor-a-gas-para-espacos-abertos-15-31-kw-gw\/","og_locale":"pt_PT","og_type":"article","og_title":"Aquecedor a g\u00e1s para espa\u00e7os abertos 15-31 kW | GW","og_description":"Aquecimento de \u00e1reas abertas | Aquecedor a g\u00e1s | sem eletricidade | MET MANN","og_url":"https:\/\/www.metmann.com\/pt-pt\/producto\/aquecedor-a-gas-para-espacos-abertos-15-31-kw-gw\/","og_site_name":"MET MANN","article_modified_time":"2021-11-03T15:46:41+00:00","og_image":[{"url":"https:\/\/www.metmann.com\/wp-content\/uploads\/2021\/09\/1579686616_Fq8t.jpg"}],"twitter_card":"summary_large_image","twitter_title":"Aquecedor a g\u00e1s para espa\u00e7os abertos 15-31 kW | GW","twitter_description":"Aquecimento de \u00e1reas abertas | Aquecedor a g\u00e1s | sem eletricidade | MET MANN","twitter_image":"https:\/\/www.metmann.com\/wp-content\/uploads\/2021\/09\/1579686616_Fq8t.jpg","twitter_misc":{"Tempo estimado de leitura":"1 minuto"},"schema":{"@context":"https:\/\/schema.org","@graph":[{"@type":"WebPage","@id":"https:\/\/www.metmann.com\/pt-pt\/producto\/aquecedor-a-gas-para-espacos-abertos-15-31-kw-gw\/","url":"https:\/\/www.metmann.com\/pt-pt\/producto\/aquecedor-a-gas-para-espacos-abertos-15-31-kw-gw\/","name":"Aquecedor a g\u00e1s para espa\u00e7os abertos 15-31 kW | GW","isPartOf":{"@id":"https:\/\/www.metmann.com\/pt-pt\/#website"},"primaryImageOfPage":{"@id":"https:\/\/www.metmann.com\/pt-pt\/producto\/aquecedor-a-gas-para-espacos-abertos-15-31-kw-gw\/#primaryimage"},"image":{"@id":"https:\/\/www.metmann.com\/pt-pt\/producto\/aquecedor-a-gas-para-espacos-abertos-15-31-kw-gw\/#primaryimage"},"thumbnailUrl":"https:\/\/www.metmann.com\/wp-content\/uploads\/2021\/11\/GW.png","datePublished":"2021-11-03T15:46:24+00:00","dateModified":"2021-11-03T15:46:41+00:00","description":"Aquecimento de \u00e1reas abertas | Aquecedor a g\u00e1s | sem eletricidade | MET MANN","breadcrumb":{"@id":"https:\/\/www.metmann.com\/pt-pt\/producto\/aquecedor-a-gas-para-espacos-abertos-15-31-kw-gw\/#breadcrumb"},"inLanguage":"pt-PT","potentialAction":[{"@type":"ReadAction","target":["https:\/\/www.metmann.com\/pt-pt\/producto\/aquecedor-a-gas-para-espacos-abertos-15-31-kw-gw\/"]}]},{"@type":"ImageObject","inLanguage":"pt-PT","@id":"https:\/\/www.metmann.com\/pt-pt\/producto\/aquecedor-a-gas-para-espacos-abertos-15-31-kw-gw\/#primaryimage","url":"https:\/\/www.metmann.com\/wp-content\/uploads\/2021\/11\/GW.png","contentUrl":"https:\/\/www.metmann.com\/wp-content\/uploads\/2021\/11\/GW.png","width":627,"height":627},{"@type":"BreadcrumbList","@id":"https:\/\/www.metmann.com\/pt-pt\/producto\/aquecedor-a-gas-para-espacos-abertos-15-31-kw-gw\/#breadcrumb","itemListElement":[{"@type":"ListItem","position":1,"name":"Inicio","item":"https:\/\/www.metmann.com\/pt-pt\/"},{"@type":"ListItem","position":2,"name":"Productos","item":"https:\/\/www.metmann.com\/productos\/"},{"@type":"ListItem","position":3,"name":"Aquecedor a g\u00e1s para espa\u00e7os abertos 15-31 kW | GW"}]},{"@type":"WebSite","@id":"https:\/\/www.metmann.com\/pt-pt\/#website","url":"https:\/\/www.metmann.com\/pt-pt\/","name":"MET MANN","description":"Climatizaci\u00f3n industrial, Calefactores y Ventilaci\u00f3n para empresas","publisher":{"@id":"https:\/\/www.metmann.com\/pt-pt\/#organization"},"potentialAction":[{"@type":"SearchAction","target":{"@type":"EntryPoint","urlTemplate":"https:\/\/www.metmann.com\/pt-pt\/?s={search_term_string}"},"query-input":"required name=search_term_string"}],"inLanguage":"pt-PT"},{"@type":"Organization","@id":"https:\/\/www.metmann.com\/pt-pt\/#organization","name":"Met Mann","url":"https:\/\/www.metmann.com\/pt-pt\/","logo":{"@type":"ImageObject","inLanguage":"pt-PT","@id":"https:\/\/www.metmann.com\/pt-pt\/#\/schema\/logo\/image\/","url":"https:\/\/www.metmann.com\/wp-content\/uploads\/2021\/12\/logo-color-met-mann-01.jpg","contentUrl":"https:\/\/www.metmann.com\/wp-content\/uploads\/2021\/12\/logo-color-met-mann-01.jpg","width":351,"height":133,"caption":"Met Mann"},"image":{"@id":"https:\/\/www.metmann.com\/pt-pt\/#\/schema\/logo\/image\/"}}]}},"_links":{"self":[{"href":"https:\/\/www.metmann.com\/pt-pt\/wp-json\/wp\/v2\/product\/9266"}],"collection":[{"href":"https:\/\/www.metmann.com\/pt-pt\/wp-json\/wp\/v2\/product"}],"about":[{"href":"https:\/\/www.metmann.com\/pt-pt\/wp-json\/wp\/v2\/types\/product"}],"replies":[{"embeddable":true,"href":"https:\/\/www.metmann.com\/pt-pt\/wp-json\/wp\/v2\/comments?post=9266"}],"wp:featuredmedia":[{"embeddable":true,"href":"https:\/\/www.metmann.com\/pt-pt\/wp-json\/wp\/v2\/media\/16969"}],"wp:attachment":[{"href":"https:\/\/www.metmann.com\/pt-pt\/wp-json\/wp\/v2\/media?parent=9266"}],"wp:term":[{"taxonomy":"product_cat","embeddable":true,"href":"https:\/\/www.metmann.com\/pt-pt\/wp-json\/wp\/v2\/product_cat?post=9266"},{"taxonomy":"product_tag","embeddable":true,"href":"https:\/\/www.metmann.com\/pt-pt\/wp-json\/wp\/v2\/product_tag?post=9266"}],"curies":[{"name":"wp","href":"https:\/\/api.w.org\/{rel}","templated":true}]}}