{"id":9272,"date":"2021-11-03T13:55:35","date_gmt":"2021-11-03T15:46:45","guid":{"rendered":"https:\/\/metmann.com.185-176-9-81.185-176-9-81.visualpublinet.com\/producto\/queimador-a-diesel-de-1-estagio-14-35-kw-com-pre-aquecedor-eco-3-r\/"},"modified":"2023-06-29T13:45:33","modified_gmt":"2023-06-29T11:45:33","slug":"queimador-a-diesel-de-1-estagio-14-35-kw-com-pre-aquecedor-eco-3-r","status":"publish","type":"product","link":"https:\/\/www.metmann.com\/pt-pt\/producto\/queimador-a-diesel-de-1-estagio-14-35-kw-com-pre-aquecedor-eco-3-r\/","title":{"rendered":"ECO 3 R &#8211; Queimador a diesel de 1 est\u00e1gio 14-35 kW com pr\u00e9-aquecedor"},"content":{"rendered":"<div>\n<p>&nbsp;<\/p>\n<\/div>\n<p>&nbsp;<\/p>\n","protected":false},"excerpt":{"rendered":"<p>&nbsp; &nbsp;<\/p>\n","protected":false},"featured_media":16174,"comment_status":"closed","ping_status":"closed","template":"","meta":{"_acf_changed":false,"_et_pb_use_builder":"","_et_pb_old_content":"","_et_gb_content_width":"","_joinchat":[]},"product_cat":[304,324],"product_tag":[],"acf":[],"yoast_head":"<!-- This site is optimized with the Yoast SEO plugin v22.6 - https:\/\/yoast.com\/wordpress\/plugins\/seo\/ -->\r\n<title>Queimador a diesel de 1 est\u00e1gio 14-35 kW com pr\u00e9-aquecedor | ECO 3 R<\/title>\r\n<meta name=\"description\" content=\"Queimador a diesel | 14 a 35 kW | 1 est\u00e1gio | ECO 3R | LAMBORGHINI\" \/>\r\n<meta name=\"robots\" content=\"index, follow, max-snippet:-1, max-image-preview:large, max-video-preview:-1\" \/>\r\n<link rel=\"canonical\" href=\"https:\/\/www.metmann.com\/pt-pt\/producto\/queimador-a-diesel-de-1-estagio-14-35-kw-com-pre-aquecedor-eco-3-r\/\" \/>\r\n<meta property=\"og:locale\" content=\"pt_PT\" \/>\r\n<meta property=\"og:type\" content=\"article\" \/>\r\n<meta property=\"og:title\" content=\"Queimador a diesel de 1 est\u00e1gio 14-35 kW com pr\u00e9-aquecedor | ECO 3 R\" \/>\r\n<meta property=\"og:description\" content=\"Queimador a diesel | 14 a 35 kW | 1 est\u00e1gio | ECO 3R | LAMBORGHINI\" \/>\r\n<meta property=\"og:url\" content=\"https:\/\/www.metmann.com\/pt-pt\/producto\/queimador-a-diesel-de-1-estagio-14-35-kw-com-pre-aquecedor-eco-3-r\/\" \/>\r\n<meta property=\"og:site_name\" content=\"MET MANN\" \/>\r\n<meta property=\"article:modified_time\" content=\"2023-06-29T11:45:33+00:00\" \/>\r\n<meta property=\"og:image\" content=\"https:\/\/www.metmann.com\/wp-content\/uploads\/2021\/09\/1578482918_Rnfk.jpg\" \/>\r\n<meta name=\"twitter:card\" content=\"summary_large_image\" \/>\r\n<meta name=\"twitter:title\" content=\"Queimador a diesel de 1 est\u00e1gio 14-35 kW com pr\u00e9-aquecedor | ECO 3 R\" \/>\r\n<meta name=\"twitter:description\" content=\"Queimador a diesel | 14 a 35 kW | 1 est\u00e1gio | ECO 3R | LAMBORGHINI\" \/>\r\n<meta name=\"twitter:image\" content=\"https:\/\/www.metmann.com\/wp-content\/uploads\/2021\/09\/1578482918_Rnfk.jpg\" \/>\r\n<script type=\"application\/ld+json\" class=\"yoast-schema-graph\">{\"@context\":\"https:\/\/schema.org\",\"@graph\":[{\"@type\":\"WebPage\",\"@id\":\"https:\/\/www.metmann.com\/pt-pt\/producto\/queimador-a-diesel-de-1-estagio-14-35-kw-com-pre-aquecedor-eco-3-r\/\",\"url\":\"https:\/\/www.metmann.com\/pt-pt\/producto\/queimador-a-diesel-de-1-estagio-14-35-kw-com-pre-aquecedor-eco-3-r\/\",\"name\":\"Queimador a diesel de 1 est\u00e1gio 14-35 kW com pr\u00e9-aquecedor | ECO 3 R\",\"isPartOf\":{\"@id\":\"https:\/\/www.metmann.com\/pt-pt\/#website\"},\"primaryImageOfPage\":{\"@id\":\"https:\/\/www.metmann.com\/pt-pt\/producto\/queimador-a-diesel-de-1-estagio-14-35-kw-com-pre-aquecedor-eco-3-r\/#primaryimage\"},\"image\":{\"@id\":\"https:\/\/www.metmann.com\/pt-pt\/producto\/queimador-a-diesel-de-1-estagio-14-35-kw-com-pre-aquecedor-eco-3-r\/#primaryimage\"},\"thumbnailUrl\":\"https:\/\/www.metmann.com\/wp-content\/uploads\/2021\/11\/ECO-3R_5RN_8_10_15_20_22_30.png\",\"datePublished\":\"2021-11-03T15:46:45+00:00\",\"dateModified\":\"2023-06-29T11:45:33+00:00\",\"description\":\"Queimador a diesel | 14 a 35 kW | 1 est\u00e1gio | ECO 3R | LAMBORGHINI\",\"breadcrumb\":{\"@id\":\"https:\/\/www.metmann.com\/pt-pt\/producto\/queimador-a-diesel-de-1-estagio-14-35-kw-com-pre-aquecedor-eco-3-r\/#breadcrumb\"},\"inLanguage\":\"pt-PT\",\"potentialAction\":[{\"@type\":\"ReadAction\",\"target\":[\"https:\/\/www.metmann.com\/pt-pt\/producto\/queimador-a-diesel-de-1-estagio-14-35-kw-com-pre-aquecedor-eco-3-r\/\"]}]},{\"@type\":\"ImageObject\",\"inLanguage\":\"pt-PT\",\"@id\":\"https:\/\/www.metmann.com\/pt-pt\/producto\/queimador-a-diesel-de-1-estagio-14-35-kw-com-pre-aquecedor-eco-3-r\/#primaryimage\",\"url\":\"https:\/\/www.metmann.com\/wp-content\/uploads\/2021\/11\/ECO-3R_5RN_8_10_15_20_22_30.png\",\"contentUrl\":\"https:\/\/www.metmann.com\/wp-content\/uploads\/2021\/11\/ECO-3R_5RN_8_10_15_20_22_30.png\",\"width\":319,\"height\":319},{\"@type\":\"BreadcrumbList\",\"@id\":\"https:\/\/www.metmann.com\/pt-pt\/producto\/queimador-a-diesel-de-1-estagio-14-35-kw-com-pre-aquecedor-eco-3-r\/#breadcrumb\",\"itemListElement\":[{\"@type\":\"ListItem\",\"position\":1,\"name\":\"Inicio\",\"item\":\"https:\/\/www.metmann.com\/pt-pt\/\"},{\"@type\":\"ListItem\",\"position\":2,\"name\":\"Productos\",\"item\":\"https:\/\/www.metmann.com\/productos\/\"},{\"@type\":\"ListItem\",\"position\":3,\"name\":\"ECO 3 R &#8211; Queimador a diesel de 1 est\u00e1gio 14-35 kW com pr\u00e9-aquecedor\"}]},{\"@type\":\"WebSite\",\"@id\":\"https:\/\/www.metmann.com\/pt-pt\/#website\",\"url\":\"https:\/\/www.metmann.com\/pt-pt\/\",\"name\":\"MET MANN\",\"description\":\"Climatizaci\u00f3n industrial, Calefactores y Ventilaci\u00f3n para empresas\",\"publisher\":{\"@id\":\"https:\/\/www.metmann.com\/pt-pt\/#organization\"},\"potentialAction\":[{\"@type\":\"SearchAction\",\"target\":{\"@type\":\"EntryPoint\",\"urlTemplate\":\"https:\/\/www.metmann.com\/pt-pt\/?s={search_term_string}\"},\"query-input\":\"required name=search_term_string\"}],\"inLanguage\":\"pt-PT\"},{\"@type\":\"Organization\",\"@id\":\"https:\/\/www.metmann.com\/pt-pt\/#organization\",\"name\":\"Met Mann\",\"url\":\"https:\/\/www.metmann.com\/pt-pt\/\",\"logo\":{\"@type\":\"ImageObject\",\"inLanguage\":\"pt-PT\",\"@id\":\"https:\/\/www.metmann.com\/pt-pt\/#\/schema\/logo\/image\/\",\"url\":\"https:\/\/www.metmann.com\/wp-content\/uploads\/2021\/12\/logo-color-met-mann-01.jpg\",\"contentUrl\":\"https:\/\/www.metmann.com\/wp-content\/uploads\/2021\/12\/logo-color-met-mann-01.jpg\",\"width\":351,\"height\":133,\"caption\":\"Met Mann\"},\"image\":{\"@id\":\"https:\/\/www.metmann.com\/pt-pt\/#\/schema\/logo\/image\/\"}}]}<\/script>\r\n<!-- \/ Yoast SEO plugin. -->","yoast_head_json":{"title":"Queimador a diesel de 1 est\u00e1gio 14-35 kW com pr\u00e9-aquecedor | ECO 3 R","description":"Queimador a diesel | 14 a 35 kW | 1 est\u00e1gio | ECO 3R | LAMBORGHINI","robots":{"index":"index","follow":"follow","max-snippet":"max-snippet:-1","max-image-preview":"max-image-preview:large","max-video-preview":"max-video-preview:-1"},"canonical":"https:\/\/www.metmann.com\/pt-pt\/producto\/queimador-a-diesel-de-1-estagio-14-35-kw-com-pre-aquecedor-eco-3-r\/","og_locale":"pt_PT","og_type":"article","og_title":"Queimador a diesel de 1 est\u00e1gio 14-35 kW com pr\u00e9-aquecedor | ECO 3 R","og_description":"Queimador a diesel | 14 a 35 kW | 1 est\u00e1gio | ECO 3R | LAMBORGHINI","og_url":"https:\/\/www.metmann.com\/pt-pt\/producto\/queimador-a-diesel-de-1-estagio-14-35-kw-com-pre-aquecedor-eco-3-r\/","og_site_name":"MET MANN","article_modified_time":"2023-06-29T11:45:33+00:00","og_image":[{"url":"https:\/\/www.metmann.com\/wp-content\/uploads\/2021\/09\/1578482918_Rnfk.jpg"}],"twitter_card":"summary_large_image","twitter_title":"Queimador a diesel de 1 est\u00e1gio 14-35 kW com pr\u00e9-aquecedor | ECO 3 R","twitter_description":"Queimador a diesel | 14 a 35 kW | 1 est\u00e1gio | ECO 3R | LAMBORGHINI","twitter_image":"https:\/\/www.metmann.com\/wp-content\/uploads\/2021\/09\/1578482918_Rnfk.jpg","schema":{"@context":"https:\/\/schema.org","@graph":[{"@type":"WebPage","@id":"https:\/\/www.metmann.com\/pt-pt\/producto\/queimador-a-diesel-de-1-estagio-14-35-kw-com-pre-aquecedor-eco-3-r\/","url":"https:\/\/www.metmann.com\/pt-pt\/producto\/queimador-a-diesel-de-1-estagio-14-35-kw-com-pre-aquecedor-eco-3-r\/","name":"Queimador a diesel de 1 est\u00e1gio 14-35 kW com pr\u00e9-aquecedor | ECO 3 R","isPartOf":{"@id":"https:\/\/www.metmann.com\/pt-pt\/#website"},"primaryImageOfPage":{"@id":"https:\/\/www.metmann.com\/pt-pt\/producto\/queimador-a-diesel-de-1-estagio-14-35-kw-com-pre-aquecedor-eco-3-r\/#primaryimage"},"image":{"@id":"https:\/\/www.metmann.com\/pt-pt\/producto\/queimador-a-diesel-de-1-estagio-14-35-kw-com-pre-aquecedor-eco-3-r\/#primaryimage"},"thumbnailUrl":"https:\/\/www.metmann.com\/wp-content\/uploads\/2021\/11\/ECO-3R_5RN_8_10_15_20_22_30.png","datePublished":"2021-11-03T15:46:45+00:00","dateModified":"2023-06-29T11:45:33+00:00","description":"Queimador a diesel | 14 a 35 kW | 1 est\u00e1gio | ECO 3R | LAMBORGHINI","breadcrumb":{"@id":"https:\/\/www.metmann.com\/pt-pt\/producto\/queimador-a-diesel-de-1-estagio-14-35-kw-com-pre-aquecedor-eco-3-r\/#breadcrumb"},"inLanguage":"pt-PT","potentialAction":[{"@type":"ReadAction","target":["https:\/\/www.metmann.com\/pt-pt\/producto\/queimador-a-diesel-de-1-estagio-14-35-kw-com-pre-aquecedor-eco-3-r\/"]}]},{"@type":"ImageObject","inLanguage":"pt-PT","@id":"https:\/\/www.metmann.com\/pt-pt\/producto\/queimador-a-diesel-de-1-estagio-14-35-kw-com-pre-aquecedor-eco-3-r\/#primaryimage","url":"https:\/\/www.metmann.com\/wp-content\/uploads\/2021\/11\/ECO-3R_5RN_8_10_15_20_22_30.png","contentUrl":"https:\/\/www.metmann.com\/wp-content\/uploads\/2021\/11\/ECO-3R_5RN_8_10_15_20_22_30.png","width":319,"height":319},{"@type":"BreadcrumbList","@id":"https:\/\/www.metmann.com\/pt-pt\/producto\/queimador-a-diesel-de-1-estagio-14-35-kw-com-pre-aquecedor-eco-3-r\/#breadcrumb","itemListElement":[{"@type":"ListItem","position":1,"name":"Inicio","item":"https:\/\/www.metmann.com\/pt-pt\/"},{"@type":"ListItem","position":2,"name":"Productos","item":"https:\/\/www.metmann.com\/productos\/"},{"@type":"ListItem","position":3,"name":"ECO 3 R &#8211; Queimador a diesel de 1 est\u00e1gio 14-35 kW com pr\u00e9-aquecedor"}]},{"@type":"WebSite","@id":"https:\/\/www.metmann.com\/pt-pt\/#website","url":"https:\/\/www.metmann.com\/pt-pt\/","name":"MET MANN","description":"Climatizaci\u00f3n industrial, Calefactores y Ventilaci\u00f3n para empresas","publisher":{"@id":"https:\/\/www.metmann.com\/pt-pt\/#organization"},"potentialAction":[{"@type":"SearchAction","target":{"@type":"EntryPoint","urlTemplate":"https:\/\/www.metmann.com\/pt-pt\/?s={search_term_string}"},"query-input":"required name=search_term_string"}],"inLanguage":"pt-PT"},{"@type":"Organization","@id":"https:\/\/www.metmann.com\/pt-pt\/#organization","name":"Met Mann","url":"https:\/\/www.metmann.com\/pt-pt\/","logo":{"@type":"ImageObject","inLanguage":"pt-PT","@id":"https:\/\/www.metmann.com\/pt-pt\/#\/schema\/logo\/image\/","url":"https:\/\/www.metmann.com\/wp-content\/uploads\/2021\/12\/logo-color-met-mann-01.jpg","contentUrl":"https:\/\/www.metmann.com\/wp-content\/uploads\/2021\/12\/logo-color-met-mann-01.jpg","width":351,"height":133,"caption":"Met Mann"},"image":{"@id":"https:\/\/www.metmann.com\/pt-pt\/#\/schema\/logo\/image\/"}}]}},"_links":{"self":[{"href":"https:\/\/www.metmann.com\/pt-pt\/wp-json\/wp\/v2\/product\/9272"}],"collection":[{"href":"https:\/\/www.metmann.com\/pt-pt\/wp-json\/wp\/v2\/product"}],"about":[{"href":"https:\/\/www.metmann.com\/pt-pt\/wp-json\/wp\/v2\/types\/product"}],"replies":[{"embeddable":true,"href":"https:\/\/www.metmann.com\/pt-pt\/wp-json\/wp\/v2\/comments?post=9272"}],"wp:featuredmedia":[{"embeddable":true,"href":"https:\/\/www.metmann.com\/pt-pt\/wp-json\/wp\/v2\/media\/16174"}],"wp:attachment":[{"href":"https:\/\/www.metmann.com\/pt-pt\/wp-json\/wp\/v2\/media?parent=9272"}],"wp:term":[{"taxonomy":"product_cat","embeddable":true,"href":"https:\/\/www.metmann.com\/pt-pt\/wp-json\/wp\/v2\/product_cat?post=9272"},{"taxonomy":"product_tag","embeddable":true,"href":"https:\/\/www.metmann.com\/pt-pt\/wp-json\/wp\/v2\/product_tag?post=9272"}],"curies":[{"name":"wp","href":"https:\/\/api.w.org\/{rel}","templated":true}]}}