{"id":9309,"date":"2021-11-03T13:56:19","date_gmt":"2021-11-03T15:47:20","guid":{"rendered":"https:\/\/metmann.com.185-176-9-81.185-176-9-81.visualpublinet.com\/producto\/refrigerador-evaporativo-portatil-16-000-m3-h-eco-fresc-18\/"},"modified":"2021-11-03T15:47:22","modified_gmt":"2021-11-03T15:47:22","slug":"refrigerador-evaporativo-portatil-16-000-m3-h-eco-fresc-18","status":"publish","type":"product","link":"https:\/\/www.metmann.com\/pt-pt\/producto\/refrigerador-evaporativo-portatil-16-000-m3-h-eco-fresc-18\/","title":{"rendered":"Refrigerador evaporativo port\u00e1til 16.000 m3\/h &#8211; ECO FRESC 18"},"content":{"rendered":"<h2>Refrigerador evaporativo port\u00e1til de 16.000 m3\/h com velocidade vari\u00e1vel &#8211; ECO FRESC 18<\/h2>\n<div>&nbsp;<\/div>\n<div>&#8211; Estrutura feita de polipropileno espesso com prote\u00e7\u00e3o UV<\/div>\n<p>&#8211; Modo de opera\u00e7\u00e3o Resfriamento \/ Ventilador \/ Extra\u00e7\u00e3o<br \/> &#8211; Opera\u00e7\u00e3o manual ou autom\u00e1tica com programa\u00e7\u00e3o de tempo<br \/> &#8211; Controle remoto multifuncional com controle de temperatura e umidade<br \/> &#8211; Pr&eacute;-resfriamento e p\u00f3s-ventila\u00e7\u00e3o<br \/> &#8211; V\u00e1lvula solen\u00f3ide de entrada de \u00e1gua<br \/> &#8211; Sensor de n\u00edvel e esvaziamento autom\u00e1tico<br \/> &#8211; Autolimpeza autom\u00e1tica programada<br \/> &#8211; Pain&eacute;is de resfriamento tipo 5090 com 100 mm de espessura<br \/> &#8211; ventilador axial de 16 velocidades<br \/> &#8211; Filtro anti-insetos<br \/> &#8211; Rodas de transporte com freios<br \/> &#8211; Grelha de fornecimento de ar com fun\u00e7\u00e3o SWING<br \/> &nbsp;<br \/> Modelo: ECO FRESC 18<br \/> Fluxo de ar: 16.000 m3\/h<br \/> Espessura do painel refrigerador: 100 mm<br \/> Efici\u00eancia do painel: 85%<br \/> Pot\u00eancia do motor do ventilador: 1,10 kW<br \/> Ventilador: 16 velocidades<br \/> N\u00edvel de som a 3m: 73 dB (A)<br \/> Tens\u00e3o: 220V \/ I \/ 50Hz<br \/> Dimens\u00f5es (largura \/ profundidade \/ altura): 1160\/1160\/1760 mm<br \/> Peso: 80 kg<\/p>\n","protected":false},"excerpt":{"rendered":"<p>Refrigerador evaporativo port\u00e1til de 16.000 m3\/h com velocidade vari\u00e1vel &#8211; ECO FRESC 18 &nbsp; &#8211; Estrutura feita de polipropileno espesso com prote\u00e7\u00e3o UV &#8211; Modo de opera\u00e7\u00e3o Resfriamento \/ Ventilador \/ Extra\u00e7\u00e3o &#8211; Opera\u00e7\u00e3o manual ou autom\u00e1tica com programa\u00e7\u00e3o de tempo &#8211; Controle remoto multifuncional com controle de temperatura e umidade &#8211; Pr&eacute;-resfriamento e p\u00f3s-ventila\u00e7\u00e3o [&hellip;]<\/p>\n","protected":false},"featured_media":17183,"comment_status":"closed","ping_status":"closed","template":"","meta":{"_acf_changed":false,"_et_pb_use_builder":"","_et_pb_old_content":"","_et_gb_content_width":"","_joinchat":[]},"product_cat":[301,328],"product_tag":[],"acf":[],"yoast_head":"<!-- This site is optimized with the Yoast SEO plugin v22.6 - https:\/\/yoast.com\/wordpress\/plugins\/seo\/ -->\r\n<title>Refrigerador evaporativo port\u00e1til 16.000 m3\/h - ECO FRESC 18<\/title>\r\n<meta name=\"description\" content=\"Refrigerador evaporativo port\u00e1til 16.000 m3\/h - ECO FRESC 18 &#9474; MET MANN\" \/>\r\n<meta name=\"robots\" content=\"index, follow, max-snippet:-1, max-image-preview:large, max-video-preview:-1\" \/>\r\n<link rel=\"canonical\" href=\"https:\/\/www.metmann.com\/pt-pt\/producto\/refrigerador-evaporativo-portatil-16-000-m3-h-eco-fresc-18\/\" \/>\r\n<meta property=\"og:locale\" content=\"pt_PT\" \/>\r\n<meta property=\"og:type\" content=\"article\" \/>\r\n<meta property=\"og:title\" content=\"Refrigerador evaporativo port\u00e1til 16.000 m3\/h - ECO FRESC 18\" \/>\r\n<meta property=\"og:description\" content=\"Refrigerador evaporativo port\u00e1til 16.000 m3\/h - ECO FRESC 18 &#9474; MET MANN\" \/>\r\n<meta property=\"og:url\" content=\"https:\/\/www.metmann.com\/pt-pt\/producto\/refrigerador-evaporativo-portatil-16-000-m3-h-eco-fresc-18\/\" \/>\r\n<meta property=\"og:site_name\" content=\"MET MANN\" \/>\r\n<meta property=\"article:modified_time\" content=\"2021-11-03T15:47:22+00:00\" \/>\r\n<meta property=\"og:image\" content=\"https:\/\/www.metmann.com\/wp-content\/uploads\/2021\/09\/1618904198_FJO5.jpg\" \/>\r\n<meta name=\"twitter:card\" content=\"summary_large_image\" \/>\r\n<meta name=\"twitter:title\" content=\"Refrigerador evaporativo port\u00e1til 16.000 m3\/h - ECO FRESC 18\" \/>\r\n<meta name=\"twitter:description\" content=\"Refrigerador evaporativo port\u00e1til 16.000 m3\/h - ECO FRESC 18 &#9474; MET MANN\" \/>\r\n<meta name=\"twitter:image\" content=\"https:\/\/www.metmann.com\/wp-content\/uploads\/2021\/09\/1618904198_FJO5.jpg\" \/>\r\n<meta name=\"twitter:label1\" content=\"Tempo estimado de leitura\" \/>\n\t<meta name=\"twitter:data1\" content=\"1 minuto\" \/>\r\n<script type=\"application\/ld+json\" class=\"yoast-schema-graph\">{\"@context\":\"https:\/\/schema.org\",\"@graph\":[{\"@type\":\"WebPage\",\"@id\":\"https:\/\/www.metmann.com\/pt-pt\/producto\/refrigerador-evaporativo-portatil-16-000-m3-h-eco-fresc-18\/\",\"url\":\"https:\/\/www.metmann.com\/pt-pt\/producto\/refrigerador-evaporativo-portatil-16-000-m3-h-eco-fresc-18\/\",\"name\":\"Refrigerador evaporativo port\u00e1til 16.000 m3\/h - ECO FRESC 18\",\"isPartOf\":{\"@id\":\"https:\/\/www.metmann.com\/pt-pt\/#website\"},\"primaryImageOfPage\":{\"@id\":\"https:\/\/www.metmann.com\/pt-pt\/producto\/refrigerador-evaporativo-portatil-16-000-m3-h-eco-fresc-18\/#primaryimage\"},\"image\":{\"@id\":\"https:\/\/www.metmann.com\/pt-pt\/producto\/refrigerador-evaporativo-portatil-16-000-m3-h-eco-fresc-18\/#primaryimage\"},\"thumbnailUrl\":\"https:\/\/www.metmann.com\/wp-content\/uploads\/2021\/11\/ECO_FRESC_18.png\",\"datePublished\":\"2021-11-03T15:47:20+00:00\",\"dateModified\":\"2021-11-03T15:47:22+00:00\",\"description\":\"Refrigerador evaporativo port\u00e1til 16.000 m3\/h - ECO FRESC 18 &#9474; MET MANN\",\"breadcrumb\":{\"@id\":\"https:\/\/www.metmann.com\/pt-pt\/producto\/refrigerador-evaporativo-portatil-16-000-m3-h-eco-fresc-18\/#breadcrumb\"},\"inLanguage\":\"pt-PT\",\"potentialAction\":[{\"@type\":\"ReadAction\",\"target\":[\"https:\/\/www.metmann.com\/pt-pt\/producto\/refrigerador-evaporativo-portatil-16-000-m3-h-eco-fresc-18\/\"]}]},{\"@type\":\"ImageObject\",\"inLanguage\":\"pt-PT\",\"@id\":\"https:\/\/www.metmann.com\/pt-pt\/producto\/refrigerador-evaporativo-portatil-16-000-m3-h-eco-fresc-18\/#primaryimage\",\"url\":\"https:\/\/www.metmann.com\/wp-content\/uploads\/2021\/11\/ECO_FRESC_18.png\",\"contentUrl\":\"https:\/\/www.metmann.com\/wp-content\/uploads\/2021\/11\/ECO_FRESC_18.png\",\"width\":425,\"height\":425},{\"@type\":\"BreadcrumbList\",\"@id\":\"https:\/\/www.metmann.com\/pt-pt\/producto\/refrigerador-evaporativo-portatil-16-000-m3-h-eco-fresc-18\/#breadcrumb\",\"itemListElement\":[{\"@type\":\"ListItem\",\"position\":1,\"name\":\"Inicio\",\"item\":\"https:\/\/www.metmann.com\/pt-pt\/\"},{\"@type\":\"ListItem\",\"position\":2,\"name\":\"Productos\",\"item\":\"https:\/\/www.metmann.com\/productos\/\"},{\"@type\":\"ListItem\",\"position\":3,\"name\":\"Refrigerador evaporativo port\u00e1til 16.000 m3\/h &#8211; ECO FRESC 18\"}]},{\"@type\":\"WebSite\",\"@id\":\"https:\/\/www.metmann.com\/pt-pt\/#website\",\"url\":\"https:\/\/www.metmann.com\/pt-pt\/\",\"name\":\"MET MANN\",\"description\":\"Climatizaci\u00f3n industrial, Calefactores y Ventilaci\u00f3n para empresas\",\"publisher\":{\"@id\":\"https:\/\/www.metmann.com\/pt-pt\/#organization\"},\"potentialAction\":[{\"@type\":\"SearchAction\",\"target\":{\"@type\":\"EntryPoint\",\"urlTemplate\":\"https:\/\/www.metmann.com\/pt-pt\/?s={search_term_string}\"},\"query-input\":\"required name=search_term_string\"}],\"inLanguage\":\"pt-PT\"},{\"@type\":\"Organization\",\"@id\":\"https:\/\/www.metmann.com\/pt-pt\/#organization\",\"name\":\"Met Mann\",\"url\":\"https:\/\/www.metmann.com\/pt-pt\/\",\"logo\":{\"@type\":\"ImageObject\",\"inLanguage\":\"pt-PT\",\"@id\":\"https:\/\/www.metmann.com\/pt-pt\/#\/schema\/logo\/image\/\",\"url\":\"https:\/\/www.metmann.com\/wp-content\/uploads\/2021\/12\/logo-color-met-mann-01.jpg\",\"contentUrl\":\"https:\/\/www.metmann.com\/wp-content\/uploads\/2021\/12\/logo-color-met-mann-01.jpg\",\"width\":351,\"height\":133,\"caption\":\"Met Mann\"},\"image\":{\"@id\":\"https:\/\/www.metmann.com\/pt-pt\/#\/schema\/logo\/image\/\"}}]}<\/script>\r\n<!-- \/ Yoast SEO plugin. -->","yoast_head_json":{"title":"Refrigerador evaporativo port\u00e1til 16.000 m3\/h - ECO FRESC 18","description":"Refrigerador evaporativo port\u00e1til 16.000 m3\/h - ECO FRESC 18 &#9474; MET MANN","robots":{"index":"index","follow":"follow","max-snippet":"max-snippet:-1","max-image-preview":"max-image-preview:large","max-video-preview":"max-video-preview:-1"},"canonical":"https:\/\/www.metmann.com\/pt-pt\/producto\/refrigerador-evaporativo-portatil-16-000-m3-h-eco-fresc-18\/","og_locale":"pt_PT","og_type":"article","og_title":"Refrigerador evaporativo port\u00e1til 16.000 m3\/h - ECO FRESC 18","og_description":"Refrigerador evaporativo port\u00e1til 16.000 m3\/h - ECO FRESC 18 &#9474; MET MANN","og_url":"https:\/\/www.metmann.com\/pt-pt\/producto\/refrigerador-evaporativo-portatil-16-000-m3-h-eco-fresc-18\/","og_site_name":"MET MANN","article_modified_time":"2021-11-03T15:47:22+00:00","og_image":[{"url":"https:\/\/www.metmann.com\/wp-content\/uploads\/2021\/09\/1618904198_FJO5.jpg"}],"twitter_card":"summary_large_image","twitter_title":"Refrigerador evaporativo port\u00e1til 16.000 m3\/h - ECO FRESC 18","twitter_description":"Refrigerador evaporativo port\u00e1til 16.000 m3\/h - ECO FRESC 18 &#9474; MET MANN","twitter_image":"https:\/\/www.metmann.com\/wp-content\/uploads\/2021\/09\/1618904198_FJO5.jpg","twitter_misc":{"Tempo estimado de leitura":"1 minuto"},"schema":{"@context":"https:\/\/schema.org","@graph":[{"@type":"WebPage","@id":"https:\/\/www.metmann.com\/pt-pt\/producto\/refrigerador-evaporativo-portatil-16-000-m3-h-eco-fresc-18\/","url":"https:\/\/www.metmann.com\/pt-pt\/producto\/refrigerador-evaporativo-portatil-16-000-m3-h-eco-fresc-18\/","name":"Refrigerador evaporativo port\u00e1til 16.000 m3\/h - ECO FRESC 18","isPartOf":{"@id":"https:\/\/www.metmann.com\/pt-pt\/#website"},"primaryImageOfPage":{"@id":"https:\/\/www.metmann.com\/pt-pt\/producto\/refrigerador-evaporativo-portatil-16-000-m3-h-eco-fresc-18\/#primaryimage"},"image":{"@id":"https:\/\/www.metmann.com\/pt-pt\/producto\/refrigerador-evaporativo-portatil-16-000-m3-h-eco-fresc-18\/#primaryimage"},"thumbnailUrl":"https:\/\/www.metmann.com\/wp-content\/uploads\/2021\/11\/ECO_FRESC_18.png","datePublished":"2021-11-03T15:47:20+00:00","dateModified":"2021-11-03T15:47:22+00:00","description":"Refrigerador evaporativo port\u00e1til 16.000 m3\/h - ECO FRESC 18 &#9474; MET MANN","breadcrumb":{"@id":"https:\/\/www.metmann.com\/pt-pt\/producto\/refrigerador-evaporativo-portatil-16-000-m3-h-eco-fresc-18\/#breadcrumb"},"inLanguage":"pt-PT","potentialAction":[{"@type":"ReadAction","target":["https:\/\/www.metmann.com\/pt-pt\/producto\/refrigerador-evaporativo-portatil-16-000-m3-h-eco-fresc-18\/"]}]},{"@type":"ImageObject","inLanguage":"pt-PT","@id":"https:\/\/www.metmann.com\/pt-pt\/producto\/refrigerador-evaporativo-portatil-16-000-m3-h-eco-fresc-18\/#primaryimage","url":"https:\/\/www.metmann.com\/wp-content\/uploads\/2021\/11\/ECO_FRESC_18.png","contentUrl":"https:\/\/www.metmann.com\/wp-content\/uploads\/2021\/11\/ECO_FRESC_18.png","width":425,"height":425},{"@type":"BreadcrumbList","@id":"https:\/\/www.metmann.com\/pt-pt\/producto\/refrigerador-evaporativo-portatil-16-000-m3-h-eco-fresc-18\/#breadcrumb","itemListElement":[{"@type":"ListItem","position":1,"name":"Inicio","item":"https:\/\/www.metmann.com\/pt-pt\/"},{"@type":"ListItem","position":2,"name":"Productos","item":"https:\/\/www.metmann.com\/productos\/"},{"@type":"ListItem","position":3,"name":"Refrigerador evaporativo port\u00e1til 16.000 m3\/h &#8211; ECO FRESC 18"}]},{"@type":"WebSite","@id":"https:\/\/www.metmann.com\/pt-pt\/#website","url":"https:\/\/www.metmann.com\/pt-pt\/","name":"MET MANN","description":"Climatizaci\u00f3n industrial, Calefactores y Ventilaci\u00f3n para empresas","publisher":{"@id":"https:\/\/www.metmann.com\/pt-pt\/#organization"},"potentialAction":[{"@type":"SearchAction","target":{"@type":"EntryPoint","urlTemplate":"https:\/\/www.metmann.com\/pt-pt\/?s={search_term_string}"},"query-input":"required name=search_term_string"}],"inLanguage":"pt-PT"},{"@type":"Organization","@id":"https:\/\/www.metmann.com\/pt-pt\/#organization","name":"Met Mann","url":"https:\/\/www.metmann.com\/pt-pt\/","logo":{"@type":"ImageObject","inLanguage":"pt-PT","@id":"https:\/\/www.metmann.com\/pt-pt\/#\/schema\/logo\/image\/","url":"https:\/\/www.metmann.com\/wp-content\/uploads\/2021\/12\/logo-color-met-mann-01.jpg","contentUrl":"https:\/\/www.metmann.com\/wp-content\/uploads\/2021\/12\/logo-color-met-mann-01.jpg","width":351,"height":133,"caption":"Met Mann"},"image":{"@id":"https:\/\/www.metmann.com\/pt-pt\/#\/schema\/logo\/image\/"}}]}},"_links":{"self":[{"href":"https:\/\/www.metmann.com\/pt-pt\/wp-json\/wp\/v2\/product\/9309"}],"collection":[{"href":"https:\/\/www.metmann.com\/pt-pt\/wp-json\/wp\/v2\/product"}],"about":[{"href":"https:\/\/www.metmann.com\/pt-pt\/wp-json\/wp\/v2\/types\/product"}],"replies":[{"embeddable":true,"href":"https:\/\/www.metmann.com\/pt-pt\/wp-json\/wp\/v2\/comments?post=9309"}],"wp:featuredmedia":[{"embeddable":true,"href":"https:\/\/www.metmann.com\/pt-pt\/wp-json\/wp\/v2\/media\/17183"}],"wp:attachment":[{"href":"https:\/\/www.metmann.com\/pt-pt\/wp-json\/wp\/v2\/media?parent=9309"}],"wp:term":[{"taxonomy":"product_cat","embeddable":true,"href":"https:\/\/www.metmann.com\/pt-pt\/wp-json\/wp\/v2\/product_cat?post=9309"},{"taxonomy":"product_tag","embeddable":true,"href":"https:\/\/www.metmann.com\/pt-pt\/wp-json\/wp\/v2\/product_tag?post=9309"}],"curies":[{"name":"wp","href":"https:\/\/api.w.org\/{rel}","templated":true}]}}