{"id":9324,"date":"2021-11-03T15:47:20","date_gmt":"2021-11-03T15:47:20","guid":{"rendered":"https:\/\/metmann.com.185-176-9-81.185-176-9-81.visualpublinet.com\/producto\/indicador-de-nivel-de-combustivel\/"},"modified":"2021-11-03T15:47:32","modified_gmt":"2021-11-03T15:47:32","slug":"indicador-de-nivel-de-combustivel","status":"publish","type":"product","link":"https:\/\/www.metmann.com\/pt-pt\/producto\/indicador-de-nivel-de-combustivel\/","title":{"rendered":"Indicador de n\u00edvel de combust\u00edvel"},"content":{"rendered":"<p>Indicador de n\u00edvel para geradores de ar quente port\u00e1teis MI e AN<\/p>\n","protected":false},"excerpt":{"rendered":"<p>Indicador de n\u00edvel para geradores de ar quente port\u00e1teis MI e AN<\/p>\n","protected":false},"featured_media":7722,"comment_status":"closed","ping_status":"open","template":"","meta":{"_acf_changed":false,"_et_pb_use_builder":"","_et_pb_old_content":"","_et_gb_content_width":"","_joinchat":[]},"product_cat":[49],"product_tag":[],"acf":[],"yoast_head":"<!-- This site is optimized with the Yoast SEO plugin v22.6 - https:\/\/yoast.com\/wordpress\/plugins\/seo\/ -->\r\n<title>Indicador de n\u00edvel de combust\u00edvel<\/title>\r\n<meta name=\"description\" content=\"Indicador de n\u00edvel de combust\u00edvel &#9474; MET MANN\" \/>\r\n<meta name=\"robots\" content=\"index, follow, max-snippet:-1, max-image-preview:large, max-video-preview:-1\" \/>\r\n<link rel=\"canonical\" href=\"https:\/\/www.metmann.com\/pt-pt\/producto\/indicador-de-nivel-de-combustivel\/\" \/>\r\n<meta property=\"og:locale\" content=\"pt_PT\" \/>\r\n<meta property=\"og:type\" content=\"article\" \/>\r\n<meta property=\"og:title\" content=\"Indicador de n\u00edvel de combust\u00edvel\" \/>\r\n<meta property=\"og:description\" content=\"Indicador de n\u00edvel de combust\u00edvel &#9474; MET MANN\" \/>\r\n<meta property=\"og:url\" content=\"https:\/\/www.metmann.com\/pt-pt\/producto\/indicador-de-nivel-de-combustivel\/\" \/>\r\n<meta property=\"og:site_name\" content=\"MET MANN\" \/>\r\n<meta property=\"article:modified_time\" content=\"2021-11-03T15:47:32+00:00\" \/>\r\n<meta property=\"og:image\" content=\"https:\/\/www.metmann.com\/wp-content\/uploads\/2021\/09\/1623228739_NrdX.jpg\" \/>\r\n<meta name=\"twitter:card\" content=\"summary_large_image\" \/>\r\n<meta name=\"twitter:title\" content=\"Indicador de n\u00edvel de combust\u00edvel\" \/>\r\n<meta name=\"twitter:description\" content=\"Indicador de n\u00edvel de combust\u00edvel &#9474; MET MANN\" \/>\r\n<meta name=\"twitter:image\" content=\"https:\/\/www.metmann.com\/wp-content\/uploads\/2021\/09\/1623228739_NrdX.jpg\" \/>\r\n<script type=\"application\/ld+json\" class=\"yoast-schema-graph\">{\"@context\":\"https:\/\/schema.org\",\"@graph\":[{\"@type\":\"WebPage\",\"@id\":\"https:\/\/www.metmann.com\/pt-pt\/producto\/indicador-de-nivel-de-combustivel\/\",\"url\":\"https:\/\/www.metmann.com\/pt-pt\/producto\/indicador-de-nivel-de-combustivel\/\",\"name\":\"Indicador de n\u00edvel de combust\u00edvel\",\"isPartOf\":{\"@id\":\"https:\/\/www.metmann.com\/pt-pt\/#website\"},\"primaryImageOfPage\":{\"@id\":\"https:\/\/www.metmann.com\/pt-pt\/producto\/indicador-de-nivel-de-combustivel\/#primaryimage\"},\"image\":{\"@id\":\"https:\/\/www.metmann.com\/pt-pt\/producto\/indicador-de-nivel-de-combustivel\/#primaryimage\"},\"thumbnailUrl\":\"https:\/\/www.metmann.com\/wp-content\/uploads\/2021\/09\/1623228739_NrdX.jpg\",\"datePublished\":\"2021-11-03T15:47:20+00:00\",\"dateModified\":\"2021-11-03T15:47:32+00:00\",\"description\":\"Indicador de n\u00edvel de combust\u00edvel &#9474; MET MANN\",\"breadcrumb\":{\"@id\":\"https:\/\/www.metmann.com\/pt-pt\/producto\/indicador-de-nivel-de-combustivel\/#breadcrumb\"},\"inLanguage\":\"pt-PT\",\"potentialAction\":[{\"@type\":\"ReadAction\",\"target\":[\"https:\/\/www.metmann.com\/pt-pt\/producto\/indicador-de-nivel-de-combustivel\/\"]}]},{\"@type\":\"ImageObject\",\"inLanguage\":\"pt-PT\",\"@id\":\"https:\/\/www.metmann.com\/pt-pt\/producto\/indicador-de-nivel-de-combustivel\/#primaryimage\",\"url\":\"https:\/\/www.metmann.com\/wp-content\/uploads\/2021\/09\/1623228739_NrdX.jpg\",\"contentUrl\":\"https:\/\/www.metmann.com\/wp-content\/uploads\/2021\/09\/1623228739_NrdX.jpg\",\"width\":350,\"height\":238},{\"@type\":\"BreadcrumbList\",\"@id\":\"https:\/\/www.metmann.com\/pt-pt\/producto\/indicador-de-nivel-de-combustivel\/#breadcrumb\",\"itemListElement\":[{\"@type\":\"ListItem\",\"position\":1,\"name\":\"Inicio\",\"item\":\"https:\/\/www.metmann.com\/pt-pt\/\"},{\"@type\":\"ListItem\",\"position\":2,\"name\":\"Productos\",\"item\":\"https:\/\/www.metmann.com\/productos\/\"},{\"@type\":\"ListItem\",\"position\":3,\"name\":\"Indicador de n\u00edvel de combust\u00edvel\"}]},{\"@type\":\"WebSite\",\"@id\":\"https:\/\/www.metmann.com\/pt-pt\/#website\",\"url\":\"https:\/\/www.metmann.com\/pt-pt\/\",\"name\":\"MET MANN\",\"description\":\"Climatizaci\u00f3n industrial, Calefactores y Ventilaci\u00f3n para empresas\",\"publisher\":{\"@id\":\"https:\/\/www.metmann.com\/pt-pt\/#organization\"},\"potentialAction\":[{\"@type\":\"SearchAction\",\"target\":{\"@type\":\"EntryPoint\",\"urlTemplate\":\"https:\/\/www.metmann.com\/pt-pt\/?s={search_term_string}\"},\"query-input\":\"required name=search_term_string\"}],\"inLanguage\":\"pt-PT\"},{\"@type\":\"Organization\",\"@id\":\"https:\/\/www.metmann.com\/pt-pt\/#organization\",\"name\":\"Met Mann\",\"url\":\"https:\/\/www.metmann.com\/pt-pt\/\",\"logo\":{\"@type\":\"ImageObject\",\"inLanguage\":\"pt-PT\",\"@id\":\"https:\/\/www.metmann.com\/pt-pt\/#\/schema\/logo\/image\/\",\"url\":\"https:\/\/www.metmann.com\/wp-content\/uploads\/2021\/12\/logo-color-met-mann-01.jpg\",\"contentUrl\":\"https:\/\/www.metmann.com\/wp-content\/uploads\/2021\/12\/logo-color-met-mann-01.jpg\",\"width\":351,\"height\":133,\"caption\":\"Met Mann\"},\"image\":{\"@id\":\"https:\/\/www.metmann.com\/pt-pt\/#\/schema\/logo\/image\/\"}}]}<\/script>\r\n<!-- \/ Yoast SEO plugin. -->","yoast_head_json":{"title":"Indicador de n\u00edvel de combust\u00edvel","description":"Indicador de n\u00edvel de combust\u00edvel &#9474; MET MANN","robots":{"index":"index","follow":"follow","max-snippet":"max-snippet:-1","max-image-preview":"max-image-preview:large","max-video-preview":"max-video-preview:-1"},"canonical":"https:\/\/www.metmann.com\/pt-pt\/producto\/indicador-de-nivel-de-combustivel\/","og_locale":"pt_PT","og_type":"article","og_title":"Indicador de n\u00edvel de combust\u00edvel","og_description":"Indicador de n\u00edvel de combust\u00edvel &#9474; MET MANN","og_url":"https:\/\/www.metmann.com\/pt-pt\/producto\/indicador-de-nivel-de-combustivel\/","og_site_name":"MET MANN","article_modified_time":"2021-11-03T15:47:32+00:00","og_image":[{"url":"https:\/\/www.metmann.com\/wp-content\/uploads\/2021\/09\/1623228739_NrdX.jpg"}],"twitter_card":"summary_large_image","twitter_title":"Indicador de n\u00edvel de combust\u00edvel","twitter_description":"Indicador de n\u00edvel de combust\u00edvel &#9474; MET MANN","twitter_image":"https:\/\/www.metmann.com\/wp-content\/uploads\/2021\/09\/1623228739_NrdX.jpg","schema":{"@context":"https:\/\/schema.org","@graph":[{"@type":"WebPage","@id":"https:\/\/www.metmann.com\/pt-pt\/producto\/indicador-de-nivel-de-combustivel\/","url":"https:\/\/www.metmann.com\/pt-pt\/producto\/indicador-de-nivel-de-combustivel\/","name":"Indicador de n\u00edvel de combust\u00edvel","isPartOf":{"@id":"https:\/\/www.metmann.com\/pt-pt\/#website"},"primaryImageOfPage":{"@id":"https:\/\/www.metmann.com\/pt-pt\/producto\/indicador-de-nivel-de-combustivel\/#primaryimage"},"image":{"@id":"https:\/\/www.metmann.com\/pt-pt\/producto\/indicador-de-nivel-de-combustivel\/#primaryimage"},"thumbnailUrl":"https:\/\/www.metmann.com\/wp-content\/uploads\/2021\/09\/1623228739_NrdX.jpg","datePublished":"2021-11-03T15:47:20+00:00","dateModified":"2021-11-03T15:47:32+00:00","description":"Indicador de n\u00edvel de combust\u00edvel &#9474; MET MANN","breadcrumb":{"@id":"https:\/\/www.metmann.com\/pt-pt\/producto\/indicador-de-nivel-de-combustivel\/#breadcrumb"},"inLanguage":"pt-PT","potentialAction":[{"@type":"ReadAction","target":["https:\/\/www.metmann.com\/pt-pt\/producto\/indicador-de-nivel-de-combustivel\/"]}]},{"@type":"ImageObject","inLanguage":"pt-PT","@id":"https:\/\/www.metmann.com\/pt-pt\/producto\/indicador-de-nivel-de-combustivel\/#primaryimage","url":"https:\/\/www.metmann.com\/wp-content\/uploads\/2021\/09\/1623228739_NrdX.jpg","contentUrl":"https:\/\/www.metmann.com\/wp-content\/uploads\/2021\/09\/1623228739_NrdX.jpg","width":350,"height":238},{"@type":"BreadcrumbList","@id":"https:\/\/www.metmann.com\/pt-pt\/producto\/indicador-de-nivel-de-combustivel\/#breadcrumb","itemListElement":[{"@type":"ListItem","position":1,"name":"Inicio","item":"https:\/\/www.metmann.com\/pt-pt\/"},{"@type":"ListItem","position":2,"name":"Productos","item":"https:\/\/www.metmann.com\/productos\/"},{"@type":"ListItem","position":3,"name":"Indicador de n\u00edvel de combust\u00edvel"}]},{"@type":"WebSite","@id":"https:\/\/www.metmann.com\/pt-pt\/#website","url":"https:\/\/www.metmann.com\/pt-pt\/","name":"MET MANN","description":"Climatizaci\u00f3n industrial, Calefactores y Ventilaci\u00f3n para empresas","publisher":{"@id":"https:\/\/www.metmann.com\/pt-pt\/#organization"},"potentialAction":[{"@type":"SearchAction","target":{"@type":"EntryPoint","urlTemplate":"https:\/\/www.metmann.com\/pt-pt\/?s={search_term_string}"},"query-input":"required name=search_term_string"}],"inLanguage":"pt-PT"},{"@type":"Organization","@id":"https:\/\/www.metmann.com\/pt-pt\/#organization","name":"Met Mann","url":"https:\/\/www.metmann.com\/pt-pt\/","logo":{"@type":"ImageObject","inLanguage":"pt-PT","@id":"https:\/\/www.metmann.com\/pt-pt\/#\/schema\/logo\/image\/","url":"https:\/\/www.metmann.com\/wp-content\/uploads\/2021\/12\/logo-color-met-mann-01.jpg","contentUrl":"https:\/\/www.metmann.com\/wp-content\/uploads\/2021\/12\/logo-color-met-mann-01.jpg","width":351,"height":133,"caption":"Met Mann"},"image":{"@id":"https:\/\/www.metmann.com\/pt-pt\/#\/schema\/logo\/image\/"}}]}},"_links":{"self":[{"href":"https:\/\/www.metmann.com\/pt-pt\/wp-json\/wp\/v2\/product\/9324"}],"collection":[{"href":"https:\/\/www.metmann.com\/pt-pt\/wp-json\/wp\/v2\/product"}],"about":[{"href":"https:\/\/www.metmann.com\/pt-pt\/wp-json\/wp\/v2\/types\/product"}],"replies":[{"embeddable":true,"href":"https:\/\/www.metmann.com\/pt-pt\/wp-json\/wp\/v2\/comments?post=9324"}],"wp:featuredmedia":[{"embeddable":true,"href":"https:\/\/www.metmann.com\/pt-pt\/wp-json\/wp\/v2\/media\/7722"}],"wp:attachment":[{"href":"https:\/\/www.metmann.com\/pt-pt\/wp-json\/wp\/v2\/media?parent=9324"}],"wp:term":[{"taxonomy":"product_cat","embeddable":true,"href":"https:\/\/www.metmann.com\/pt-pt\/wp-json\/wp\/v2\/product_cat?post=9324"},{"taxonomy":"product_tag","embeddable":true,"href":"https:\/\/www.metmann.com\/pt-pt\/wp-json\/wp\/v2\/product_tag?post=9324"}],"curies":[{"name":"wp","href":"https:\/\/api.w.org\/{rel}","templated":true}]}}